{"id":13,"date":"2022-11-04T14:40:59","date_gmt":"2022-11-04T17:40:59","guid":{"rendered":"https:\/\/paisdemossoro.com.br\/wordpress\/natal\/dcr\/?page_id=13"},"modified":"2023-02-23T14:37:12","modified_gmt":"2023-02-23T17:37:12","slug":"centro-academico","status":"publish","type":"page","link":"https:\/\/portal.uern.br\/natal\/dcr\/centro-academico\/","title":{"rendered":"Centro Acad\u00eamico"},"content":{"rendered":"<p>O Centro Acad\u00eamico (CA) \u00e9 uma organiza\u00e7\u00e3o pol\u00edtica de representatividade do corpo discente de cada curso nas universidades, regida por um estatuto estabelecido em assembleia geral e eleito pelos estudantes. \u00c9 amparada pela lei federal n 7.395 de outubro de 1985. As entidades estudantis s\u00e3o importantes instrumentos de luta conquistadas por diversos jovens brasileiros que deram sua vida pela causa estudantil.<\/p>\n<p>O CA do Curso de Ci\u00eancias da Religi\u00e3o do UERN Natal assume as iniciais CAMAST em homenagem a\u00a0<a href=\"http:\/\/lattes.cnpq.br\/0709069337499998\">Maria Augusta de Souza Torres<\/a>, uma das fundadoras do curso. Atualmente, \u00e9 composto pelos seguintes membros:<\/p>\n<p><strong>Presidente<\/strong>:\u00a0Saryston Fabiano Nascimento de lima<\/p>\n<p><strong>Vice-presidente<\/strong>:\u00a0Gleyson Wellington da Silva<\/p>\n<p><strong>Secret\u00e1ria<\/strong>:\u00a0Joicymara Medeiros de Vasconcelos<\/p>\n<p><strong>Tesouraria<\/strong>:\u00a0La\u00eds Dourado Mendes<\/p>\n<p>&nbsp;<\/p>\n<p>:: <strong>Maiores informa\u00e7\u00f5es e contato<\/strong>:<\/p>\n<p><strong>E-mail<\/strong>:\u00a0camast@uern.br<\/p>\n<p><strong>Telefones: (84) 988713216 \/ (84) 99471-4293<\/strong><\/p>\n","protected":false},"excerpt":{"rendered":"<p>O Centro Acad\u00eamico (CA) \u00e9 uma organiza\u00e7\u00e3o pol\u00edtica de representatividade do corpo discente de cada curso nas universidades, regida por um estatuto estabelecido em assembleia geral e eleito pelos estudantes. \u00c9 amparada pela lei federal n 7.395 de outubro de 1985. As entidades estudantis s\u00e3o importantes instrumentos de luta conquistadas por diversos jovens brasileiros que [&hellip;]<\/p>\n","protected":false},"author":1,"featured_media":0,"parent":0,"menu_order":0,"comment_status":"closed","ping_status":"closed","template":"","meta":{"footnotes":""},"class_list":["post-13","page","type-page","status-publish","hentry"],"_links":{"self":[{"href":"https:\/\/portal.uern.br\/natal\/dcr\/wp-json\/wp\/v2\/pages\/13","targetHints":{"allow":["GET"]}}],"collection":[{"href":"https:\/\/portal.uern.br\/natal\/dcr\/wp-json\/wp\/v2\/pages"}],"about":[{"href":"https:\/\/portal.uern.br\/natal\/dcr\/wp-json\/wp\/v2\/types\/page"}],"author":[{"embeddable":true,"href":"https:\/\/portal.uern.br\/natal\/dcr\/wp-json\/wp\/v2\/users\/1"}],"replies":[{"embeddable":true,"href":"https:\/\/portal.uern.br\/natal\/dcr\/wp-json\/wp\/v2\/comments?post=13"}],"version-history":[{"count":2,"href":"https:\/\/portal.uern.br\/natal\/dcr\/wp-json\/wp\/v2\/pages\/13\/revisions"}],"predecessor-version":[{"id":218,"href":"https:\/\/portal.uern.br\/natal\/dcr\/wp-json\/wp\/v2\/pages\/13\/revisions\/218"}],"wp:attachment":[{"href":"https:\/\/portal.uern.br\/natal\/dcr\/wp-json\/wp\/v2\/media?parent=13"}],"curies":[{"name":"wp","href":"https:\/\/api.w.org\/{rel}","templated":true}]}}