{"id":11,"date":"2022-11-04T14:40:01","date_gmt":"2022-11-04T17:40:01","guid":{"rendered":"https:\/\/paisdemossoro.com.br\/wordpress\/natal\/dcr\/?page_id=11"},"modified":"2025-07-02T21:11:10","modified_gmt":"2025-07-03T00:11:10","slug":"corpo-docente","status":"publish","type":"page","link":"https:\/\/portal.uern.br\/natal\/dcr\/corpo-docente\/","title":{"rendered":"Corpo Docente"},"content":{"rendered":"<p><strong>Prof. Dr. Antonio J\u00falio Garcia Freire<\/strong><\/p>\n<p><strong>Titula\u00e7\u00e3o<\/strong>:\u00a0Gradua\u00e7\u00e3o em Filosofia pela Universidade Federal do Rio Grande do Norte (1993), Doutorado em Filosofia pelo Programa Integrado de P\u00f3s-gradua\u00e7\u00e3o em Filosofia UFRN-UFPB-UFPE e Mestrado em Filosofia pela Universidade Federal do Rio Grande do Norte.<\/p>\n<p><strong>ID Lattes:\u00a0<a href=\"http:\/\/buscatextual.cnpq.br\/buscatextual\/visualizacv.do?id=K4701180Z9\">0013544940760128<\/a><\/strong><\/p>\n<p><strong>Disciplinas que tem ministrado: <\/strong><\/p>\n<p>Tecnologias Educacionais Aplicadas ao Ensino Religioso; Trabalho de Conclus\u00e3o de Curso; Mitos e Mitologia.<\/p>\n<p><strong>Prof. Dr. Genaro Camboim Lopes de Andrade Lula<\/strong><\/p>\n<p><strong>Titula\u00e7\u00e3o<\/strong>:\u00a0Gradua\u00e7\u00e3o em Comunica\u00e7\u00e3o Social: Jornalismo pela Universidade Federal de Pernambuco (2000) e mestrado em Sociologia pela Universidade Federal da Para\u00edba (2004).<\/p>\n<p><strong>ID Lattes:\u00a0<a href=\"http:\/\/buscatextual.cnpq.br\/buscatextual\/visualizacv.do?id=K4776330J4\">4493326327583540<\/a><\/strong><\/p>\n<p><strong>Disciplinas que tem ministrado: <\/strong><\/p>\n<p>Produ\u00e7\u00e3o textual; Introdu\u00e7\u00e3o a Ci\u00eancias sociais e\u00a0 Antroplogia da Religi\u00e3o.<\/p>\n<p><strong>Prof\u00aa. Dr\u00aa. Irene de Ara\u00fajo van den Berg Silva<\/strong><\/p>\n<p><strong>Titula\u00e7\u00e3o<\/strong>:\u00a0Gradua\u00e7\u00e3o em Ci\u00eancias Sociais (2000), mestrado em Ci\u00eancias Sociais (2003) e doutorado em Ci\u00eancias Sociais(2010), todos pela Universidade Federal do Rio Grande do Norte.<\/p>\n<p><strong>ID Lattes:\u00a0<a href=\"http:\/\/buscatextual.cnpq.br\/buscatextual\/visualizacv.do?id=K4702502Y4\">6130987016963937<\/a><\/strong><\/p>\n<p><strong>Disciplinas que tem ministrado:\u00a0<\/strong><\/p>\n<p>Est\u00e1gio 1 e\u00a0 Oficina de praticas de Letramento e alfabetiza\u00e7\u00e3o.<\/p>\n<p><strong>Prof. Dr. Jo\u00e3o Bosco Filho<\/strong><\/p>\n<p><strong>Titula\u00e7\u00e3o<\/strong>:\u00a0Doutor em Educa\u00e7\u00e3o pela Universidade Federal do Rio Grande do Norte (2010). Gradua\u00e7\u00e3o em Enfermagem pela Universidade do Estado do Rio Grande do Norte (1996). Mestrado em Enfermagem com \u00e1rea de concentra\u00e7\u00e3o em Sa\u00fade P\u00fablica, pela Universidade Federal da Para\u00edba (2002).<\/p>\n<p><strong>ID Lattes:\u00a0<a href=\"http:\/\/buscatextual.cnpq.br\/buscatextual\/visualizacv.do?id=K4708824Z6\">3068285662145237<\/a><\/strong><\/p>\n<p><strong>Disciplinas que tem ministrado:<\/strong> Fundamentos de Psicologia; Psicologia da religi\u00e3o e Religi\u00e3o, g\u00eanero e sexualidade<\/p>\n<p><strong>Prof. Me. Jos\u00e9 Carlos de Lima Filho<\/strong><\/p>\n<p><strong>Titula\u00e7\u00e3o<\/strong>:\u00a0Mestre em Ci\u00eancias da Religi\u00e3o pela Universidade Cat\u00f3lica de Pernambuco (2012), Especialista em Ci\u00eancias da Religi\u00e3o Pela Universidade do Estado do Rio Grande do Norte (2007), Bacharel em Comunica\u00e7\u00e3o Social pela Universidade Federal do Rio Grande do Norte (1983), Licenciado em Hist\u00f3ria pela Universidade Federal do Rio Grande do Norte (1991) e licenciado em Estudos Sociais pela Universidade Federal do Rio Grande do Norte (1985)<\/p>\n<p><strong>ID Lattes:\u00a0<a href=\"http:\/\/buscatextual.cnpq.br\/buscatextual\/visualizacv.do?id=K4207477J6\">8412778117338497<\/a><\/strong><\/p>\n<p><strong>Disciplinas que tem ministrado:<\/strong><\/p>\n<p><strong>\u00a0<\/strong>Did\u00e1tica do Ensino Religioso; Oficina de desenho instrucional e planejamento de aula e Est\u00e1gio 3.<\/p>\n<p><strong>Profa. Dr. Josilene Silva da Cruz<\/strong><\/p>\n<p><strong>Titula\u00e7\u00e3o:\u00a0<\/strong>Possui gradua\u00e7\u00e3o em Ci\u00eancias da Religi\u00e3o\u00a0 (2013), Mestrado em Ci\u00eancias da Religi\u00e3o (2016), Doutorado em Ci\u00eancias da Religi\u00e3o (2020), todos pela Universidade Federal da Para\u00edba (UFPB).<\/p>\n<p><strong>ID Lattes: http: <a href=\"http:\/\/0312465506609874\">0312465506609874<\/a><\/strong><\/p>\n<p><strong>Disciplinas que tem ministrado: <\/strong>Est\u00e1gio 1 e\u00a0 Ate\u00edsmo, Agnosticismo e pessoas sem religi\u00e3o.<\/p>\n<p><strong>Prof\u00aa. Dr\u00aa. Maria Jos\u00e9 da Concei\u00e7\u00e3o Souza Vidal<\/strong><\/p>\n<p><strong>Titula\u00e7\u00e3o<\/strong>:\u00a0Possui gradua\u00e7\u00e3o em Filosofia \u2013 Licenciatura Plena (2001), Especializa\u00e7\u00e3o em \u00c9tica (2004), Mestrado em Filosofia (2007), Bacharel em Filosofia (2009), Doutorado em Filosofia (2014).<\/p>\n<p><strong>ID Lattes:\u00a0<a href=\"http:\/\/buscatextual.cnpq.br\/buscatextual\/visualizacv.do?id=K4564624A4\">2931927563064070<\/a><\/strong><\/p>\n<p><strong>Disciplinas que tem ministrado:\u00a0<\/strong>Fundamentos de Filosofia.<\/p>\n<p><strong>Prof. Dr.\u00a0Rodson Ricardo Souza do Nascimento<\/strong><\/p>\n<p><strong>Titula\u00e7\u00e3o<\/strong>:\u00a0Gradua\u00e7\u00e3o em Ci\u00eancias Sociais pela Universidade Federal do Rio Grande do Norte (2000) e em Teologia pelo Semin\u00e1rio Teol\u00f3gico Anglicano do Recife (2005). Mestrado em Ci\u00eancias Sociais pela Universidade Federal do Rio Grande do Norte (2003) e Doutoramento em Educa\u00e7\u00e3o pela UFRN<\/p>\n<p><strong>ID Lattes: <a href=\"http:\/\/buscatextual.cnpq.br\/buscatextual\/visualizacv.do?id=K4766891A9\">0285782531876529<\/a><\/strong><\/p>\n<p><strong>Disciplinas que tem ministrado: Textos sagrados 1:<\/strong><\/p>\n<p>Tradi\u00e7\u00f5es Abra\u00e2micas e Estudos comparados 1: Concep\u00e7\u00f5es de divindades.<\/p>\n<p><strong>Prof. Me. Valdicley Euflausino da Silva<\/strong><\/p>\n<p><strong>Titula\u00e7\u00e3o<\/strong>:\u00a0Gradua\u00e7\u00e3o em Ci\u00eancias da Religi\u00e3o pela Universidade do Estado do Rio Grande do Norte (2014) e mestrado em Educa\u00e7\u00e3o pela Universidade do Estado do Rio Grande do Norte (2016).<\/p>\n<p><strong>ID Lattes:\u00a0<a href=\"http:\/\/buscatextual.cnpq.br\/buscatextual\/visualizacv.do?id=K4355775H4\">4936517637635238<\/a><\/strong><\/p>\n<p><strong>Disciplinas que tem ministrado:<\/strong><\/p>\n<p>Est\u00e1gio 3 e Hist\u00f3ria das Religi\u00f5es: \u00c1frica e Am\u00e9rica:<\/p>\n<p><strong>Prof. Dr. Waldney de Souza Rodrigues Costa<\/strong><\/p>\n<p><strong>Titula\u00e7\u00e3o<\/strong>:\u00a0Doutor (2019) e Mestre (2015) em Ci\u00eancia da Religi\u00e3o pela Universidade Federal de Juiz de Fora (UFJF) como bolsista CAPES. Bacharel em Ci\u00eancias Humanas (2012) e em Ci\u00eancias Sociais pela mesma institui\u00e7\u00e3o. Bacharel em Teologia pela Faculdade Unida de Vit\u00f3ria-ES (2011).<\/p>\n<p><strong>ID Lattes:\u00a0<a href=\"http:\/\/buscatextual.cnpq.br\/buscatextual\/visualizacv.do?id=K4991859U6\">7609233224790998<\/a><\/strong><\/p>\n<p><strong>Disciplinas que tem ministrado:\u00a0<\/strong><\/p>\n<p>Introdu\u00e7\u00e3o \u00e0s Ci\u00eancias da Religi\u00e3o; Sociologia da Religi\u00e3o; Campo Religioso Brasileiro; Religi\u00e3o e Espa\u00e7o P\u00fablico<\/p>\n<p><strong>Prof. Me. William de Mac\u00eado Virg\u00ednio<\/strong><\/p>\n<p><strong>Titula\u00e7\u00e3o<\/strong>:\u00a0Gradua\u00e7\u00e3o em Filosofia pela Universidade Federal do Rio Grande do Norte (1989) e mestrado em Educa\u00e7\u00e3o pela Universidade Federal do Rio Grande do Norte (2003).<\/p>\n<p><strong>ID Lattes:\u00a0<a href=\"http:\/\/buscatextual.cnpq.br\/buscatextual\/visualizacv.do?id=K4284668D9\">6925191357551191<\/a><\/strong><\/p>\n<p><strong>Disciplinas que tem ministrado:<\/strong><\/p>\n<p>Organiza\u00e7\u00e3o da Educa\u00e7\u00e3o B\u00e1sica; Cinema e Educa\u00e7\u00e3o e Filosofia das Religi\u00f5es 2: Modernidade e P\u00f3s &#8211; Modernidade<\/p>\n<p>&nbsp;<\/p>\n<p><strong>DOCENTES QUE J\u00c1 ATUARAM NO CURSO DE CR DA UERN:<\/strong><\/p>\n<p><strong>Ana Lucas Dantas<\/strong> &#8211; N\u00c3O ENCONTRADO<\/p>\n<p><strong>\u00c2ngela Cristina Freire Di\u00f3genes Rego<\/strong> &#8211;<a href=\"http:\/\/lattes.cnpq.br\/1658013946973671\"> http:\/\/lattes.cnpq.br\/1658013946973671<\/a><\/p>\n<p><strong>Araceli Sobreira Benevides<\/strong> &#8211;<a href=\"http:\/\/lattes.cnpq.br\/0001733569978457\"> http:\/\/lattes.cnpq.br\/0001733569978457\u00a0<\/a><\/p>\n<p><strong>Daniel Bezerra de Brito<\/strong> &#8211; <a href=\"http:\/\/lattes.cnpq.br\/0309867962857961\">http:\/\/lattes.cnpq.br\/0309867962857961<\/a><\/p>\n<p><strong>Gildete Alves de Lima Mendon\u00e7a<\/strong> &#8211; N\u00c3O ENCONTRADO<\/p>\n<p><strong>Jo\u00e3o Batista Xavier<\/strong> &#8211; N\u00c3O ENCONTRADO<\/p>\n<p><strong>Jo\u00e3o Maria Pires<\/strong> &#8211; <a href=\"http:\/\/lattes.cnpq.br\/5879221145448701\">http:\/\/lattes.cnpq.br\/5879221145448701<\/a><\/p>\n<p><strong>Josineide Silveira de Oliveira<\/strong> &#8211; <a href=\"http:\/\/lattes.cnpq.br\/5439210347544379\">http:\/\/lattes.cnpq.br\/5439210347544379<\/a><\/p>\n<p><strong>Maria Augusta de Souza Torres<\/strong>&#8211; <a href=\"http:\/\/lattes.cnpq.br\/0709069337499998\">http:\/\/lattes.cnpq.br\/0709069337499998<\/a><\/p>\n<p><strong>Maria do Socorro Batista Martins<\/strong> &#8211; <a href=\"http:\/\/lattes.cnpq.br\/2706334204080980\">http:\/\/lattes.cnpq.br\/2706334204080980<\/a><\/p>\n<p><strong>Maria Gorette de Moura<\/strong> &#8211;<a href=\"http:\/\/lattes.cnpq.br\/6343865921217203\"> http:\/\/lattes.cnpq.br\/6343865921217203<\/a><\/p>\n<p><strong>Sunamita Ara\u00fajo Pereira Damasceno<\/strong> &#8211; <a href=\"http:\/\/lattes.cnpq.br\/5448537232097818\">http:\/\/lattes.cnpq.br\/5448537232097818<\/a><\/p>\n<p><strong>Themis Andr\u00e9a Lessa Machado de Mello<\/strong> &#8211; <a href=\"http:\/\/lattes.cnpq.br\/2141547995184310\">http:\/\/lattes.cnpq.br\/2141547995184310<\/a><\/p>\n","protected":false},"excerpt":{"rendered":"<p>Prof. Dr. Antonio J\u00falio Garcia Freire Titula\u00e7\u00e3o:\u00a0Gradua\u00e7\u00e3o em Filosofia pela Universidade Federal do Rio Grande do Norte (1993), Doutorado em Filosofia pelo Programa Integrado de P\u00f3s-gradua\u00e7\u00e3o em Filosofia UFRN-UFPB-UFPE e Mestrado em Filosofia pela Universidade Federal do Rio Grande do Norte. ID Lattes:\u00a00013544940760128 Disciplinas que tem ministrado: Tecnologias Educacionais Aplicadas ao Ensino Religioso; Trabalho de [&hellip;]<\/p>\n","protected":false},"author":1,"featured_media":0,"parent":0,"menu_order":0,"comment_status":"closed","ping_status":"closed","template":"","meta":{"footnotes":""},"class_list":["post-11","page","type-page","status-publish","hentry"],"_links":{"self":[{"href":"https:\/\/portal.uern.br\/natal\/dcr\/wp-json\/wp\/v2\/pages\/11","targetHints":{"allow":["GET"]}}],"collection":[{"href":"https:\/\/portal.uern.br\/natal\/dcr\/wp-json\/wp\/v2\/pages"}],"about":[{"href":"https:\/\/portal.uern.br\/natal\/dcr\/wp-json\/wp\/v2\/types\/page"}],"author":[{"embeddable":true,"href":"https:\/\/portal.uern.br\/natal\/dcr\/wp-json\/wp\/v2\/users\/1"}],"replies":[{"embeddable":true,"href":"https:\/\/portal.uern.br\/natal\/dcr\/wp-json\/wp\/v2\/comments?post=11"}],"version-history":[{"count":9,"href":"https:\/\/portal.uern.br\/natal\/dcr\/wp-json\/wp\/v2\/pages\/11\/revisions"}],"predecessor-version":[{"id":800,"href":"https:\/\/portal.uern.br\/natal\/dcr\/wp-json\/wp\/v2\/pages\/11\/revisions\/800"}],"wp:attachment":[{"href":"https:\/\/portal.uern.br\/natal\/dcr\/wp-json\/wp\/v2\/media?parent=11"}],"curies":[{"name":"wp","href":"https:\/\/api.w.org\/{rel}","templated":true}]}}