{"id":932,"date":"2024-09-26T15:41:58","date_gmt":"2024-09-26T18:41:58","guid":{"rendered":"https:\/\/portal.uern.br\/natal\/dcc\/?page_id=932"},"modified":"2024-09-26T15:41:58","modified_gmt":"2024-09-26T18:41:58","slug":"representante-discente","status":"publish","type":"page","link":"https:\/\/portal.uern.br\/natal\/dcc\/representante-discente\/","title":{"rendered":"Representante discente"},"content":{"rendered":"<ul>\n<li><a href=\"https:\/\/portal.uern.br\/natal\/dcc\/wp-content\/uploads\/sites\/2\/2024\/09\/Edital_de_Resultado_-_Representante_Discente_assinado.pdf\">Edital N\u00ba 08\/2024 &#8211; DCC\/CAN\/UERN<\/a> &#8211; Resultado da elei\u00e7\u00e3o de representante discente no colegiado do Departamento de Ci\u00eancia da Computa\u00e7\u00e3o\/CAN e Comiss\u00e3o Setorial de Avalia\u00e7\u00e3o &#8211; COSE\/DCC.<\/li>\n<li><a href=\"https:\/\/portal.uern.br\/natal\/dcc\/wp-content\/uploads\/sites\/2\/2024\/09\/Representante-Discente-Deferimento-das-Inscricoes.pdf\">Deferimento das inscri\u00e7\u00f5es<\/a> para o Edital N\u00ba 06\/2024.<\/li>\n<li><a href=\"https:\/\/portal.uern.br\/natal\/dcc\/wp-content\/uploads\/sites\/2\/2024\/09\/Representantes_discentes_assinado.pdf\">Edital N\u00ba 06\/2024 &#8211; DCC\/CAN\/UERN<\/a> &#8211; Elei\u00e7\u00e3o de representante discente no colegiado do Departamento de Ci\u00eancia da Computa\u00e7\u00e3o\/CAN e Comiss\u00e3o Setorial de Avalia\u00e7\u00e3o &#8211; COSE\/DCC.<\/li>\n<\/ul>\n","protected":false},"excerpt":{"rendered":"<p>Edital N\u00ba 08\/2024 &#8211; DCC\/CAN\/UERN &#8211; Resultado da elei\u00e7\u00e3o de representante discente no colegiado do Departamento de Ci\u00eancia da Computa\u00e7\u00e3o\/CAN e Comiss\u00e3o Setorial de Avalia\u00e7\u00e3o &#8211; COSE\/DCC. Deferimento das inscri\u00e7\u00f5es para o Edital N\u00ba 06\/2024. Edital N\u00ba 06\/2024 &#8211; DCC\/CAN\/UERN &#8211; Elei\u00e7\u00e3o de representante discente no colegiado do Departamento de Ci\u00eancia da Computa\u00e7\u00e3o\/CAN e Comiss\u00e3o [&hellip;]<\/p>\n","protected":false},"author":2,"featured_media":0,"parent":0,"menu_order":0,"comment_status":"closed","ping_status":"closed","template":"","meta":{"footnotes":""},"class_list":["post-932","page","type-page","status-publish","hentry"],"_links":{"self":[{"href":"https:\/\/portal.uern.br\/natal\/dcc\/wp-json\/wp\/v2\/pages\/932","targetHints":{"allow":["GET"]}}],"collection":[{"href":"https:\/\/portal.uern.br\/natal\/dcc\/wp-json\/wp\/v2\/pages"}],"about":[{"href":"https:\/\/portal.uern.br\/natal\/dcc\/wp-json\/wp\/v2\/types\/page"}],"author":[{"embeddable":true,"href":"https:\/\/portal.uern.br\/natal\/dcc\/wp-json\/wp\/v2\/users\/2"}],"replies":[{"embeddable":true,"href":"https:\/\/portal.uern.br\/natal\/dcc\/wp-json\/wp\/v2\/comments?post=932"}],"version-history":[{"count":1,"href":"https:\/\/portal.uern.br\/natal\/dcc\/wp-json\/wp\/v2\/pages\/932\/revisions"}],"predecessor-version":[{"id":936,"href":"https:\/\/portal.uern.br\/natal\/dcc\/wp-json\/wp\/v2\/pages\/932\/revisions\/936"}],"wp:attachment":[{"href":"https:\/\/portal.uern.br\/natal\/dcc\/wp-json\/wp\/v2\/media?parent=932"}],"curies":[{"name":"wp","href":"https:\/\/api.w.org\/{rel}","templated":true}]}}