{"id":9,"date":"2022-11-04T13:52:02","date_gmt":"2022-11-04T16:52:02","guid":{"rendered":"https:\/\/paisdemossoro.com.br\/wordpress\/natal\/dcc\/?page_id=9"},"modified":"2025-07-29T11:55:11","modified_gmt":"2025-07-29T14:55:11","slug":"administrativo","status":"publish","type":"page","link":"https:\/\/portal.uern.br\/natal\/dcc\/administrativo\/","title":{"rendered":"Administrativo"},"content":{"rendered":"<p>&nbsp;<\/p>\n<p><strong>Chefe de departamento<\/strong><br \/>\nCamila de Ara\u00fajo Sena<\/p>\n<p><strong>Sub chefe de departamento<\/strong><br \/>\nBruno Cruz de Oliveira<\/p>\n<p><strong>Orientadora acad\u00eamica<\/strong><br \/>\nBartira Paragua\u00e7u Falc\u00e3o Dantas Rocha<\/p>\n<p><strong>T\u00e9cnica administrativa<\/strong><br \/>\nLaura Aline Galv\u00e3o Portela de Melo Em\u00eddio<\/p>\n<p><strong>T\u00e9cnica administrativa<\/strong><br \/>\nRaliny Oliveira Santos<\/p>\n","protected":false},"excerpt":{"rendered":"<p>&nbsp; Chefe de departamento Camila de Ara\u00fajo Sena Sub chefe de departamento Bruno Cruz de Oliveira Orientadora acad\u00eamica Bartira Paragua\u00e7u Falc\u00e3o Dantas Rocha T\u00e9cnica administrativa Laura Aline Galv\u00e3o Portela de Melo Em\u00eddio T\u00e9cnica administrativa Raliny Oliveira Santos<\/p>\n","protected":false},"author":1,"featured_media":0,"parent":0,"menu_order":0,"comment_status":"closed","ping_status":"closed","template":"","meta":{"footnotes":""},"class_list":["post-9","page","type-page","status-publish","hentry"],"_links":{"self":[{"href":"https:\/\/portal.uern.br\/natal\/dcc\/wp-json\/wp\/v2\/pages\/9","targetHints":{"allow":["GET"]}}],"collection":[{"href":"https:\/\/portal.uern.br\/natal\/dcc\/wp-json\/wp\/v2\/pages"}],"about":[{"href":"https:\/\/portal.uern.br\/natal\/dcc\/wp-json\/wp\/v2\/types\/page"}],"author":[{"embeddable":true,"href":"https:\/\/portal.uern.br\/natal\/dcc\/wp-json\/wp\/v2\/users\/1"}],"replies":[{"embeddable":true,"href":"https:\/\/portal.uern.br\/natal\/dcc\/wp-json\/wp\/v2\/comments?post=9"}],"version-history":[{"count":5,"href":"https:\/\/portal.uern.br\/natal\/dcc\/wp-json\/wp\/v2\/pages\/9\/revisions"}],"predecessor-version":[{"id":960,"href":"https:\/\/portal.uern.br\/natal\/dcc\/wp-json\/wp\/v2\/pages\/9\/revisions\/960"}],"wp:attachment":[{"href":"https:\/\/portal.uern.br\/natal\/dcc\/wp-json\/wp\/v2\/media?parent=9"}],"curies":[{"name":"wp","href":"https:\/\/api.w.org\/{rel}","templated":true}]}}