{"id":74,"date":"2022-11-04T14:17:07","date_gmt":"2022-11-04T17:17:07","guid":{"rendered":"https:\/\/paisdemossoro.com.br\/wordpress\/natal\/dcc\/?page_id=74"},"modified":"2025-07-29T13:19:02","modified_gmt":"2025-07-29T16:19:02","slug":"contato","status":"publish","type":"page","link":"https:\/\/portal.uern.br\/natal\/dcc\/contato\/","title":{"rendered":"Contato"},"content":{"rendered":"<p>Endere\u00e7o: Av. Dr. Jo\u00e3o Medeiros Filho, 3419, Potengi &#8211; Natal-RN &#8211; CEP 59120-200<br \/>\nEdif\u00edcio Sede, Piso 2, Sala 221<br \/>\nWhatsApp: <a href=\"https:\/\/wa.me\/5584992123187\">+55 (84) 99212-3187 <img decoding=\"async\" class=\"alignnone size-full wp-image-356\" src=\"https:\/\/portal.uern.br\/natal\/dcc\/wp-content\/uploads\/sites\/2\/2023\/03\/whatsapp-icon.png\" alt=\"\" width=\"14\" height=\"14\" \/><\/a><br \/>\nTelefone: +55 (84) 3232-5523<br \/>\nE-mail: <a href=\"mailto:dcc_natal@uern.br\">dcc_natal@uern.br<\/a><\/p>\n<p><iframe style=\"border: 0\" src=\"https:\/\/www.google.com\/maps\/embed?pb=!1m18!1m12!1m3!1d3969.7113748775864!2d-35.2393280184403!3d-5.754620345364522!2m3!1f0!2f0!3f0!3m2!1i1024!2i768!4f13.1!3m3!1m2!1s0x7b3aa3a4094083f%3A0xe74ef4503d05a794!2sUERN-Universidade+do+Estado+do+Rio+Grande+do+Norte!5e0!3m2!1spt-BR!2sbr!4v1552315561296\" frameborder=\"0\" allowfullscreen=\"allowfullscreen\"><span style=\"width: 0px;overflow: hidden;line-height: 0\" data-mce-type=\"bookmark\" class=\"mce_SELRES_start\">\ufeff<\/span><\/iframe><\/p>\n","protected":false},"excerpt":{"rendered":"<p>Endere\u00e7o: Av. Dr. Jo\u00e3o Medeiros Filho, 3419, Potengi &#8211; Natal-RN &#8211; CEP 59120-200 Edif\u00edcio Sede, Piso 2, Sala 221 WhatsApp: +55 (84) 99212-3187 Telefone: +55 (84) 3232-5523 E-mail: dcc_natal@uern.br \ufeff<\/p>\n","protected":false},"author":1,"featured_media":0,"parent":0,"menu_order":0,"comment_status":"closed","ping_status":"closed","template":"","meta":{"footnotes":""},"class_list":["post-74","page","type-page","status-publish","hentry"],"_links":{"self":[{"href":"https:\/\/portal.uern.br\/natal\/dcc\/wp-json\/wp\/v2\/pages\/74","targetHints":{"allow":["GET"]}}],"collection":[{"href":"https:\/\/portal.uern.br\/natal\/dcc\/wp-json\/wp\/v2\/pages"}],"about":[{"href":"https:\/\/portal.uern.br\/natal\/dcc\/wp-json\/wp\/v2\/types\/page"}],"author":[{"embeddable":true,"href":"https:\/\/portal.uern.br\/natal\/dcc\/wp-json\/wp\/v2\/users\/1"}],"replies":[{"embeddable":true,"href":"https:\/\/portal.uern.br\/natal\/dcc\/wp-json\/wp\/v2\/comments?post=74"}],"version-history":[{"count":16,"href":"https:\/\/portal.uern.br\/natal\/dcc\/wp-json\/wp\/v2\/pages\/74\/revisions"}],"predecessor-version":[{"id":962,"href":"https:\/\/portal.uern.br\/natal\/dcc\/wp-json\/wp\/v2\/pages\/74\/revisions\/962"}],"wp:attachment":[{"href":"https:\/\/portal.uern.br\/natal\/dcc\/wp-json\/wp\/v2\/media?parent=74"}],"curies":[{"name":"wp","href":"https:\/\/api.w.org\/{rel}","templated":true}]}}