{"id":7,"date":"2022-11-04T13:51:32","date_gmt":"2022-11-04T16:51:32","guid":{"rendered":"https:\/\/paisdemossoro.com.br\/wordpress\/natal\/dcc\/?page_id=7"},"modified":"2023-03-24T14:03:00","modified_gmt":"2023-03-24T17:03:00","slug":"apresentacao","status":"publish","type":"page","link":"https:\/\/portal.uern.br\/natal\/dcc\/","title":{"rendered":"Apresenta\u00e7\u00e3o"},"content":{"rendered":"<p>&nbsp;<\/p>\n<p><strong>Bem-vindo ao site do Departamento de Ci\u00eancia da Computa\u00e7\u00e3o da Universidade do Estado do Rio Grande do Norte<\/strong><\/p>\n<p>Ele oferece informa\u00e7\u00f5es sobre as atividades de ensino, pesquisa e extens\u00e3o desenvolvidas para a comunidade. Al\u00e9m disso, fornece aos alunos o acesso a formul\u00e1rios para solicita\u00e7\u00f5es de disciplinas especiais, vota\u00e7\u00f5es para as escolhas das optativas que cursar\u00e3o; documentos diversos; links para o Portal do Aluno, Sistema Integrado de Bibliotecas da UERN, Calend\u00e1rio Acad\u00eamico e Regulamento de Cursos.<\/p>\n<p>&nbsp;<\/p>\n<p><strong>Hist\u00f3ria do Departamento de Ci\u00eancia da Computa\u00e7\u00e3o<\/strong><\/p>\n<p>O Departamento de Ci\u00eancia da Computa\u00e7\u00e3o foi criado para ofertar, no Campus Avan\u00e7ado de Natal da Universidade do Estado do Rio Grande do Norte, o curso de Bacharelado em Ci\u00eancia da Computa\u00e7\u00e3o, que iniciou as aulas da primeira turma no dia 2 de setembro de 2002, na Zona Norte da capital.<\/p>\n<p>Com a forma\u00e7\u00e3o do departamento, amplia\u00e7\u00e3o das turmas e do corpo docente, foram iniciadas tamb\u00e9m as atividades de pesquisa e extens\u00e3o.<\/p>\n<p>Em 2006, o Departamento de Ci\u00eancia da Computa\u00e7\u00e3o passou a oferecer o seu ensino de excel\u00eancia, bem como a realizar suas atividades de pesquisa e extens\u00e3o tamb\u00e9m nos N\u00facleos Avan\u00e7ados de Educa\u00e7\u00e3o Superior de Nova Cruz e de Santa Cruz, com a oferta de vinte vagas para os cursos de Ci\u00eancia da Computa\u00e7\u00e3o nessas cidades.<\/p>\n<p>Em 2008 teve in\u00edcio o Programa de P\u00f3s-Gradua\u00e7\u00e3o em Ci\u00eancia da Computa\u00e7\u00e3o, tendo como base uma parceria, no modelo de Associa\u00e7\u00e3o Ampla, entre a Universidade do Estado do Rio Grande do Norte \u2013 UERN, atrav\u00e9s do Departamento de Inform\u00e1tica (Campus Central) e do Departamento de Ci\u00eancia da Computa\u00e7\u00e3o (Campus Avan\u00e7ado de Natal), e a Universidade Federal Rural do Semi-\u00c1rido \u2013 UFERSA. A infraestrutura \u00e9 compartilhada entre as duas institui\u00e7\u00f5es, permitindo aos alunos assistirem \u00e0s aulas, desenvolverem seus projetos de pesquisa e terem acesso aos laborat\u00f3rios, bibliotecas, salas de aula, audit\u00f3rios, salas de professores, instala\u00e7\u00f5es para alunos e demais recursos em tempo integral tanto na UERN, no Campus Central e no Campus Avan\u00e7ado de Natal, como na UFERSA.<\/p>\n<p>No ano de 2013, o Departamento de Ci\u00eancia da Computa\u00e7\u00e3o iniciou a oferta, tamb\u00e9m no Campus Avan\u00e7ado de Natal, do curso de\u00a0Bacharelado em Ci\u00eancia e Tecnologia, oferecendo 50 vagas anuais. Encerrando a oferta deste curso, no ano de 2015, quando foi criado o Departamento de Ci\u00eancia e Tecnologia, que passou a oferta-lo, com o apoio do Departamento de Ci\u00eancia da Computa\u00e7\u00e3o.<\/p>\n<p>Em 2018, o curso obteve o Conceito 4 (de no m\u00e1ximo 5) no ENADE (Exame Nacional de Desempenho de Estudantes). Uma conquista de todos que comp\u00f5e o curso e a UERN. Depois fomos 4 tamb\u00e9m no Guia das Faculdades.<\/p>\n","protected":false},"excerpt":{"rendered":"<p>&nbsp; Bem-vindo ao site do Departamento de Ci\u00eancia da Computa\u00e7\u00e3o da Universidade do Estado do Rio Grande do Norte Ele oferece informa\u00e7\u00f5es sobre as atividades de ensino, pesquisa e extens\u00e3o desenvolvidas para a comunidade. Al\u00e9m disso, fornece aos alunos o acesso a formul\u00e1rios para solicita\u00e7\u00f5es de disciplinas especiais, vota\u00e7\u00f5es para as escolhas das optativas que [&hellip;]<\/p>\n","protected":false},"author":1,"featured_media":0,"parent":0,"menu_order":0,"comment_status":"closed","ping_status":"closed","template":"","meta":{"footnotes":""},"class_list":["post-7","page","type-page","status-publish","hentry"],"_links":{"self":[{"href":"https:\/\/portal.uern.br\/natal\/dcc\/wp-json\/wp\/v2\/pages\/7","targetHints":{"allow":["GET"]}}],"collection":[{"href":"https:\/\/portal.uern.br\/natal\/dcc\/wp-json\/wp\/v2\/pages"}],"about":[{"href":"https:\/\/portal.uern.br\/natal\/dcc\/wp-json\/wp\/v2\/types\/page"}],"author":[{"embeddable":true,"href":"https:\/\/portal.uern.br\/natal\/dcc\/wp-json\/wp\/v2\/users\/1"}],"replies":[{"embeddable":true,"href":"https:\/\/portal.uern.br\/natal\/dcc\/wp-json\/wp\/v2\/comments?post=7"}],"version-history":[{"count":5,"href":"https:\/\/portal.uern.br\/natal\/dcc\/wp-json\/wp\/v2\/pages\/7\/revisions"}],"predecessor-version":[{"id":331,"href":"https:\/\/portal.uern.br\/natal\/dcc\/wp-json\/wp\/v2\/pages\/7\/revisions\/331"}],"wp:attachment":[{"href":"https:\/\/portal.uern.br\/natal\/dcc\/wp-json\/wp\/v2\/media?parent=7"}],"curies":[{"name":"wp","href":"https:\/\/api.w.org\/{rel}","templated":true}]}}