{"id":40,"date":"2022-11-04T14:08:21","date_gmt":"2022-11-04T17:08:21","guid":{"rendered":"https:\/\/paisdemossoro.com.br\/wordpress\/natal\/dcc\/?page_id=40"},"modified":"2023-03-24T15:55:46","modified_gmt":"2023-03-24T18:55:46","slug":"grupo-de-sistemas-embarcados-e-de-tempo-real","status":"publish","type":"page","link":"https:\/\/portal.uern.br\/natal\/dcc\/grupo-de-sistemas-embarcados-e-de-tempo-real\/","title":{"rendered":"Grupo de Sistemas Embarcados e de Tempo Real"},"content":{"rendered":"<p>&nbsp;<\/p>\n<p>O\u00a0<a href=\"http:\/\/dgp.cnpq.br\/dgp\/espelhogrupo\/24804#linhaPesquisa\">Grupo de Sistemas Embarcados e de Tempo Real (GSET)<\/a>\u00a0agrega professores de algumas institui\u00e7\u00f5es de ensino e pesquisa da regi\u00e3o Nordeste, tais como UERN, UFRN, UFERSA e UFPI; para juntos contribu\u00edrem com as seguintes linhas de pesquisa:<\/p>\n<ul>\n<li>Projeto de Sistemas Embarcados.<\/li>\n<li>Internet das Coisas.<\/li>\n<li>Percep\u00e7\u00e3o Rob\u00f3tica.<\/li>\n<li>Projeto e Modelagem de Sistemas Integrados.<\/li>\n<li>Redes de Sensores sem Fio.<\/li>\n<\/ul>\n","protected":false},"excerpt":{"rendered":"<p>&nbsp; O\u00a0Grupo de Sistemas Embarcados e de Tempo Real (GSET)\u00a0agrega professores de algumas institui\u00e7\u00f5es de ensino e pesquisa da regi\u00e3o Nordeste, tais como UERN, UFRN, UFERSA e UFPI; para juntos contribu\u00edrem com as seguintes linhas de pesquisa: Projeto de Sistemas Embarcados. Internet das Coisas. Percep\u00e7\u00e3o Rob\u00f3tica. Projeto e Modelagem de Sistemas Integrados. Redes de Sensores [&hellip;]<\/p>\n","protected":false},"author":1,"featured_media":0,"parent":0,"menu_order":0,"comment_status":"closed","ping_status":"closed","template":"","meta":{"footnotes":""},"class_list":["post-40","page","type-page","status-publish","hentry"],"_links":{"self":[{"href":"https:\/\/portal.uern.br\/natal\/dcc\/wp-json\/wp\/v2\/pages\/40","targetHints":{"allow":["GET"]}}],"collection":[{"href":"https:\/\/portal.uern.br\/natal\/dcc\/wp-json\/wp\/v2\/pages"}],"about":[{"href":"https:\/\/portal.uern.br\/natal\/dcc\/wp-json\/wp\/v2\/types\/page"}],"author":[{"embeddable":true,"href":"https:\/\/portal.uern.br\/natal\/dcc\/wp-json\/wp\/v2\/users\/1"}],"replies":[{"embeddable":true,"href":"https:\/\/portal.uern.br\/natal\/dcc\/wp-json\/wp\/v2\/comments?post=40"}],"version-history":[{"count":2,"href":"https:\/\/portal.uern.br\/natal\/dcc\/wp-json\/wp\/v2\/pages\/40\/revisions"}],"predecessor-version":[{"id":344,"href":"https:\/\/portal.uern.br\/natal\/dcc\/wp-json\/wp\/v2\/pages\/40\/revisions\/344"}],"wp:attachment":[{"href":"https:\/\/portal.uern.br\/natal\/dcc\/wp-json\/wp\/v2\/media?parent=40"}],"curies":[{"name":"wp","href":"https:\/\/api.w.org\/{rel}","templated":true}]}}