{"id":38,"date":"2022-11-04T14:07:11","date_gmt":"2022-11-04T17:07:11","guid":{"rendered":"https:\/\/paisdemossoro.com.br\/wordpress\/natal\/dcc\/?page_id=38"},"modified":"2023-03-24T15:55:13","modified_gmt":"2023-03-24T18:55:13","slug":"grupo-de-inteligencia-computacional","status":"publish","type":"page","link":"https:\/\/portal.uern.br\/natal\/dcc\/grupo-de-inteligencia-computacional\/","title":{"rendered":"Grupo de Intelig\u00eancia Computacional"},"content":{"rendered":"<p>&nbsp;<\/p>\n<p>O\u00a0<a href=\"http:\/\/dgp.cnpq.br\/dgp\/espelhogrupo\/37262\">Grupo de Intelig\u00eancia Computacional (GIC)<\/a>\u00a0objetiva realizar pesquisas, orientar e formar alunos, publicar trabalhos cient\u00edficos, registros de patentes e criar atividades extencionistas relacionadas \u00e0s seguintes linhas de pesquisa:<\/p>\n<ul>\n<li>Computa\u00e7\u00e3o Evolucion\u00e1ria e Redes Neurais.<\/li>\n<li>Computa\u00e7\u00e3o Gr\u00e1fica e Processamento Digital de Sinais.<\/li>\n<li>Rob\u00f3tica e Vis\u00e3o Artificial.<\/li>\n<li>Tecnologias Educacionais.<\/li>\n<\/ul>\n","protected":false},"excerpt":{"rendered":"<p>&nbsp; O\u00a0Grupo de Intelig\u00eancia Computacional (GIC)\u00a0objetiva realizar pesquisas, orientar e formar alunos, publicar trabalhos cient\u00edficos, registros de patentes e criar atividades extencionistas relacionadas \u00e0s seguintes linhas de pesquisa: Computa\u00e7\u00e3o Evolucion\u00e1ria e Redes Neurais. Computa\u00e7\u00e3o Gr\u00e1fica e Processamento Digital de Sinais. Rob\u00f3tica e Vis\u00e3o Artificial. Tecnologias Educacionais.<\/p>\n","protected":false},"author":1,"featured_media":0,"parent":0,"menu_order":0,"comment_status":"closed","ping_status":"closed","template":"","meta":{"footnotes":""},"class_list":["post-38","page","type-page","status-publish","hentry"],"_links":{"self":[{"href":"https:\/\/portal.uern.br\/natal\/dcc\/wp-json\/wp\/v2\/pages\/38","targetHints":{"allow":["GET"]}}],"collection":[{"href":"https:\/\/portal.uern.br\/natal\/dcc\/wp-json\/wp\/v2\/pages"}],"about":[{"href":"https:\/\/portal.uern.br\/natal\/dcc\/wp-json\/wp\/v2\/types\/page"}],"author":[{"embeddable":true,"href":"https:\/\/portal.uern.br\/natal\/dcc\/wp-json\/wp\/v2\/users\/1"}],"replies":[{"embeddable":true,"href":"https:\/\/portal.uern.br\/natal\/dcc\/wp-json\/wp\/v2\/comments?post=38"}],"version-history":[{"count":3,"href":"https:\/\/portal.uern.br\/natal\/dcc\/wp-json\/wp\/v2\/pages\/38\/revisions"}],"predecessor-version":[{"id":343,"href":"https:\/\/portal.uern.br\/natal\/dcc\/wp-json\/wp\/v2\/pages\/38\/revisions\/343"}],"wp:attachment":[{"href":"https:\/\/portal.uern.br\/natal\/dcc\/wp-json\/wp\/v2\/media?parent=38"}],"curies":[{"name":"wp","href":"https:\/\/api.w.org\/{rel}","templated":true}]}}