{"id":249,"date":"2023-03-24T13:59:59","date_gmt":"2023-03-24T16:59:59","guid":{"rendered":"https:\/\/portal.uern.br\/natal\/dcc\/?page_id=249"},"modified":"2025-03-21T18:13:07","modified_gmt":"2025-03-21T21:13:07","slug":"docentes","status":"publish","type":"page","link":"https:\/\/portal.uern.br\/natal\/dcc\/docentes\/","title":{"rendered":"Docentes"},"content":{"rendered":"<p>&nbsp;<\/p>\n<table style=\"width: 100%;border-style: hidden;border-collapse: collapse\" border=\"0\" cellspacing=\"0\" cellpadding=\"0\">\n<tbody>\n<tr style=\"border-style: hidden\">\n<td style=\"border-style: hidden;background-color: transparent;width: 50%\"><img decoding=\"async\" class=\"alignleft\" src=\"https:\/\/portal.uern.br\/natal\/dcc\/wp-content\/uploads\/sites\/2\/2023\/03\/adriana.jpeg\" alt=\"Adriana\" width=\"100px\" height=\"150px\" \/>Adriana Takahashi <a href=\"http:\/\/buscatextual.cnpq.br\/buscatextual\/visualizacv.do?id=K4736938E9\" target=\"_blank\" rel=\"noopener\"><img decoding=\"async\" src=\"https:\/\/portal.uern.br\/natal\/dcc\/wp-content\/uploads\/sites\/2\/2023\/03\/iconelattes.png\" alt=\"lattes\" width=\"14\" height=\"14\" \/><\/a><\/p>\n<p>Bachareal em Ci\u00eancia da Computa\u00e7\u00e3o pela FAI, mestre em Sistemas e Computa\u00e7\u00e3o pela UFRN e doutora em Engenharia El\u00e9trica e de Computa\u00e7\u00e3o pela UFRN.<\/td>\n<td style=\"border-style: hidden;background-color: transparent;width: 50%\"><img decoding=\"async\" class=\"size-full wp-image-259 alignleft\" src=\"https:\/\/portal.uern.br\/natal\/dcc\/wp-content\/uploads\/sites\/2\/2023\/03\/anapaula.jpeg\" alt=\"Ana Paula\" width=\"100\" height=\"150\" \/>Ana Paula dos Santos Oliveira Fl\u00f4r <a href=\"http:\/\/buscatextual.cnpq.br\/buscatextual\/visualizacv.do?id=K4716774Z6\" target=\"_blank\" rel=\"noopener\"><img decoding=\"async\" src=\"https:\/\/portal.uern.br\/natal\/dcc\/wp-content\/uploads\/sites\/2\/2023\/03\/iconelattes.png\" alt=\"lattes\" width=\"14\" height=\"14\" \/><\/a><\/p>\n<p>Doutora na \u00e1rea de Educa\u00e7\u00e3o pela UFRN, Mestre na \u00e1rea de Engenharia de Produ\u00e7\u00e3o pela UFRN, bacharel em Sistemas de Informa\u00e7\u00e3o pela UNI &#8211; RN.<\/td>\n<\/tr>\n<tr style=\"border-style: hidden\">\n<td style=\"border-style: hidden;background-color: transparent;width: 50%\"><img decoding=\"async\" class=\"size-full wp-image-270 alignleft\" src=\"https:\/\/portal.uern.br\/natal\/dcc\/wp-content\/uploads\/sites\/2\/2023\/03\/anderson.jpg\" alt=\"Anderson\" width=\"100\" height=\"150\" \/>Anderson Abner de Santana Souza <a href=\"http:\/\/buscatextual.cnpq.br\/buscatextual\/visualizacv.do?id=K4127940E6\" target=\"_blank\" rel=\"noopener\"><img decoding=\"async\" src=\"https:\/\/portal.uern.br\/natal\/dcc\/wp-content\/uploads\/sites\/2\/2023\/03\/iconelattes.png\" alt=\"lattes\" width=\"14\" height=\"14\" \/><\/a><\/p>\n<p>Doutor em Engenharia da Computa\u00e7\u00e3o pela UFRN, Mestre em Engenharia El\u00e9trica e de Computa\u00e7\u00e3o pela UFRN, bacharel em Engenharia El\u00e9trica e de Computa\u00e7\u00e3o pela UFRN.<\/td>\n<td style=\"border-style: hidden;background-color: transparent;width: 50%\"><img loading=\"lazy\" decoding=\"async\" class=\"size-full wp-image-271 alignleft\" src=\"https:\/\/portal.uern.br\/natal\/dcc\/wp-content\/uploads\/sites\/2\/2023\/03\/andre.jpg\" alt=\"Andre\" width=\"100\" height=\"150\" \/>Andr\u00e9 Gustavo Pereira da Silva <a href=\"http:\/\/buscatextual.cnpq.br\/buscatextual\/visualizacv.do?id=K4735814P5\" target=\"_blank\" rel=\"noopener\"><img decoding=\"async\" src=\"https:\/\/portal.uern.br\/natal\/dcc\/wp-content\/uploads\/sites\/2\/2023\/03\/iconelattes.png\" alt=\"lattes\" width=\"14\" height=\"14\" \/><\/a><\/p>\n<p>Bacharel em Processamento de Dados pela UnP, mestre em Sistemas e Computa\u00e7\u00e3o pela UFRN.<\/td>\n<\/tr>\n<tr style=\"border-style: hidden\">\n<td style=\"border-style: hidden;background-color: transparent;width: 50%\"><img loading=\"lazy\" decoding=\"async\" class=\"size-full wp-image-272 alignleft\" src=\"https:\/\/portal.uern.br\/natal\/dcc\/wp-content\/uploads\/sites\/2\/2023\/03\/bartira.jpg\" alt=\"Bartira\" width=\"100\" height=\"150\" \/>Bartira Paragua\u00e7u Falc\u00e3o Dantas Rocha <a href=\"http:\/\/buscatextual.cnpq.br\/buscatextual\/visualizacv.do?id=K4794974U5\" target=\"_blank\" rel=\"noopener\"><img decoding=\"async\" src=\"https:\/\/portal.uern.br\/natal\/dcc\/wp-content\/uploads\/sites\/2\/2023\/03\/iconelattes.png\" alt=\"lattes\" width=\"14\" height=\"14\" \/><\/a><\/p>\n<p>Doutora em Sistemas e Computa\u00e7\u00e3o pela UFRN, mestre em Sistemas e Computa\u00e7\u00e3o pela UFRN e bacharel em Ci\u00eancias da Computa\u00e7\u00e3o pela UFRN.<\/td>\n<td style=\"border-style: hidden;background-color: transparent;width: 50%\"><img loading=\"lazy\" decoding=\"async\" class=\"size-full wp-image-273 alignleft\" src=\"https:\/\/portal.uern.br\/natal\/dcc\/wp-content\/uploads\/sites\/2\/2023\/03\/bruno.jpeg\" alt=\"Bruno\" width=\"100\" height=\"150\" \/>Bruno Cruz de Oliveira <a href=\"http:\/\/buscatextual.cnpq.br\/buscatextual\/visualizacv.do?id=K4750851H1\" target=\"_blank\" rel=\"noopener\"><img decoding=\"async\" src=\"https:\/\/portal.uern.br\/natal\/dcc\/wp-content\/uploads\/sites\/2\/2023\/03\/iconelattes.png\" alt=\"lattes\" width=\"14\" height=\"14\" \/><\/a><\/p>\n<p>Bacharel em Ci\u00eancias da Computa\u00e7\u00e3o pela UFRN e mestre em Sistemas e Computa\u00e7\u00e3o pela UFRN.<\/td>\n<\/tr>\n<tr style=\"border-style: hidden\">\n<td style=\"border-style: hidden;background-color: transparent;width: 50%\"><img loading=\"lazy\" decoding=\"async\" class=\"size-full wp-image-274 alignleft\" src=\"https:\/\/portal.uern.br\/natal\/dcc\/wp-content\/uploads\/sites\/2\/2023\/03\/camila.jpg\" alt=\"Camila\" width=\"100\" height=\"150\" \/>Camila de Ara\u00fajo Sena <a href=\"http:\/\/buscatextual.cnpq.br\/buscatextual\/visualizacv.do?id=K4730395J5\" target=\"_blank\" rel=\"noopener\"><img decoding=\"async\" src=\"https:\/\/portal.uern.br\/natal\/dcc\/wp-content\/uploads\/sites\/2\/2023\/03\/iconelattes.png\" alt=\"lattes\" width=\"14\" height=\"14\" \/><\/a><\/p>\n<p>Bacharel em Ci\u00eancia da Computa\u00e7\u00e3o pela UERN, mestre em Sistemas e Computa\u00e7\u00e3o pela UFRN e<br \/>\ndoutora em Sistemas e Computa\u00e7\u00e3o pela UFRN.<\/td>\n<td style=\"border-style: hidden;background-color: transparent;width: 50%\"><img loading=\"lazy\" decoding=\"async\" class=\"size-full wp-image-275 alignleft\" src=\"https:\/\/portal.uern.br\/natal\/dcc\/wp-content\/uploads\/sites\/2\/2023\/03\/carlos.jpg\" alt=\"Carlos\" width=\"100\" height=\"150\" \/>Carlos Andr\u00e9 Guerra Fonseca <a href=\"http:\/\/buscatextual.cnpq.br\/buscatextual\/visualizacv.do?id=K4133388H6\" target=\"_blank\" rel=\"noopener\"><img decoding=\"async\" src=\"https:\/\/portal.uern.br\/natal\/dcc\/wp-content\/uploads\/sites\/2\/2023\/03\/iconelattes.png\" alt=\"lattes\" width=\"14\" height=\"14\" \/><\/a><\/p>\n<p>Bacharel em Engenharia de Computa\u00e7\u00e3o pela UnP, mestre em Engenharia El\u00e9trica e de Computa\u00e7\u00e3o pela UFRN e doutor em Engenharia El\u00e9trica e Computa\u00e7\u00e3o pela UFRN.<\/td>\n<\/tr>\n<tr style=\"border-style: hidden\">\n<td style=\"border-style: hidden;background-color: transparent;width: 50%\"><img loading=\"lazy\" decoding=\"async\" class=\"size-full wp-image-276 alignleft\" src=\"https:\/\/portal.uern.br\/natal\/dcc\/wp-content\/uploads\/sites\/2\/2023\/03\/felipe.jpg\" alt=\"Felipe\" width=\"100\" height=\"150\" \/>Felipe Denis Mendon\u00e7a de Oliveira <a href=\"http:\/\/buscatextual.cnpq.br\/buscatextual\/visualizacv.do?id=K4164936T0\" target=\"_blank\" rel=\"noopener\"><img decoding=\"async\" src=\"https:\/\/portal.uern.br\/natal\/dcc\/wp-content\/uploads\/sites\/2\/2023\/03\/iconelattes.png\" alt=\"lattes\" width=\"14\" height=\"14\" \/><\/a><\/p>\n<p>Doutor Engenharia El\u00e9trica e Computa\u00e7\u00e3o pela UFRN, mestre em Engenharia El\u00e9trica e de Computa\u00e7\u00e3o pela UFRN, bacharel em Sistemas de Informa\u00e7\u00f5es pela Universidade Est\u00e1cio de S\u00e1; bacharel em Tecnologia em Ind\u00fastria T\u00eaxtil pela UFRN.<\/td>\n<td style=\"border-style: hidden;background-color: transparent;width: 50%\"><img loading=\"lazy\" decoding=\"async\" class=\"size-full wp-image-277 alignleft\" src=\"https:\/\/portal.uern.br\/natal\/dcc\/wp-content\/uploads\/sites\/2\/2023\/03\/francisco.jpeg\" alt=\"Francisco\" width=\"100\" height=\"150\" \/>Francisco Dantas de Medeiros Neto <a href=\"http:\/\/buscatextual.cnpq.br\/buscatextual\/visualizacv.do?id=K4765294D5\" target=\"_blank\" rel=\"noopener\"><img decoding=\"async\" src=\"https:\/\/portal.uern.br\/natal\/dcc\/wp-content\/uploads\/sites\/2\/2023\/03\/iconelattes.png\" alt=\"lattes\" width=\"14\" height=\"14\" \/><\/a><\/p>\n<p>Bacharel em Ci\u00eancia da Computa\u00e7\u00e3o pela UFRN, mestre em Sistemas e Informa\u00e7\u00e3o pela UFRN, doutor em Inform\u00e1tica pela PUC-Rio em colabora\u00e7\u00e3o com a Universidade de Lancaster (UK).<\/td>\n<\/tr>\n<tr style=\"border-style: hidden\">\n<td style=\"border-style: hidden;background-color: transparent;width: 50%\"><img loading=\"lazy\" decoding=\"async\" class=\"size-full wp-image-278 alignleft\" src=\"https:\/\/portal.uern.br\/natal\/dcc\/wp-content\/uploads\/sites\/2\/2023\/03\/glaucia.jpg\" alt=\"Glaucia\" width=\"100\" height=\"150\" \/>Glaucia Melissa Medeiros Campos <a href=\"http:\/\/buscatextual.cnpq.br\/buscatextual\/visualizacv.do?id=K4742863T6\" target=\"_blank\" rel=\"noopener\"><img decoding=\"async\" src=\"https:\/\/portal.uern.br\/natal\/dcc\/wp-content\/uploads\/sites\/2\/2023\/03\/iconelattes.png\" alt=\"lattes\" width=\"14\" height=\"14\" \/><\/a><\/p>\n<p>Bacharel em Ci\u00eancia da Computa\u00e7\u00e3o pela UERN e mestre em Sistemas e Computa\u00e7\u00e3o pela UFRN.<\/td>\n<td style=\"border-style: hidden;background-color: transparent;width: 50%\"><img loading=\"lazy\" decoding=\"async\" class=\"size-full wp-image-279 alignleft\" src=\"https:\/\/portal.uern.br\/natal\/dcc\/wp-content\/uploads\/sites\/2\/2023\/03\/raul.jpeg\" alt=\"Raul\" width=\"100\" height=\"150\" \/>Raul Benites Paradeda <a href=\"http:\/\/buscatextual.cnpq.br\/buscatextual\/visualizacv.do?id=K4777175U4\" target=\"_blank\" rel=\"noopener\"><img decoding=\"async\" src=\"https:\/\/portal.uern.br\/natal\/dcc\/wp-content\/uploads\/sites\/2\/2023\/03\/iconelattes.png\" alt=\"lattes\" width=\"14\" height=\"14\" \/><\/a><\/p>\n<p>Bacharel em Ci\u00eancia da Computa\u00e7\u00e3o pela Universidade Cat\u00f3lica de Pelotas, mestre em Sistemas e Computa\u00e7\u00e3o pela UFRN, doutor em Engenharia Inform\u00e1tica e de Computadores pelo Instituto Superior T\u00e9cnico da Universidade de Lisboa.<\/td>\n<\/tr>\n<tr style=\"border-style: hidden\">\n<td style=\"border-style: hidden;background-color: transparent;width: 50%\"><img loading=\"lazy\" decoding=\"async\" class=\"size-full wp-image-280 alignleft\" src=\"https:\/\/portal.uern.br\/natal\/dcc\/wp-content\/uploads\/sites\/2\/2023\/03\/rosiery.jpeg\" alt=\"Rosiery\" width=\"100\" height=\"150\" \/>Rosiery da Silva Maia <a href=\"http:\/\/buscatextual.cnpq.br\/buscatextual\/visualizacv.do?id=K4769176Y6\" target=\"_blank\" rel=\"noopener\"><img decoding=\"async\" src=\"https:\/\/portal.uern.br\/natal\/dcc\/wp-content\/uploads\/sites\/2\/2023\/03\/iconelattes.png\" alt=\"lattes\" width=\"14\" height=\"14\" \/><\/a><\/p>\n<p>Bacharel em Ci\u00eancia da Computa\u00e7\u00e3o pela UFRN, mestre em Sistemas e Computa\u00e7\u00e3o pela UFRN, doutora em Engenharia El\u00e9trica e de Computa\u00e7\u00e3o pela UFRN.<\/td>\n<td style=\"border-style: hidden;background-color: transparent;width: 50%\"><img loading=\"lazy\" decoding=\"async\" class=\"size-full wp-image-281 alignleft\" src=\"https:\/\/portal.uern.br\/natal\/dcc\/wp-content\/uploads\/sites\/2\/2023\/03\/wilfredo.jpg\" alt=\"Wilfredo\" width=\"100\" height=\"150\" \/>Wilfredo Blanco Figuerola <a href=\"http:\/\/buscatextual.cnpq.br\/buscatextual\/visualizacv.do?id=K4772722J9\" target=\"_blank\" rel=\"noopener\"><img decoding=\"async\" src=\"https:\/\/portal.uern.br\/natal\/dcc\/wp-content\/uploads\/sites\/2\/2023\/03\/iconelattes.png\" alt=\"lattes\" width=\"14\" height=\"14\" \/><\/a><\/p>\n<p>Bacharel Engenharia de Sistemas Automatizados de Dire\u00e7\u00e3o pelo Instituto Superior Polit\u00e9cnico Jose Antonio Echevaria em Havana-Cuba, mestre em Modelagem Computacional pela UERJ e doutor em Engenharia El\u00e9trica e de Computa\u00e7\u00e3o pela UFRN.<\/td>\n<\/tr>\n<\/tbody>\n<\/table>\n","protected":false},"excerpt":{"rendered":"<p>&nbsp; Adriana Takahashi Bachareal em Ci\u00eancia da Computa\u00e7\u00e3o pela FAI, mestre em Sistemas e Computa\u00e7\u00e3o pela UFRN e doutora em Engenharia El\u00e9trica e de Computa\u00e7\u00e3o pela UFRN. Ana Paula dos Santos Oliveira Fl\u00f4r Doutora na \u00e1rea de Educa\u00e7\u00e3o pela UFRN, Mestre na \u00e1rea de Engenharia de Produ\u00e7\u00e3o pela UFRN, bacharel em Sistemas de Informa\u00e7\u00e3o pela [&hellip;]<\/p>\n","protected":false},"author":2,"featured_media":0,"parent":0,"menu_order":0,"comment_status":"closed","ping_status":"closed","template":"","meta":{"footnotes":""},"class_list":["post-249","page","type-page","status-publish","hentry"],"_links":{"self":[{"href":"https:\/\/portal.uern.br\/natal\/dcc\/wp-json\/wp\/v2\/pages\/249","targetHints":{"allow":["GET"]}}],"collection":[{"href":"https:\/\/portal.uern.br\/natal\/dcc\/wp-json\/wp\/v2\/pages"}],"about":[{"href":"https:\/\/portal.uern.br\/natal\/dcc\/wp-json\/wp\/v2\/types\/page"}],"author":[{"embeddable":true,"href":"https:\/\/portal.uern.br\/natal\/dcc\/wp-json\/wp\/v2\/users\/2"}],"replies":[{"embeddable":true,"href":"https:\/\/portal.uern.br\/natal\/dcc\/wp-json\/wp\/v2\/comments?post=249"}],"version-history":[{"count":62,"href":"https:\/\/portal.uern.br\/natal\/dcc\/wp-json\/wp\/v2\/pages\/249\/revisions"}],"predecessor-version":[{"id":950,"href":"https:\/\/portal.uern.br\/natal\/dcc\/wp-json\/wp\/v2\/pages\/249\/revisions\/950"}],"wp:attachment":[{"href":"https:\/\/portal.uern.br\/natal\/dcc\/wp-json\/wp\/v2\/media?parent=249"}],"curies":[{"name":"wp","href":"https:\/\/api.w.org\/{rel}","templated":true}]}}