{"id":24,"date":"2022-11-04T14:01:39","date_gmt":"2022-11-04T17:01:39","guid":{"rendered":"https:\/\/paisdemossoro.com.br\/wordpress\/natal\/dcc\/?page_id=24"},"modified":"2024-10-15T10:31:57","modified_gmt":"2024-10-15T13:31:57","slug":"matriz-curricular","status":"publish","type":"page","link":"https:\/\/portal.uern.br\/natal\/dcc\/matriz-curricular\/","title":{"rendered":"Matriz Curricular"},"content":{"rendered":"<p>&nbsp;<\/p>\n<ul>\n<li>Matriz Curricular 2023 (<a href=\"https:\/\/portal.uern.br\/natal\/dcc\/wp-content\/uploads\/sites\/2\/2024\/10\/Grade20231.pdf\" target=\"_blank\" rel=\"noopener\">PDF<\/a>) (<a href=\"https:\/\/portal.uern.br\/natal\/dcc\/wp-content\/uploads\/sites\/2\/2024\/10\/Grade2023.png\" target=\"_blank\" rel=\"noopener\">PNG<\/a>)<\/li>\n<li>Matriz Curricular 2019 (<a href=\"https:\/\/portal.uern.br\/natal\/dcc\/wp-content\/uploads\/sites\/2\/2023\/03\/Grade20191.pdf\" target=\"_blank\" rel=\"noopener\">PDF<\/a>) (<a href=\"https:\/\/portal.uern.br\/natal\/dcc\/wp-content\/uploads\/sites\/2\/2023\/03\/Grade20191.png\" target=\"_blank\" rel=\"noopener\">PNG<\/a>) (v\u00e1lida para ingressantes de 2019 at\u00e9 2022)<\/li>\n<li>Matriz Curricular 2014 (<a href=\"https:\/\/portal.uern.br\/natal\/dcc\/wp-content\/uploads\/sites\/2\/2023\/08\/Grade20141.pdf\" target=\"_blank\" rel=\"noopener\">PDF<\/a>) (<a href=\"https:\/\/portal.uern.br\/natal\/dcc\/wp-content\/uploads\/sites\/2\/2023\/08\/Grade20141.png\" target=\"_blank\" rel=\"noopener\">PNG<\/a>) (v\u00e1lida para ingressantes at\u00e9 2018)<\/li>\n<\/ul>\n","protected":false},"excerpt":{"rendered":"<p>&nbsp; Matriz Curricular 2023 (PDF) (PNG) Matriz Curricular 2019 (PDF) (PNG) (v\u00e1lida para ingressantes de 2019 at\u00e9 2022) Matriz Curricular 2014 (PDF) (PNG) (v\u00e1lida para ingressantes at\u00e9 2018)<\/p>\n","protected":false},"author":1,"featured_media":0,"parent":0,"menu_order":0,"comment_status":"closed","ping_status":"closed","template":"","meta":{"footnotes":""},"class_list":["post-24","page","type-page","status-publish","hentry"],"_links":{"self":[{"href":"https:\/\/portal.uern.br\/natal\/dcc\/wp-json\/wp\/v2\/pages\/24","targetHints":{"allow":["GET"]}}],"collection":[{"href":"https:\/\/portal.uern.br\/natal\/dcc\/wp-json\/wp\/v2\/pages"}],"about":[{"href":"https:\/\/portal.uern.br\/natal\/dcc\/wp-json\/wp\/v2\/types\/page"}],"author":[{"embeddable":true,"href":"https:\/\/portal.uern.br\/natal\/dcc\/wp-json\/wp\/v2\/users\/1"}],"replies":[{"embeddable":true,"href":"https:\/\/portal.uern.br\/natal\/dcc\/wp-json\/wp\/v2\/comments?post=24"}],"version-history":[{"count":10,"href":"https:\/\/portal.uern.br\/natal\/dcc\/wp-json\/wp\/v2\/pages\/24\/revisions"}],"predecessor-version":[{"id":943,"href":"https:\/\/portal.uern.br\/natal\/dcc\/wp-json\/wp\/v2\/pages\/24\/revisions\/943"}],"wp:attachment":[{"href":"https:\/\/portal.uern.br\/natal\/dcc\/wp-json\/wp\/v2\/media?parent=24"}],"curies":[{"name":"wp","href":"https:\/\/api.w.org\/{rel}","templated":true}]}}