{"id":18,"date":"2022-11-04T13:59:17","date_gmt":"2022-11-04T16:59:17","guid":{"rendered":"https:\/\/paisdemossoro.com.br\/wordpress\/natal\/dcc\/?page_id=18"},"modified":"2023-03-24T16:20:49","modified_gmt":"2023-03-24T19:20:49","slug":"laboratorios","status":"publish","type":"page","link":"https:\/\/portal.uern.br\/natal\/dcc\/laboratorios\/","title":{"rendered":"Laborat\u00f3rios"},"content":{"rendered":"<p>&nbsp;<\/p>\n<p>O curso de Ci\u00eancia da Computa\u00e7\u00e3o tem \u00e0 disposi\u00e7\u00e3o cinco laborat\u00f3rios. Tr\u00eas deles s\u00e3o exclusivos para a realiza\u00e7\u00e3o de atividades do curso. Os laborat\u00f3rios s\u00e3o: o Laborat\u00f3rio do Campus de Natal (LabCAN), o Laborat\u00f3rio de Ci\u00eancia da Computa\u00e7\u00e3o (LabCC), o Laborat\u00f3rio de Aprendizagem Rob\u00f3tica (LAR), o LUMEN e o Laborat\u00f3rio de Inform\u00e1tica da Escola da Universidade do Estado do Rio Grande do Norte (EdUCA).<\/p>\n<p>O LabCAN \u00e9 disponibilizado para todos os cursos de gradua\u00e7\u00e3o do Campus de Natal, sendo dada a prefer\u00eancia para o curso de\u00a0 Ci\u00eancia da Computa\u00e7\u00e3o em fun\u00e7\u00e3o de suas necessidades. Conta com bancadas em mdf, cadeiras, projetor multim\u00eddia fixado no teto, quadro branco e dezessete m\u00e1quinas completas (CPU, teclado, mouse, monitor, estabilizador).<\/p>\n<p>O LabCC \u00e9 de uso exclusivo para o curso de Bacharelado em Ci\u00eancia da Computa\u00e7\u00e3o, sendo utilizado para aulas pr\u00e1ticas do curso e para que os alunos possam realizar os trabalhos das disciplinas e suas pesquisas. Conta com bancadas em mdf, cadeiras, projetor multim\u00eddia fixado no teto, quadro branco e dez m\u00e1quinas completas.<\/p>\n<p>O LAR \u00e9 um laborat\u00f3rio tem\u00e1tico do curso de Bacharelado em Ci\u00eancia da Computa\u00e7\u00e3o para o ensino e o desenvolvimento de pesquisas nas \u00e1reas de Vis\u00e3o Computacional, Rob\u00f3tica e Intelig\u00eancia Computacional. Conta com cinco m\u00e1quinas completas para uso dos alunos e pesquisadores, uma impressora HP LaserJet M1120, um rob\u00f4 Pioneer-3AT, um rob\u00f4 X80, tr\u00eas kits LEGO Mindstorm, dispositivos eletr\u00f4nicos para o desenvolvimento de sistemas embarcados, projetor multim\u00eddia para apresenta\u00e7\u00f5es, bancadas e arm\u00e1rios em mdf, cadeiras, mesa e quadro branco.<\/p>\n<p>O Lumen \u00e9 voltado para o desenvolvimento de pesquisas cient\u00edficas de docentes e discentes vinculados ao Grupo de Sistemas Embarcados e de Tempo Real (GSET) do Departamento de Ci\u00eancia da Computa\u00e7\u00e3o. Conta com quatro m\u00e1quinas completas para uso dos pesquisadores, dois kits de Redes de Sensores Sem Fio da marca Crossbow, um kit composto por cinco placas Arduino UNO R3 com sensores e atuadores diversos; bancadas em mdf, cadeiras, kits para o desenvolvimento de projetos ligados \u00e0 Sistemas Embarcados.<\/p>\n<p>No Laborat\u00f3rio de Inform\u00e1tica da EdUCA, o Departamento de Ci\u00eancia da Computa\u00e7\u00e3o tem desenvolvido a\u00e7\u00f5es de extens\u00e3o, como o curso de Eletr\u00f4nica B\u00e1sica com Ardu\u00edno e o projeto Maria Bonita nas Ci\u00eancias.<\/p>\n<p>Todos os laborat\u00f3rios s\u00e3o climatizados e possuem conex\u00e3o cabeada e\/ou sem fio, com a Internet.<\/p>\n","protected":false},"excerpt":{"rendered":"<p>&nbsp; O curso de Ci\u00eancia da Computa\u00e7\u00e3o tem \u00e0 disposi\u00e7\u00e3o cinco laborat\u00f3rios. Tr\u00eas deles s\u00e3o exclusivos para a realiza\u00e7\u00e3o de atividades do curso. Os laborat\u00f3rios s\u00e3o: o Laborat\u00f3rio do Campus de Natal (LabCAN), o Laborat\u00f3rio de Ci\u00eancia da Computa\u00e7\u00e3o (LabCC), o Laborat\u00f3rio de Aprendizagem Rob\u00f3tica (LAR), o LUMEN e o Laborat\u00f3rio de Inform\u00e1tica da Escola [&hellip;]<\/p>\n","protected":false},"author":1,"featured_media":0,"parent":0,"menu_order":0,"comment_status":"closed","ping_status":"closed","template":"","meta":{"footnotes":""},"class_list":["post-18","page","type-page","status-publish","hentry"],"_links":{"self":[{"href":"https:\/\/portal.uern.br\/natal\/dcc\/wp-json\/wp\/v2\/pages\/18","targetHints":{"allow":["GET"]}}],"collection":[{"href":"https:\/\/portal.uern.br\/natal\/dcc\/wp-json\/wp\/v2\/pages"}],"about":[{"href":"https:\/\/portal.uern.br\/natal\/dcc\/wp-json\/wp\/v2\/types\/page"}],"author":[{"embeddable":true,"href":"https:\/\/portal.uern.br\/natal\/dcc\/wp-json\/wp\/v2\/users\/1"}],"replies":[{"embeddable":true,"href":"https:\/\/portal.uern.br\/natal\/dcc\/wp-json\/wp\/v2\/comments?post=18"}],"version-history":[{"count":2,"href":"https:\/\/portal.uern.br\/natal\/dcc\/wp-json\/wp\/v2\/pages\/18\/revisions"}],"predecessor-version":[{"id":360,"href":"https:\/\/portal.uern.br\/natal\/dcc\/wp-json\/wp\/v2\/pages\/18\/revisions\/360"}],"wp:attachment":[{"href":"https:\/\/portal.uern.br\/natal\/dcc\/wp-json\/wp\/v2\/media?parent=18"}],"curies":[{"name":"wp","href":"https:\/\/api.w.org\/{rel}","templated":true}]}}