{"id":286,"date":"2023-02-05T21:27:06","date_gmt":"2023-02-06T00:27:06","guid":{"rendered":"http:\/\/beta.apps.uern.br\/wordpress\/natal\/cienciadareligiao\/?page_id=286"},"modified":"2025-07-01T18:08:06","modified_gmt":"2025-07-01T21:08:06","slug":"apresentacao","status":"publish","type":"page","link":"https:\/\/portal.uern.br\/natal\/cienciadareligiao\/","title":{"rendered":"Apresenta\u00e7\u00e3o"},"content":{"rendered":"<h5>Ci\u00eancias da Religi\u00e3o &#8211; Campus Avan\u00e7ado de Natal<\/h5>\n<p><strong>C\u00f3digo:<\/strong><br \/>\n101920-0<\/p>\n<p><strong>Modalidade:<\/strong><br \/>\nLicenciatura<\/p>\n<p><strong>Carga Hor\u00e1ria Total:<\/strong><br \/>\n3450 horas<\/p>\n<p><strong>Tempo do Curso:<\/strong><br \/>\nEntre 4 e 6 anos (m\u00e1ximo)<\/p>\n<ul>\n<li><a href=\"https:\/\/www.uern.br\/controledepaginas\/proeg-projetos-pedagogicos-natal\/arquivos\/4227projeto_pedaga%C2%B3gico_do_curso_cr_2018.pdf\">Projeto Pedag\u00f3gico 2014 (Atualizado em 2018<\/a>)<\/li>\n<li><a href=\"http:\/\/www.uern.br\/controledepaginas\/proeg-projetos-pedagogicos-natal\/arquivos\/4227ppc_ciancias_da_religia%C2%A3o_can_2022_completo.pdf\">Projeto Pedag\u00f3gico 2022 (Aprovado pela Res. N\u00ba 047\/2021 &#8211; UERN\/CONSEPE)<\/a><\/li>\n<\/ul>\n<p>&nbsp;<\/p>\n<p><strong>Objetivo do Curso:<\/strong><\/p>\n<p>O curso de Licenciatura em Ci\u00eancias da Religi\u00e3o da UERN tem como objetivo formar professores-pesquisadores capacitados para atuarem na Educa\u00e7\u00e3o B\u00e1sica, no componente curricular Ensino Religioso, bem como na Educa\u00e7\u00e3o Superior. A forma\u00e7\u00e3o visa desenvolver uma s\u00f3lida base acad\u00eamico-cient\u00edfica no campo das Ci\u00eancias da Religi\u00e3o, da Educa\u00e7\u00e3o e de \u00e1reas transdisciplinares, permitindo a compreens\u00e3o cr\u00edtica, reflexiva e interativa das manifesta\u00e7\u00f5es hist\u00f3rico-culturais do fen\u00f4meno religioso em sua diversidade e complexidade.<\/p>\n<p>&nbsp;<\/p>\n<p><strong>Perfil do Formando:<\/strong><\/p>\n<p>O profissional formado em Ci\u00eancias da Religi\u00e3o ser\u00e1 um educador com s\u00f3lida forma\u00e7\u00e3o te\u00f3rica e pedag\u00f3gica, capaz de atuar de forma cr\u00edtica, reflexiva e \u00e9tica. Ele dever\u00e1 ser capaz de promover o respeito \u00e0 diversidade religiosa, cultural, \u00e9tnica e de g\u00eanero, com compromisso com os direitos humanos e a cultura de paz. Dever\u00e1 tamb\u00e9m demonstrar postura investigativa, dom\u00ednio de saberes inter e transdisciplinares e compromisso com a laicidade do ensino, atuando como mediador do conhecimento sobre o fen\u00f4meno religioso, sem promover proselitismo.<\/p>\n<p><strong>Campo de Atua\u00e7\u00e3o:<\/strong><\/p>\n<p>O egresso do curso pode atuar:<\/p>\n<ul>\n<li>Como docente de Ensino Religioso na Educa\u00e7\u00e3o B\u00e1sica (sobretudo na rede p\u00fablica estadual e municipal).<\/li>\n<li>Na pesquisa acad\u00eamica no campo das Ci\u00eancias da Religi\u00e3o.<\/li>\n<li>Em projetos de extens\u00e3o universit\u00e1ria junto a comunidades locais.<\/li>\n<li>Em atividades de consultoria, assessoria e produ\u00e7\u00e3o de conhecimento em espa\u00e7os n\u00e3o formais de ensino, institui\u00e7\u00f5es p\u00fablicas e privadas, ONGs e entidades confessionais.<\/li>\n<\/ul>\n<p>&nbsp;<\/p>\n<p><strong>Atribui\u00e7\u00f5es do profissional formado:<br \/>\n<\/strong><\/p>\n<ul>\n<li>Planejar, executar e avaliar atividades pedag\u00f3gicas voltadas ao Ensino Religioso.<\/li>\n<li>Investigar e analisar criticamente os fen\u00f4menos religiosos em diversas culturas e contextos hist\u00f3ricos.<\/li>\n<li>Promover o di\u00e1logo inter-religioso e intercultural com base na \u00e9tica, nos direitos humanos e na cultura da paz.<\/li>\n<\/ul>\n<p><strong><br \/>\nAutoriza\u00e7\u00e3o legal:<\/strong><\/p>\n<ul>\n<li><a href=\"https:\/\/deirn.sdoe.com.br\/diariooficialweb\/#\/busca-avancada?diario=MTIx&amp;inicio=01%2F05%2F2024&amp;fim=03%2F05%2F2024&amp;palavra=Ci%C3%AAncias%20da%20Religi%C3%A3o&amp;consultar=true\">Decreto N\u00ba 33.564\/2024 &#8211; RN<\/a><\/li>\n<\/ul>\n<h5><\/h5>\n<h5><span style=\"font-size: 12pt\">Estrutura Curricular:<\/span><\/h5>\n<p>&nbsp;<\/p>\n<table class=\"table table-striped table-condensed\" border=\"0\" width=\"80%\" cellspacing=\"0\" cellpadding=\"0\">\n<tbody>\n<tr>\n<th class=\"destaque1\" align=\"right\" width=\"150\">Curso:<\/th>\n<td class=\"AlistTrans\" colspan=\"5\">\u00a0[101920-0] Ci\u00eancias da Religi\u00e3o &#8211; Licenciatura<\/td>\n<\/tr>\n<tr>\n<th class=\"destaque1\" align=\"right\">Matriz Curricular:<\/th>\n<td class=\"AlistTrans\" colspan=\"5\">\u00a02022.1 [V\u00e1lida para ingressantes a partir de\u00a0<b>2022.1<\/b>]<\/td>\n<\/tr>\n<tr>\n<th class=\"destaque1\" align=\"right\">Campus\/Cidade<\/th>\n<td class=\"AlistTrans\" colspan=\"5\">\u00a0Campus Avan\u00e7ado de Natal<\/td>\n<\/tr>\n<\/tbody>\n<\/table>\n<p>&nbsp;<\/p>\n<table class=\"table table-striped table-condensed\" border=\"0\" width=\"80%\" cellspacing=\"0\" cellpadding=\"0\">\n<tbody>\n<tr>\n<th class=\"destaque1\" align=\"right\" width=\"150\">Obrigat\u00f3rias:<\/th>\n<td class=\"AlistTrans\" colspan=\"5\">\u00a02880 horas<\/td>\n<\/tr>\n<tr>\n<th class=\"destaque1\" align=\"right\" width=\"150\">Optativas:<\/th>\n<td class=\"AlistTrans\" colspan=\"5\">\u00a0495 horas<\/td>\n<\/tr>\n<tr>\n<th class=\"destaque1\" align=\"right\" width=\"150\">Ativ. Complementares:<\/th>\n<td class=\"AlistTrans\" colspan=\"5\">\u00a075 horas<\/td>\n<\/tr>\n<tr>\n<th class=\"destaque1\" align=\"right\" width=\"150\">Total a integralizar:<\/th>\n<td class=\"AlistTrans\" colspan=\"5\">\u00a0<strong>3450 horas<\/strong><\/td>\n<\/tr>\n<tr>\n<th class=\"destaque1\" align=\"right\" width=\"150\"><em>M\u00e1ximo de Eletivas:\u00a0<\/em><\/th>\n<td class=\"AlistTrans\" colspan=\"5\">\u00a0<em>240 horas<\/em><\/td>\n<\/tr>\n<\/tbody>\n<\/table>\n<p>&nbsp;<\/p>\n<p>&nbsp;<\/p>\n<p><iframe src=\"https:\/\/sigaa.uern.br\/sigaa\/link\/public\/curso\/curriculo\/184790\" width=\"100%\" height=\"1000px\" frameborder=\"0\" marginwidth=\"0\" marginheight=\"0\" scrolling=\"yes\"><\/iframe><\/p>\n<p>&nbsp;<\/p>\n<p>&nbsp;<\/p>\n","protected":false},"excerpt":{"rendered":"<p>Ci\u00eancias da Religi\u00e3o &#8211; Campus Avan\u00e7ado de Natal C\u00f3digo: 101920-0 Modalidade: Licenciatura Carga Hor\u00e1ria Total: 3450 horas Tempo do Curso: Entre 4 e 6 anos (m\u00e1ximo) Projeto Pedag\u00f3gico 2014 (Atualizado em 2018) Projeto Pedag\u00f3gico 2022 (Aprovado pela Res. N\u00ba 047\/2021 &#8211; UERN\/CONSEPE) &nbsp; Objetivo do Curso: O curso de Licenciatura em Ci\u00eancias da Religi\u00e3o da [&hellip;]<\/p>\n","protected":false},"author":1,"featured_media":0,"parent":0,"menu_order":0,"comment_status":"closed","ping_status":"closed","template":"","meta":{"footnotes":""},"class_list":["post-286","page","type-page","status-publish","hentry"],"_links":{"self":[{"href":"https:\/\/portal.uern.br\/natal\/cienciadareligiao\/wp-json\/wp\/v2\/pages\/286","targetHints":{"allow":["GET"]}}],"collection":[{"href":"https:\/\/portal.uern.br\/natal\/cienciadareligiao\/wp-json\/wp\/v2\/pages"}],"about":[{"href":"https:\/\/portal.uern.br\/natal\/cienciadareligiao\/wp-json\/wp\/v2\/types\/page"}],"author":[{"embeddable":true,"href":"https:\/\/portal.uern.br\/natal\/cienciadareligiao\/wp-json\/wp\/v2\/users\/1"}],"replies":[{"embeddable":true,"href":"https:\/\/portal.uern.br\/natal\/cienciadareligiao\/wp-json\/wp\/v2\/comments?post=286"}],"version-history":[{"count":11,"href":"https:\/\/portal.uern.br\/natal\/cienciadareligiao\/wp-json\/wp\/v2\/pages\/286\/revisions"}],"predecessor-version":[{"id":778,"href":"https:\/\/portal.uern.br\/natal\/cienciadareligiao\/wp-json\/wp\/v2\/pages\/286\/revisions\/778"}],"wp:attachment":[{"href":"https:\/\/portal.uern.br\/natal\/cienciadareligiao\/wp-json\/wp\/v2\/media?parent=286"}],"curies":[{"name":"wp","href":"https:\/\/api.w.org\/{rel}","templated":true}]}}