{"id":6,"date":"2023-02-05T20:33:13","date_gmt":"2023-02-05T23:33:13","guid":{"rendered":"http:\/\/beta.apps.uern.br\/wordpress\/natal\/cienciadacomputacao\/?page_id=6"},"modified":"2025-08-28T14:11:37","modified_gmt":"2025-08-28T17:11:37","slug":"apresentacao","status":"publish","type":"page","link":"https:\/\/portal.uern.br\/natal\/cienciadacomputacao\/","title":{"rendered":"Apresenta\u00e7\u00e3o"},"content":{"rendered":"<h5>Ci\u00eancia da Computa\u00e7\u00e3o &#8211; Campus Avan\u00e7ado de Natal<\/h5>\n<p><strong>C\u00f3digo:<\/strong><br \/>\n57606<\/p>\n<p><strong>Grau Acad\u00eamico:\u00a0<\/strong><br \/>\nBacharelado<\/p>\n<p><strong>Modalidade:\u00a0<\/strong><br \/>\nPresencial<\/p>\n<p><strong>Carga Hor\u00e1ria Total:<\/strong><br \/>\n3200 horas<\/p>\n<p><strong>Tempo do Curso:<\/strong><br \/>\nEntre 4 e 6 anos (m\u00e1ximo)<\/p>\n<p><strong>Correio Eletr\u00f4nico:<\/strong><br \/>\ndcc_natal@uern.br<\/p>\n<ul>\n<li><a href=\"https:\/\/portal.uern.br\/natal\/dcc\/wp-content\/uploads\/sites\/2\/2023\/08\/Projeto_Ciencia_da_Computacao_2023_Rev2023.pdf\" target=\"_blank\" rel=\"noopener\">Projeto Pedag\u00f3gico 2023<\/a><\/li>\n<li><a href=\"https:\/\/portal.uern.br\/natal\/dcc\/wp-content\/uploads\/sites\/2\/2023\/08\/Projeto_Ciencia_da_Computacao_2019_Rev2023.pdf\">Projeto Pedag\u00f3gico 2019<\/a><\/li>\n<li><a href=\"https:\/\/portal.uern.br\/natal\/dcc\/wp-content\/uploads\/sites\/2\/2023\/08\/Projeto_Ciencia_da_Computacao_2014_Rev2023.pdf\">Projeto Pedag\u00f3gico 2014<\/a><\/li>\n<\/ul>\n<p>&nbsp;<\/p>\n<p><strong>Objetivo do Curso:<\/strong><\/p>\n<p>Objetivo Geral<\/p>\n<p>Formar profissionais com qualifica\u00e7\u00e3o t\u00e9cnica, acad\u00eamica e humana, habilitados a formular solu\u00e7\u00f5es computacionais aplicadas \u00e0 pesquisa cient\u00edfica, mercado e sociedade.<\/p>\n<p>Objetivos Espec\u00edficos<\/p>\n<ul>\n<li>Apresentar os fundamentos da Computa\u00e7\u00e3o para fomentar os conhecimentos e a compet\u00eancia t\u00e9cnica para o desenvolvimento de solu\u00e7\u00f5es computacionais;<\/li>\n<li>Oportunizar a forma\u00e7\u00e3o discente nas mais diferentes \u00e1reas da Computa\u00e7\u00e3o considerando o contexto interdisciplinar;<\/li>\n<li>Desenvolver conhecimentos e compet\u00eancias necess\u00e1rias a constru\u00e7\u00e3o de solu\u00e7\u00f5es utilizando a metodologia da pesquisa cient\u00edfica;<\/li>\n<li>Desenvolver a capacidade de permear entre as mais diversas \u00e1reas de conhecimento tendo por base o suporte tecnol\u00f3gico para a elabora\u00e7\u00e3o de solu\u00e7\u00f5es inovadoras;<\/li>\n<li>Semear os conhecimentos, habilidades e compet\u00eancias t\u00e9cnicas necess\u00e1rias para o desenvolvimento do empreendedorismo inovador nas suas mais amplas vertentes, permitindo ao egresso tanto a cria\u00e7\u00e3o de empreendimentos como atuar em empresas inovadoras e disruptivas;<\/li>\n<li>Capacitar a atua\u00e7\u00e3o com profissionais de diferentes \u00e1reas para identificar oportunidades do mercado, atendendo \u00e0s necessidades da sociedade e sabendo trabalhar em equipe;<\/li>\n<li>Desenvolver a capacidade de aprendizagem de forma cont\u00ednua e aut\u00f4noma sobre m\u00e9todos, instrumentos, tecnologias de infraestrutura e dom\u00ednios de aplica\u00e7\u00e3o da computa\u00e7\u00e3o, al\u00e9m de se adequar rapidamente \u00e0s mudan\u00e7as tecnol\u00f3gicas e aos novos ambientes de trabalho;<\/li>\n<li>Estimular os alunos a definir o pensar\/fazer a partir da compreens\u00e3o l\u00f3gica dos sistemas de informa\u00e7\u00f5es e das necessidades empresariais, projetando de forma correta a constru\u00e7\u00e3o de sistemas<\/li>\n<li>Garantir aos estudantes a capacita\u00e7\u00e3o \u00e9tica e t\u00e9cnica necess\u00e1rias \u00e0 aplica\u00e7\u00e3o e\/ou cria\u00e7\u00e3o de sistema de seguran\u00e7a da informa\u00e7\u00e3o no contexto do mercado;<\/li>\n<li>Oferecer um ambiente acad\u00eamico onde os alunos possam desenvolver um elevado grau de independ\u00eancia na aquisi\u00e7\u00e3o de novos conhecimentos, e que adquiram a capacidade de resolver problemas em situa\u00e7\u00f5es reais, usando a criatividade e aplicando os conhecimentos adquiridos.<\/li>\n<\/ul>\n<p>&nbsp;<\/p>\n<p><strong>Perfil do Profissional a ser Formando:<\/strong><\/p>\n<p>Levando em considera\u00e7\u00e3o a flexibilidade necess\u00e1ria para atender dom\u00ednios diversificados de aplica\u00e7\u00e3o e para as voca\u00e7\u00f5es da UERN, espera-se que os egressos dos cursos de Bacharelado em Ci\u00eancia da Computa\u00e7\u00e3o possuam caracter\u00edsticas que abranjam os aspectos gerais, t\u00e9cnicos e \u00e9tico-sociais apresentados a seguir:<\/p>\n<ul>\n<li>Adquiram s\u00f3lida forma\u00e7\u00e3o em Ci\u00eancia da Computa\u00e7\u00e3o e Matem\u00e1tica que os capacitem a construir aplicativos de prop\u00f3sito geral, ferramentas e infraestrutura de software de sistemas de computa\u00e7\u00e3o e de sistemas embarcados, gerar conhecimento cient\u00edfico e inova\u00e7\u00e3o e que os incentivem a estender suas compet\u00eancias \u00e0 medida que a \u00e1rea se desenvolve;<\/li>\n<li>Possuam vis\u00e3o global e interdisciplinar de sistemas e entendam que esta vis\u00e3o transcende os detalhes de implementa\u00e7\u00e3o dos v\u00e1rios componentes e os conhecimentos dos dom\u00ednios de aplica\u00e7\u00e3o;<\/li>\n<li>Aprendam a estrutura dos sistemas de computa\u00e7\u00e3o e os processos envolvidos na sua constru\u00e7\u00e3o e an\u00e1lise;<\/li>\n<li>Conhe\u00e7am os fundamentos te\u00f3ricos da \u00e1rea de Computa\u00e7\u00e3o e relacionem esses fundamentos com a pr\u00e1tica;<\/li>\n<li>Reflitam, segundo a \u00e9tica, na constru\u00e7\u00e3o de sistemas de computa\u00e7\u00e3o por entender que eles geram impacto, direta ou indiretamente, nas pessoas;<\/li>\n<li>Possuam a capacidade de criar solu\u00e7\u00f5es para problemas complexos que t\u00eam muitas rela\u00e7\u00f5es entre dom\u00ednios de conhecimento te\u00f3rico e de conhecimento pr\u00e1tico;<\/li>\n<li>Reconhe\u00e7am que \u00e9 fundamental a inova\u00e7\u00e3o e a criatividade, e entendam as perspectivas de neg\u00f3cios e oportunidades empreendedoras.<\/li>\n<\/ul>\n<p>&nbsp;<\/p>\n<p><strong>Atribui\u00e7\u00f5es do profissional formado:<\/strong><\/p>\n<p>Levando em considera\u00e7\u00e3o a flexibilidade necess\u00e1ria para atender dom\u00ednios diversificados de aplica\u00e7\u00e3o, o curso de Bacharelado em Ci\u00eancia da Computa\u00e7\u00e3o deve possibilitar uma forma\u00e7\u00e3o profissional que revele as habilidades e compet\u00eancias para:<\/p>\n<ol>\n<li>Identificar problemas que tenham solu\u00e7\u00e3o algor\u00edtmica;<\/li>\n<li>Resolver problemas usando ambientes de programa\u00e7\u00e3o;<\/li>\n<li>Tomar decis\u00f5es e inovar, com base no conhecimento do funcionamento e das caracter\u00edsticas t\u00e9cnicas de hardware e da infraestrutura de software dos sistemas de computa\u00e7\u00e3o, consciente dos aspectos \u00e9ticos, legais e dos impactos ambientais decorrentes;<\/li>\n<li>Avaliar criticamente projetos de sistemas de computa\u00e7\u00e3o;<\/li>\n<li>Ser capaz de realizar trabalho cooperativo e entender os benef\u00edcios que este pode produzir;<\/li>\n<li>Compreender os fatos essenciais, os conceitos, os princ\u00edpios e as teorias relacionadas \u00e0 Ci\u00eancia da Computa\u00e7\u00e3o para o desenvolvimento de software e hardware e suas aplica\u00e7\u00f5es;<\/li>\n<li>Identificar e analisar requisitos e especifica\u00e7\u00f5es para problemas espec\u00edficos e planejar estrat\u00e9gias para suas solu\u00e7\u00f5es;<\/li>\n<li>Aplicar os princ\u00edpios de intera\u00e7\u00e3o humano-computador para avaliar e construir uma grande variedade de artefatos computacionais;<\/li>\n<li>Preparar e apresentar seus trabalhos, problemas t\u00e9cnicos e suas solu\u00e7\u00f5es para audi\u00eancias diversas, em formatos apropriados (oral e escrito);<\/li>\n<li>Empregar metodologias que visem garantir crit\u00e9rios de qualidade ao longo de todas as etapas de desenvolvimento de uma solu\u00e7\u00e3o computacional;<\/li>\n<li>Especificar, projetar, implementar, manter e avaliar sistemas de computa\u00e7\u00e3o, empregando teorias, pr\u00e1ticas e ferramentas adequadas;<\/li>\n<li>Conhecer os limites da Computa\u00e7\u00e3o;<\/li>\n<li>Compreender os fatos essenciais, os conceitos, os princ\u00edpios e as teorias relacionadas \u00e0 Ci\u00eancia da Computa\u00e7\u00e3o para o desenvolvimento de software e hardware e suas aplica\u00e7\u00f5es;<\/li>\n<li>Entender a import\u00e2ncia do Pensamento Computacional no cotidiano da sociedade e sua aplica\u00e7\u00e3o em circunst\u00e2ncias apropriadas e em dom\u00ednios diversos;<\/li>\n<li>Analisar quando um sistema baseado em computadores atende os crit\u00e9rios definidos para seu uso corrente e futuro (adequabilidade);<\/li>\n<li>Aplicar temas e princ\u00edpios recorrentes, como abstra\u00e7\u00e3o, complexidade, princ\u00edpio de localidade de refer\u00eancia (caching), compartilhamento de recursos, seguran\u00e7a, concorr\u00eancia, evolu\u00e7\u00e3o de sistemas, entre outros, e reconhecer que esses temas e princ\u00edpios s\u00e3o fundamentais \u00e0 \u00e1rea de Ci\u00eancia da Computa\u00e7\u00e3o.<\/li>\n<\/ol>\n<p>&nbsp;<\/p>\n<p><strong>Estrutura Curricular<\/strong><\/p>\n<p><iframe src=\"https:\/\/sigaa.uern.br\/sigaa\/link\/public\/curso\/curriculo\/274326\" width=\"100%\" height=\"1000px\" frameborder=\"0\" marginwidth=\"0\" marginheight=\"0\" scrolling=\"yes\">&lt;\/iframe<\/iframe><\/p>\n","protected":false},"excerpt":{"rendered":"<p>Ci\u00eancia da Computa\u00e7\u00e3o &#8211; Campus Avan\u00e7ado de Natal C\u00f3digo: 57606 Grau Acad\u00eamico:\u00a0 Bacharelado Modalidade:\u00a0 Presencial Carga Hor\u00e1ria Total: 3200 horas Tempo do Curso: Entre 4 e 6 anos (m\u00e1ximo) Correio Eletr\u00f4nico: dcc_natal@uern.br Projeto Pedag\u00f3gico 2023 Projeto Pedag\u00f3gico 2019 Projeto Pedag\u00f3gico 2014 &nbsp; Objetivo do Curso: Objetivo Geral Formar profissionais com qualifica\u00e7\u00e3o t\u00e9cnica, acad\u00eamica e humana, [&hellip;]<\/p>\n","protected":false},"author":1,"featured_media":0,"parent":0,"menu_order":0,"comment_status":"closed","ping_status":"closed","template":"","meta":{"footnotes":""},"class_list":["post-6","page","type-page","status-publish","hentry"],"_links":{"self":[{"href":"https:\/\/portal.uern.br\/natal\/cienciadacomputacao\/wp-json\/wp\/v2\/pages\/6","targetHints":{"allow":["GET"]}}],"collection":[{"href":"https:\/\/portal.uern.br\/natal\/cienciadacomputacao\/wp-json\/wp\/v2\/pages"}],"about":[{"href":"https:\/\/portal.uern.br\/natal\/cienciadacomputacao\/wp-json\/wp\/v2\/types\/page"}],"author":[{"embeddable":true,"href":"https:\/\/portal.uern.br\/natal\/cienciadacomputacao\/wp-json\/wp\/v2\/users\/1"}],"replies":[{"embeddable":true,"href":"https:\/\/portal.uern.br\/natal\/cienciadacomputacao\/wp-json\/wp\/v2\/comments?post=6"}],"version-history":[{"count":14,"href":"https:\/\/portal.uern.br\/natal\/cienciadacomputacao\/wp-json\/wp\/v2\/pages\/6\/revisions"}],"predecessor-version":[{"id":362,"href":"https:\/\/portal.uern.br\/natal\/cienciadacomputacao\/wp-json\/wp\/v2\/pages\/6\/revisions\/362"}],"wp:attachment":[{"href":"https:\/\/portal.uern.br\/natal\/cienciadacomputacao\/wp-json\/wp\/v2\/media?parent=6"}],"curies":[{"name":"wp","href":"https:\/\/api.w.org\/{rel}","templated":true}]}}