{"id":5,"date":"2022-10-25T16:40:54","date_gmt":"2022-10-25T19:40:54","guid":{"rendered":"https:\/\/paisdemossoro.com.br\/wordpress\/miv\/?page_id=5"},"modified":"2022-10-25T16:40:54","modified_gmt":"2022-10-25T19:40:54","slug":"apresentacao","status":"publish","type":"page","link":"https:\/\/portal.uern.br\/miv\/","title":{"rendered":"Apresenta\u00e7\u00e3o"},"content":{"rendered":"<p><img fetchpriority=\"high\" decoding=\"async\" class=\"alignnone size-full wp-image-7\" src=\"https:\/\/portal.uern.br\/miv\/wp-content\/uploads\/sites\/13\/2022\/10\/MIVAtivo-3MARCA.png\" alt=\"\" width=\"900\" height=\"244\" srcset=\"https:\/\/portal.uern.br\/miv\/wp-content\/uploads\/sites\/13\/2022\/10\/MIVAtivo-3MARCA.png 900w, https:\/\/portal.uern.br\/miv\/wp-content\/uploads\/sites\/13\/2022\/10\/MIVAtivo-3MARCA-300x81.png 300w, https:\/\/portal.uern.br\/miv\/wp-content\/uploads\/sites\/13\/2022\/10\/MIVAtivo-3MARCA-768x208.png 768w\" sizes=\"(max-width: 900px) 100vw, 900px\" \/><\/p>\n<p><strong>Argumento de cria\u00e7\u00e3o<\/strong><\/p>\n<p>Todo e qualquer s\u00edmbolo, texto, figura ou cor que representa ou identifica uma empresa, pessoa, produto ou institui\u00e7\u00e3o chama-se \u201cmarca\u201d. A logomarca \u00e9 um conjunto de letras que possui alfabeto pr\u00f3prio (com caracter\u00edsticas gr\u00e1ficas e visuais exclusivas).<br \/>\nA Identidade Visual \u00e9 o conjunto de todos os elementos formais e informais relacionados \u00e0 est\u00e9tica capazes de expressar a marca (sons, signos, cores, linhas e formas).<\/p>\n<p>S\u00e3o caracter\u00edsticas importantes desta logomarca o estilo \u201cforte\u201d de seus caracteres, denotando robustez. Aplica-se em sua concep\u00e7\u00e3o visual linhas abstratas indicando movimento da esquerda para a direita (sentido da leitura romana) transmitindo sensa\u00e7\u00e3o de dinamicidade do conjunto. Tamb\u00e9m aplica-se linhas abstratas verticais bem definidas denotando solidez. Outro elemento de destaque \u00e9 a cor azul (elemento hist\u00f3rico) remetendo o azul do Bras\u00e3o da UERN. Na Logomarca UERN, o azul \u00e9 explorado atrav\u00e9s de duas cromias distintas, dando ainda mais vitalidade no emprego da marca. O design contempor\u00e2neo da logomarca redesenha os elementos anteriores da forma do Bras\u00e3o da UERN: a letra \u201cU\u201d passeia pelas formas do escudo, as curvas das esquinas das letras passeiam pelas linhas das aves negras.<\/p>\n<p>As vantagens do uso da Logomarca UERN s\u00e3o: simplicidade para aplica\u00e7\u00e3o e uso para v\u00e1rias plataformas, materiais e meios de comunica\u00e7\u00e3o visual; redu\u00e7\u00e3o de custos;<br \/>\npossibilidade do uso sobre texturas, imagens, outras cores, e arte gr\u00e1fica atual.<\/p>\n<p><strong>Esbo\u00e7o criativo<\/strong><\/p>\n<p><img decoding=\"async\" class=\"alignnone size-full wp-image-6\" src=\"https:\/\/portal.uern.br\/miv\/wp-content\/uploads\/sites\/13\/2022\/10\/MIVAtivo-5MARCA.png\" alt=\"\" width=\"900\" height=\"378\" srcset=\"https:\/\/portal.uern.br\/miv\/wp-content\/uploads\/sites\/13\/2022\/10\/MIVAtivo-5MARCA.png 900w, https:\/\/portal.uern.br\/miv\/wp-content\/uploads\/sites\/13\/2022\/10\/MIVAtivo-5MARCA-300x126.png 300w, https:\/\/portal.uern.br\/miv\/wp-content\/uploads\/sites\/13\/2022\/10\/MIVAtivo-5MARCA-768x323.png 768w\" sizes=\"(max-width: 900px) 100vw, 900px\" \/><\/p>\n<p><strong>Elementos de inspira\u00e7\u00e3o<\/strong><\/p>\n<p><strong><img decoding=\"async\" class=\"alignnone size-full wp-image-9\" src=\"https:\/\/portal.uern.br\/miv\/wp-content\/uploads\/sites\/13\/2022\/10\/MIVAtivo-6MARCA.png\" alt=\"\" width=\"900\" height=\"811\" srcset=\"https:\/\/portal.uern.br\/miv\/wp-content\/uploads\/sites\/13\/2022\/10\/MIVAtivo-6MARCA.png 900w, https:\/\/portal.uern.br\/miv\/wp-content\/uploads\/sites\/13\/2022\/10\/MIVAtivo-6MARCA-300x270.png 300w, https:\/\/portal.uern.br\/miv\/wp-content\/uploads\/sites\/13\/2022\/10\/MIVAtivo-6MARCA-768x692.png 768w\" sizes=\"(max-width: 900px) 100vw, 900px\" \/><\/strong><\/p>\n<p><strong>Responsabilidade sobre uso de marca<\/strong><\/p>\n<p>A Logomarca UERN \u00e9 a marca que representa a UNIVERSIDADE DO ESTADO DO RIO GRANDE DO NORTE. Chama-se \u201cAssinatura Visual\u201d qualquer elemento gr\u00e1fico (arquivo de arte de design gr\u00e1fico) que tem as caracter\u00edsticas desta logomarca. O MANUAL DE IDENTIDADE VISUAL \u2013 MIV \u00e9 um documento normativo que tem como objetivo apresentar a forma correta pela qual a Logomarca UERN deve ser utilizada para toda e qualquer pe\u00e7a de merchandising ou m\u00eddia (an\u00fancios, comerciais para televis\u00e3o, banners, cartazes, sites e p\u00e1ginas da web, publica\u00e7\u00f5es impressas ou eletr\u00f4nicas, veicula\u00e7\u00e3o atrav\u00e9s de canais de televis\u00e3o, internet, redes sociais, comercializa\u00e7\u00e3o de produtos, divulga\u00e7\u00f5es em geral), filmes, fotos e imagens, como tamb\u00e9m a forma correta pela qual a marca da UERN deve ser utilizada em materiais de escrit\u00f3rio, fardamento de funcion\u00e1rios, frota de ve\u00edculos, sinaliza\u00e7\u00e3o interna e externa de pr\u00e9dios, ambientes de trabalho, salas e reparti\u00e7\u00f5es, etiquetas, of\u00edcios, registros, documenta\u00e7\u00f5es e qualquer elemento tang\u00edvel que porte em si a identidade corporativa da Universidade.<\/p>\n<p>\u00c9 de responsabilidade da Administra\u00e7\u00e3o Superior, a miss\u00e3o de fiscalizar e regular o uso desta Identidade Visual e sua aplica\u00e7\u00e3o em pe\u00e7as de comunica\u00e7\u00e3o como nos meios j\u00e1 citados. Cabe \u00e0 AGECOM-UERN planejar e desenvolver os seguintes materiais institucionais numa cole\u00e7\u00e3o coesa e uniforme nos quais aplica-se a logomarca: Timbrado A4 (com modelo Eletr\u00f4nico); Cart\u00f5es de Visita; Envelope Tipo Of\u00edcio; Envelope Tipo Saco; Pasta de Diplomas e Certificados Institucionais; Pasta de Apresenta\u00e7\u00e3o de Propostas; Cart\u00f5es Especiais; Bloco de Anota\u00e7\u00f5es; Etiquetas Hologr\u00e1ficas; Caneta e L\u00e1pis; Unidade de Armazenamento de Dados (pendrive); Crach\u00e1 Institucional; Crach\u00e1 Institucional de Cada Unidade; O layout de Uniformes e Fardamento (Administrativo, ASDs, ASDs, Motoristas, Seguran\u00e7as, Camisas com Marca); Identifica\u00e7\u00e3o de Frota de Ve\u00edculos Administrativo e Seguran\u00e7a; Layout para aplica\u00e7\u00e3o da logomarca em fachada de Pr\u00e9dios (Totens, Placas de sinaliza\u00e7\u00e3o externa, interna e de obras).<\/p>\n<p>O desrespeito \u00e0s normas descritas neste MANUAL DE IDENTIDADE VISUAL est\u00e1 sujeito \u00e0s penalidades judiciais cab\u00edveis de acordo com a LEI N\u00ba 9.279, de 14 de maio de 1996 em seu Art. 197 e \u00e0 prote\u00e7\u00e3o de interesses previstos de Art. 202 e \u00a7 2\u00ba do Art. 209.<\/p>\n<p>Todas as obras derivadas da aplica\u00e7\u00e3o do uso da Logomarca UERN por parte da AGECOM ou terceiros, incluindo v\u00eddeos, fotografias, artes gr\u00e1ficas, publica\u00e7\u00f5es, merchandising e itens de identidade corporativa s\u00e3o de direito exclusivo da UNIVERSIDADE DO ESTADO DO RIO GRANDE DO NORTE como lhe garante a Lei de Direitos Autorais \u2013 Lei 9610\/98.<\/p>\n<p>Toda e qualquer solicita\u00e7\u00e3o referente ao uso desta Identidade Visual deve ser feita por via de of\u00edcio, correspond\u00eancia eletr\u00f4nica ou comunicado formal\u00a0conforme o modelo \u201c<strong>SOLICITA\u00c7\u00c3O DE USO DA MARCA<\/strong>\u201d abaixo para o e-mail gerenciademarca@uern.br.<\/p>\n<p><img loading=\"lazy\" decoding=\"async\" class=\"alignnone size-full wp-image-8\" src=\"https:\/\/portal.uern.br\/miv\/wp-content\/uploads\/sites\/13\/2022\/10\/MODELO-SOLICITACAO-USO-DA-MARCA.jpg\" alt=\"\" width=\"900\" height=\"732\" srcset=\"https:\/\/portal.uern.br\/miv\/wp-content\/uploads\/sites\/13\/2022\/10\/MODELO-SOLICITACAO-USO-DA-MARCA.jpg 900w, https:\/\/portal.uern.br\/miv\/wp-content\/uploads\/sites\/13\/2022\/10\/MODELO-SOLICITACAO-USO-DA-MARCA-300x244.jpg 300w, https:\/\/portal.uern.br\/miv\/wp-content\/uploads\/sites\/13\/2022\/10\/MODELO-SOLICITACAO-USO-DA-MARCA-768x625.jpg 768w\" sizes=\"(max-width: 900px) 100vw, 900px\" \/><\/p>\n<p>&nbsp;<\/p>\n","protected":false},"excerpt":{"rendered":"<p>Argumento de cria\u00e7\u00e3o Todo e qualquer s\u00edmbolo, texto, figura ou cor que representa ou identifica uma empresa, pessoa, produto ou institui\u00e7\u00e3o chama-se \u201cmarca\u201d. A logomarca \u00e9 um conjunto de letras que possui alfabeto pr\u00f3prio (com caracter\u00edsticas gr\u00e1ficas e visuais exclusivas). A Identidade Visual \u00e9 o conjunto de todos os elementos formais e informais relacionados \u00e0 [&hellip;]<\/p>\n","protected":false},"author":1,"featured_media":0,"parent":0,"menu_order":0,"comment_status":"closed","ping_status":"closed","template":"","meta":[],"_links":{"self":[{"href":"https:\/\/portal.uern.br\/miv\/wp-json\/wp\/v2\/pages\/5"}],"collection":[{"href":"https:\/\/portal.uern.br\/miv\/wp-json\/wp\/v2\/pages"}],"about":[{"href":"https:\/\/portal.uern.br\/miv\/wp-json\/wp\/v2\/types\/page"}],"author":[{"embeddable":true,"href":"https:\/\/portal.uern.br\/miv\/wp-json\/wp\/v2\/users\/1"}],"replies":[{"embeddable":true,"href":"https:\/\/portal.uern.br\/miv\/wp-json\/wp\/v2\/comments?post=5"}],"version-history":[{"count":1,"href":"https:\/\/portal.uern.br\/miv\/wp-json\/wp\/v2\/pages\/5\/revisions"}],"predecessor-version":[{"id":10,"href":"https:\/\/portal.uern.br\/miv\/wp-json\/wp\/v2\/pages\/5\/revisions\/10"}],"wp:attachment":[{"href":"https:\/\/portal.uern.br\/miv\/wp-json\/wp\/v2\/media?parent=5"}],"curies":[{"name":"wp","href":"https:\/\/api.w.org\/{rel}","templated":true}]}}