{"id":44,"date":"2022-10-25T16:55:50","date_gmt":"2022-10-25T19:55:50","guid":{"rendered":"https:\/\/paisdemossoro.com.br\/wordpress\/miv\/?page_id=44"},"modified":"2022-10-25T16:55:50","modified_gmt":"2022-10-25T19:55:50","slug":"uso-proibido","status":"publish","type":"page","link":"https:\/\/portal.uern.br\/miv\/uso-proibido\/","title":{"rendered":"Uso Proibido"},"content":{"rendered":"<p>A finalidade deste cap\u00edtulo \u00e9 informar as maneiras pela qual n\u00e3o deve ser usada a Logomarca UERN. Altera\u00e7\u00f5es seja nas cores, diagrama\u00e7\u00e3o com associa\u00e7\u00e3o a textos, ou propor\u00e7\u00f5es nem tampouco ser sobre ou sobreposto por elementos gr\u00e1ficos, linhas etc. Em caso de eventos p\u00fablicos, promo\u00e7\u00e3o da Universidade, e realiza\u00e7\u00f5es em parceria com outras institui\u00e7\u00f5es n\u00e3o \u00e9 permitido uso da Logomarca UERN com suas associa\u00e7\u00f5es.<\/p>\n<p><img fetchpriority=\"high\" decoding=\"async\" class=\"alignnone size-full wp-image-45\" src=\"https:\/\/portal.uern.br\/miv\/wp-content\/uploads\/sites\/13\/2022\/10\/MARCAAtivo-18MARCA.png\" alt=\"\" width=\"900\" height=\"850\" srcset=\"https:\/\/portal.uern.br\/miv\/wp-content\/uploads\/sites\/13\/2022\/10\/MARCAAtivo-18MARCA.png 900w, https:\/\/portal.uern.br\/miv\/wp-content\/uploads\/sites\/13\/2022\/10\/MARCAAtivo-18MARCA-300x283.png 300w, https:\/\/portal.uern.br\/miv\/wp-content\/uploads\/sites\/13\/2022\/10\/MARCAAtivo-18MARCA-768x725.png 768w\" sizes=\"(max-width: 900px) 100vw, 900px\" \/><\/p>\n","protected":false},"excerpt":{"rendered":"<p>A finalidade deste cap\u00edtulo \u00e9 informar as maneiras pela qual n\u00e3o deve ser usada a Logomarca UERN. Altera\u00e7\u00f5es seja nas cores, diagrama\u00e7\u00e3o com associa\u00e7\u00e3o a textos, ou propor\u00e7\u00f5es nem tampouco ser sobre ou sobreposto por elementos gr\u00e1ficos, linhas etc. Em caso de eventos p\u00fablicos, promo\u00e7\u00e3o da Universidade, e realiza\u00e7\u00f5es em parceria com outras institui\u00e7\u00f5es n\u00e3o [&hellip;]<\/p>\n","protected":false},"author":1,"featured_media":0,"parent":0,"menu_order":0,"comment_status":"closed","ping_status":"closed","template":"","meta":[],"_links":{"self":[{"href":"https:\/\/portal.uern.br\/miv\/wp-json\/wp\/v2\/pages\/44"}],"collection":[{"href":"https:\/\/portal.uern.br\/miv\/wp-json\/wp\/v2\/pages"}],"about":[{"href":"https:\/\/portal.uern.br\/miv\/wp-json\/wp\/v2\/types\/page"}],"author":[{"embeddable":true,"href":"https:\/\/portal.uern.br\/miv\/wp-json\/wp\/v2\/users\/1"}],"replies":[{"embeddable":true,"href":"https:\/\/portal.uern.br\/miv\/wp-json\/wp\/v2\/comments?post=44"}],"version-history":[{"count":1,"href":"https:\/\/portal.uern.br\/miv\/wp-json\/wp\/v2\/pages\/44\/revisions"}],"predecessor-version":[{"id":46,"href":"https:\/\/portal.uern.br\/miv\/wp-json\/wp\/v2\/pages\/44\/revisions\/46"}],"wp:attachment":[{"href":"https:\/\/portal.uern.br\/miv\/wp-json\/wp\/v2\/media?parent=44"}],"curies":[{"name":"wp","href":"https:\/\/api.w.org\/{rel}","templated":true}]}}