{"id":40,"date":"2022-10-25T16:54:35","date_gmt":"2022-10-25T19:54:35","guid":{"rendered":"https:\/\/paisdemossoro.com.br\/wordpress\/miv\/?page_id=40"},"modified":"2022-10-25T16:54:36","modified_gmt":"2022-10-25T19:54:36","slug":"papelaria","status":"publish","type":"page","link":"https:\/\/portal.uern.br\/miv\/papelaria\/","title":{"rendered":"Papelaria"},"content":{"rendered":"<p><strong>Timbrado A4<\/strong><\/p>\n<p>Margens do documento de 3cm. Logomarca UERN com 4cm, inserida no cabe\u00e7alho, alinhada ao centro. Setor referido (diretamente acima do endere\u00e7o\u00a0www.uern.br) com alfabeto ITC Franklin Gothic Std Demi 8 pontos, alinhado \u00e0 logomarca e \u00e0 margem direita do documento. Endere\u00e7o eletr\u00f4nico e f\u00edsico do setor referido, mais telefones em alfabeto ITC Franklin Gothic Std Book 8 pontos, 1,5cm acima da borda inferior da p\u00e1gina. \u00c1rea para texto em 15cm x 20,7cm. Utilizar o alfabeto ITC Franklin Gothic Std e suas varia\u00e7\u00f5es, conforme a necessidade. Sugerios tamanho de letra 10. Estilos textuais de acordo com a ABNT. Pode ser usada a logomarca associada ao Campi.<\/p>\n<p><img fetchpriority=\"high\" decoding=\"async\" class=\"alignnone size-full wp-image-41\" src=\"https:\/\/portal.uern.br\/miv\/wp-content\/uploads\/sites\/13\/2022\/10\/MARCAAtivo-16MARCA.png\" alt=\"\" width=\"900\" height=\"1216\" srcset=\"https:\/\/portal.uern.br\/miv\/wp-content\/uploads\/sites\/13\/2022\/10\/MARCAAtivo-16MARCA.png 900w, https:\/\/portal.uern.br\/miv\/wp-content\/uploads\/sites\/13\/2022\/10\/MARCAAtivo-16MARCA-222x300.png 222w, https:\/\/portal.uern.br\/miv\/wp-content\/uploads\/sites\/13\/2022\/10\/MARCAAtivo-16MARCA-758x1024.png 758w, https:\/\/portal.uern.br\/miv\/wp-content\/uploads\/sites\/13\/2022\/10\/MARCAAtivo-16MARCA-768x1038.png 768w\" sizes=\"(max-width: 900px) 100vw, 900px\" \/><\/p>\n<p><img decoding=\"async\" class=\"alignnone size-full wp-image-42\" src=\"https:\/\/portal.uern.br\/miv\/wp-content\/uploads\/sites\/13\/2022\/10\/MARCAAtivo-17MARCA.png\" alt=\"\" width=\"900\" height=\"1273\" srcset=\"https:\/\/portal.uern.br\/miv\/wp-content\/uploads\/sites\/13\/2022\/10\/MARCAAtivo-17MARCA.png 900w, https:\/\/portal.uern.br\/miv\/wp-content\/uploads\/sites\/13\/2022\/10\/MARCAAtivo-17MARCA-212x300.png 212w, https:\/\/portal.uern.br\/miv\/wp-content\/uploads\/sites\/13\/2022\/10\/MARCAAtivo-17MARCA-724x1024.png 724w, https:\/\/portal.uern.br\/miv\/wp-content\/uploads\/sites\/13\/2022\/10\/MARCAAtivo-17MARCA-768x1086.png 768w\" sizes=\"(max-width: 900px) 100vw, 900px\" \/><\/p>\n<p>&nbsp;<\/p>\n","protected":false},"excerpt":{"rendered":"<p>Timbrado A4 Margens do documento de 3cm. Logomarca UERN com 4cm, inserida no cabe\u00e7alho, alinhada ao centro. Setor referido (diretamente acima do endere\u00e7o\u00a0www.uern.br) com alfabeto ITC Franklin Gothic Std Demi 8 pontos, alinhado \u00e0 logomarca e \u00e0 margem direita do documento. Endere\u00e7o eletr\u00f4nico e f\u00edsico do setor referido, mais telefones em alfabeto ITC Franklin Gothic [&hellip;]<\/p>\n","protected":false},"author":1,"featured_media":0,"parent":0,"menu_order":0,"comment_status":"closed","ping_status":"closed","template":"","meta":[],"_links":{"self":[{"href":"https:\/\/portal.uern.br\/miv\/wp-json\/wp\/v2\/pages\/40"}],"collection":[{"href":"https:\/\/portal.uern.br\/miv\/wp-json\/wp\/v2\/pages"}],"about":[{"href":"https:\/\/portal.uern.br\/miv\/wp-json\/wp\/v2\/types\/page"}],"author":[{"embeddable":true,"href":"https:\/\/portal.uern.br\/miv\/wp-json\/wp\/v2\/users\/1"}],"replies":[{"embeddable":true,"href":"https:\/\/portal.uern.br\/miv\/wp-json\/wp\/v2\/comments?post=40"}],"version-history":[{"count":1,"href":"https:\/\/portal.uern.br\/miv\/wp-json\/wp\/v2\/pages\/40\/revisions"}],"predecessor-version":[{"id":43,"href":"https:\/\/portal.uern.br\/miv\/wp-json\/wp\/v2\/pages\/40\/revisions\/43"}],"wp:attachment":[{"href":"https:\/\/portal.uern.br\/miv\/wp-json\/wp\/v2\/media?parent=40"}],"curies":[{"name":"wp","href":"https:\/\/api.w.org\/{rel}","templated":true}]}}