{"id":34,"date":"2022-10-25T16:52:20","date_gmt":"2022-10-25T19:52:20","guid":{"rendered":"https:\/\/paisdemossoro.com.br\/wordpress\/miv\/?page_id=34"},"modified":"2022-10-25T16:52:20","modified_gmt":"2022-10-25T19:52:20","slug":"departamento","status":"publish","type":"page","link":"https:\/\/portal.uern.br\/miv\/departamento\/","title":{"rendered":"Departamento"},"content":{"rendered":"<p><strong>Marca associada ao Departamento de Curso<\/strong><\/p>\n<p>O comprimento da barra da letra \u201cU\u201d \u00e9 utilizado como medida para composi\u00e7\u00e3o da Assinatura: DEPARTAMENTO CURSO + SIGLA + LOGOMARCA (alinhado \u00e0 altura da Logomarca UERN). O nome do departamento do curso deve ser associado \u00e0 logomarca com a sigla da faculdade, \u00e0 dist\u00e2ncia de 1u da sigla, com a primeira letra mai\u00fascula (exceto \u00e0s preposi\u00e7\u00f5es), alfabeto ITC Franklin Gothic Std Book, \u00e0 dist\u00e2ncia de 1u da logomarca. O conjunto deve ficar uniforme. O espa\u00e7o entre linhas do nome do departamento \u00e9 u\/3. N\u00e3o s\u00e3o permitidas outras formas de associa\u00e7\u00e3o al\u00e9m das descritas neste manual.<\/p>\n<p><img fetchpriority=\"high\" decoding=\"async\" class=\"alignnone size-full wp-image-35\" src=\"https:\/\/portal.uern.br\/miv\/wp-content\/uploads\/sites\/13\/2022\/10\/MARCAAtivo-14MARCA.png\" alt=\"\" width=\"900\" height=\"543\" srcset=\"https:\/\/portal.uern.br\/miv\/wp-content\/uploads\/sites\/13\/2022\/10\/MARCAAtivo-14MARCA.png 900w, https:\/\/portal.uern.br\/miv\/wp-content\/uploads\/sites\/13\/2022\/10\/MARCAAtivo-14MARCA-300x181.png 300w, https:\/\/portal.uern.br\/miv\/wp-content\/uploads\/sites\/13\/2022\/10\/MARCAAtivo-14MARCA-768x463.png 768w\" sizes=\"(max-width: 900px) 100vw, 900px\" \/><\/p>\n","protected":false},"excerpt":{"rendered":"<p>Marca associada ao Departamento de Curso O comprimento da barra da letra \u201cU\u201d \u00e9 utilizado como medida para composi\u00e7\u00e3o da Assinatura: DEPARTAMENTO CURSO + SIGLA + LOGOMARCA (alinhado \u00e0 altura da Logomarca UERN). O nome do departamento do curso deve ser associado \u00e0 logomarca com a sigla da faculdade, \u00e0 dist\u00e2ncia de 1u da sigla, [&hellip;]<\/p>\n","protected":false},"author":1,"featured_media":0,"parent":0,"menu_order":0,"comment_status":"closed","ping_status":"closed","template":"","meta":[],"_links":{"self":[{"href":"https:\/\/portal.uern.br\/miv\/wp-json\/wp\/v2\/pages\/34"}],"collection":[{"href":"https:\/\/portal.uern.br\/miv\/wp-json\/wp\/v2\/pages"}],"about":[{"href":"https:\/\/portal.uern.br\/miv\/wp-json\/wp\/v2\/types\/page"}],"author":[{"embeddable":true,"href":"https:\/\/portal.uern.br\/miv\/wp-json\/wp\/v2\/users\/1"}],"replies":[{"embeddable":true,"href":"https:\/\/portal.uern.br\/miv\/wp-json\/wp\/v2\/comments?post=34"}],"version-history":[{"count":1,"href":"https:\/\/portal.uern.br\/miv\/wp-json\/wp\/v2\/pages\/34\/revisions"}],"predecessor-version":[{"id":36,"href":"https:\/\/portal.uern.br\/miv\/wp-json\/wp\/v2\/pages\/34\/revisions\/36"}],"wp:attachment":[{"href":"https:\/\/portal.uern.br\/miv\/wp-json\/wp\/v2\/media?parent=34"}],"curies":[{"name":"wp","href":"https:\/\/api.w.org\/{rel}","templated":true}]}}