{"id":31,"date":"2022-10-25T16:51:43","date_gmt":"2022-10-25T19:51:43","guid":{"rendered":"https:\/\/paisdemossoro.com.br\/wordpress\/miv\/?page_id=31"},"modified":"2022-10-25T16:51:43","modified_gmt":"2022-10-25T19:51:43","slug":"curso","status":"publish","type":"page","link":"https:\/\/portal.uern.br\/miv\/curso\/","title":{"rendered":"Curso"},"content":{"rendered":"<p><strong>Marca associada ao Curso<\/strong><\/p>\n<p>O comprimento da barra da letra \u201cU\u201d \u00e9 utilizado como medida para composi\u00e7\u00e3o da Assinatura: NOME CURSO + LOGOMARCA (alinhado \u00e0 altura da Logomarca UERN). O nome do curso fica \u00e0 esquerda, com a primeira letra mai\u00fascula (exceto \u00e0s preposi\u00e7\u00f5es), alfabeto ITC Franklin Gothic Std Book, \u00e0 dist\u00e2ncia de 1u da logomarca. No caso de nomes de cursos compostos (com 11 ou mais caracteres) pode-se utilizar o NOME CURSO em duas linhas, formando um conjunto uniforme, alinhado \u00e0 altura da Logomarca UERN, kerning entre nomes ajustado para -40%. O nome do curso fica \u00e0 esquerda, com a primeira letra de cada palavra mai\u00fascula (exceto \u00e0s preposi\u00e7\u00f5es), alfabeto ITC Franklin Gothic Std Book, com o tamanho da fonte e \u00e0 dist\u00e2ncia da logomarca igual 1u. O espa\u00e7o entre linhas do nome \u00e9 u\/3. N\u00e3o s\u00e3o permitidas outras formas de associa\u00e7\u00e3o al\u00e9m das descritas neste manual.<\/p>\n<p><img fetchpriority=\"high\" decoding=\"async\" class=\"alignnone size-full wp-image-32\" src=\"https:\/\/portal.uern.br\/miv\/wp-content\/uploads\/sites\/13\/2022\/10\/MARCAAtivo-13MARCA.png\" alt=\"\" width=\"900\" height=\"1108\" srcset=\"https:\/\/portal.uern.br\/miv\/wp-content\/uploads\/sites\/13\/2022\/10\/MARCAAtivo-13MARCA.png 900w, https:\/\/portal.uern.br\/miv\/wp-content\/uploads\/sites\/13\/2022\/10\/MARCAAtivo-13MARCA-244x300.png 244w, https:\/\/portal.uern.br\/miv\/wp-content\/uploads\/sites\/13\/2022\/10\/MARCAAtivo-13MARCA-832x1024.png 832w, https:\/\/portal.uern.br\/miv\/wp-content\/uploads\/sites\/13\/2022\/10\/MARCAAtivo-13MARCA-768x945.png 768w\" sizes=\"(max-width: 900px) 100vw, 900px\" \/><\/p>\n","protected":false},"excerpt":{"rendered":"<p>Marca associada ao Curso O comprimento da barra da letra \u201cU\u201d \u00e9 utilizado como medida para composi\u00e7\u00e3o da Assinatura: NOME CURSO + LOGOMARCA (alinhado \u00e0 altura da Logomarca UERN). O nome do curso fica \u00e0 esquerda, com a primeira letra mai\u00fascula (exceto \u00e0s preposi\u00e7\u00f5es), alfabeto ITC Franklin Gothic Std Book, \u00e0 dist\u00e2ncia de 1u da [&hellip;]<\/p>\n","protected":false},"author":1,"featured_media":0,"parent":0,"menu_order":0,"comment_status":"closed","ping_status":"closed","template":"","meta":[],"_links":{"self":[{"href":"https:\/\/portal.uern.br\/miv\/wp-json\/wp\/v2\/pages\/31"}],"collection":[{"href":"https:\/\/portal.uern.br\/miv\/wp-json\/wp\/v2\/pages"}],"about":[{"href":"https:\/\/portal.uern.br\/miv\/wp-json\/wp\/v2\/types\/page"}],"author":[{"embeddable":true,"href":"https:\/\/portal.uern.br\/miv\/wp-json\/wp\/v2\/users\/1"}],"replies":[{"embeddable":true,"href":"https:\/\/portal.uern.br\/miv\/wp-json\/wp\/v2\/comments?post=31"}],"version-history":[{"count":1,"href":"https:\/\/portal.uern.br\/miv\/wp-json\/wp\/v2\/pages\/31\/revisions"}],"predecessor-version":[{"id":33,"href":"https:\/\/portal.uern.br\/miv\/wp-json\/wp\/v2\/pages\/31\/revisions\/33"}],"wp:attachment":[{"href":"https:\/\/portal.uern.br\/miv\/wp-json\/wp\/v2\/media?parent=31"}],"curies":[{"name":"wp","href":"https:\/\/api.w.org\/{rel}","templated":true}]}}