{"id":27,"date":"2022-10-25T16:50:35","date_gmt":"2022-10-25T19:50:35","guid":{"rendered":"https:\/\/paisdemossoro.com.br\/wordpress\/miv\/?page_id=27"},"modified":"2022-10-25T16:50:35","modified_gmt":"2022-10-25T19:50:35","slug":"faculdade","status":"publish","type":"page","link":"https:\/\/portal.uern.br\/miv\/faculdade\/","title":{"rendered":"Faculdade"},"content":{"rendered":"<p>O comprimento da barra da letra \u201cU\u201d \u00e9 utilizado como medida para composi\u00e7\u00e3o da Assinatura: FACULDADE + LOGOMARCA (alinhado \u00e0 altura da Logomarca UERN). A SIGLA da faculdade fica \u00e0 esquerda, em caixa alta, alfabeto ITC Franklin Gothic Std Demi, \u00e0 dist\u00e2ncia de 1u da logomarca. No caso do NOME POR EXTENSO, distribuir em duas linhas, formando um conjunto uniforme, caracteres com 1u de altura, tamb\u00e9m em caixa alta, com o mesmo alfabeto da sigla, kerning entre nomes ajustado para -40%, \u00e0 dist\u00e2ncia de 1u da logomarca. O espa\u00e7o entre linhas do nome \u00e9 u\/3. N\u00e3o s\u00e3o permitidas outras formas de associa\u00e7\u00e3o al\u00e9m das descritas neste manual.<\/p>\n<p><img fetchpriority=\"high\" decoding=\"async\" class=\"alignnone size-full wp-image-28\" src=\"https:\/\/portal.uern.br\/miv\/wp-content\/uploads\/sites\/13\/2022\/10\/MARCAAtivo-11MARCA.png\" alt=\"\" width=\"900\" height=\"1014\" srcset=\"https:\/\/portal.uern.br\/miv\/wp-content\/uploads\/sites\/13\/2022\/10\/MARCAAtivo-11MARCA.png 900w, https:\/\/portal.uern.br\/miv\/wp-content\/uploads\/sites\/13\/2022\/10\/MARCAAtivo-11MARCA-266x300.png 266w, https:\/\/portal.uern.br\/miv\/wp-content\/uploads\/sites\/13\/2022\/10\/MARCAAtivo-11MARCA-768x865.png 768w\" sizes=\"(max-width: 900px) 100vw, 900px\" \/><\/p>\n<p><img decoding=\"async\" class=\"alignnone size-full wp-image-29\" src=\"https:\/\/portal.uern.br\/miv\/wp-content\/uploads\/sites\/13\/2022\/10\/MARCAAtivo-12MARCA.png\" alt=\"\" width=\"900\" height=\"1229\" srcset=\"https:\/\/portal.uern.br\/miv\/wp-content\/uploads\/sites\/13\/2022\/10\/MARCAAtivo-12MARCA.png 900w, https:\/\/portal.uern.br\/miv\/wp-content\/uploads\/sites\/13\/2022\/10\/MARCAAtivo-12MARCA-220x300.png 220w, https:\/\/portal.uern.br\/miv\/wp-content\/uploads\/sites\/13\/2022\/10\/MARCAAtivo-12MARCA-750x1024.png 750w, https:\/\/portal.uern.br\/miv\/wp-content\/uploads\/sites\/13\/2022\/10\/MARCAAtivo-12MARCA-768x1049.png 768w\" sizes=\"(max-width: 900px) 100vw, 900px\" \/><\/p>\n","protected":false},"excerpt":{"rendered":"<p>O comprimento da barra da letra \u201cU\u201d \u00e9 utilizado como medida para composi\u00e7\u00e3o da Assinatura: FACULDADE + LOGOMARCA (alinhado \u00e0 altura da Logomarca UERN). A SIGLA da faculdade fica \u00e0 esquerda, em caixa alta, alfabeto ITC Franklin Gothic Std Demi, \u00e0 dist\u00e2ncia de 1u da logomarca. No caso do NOME POR EXTENSO, distribuir em duas [&hellip;]<\/p>\n","protected":false},"author":1,"featured_media":0,"parent":0,"menu_order":0,"comment_status":"closed","ping_status":"closed","template":"","meta":[],"_links":{"self":[{"href":"https:\/\/portal.uern.br\/miv\/wp-json\/wp\/v2\/pages\/27"}],"collection":[{"href":"https:\/\/portal.uern.br\/miv\/wp-json\/wp\/v2\/pages"}],"about":[{"href":"https:\/\/portal.uern.br\/miv\/wp-json\/wp\/v2\/types\/page"}],"author":[{"embeddable":true,"href":"https:\/\/portal.uern.br\/miv\/wp-json\/wp\/v2\/users\/1"}],"replies":[{"embeddable":true,"href":"https:\/\/portal.uern.br\/miv\/wp-json\/wp\/v2\/comments?post=27"}],"version-history":[{"count":1,"href":"https:\/\/portal.uern.br\/miv\/wp-json\/wp\/v2\/pages\/27\/revisions"}],"predecessor-version":[{"id":30,"href":"https:\/\/portal.uern.br\/miv\/wp-json\/wp\/v2\/pages\/27\/revisions\/30"}],"wp:attachment":[{"href":"https:\/\/portal.uern.br\/miv\/wp-json\/wp\/v2\/media?parent=27"}],"curies":[{"name":"wp","href":"https:\/\/api.w.org\/{rel}","templated":true}]}}