{"id":20,"date":"2022-10-25T16:47:06","date_gmt":"2022-10-25T19:47:06","guid":{"rendered":"https:\/\/paisdemossoro.com.br\/wordpress\/miv\/?page_id=20"},"modified":"2022-10-25T16:49:09","modified_gmt":"2022-10-25T19:49:09","slug":"campi","status":"publish","type":"page","link":"https:\/\/portal.uern.br\/miv\/campi\/","title":{"rendered":"Campi"},"content":{"rendered":"<p><strong>Marca associada \u00e0s Cidades (Campi Avan\u00e7ados)<\/strong><\/p>\n<p>O comprimento da barra da letra \u201cU\u201d \u00e9 utilizado como medida para composi\u00e7\u00e3o da Assinatura: LOGOMARCA + NOME CAMPUS (alinhado \u00e0 altura da Logomarca UERN). O NOME CAMPUS ca \u00e0 direita, em letras mai\u00fasculas, alfabeto ITC Franklin Gothic Std Medium, \u00e0 dist\u00e2ncia de 1,5u da logomarca. Este mesmo padr\u00e3o pode ser utilizado para os n\u00facleos avan\u00e7ados. No caso de nomes compostos o kerning entre nomes \u00e9 ajustado para -40%. N\u00e3o \u00e9 permitido o uso da logomarca associada \u00e0s siglas das unidades.<\/p>\n<p><img fetchpriority=\"high\" decoding=\"async\" class=\"alignnone size-full wp-image-23\" src=\"https:\/\/portal.uern.br\/miv\/wp-content\/uploads\/sites\/13\/2022\/10\/MARCAAtivo-8MARCA.png\" alt=\"\" width=\"900\" height=\"1205\" srcset=\"https:\/\/portal.uern.br\/miv\/wp-content\/uploads\/sites\/13\/2022\/10\/MARCAAtivo-8MARCA.png 900w, https:\/\/portal.uern.br\/miv\/wp-content\/uploads\/sites\/13\/2022\/10\/MARCAAtivo-8MARCA-224x300.png 224w, https:\/\/portal.uern.br\/miv\/wp-content\/uploads\/sites\/13\/2022\/10\/MARCAAtivo-8MARCA-765x1024.png 765w, https:\/\/portal.uern.br\/miv\/wp-content\/uploads\/sites\/13\/2022\/10\/MARCAAtivo-8MARCA-768x1028.png 768w\" sizes=\"(max-width: 900px) 100vw, 900px\" \/><\/p>\n<p>No caso de nomes compostos (com 11 ou mais caracteres) pode-se utilizar a Assinatura: LOGOMARCA + NOME CAMPUS, distribuindo o nome em duas linhas, formando um conjunto uniforme, alinhado \u00e0 altura da Logomarca UERN. O NOME CAMPUS ca \u00e0 direita, em letras mai\u00fasculas, alfabeto ITC Franklin Gothic Std Medium, \u00e0 dist\u00e2ncia de 1u da logomarca. O espa\u00e7o entre linhas do nome \u00e9 u\/3. Kerning ajustado para -40%. Este mesmo padr\u00e3o pode ser utilizado para os n\u00facleos avan\u00e7ados. N\u00e3o \u00e9 permitido o uso da logomarca associada a nomes pr\u00f3prios ou siglas compostas das unidades.<\/p>\n<p><img decoding=\"async\" class=\"alignnone size-full wp-image-22\" src=\"https:\/\/portal.uern.br\/miv\/wp-content\/uploads\/sites\/13\/2022\/10\/MARCAAtivo-9MARCA.png\" alt=\"\" width=\"900\" height=\"976\" srcset=\"https:\/\/portal.uern.br\/miv\/wp-content\/uploads\/sites\/13\/2022\/10\/MARCAAtivo-9MARCA.png 900w, https:\/\/portal.uern.br\/miv\/wp-content\/uploads\/sites\/13\/2022\/10\/MARCAAtivo-9MARCA-277x300.png 277w, https:\/\/portal.uern.br\/miv\/wp-content\/uploads\/sites\/13\/2022\/10\/MARCAAtivo-9MARCA-768x833.png 768w\" sizes=\"(max-width: 900px) 100vw, 900px\" \/><\/p>\n<p>No caso de nomes compostos (com 11 ou mais caracteres) pode-se utilizar a Assinatura: LOGOMARCA + NOME CAMPUS, distribuindo o nome em duas linhas, formando um conjunto uniforme, alinhado \u00e0 direita da Logomarca UERN. O NOME CAMPUS abaixo, em letras mai\u00fasculas, alfabeto ITC Franklin Gothic Std Medium. A dist\u00e2ncia da logomarca at\u00e9 o nome \u00e9 u\/3, assim como tamb\u00e9m a dist\u00e2ncia entre linhas do nome composto. Este mesmo padr\u00e3o pode ser utilizado para os n\u00facleos avan\u00e7ados. N\u00e3o \u00e9 permitido o uso da logomarca associada a nomes pr\u00f3prios ou siglas compostas das unidades.<\/p>\n<p><img decoding=\"async\" class=\"alignnone size-full wp-image-21\" src=\"https:\/\/portal.uern.br\/miv\/wp-content\/uploads\/sites\/13\/2022\/10\/MARCAAtivo-10MARCA.png\" alt=\"\" width=\"900\" height=\"976\" srcset=\"https:\/\/portal.uern.br\/miv\/wp-content\/uploads\/sites\/13\/2022\/10\/MARCAAtivo-10MARCA.png 900w, https:\/\/portal.uern.br\/miv\/wp-content\/uploads\/sites\/13\/2022\/10\/MARCAAtivo-10MARCA-277x300.png 277w, https:\/\/portal.uern.br\/miv\/wp-content\/uploads\/sites\/13\/2022\/10\/MARCAAtivo-10MARCA-768x833.png 768w\" sizes=\"(max-width: 900px) 100vw, 900px\" \/><\/p>\n","protected":false},"excerpt":{"rendered":"<p>Marca associada \u00e0s Cidades (Campi Avan\u00e7ados) O comprimento da barra da letra \u201cU\u201d \u00e9 utilizado como medida para composi\u00e7\u00e3o da Assinatura: LOGOMARCA + NOME CAMPUS (alinhado \u00e0 altura da Logomarca UERN). O NOME CAMPUS ca \u00e0 direita, em letras mai\u00fasculas, alfabeto ITC Franklin Gothic Std Medium, \u00e0 dist\u00e2ncia de 1,5u da logomarca. Este mesmo padr\u00e3o [&hellip;]<\/p>\n","protected":false},"author":1,"featured_media":0,"parent":0,"menu_order":0,"comment_status":"closed","ping_status":"closed","template":"","meta":[],"_links":{"self":[{"href":"https:\/\/portal.uern.br\/miv\/wp-json\/wp\/v2\/pages\/20"}],"collection":[{"href":"https:\/\/portal.uern.br\/miv\/wp-json\/wp\/v2\/pages"}],"about":[{"href":"https:\/\/portal.uern.br\/miv\/wp-json\/wp\/v2\/types\/page"}],"author":[{"embeddable":true,"href":"https:\/\/portal.uern.br\/miv\/wp-json\/wp\/v2\/users\/1"}],"replies":[{"embeddable":true,"href":"https:\/\/portal.uern.br\/miv\/wp-json\/wp\/v2\/comments?post=20"}],"version-history":[{"count":3,"href":"https:\/\/portal.uern.br\/miv\/wp-json\/wp\/v2\/pages\/20\/revisions"}],"predecessor-version":[{"id":26,"href":"https:\/\/portal.uern.br\/miv\/wp-json\/wp\/v2\/pages\/20\/revisions\/26"}],"wp:attachment":[{"href":"https:\/\/portal.uern.br\/miv\/wp-json\/wp\/v2\/media?parent=20"}],"curies":[{"name":"wp","href":"https:\/\/api.w.org\/{rel}","templated":true}]}}