{"id":11,"date":"2022-10-25T16:43:59","date_gmt":"2022-10-25T19:43:59","guid":{"rendered":"https:\/\/paisdemossoro.com.br\/wordpress\/miv\/?page_id=11"},"modified":"2022-10-25T16:43:59","modified_gmt":"2022-10-25T19:43:59","slug":"atributos","status":"publish","type":"page","link":"https:\/\/portal.uern.br\/miv\/atributos\/","title":{"rendered":"Atributos"},"content":{"rendered":"<p><strong>Grade de composi\u00e7\u00e3o gr\u00e1fica<\/strong><\/p>\n<p><img fetchpriority=\"high\" decoding=\"async\" class=\"alignnone size-full wp-image-16\" src=\"https:\/\/portal.uern.br\/miv\/wp-content\/uploads\/sites\/13\/2022\/10\/MIVAtivo-7MARCA.png\" alt=\"\" width=\"900\" height=\"353\" srcset=\"https:\/\/portal.uern.br\/miv\/wp-content\/uploads\/sites\/13\/2022\/10\/MIVAtivo-7MARCA.png 900w, https:\/\/portal.uern.br\/miv\/wp-content\/uploads\/sites\/13\/2022\/10\/MIVAtivo-7MARCA-300x118.png 300w, https:\/\/portal.uern.br\/miv\/wp-content\/uploads\/sites\/13\/2022\/10\/MIVAtivo-7MARCA-768x301.png 768w\" sizes=\"(max-width: 900px) 100vw, 900px\" \/><\/p>\n<p>O desenho da logomarca se constitui a partir da rela\u00e7\u00e3o entre seus elementos.<br \/>\nO elemento primordial da forma \u00e9 o comprimento da barra da letra \u201cU\u201d. Emprega-se esta<br \/>\n\u201cmedida\u201d (em propor\u00e7\u00e3o) em todos os outros elementos. A logomarca mede 9u x 2,33u<br \/>\n(u\/3). As dist\u00e2ncias entre os caracteres \u00e9 de 0,142u (u\/7) proporcionando uma<br \/>\nsensa\u00e7\u00e3o visual de equil\u00edbrio, harmonia e estabilidade.<\/p>\n<p>A grade de composi\u00e7\u00e3o gr\u00e1fica possibilita a visualiza\u00e7\u00e3o da geometria da marca cuja<br \/>\nmalha quadriculada estabelece as propor\u00e7\u00f5es entre os elementos. N\u00e3o \u00e9 permitido<br \/>\nredesenhar a marca, nem distorcer tais propor\u00e7\u00f5es. Os arquivos digitais, com todas as<br \/>\nvers\u00f5es permitidas, podem ser solicitados \u00e0 REITORIA-UERN.<\/p>\n<p><strong>\u00c1rea de prote\u00e7\u00e3o<\/strong><\/p>\n<p>A \u00e1rea de prote\u00e7\u00e3o \u00e9 um limite visual no qual nenhum outro elemento deve ser inserido<br \/>\njuntamente \u00e0 logomarca. O comprimento da barra da letra \u201cU\u201d \u00e9 utilizado como medida<br \/>\npara estabelecer limite de margem perimetral de 1,5u. Nos casos espec\u00ed cos onde a<br \/>\nlogomarca \u00e9 associada \u00e0s unidades, faculdades, diretorias e etc, essa margem deve ser<br \/>\nreaplicada tendo em considera\u00e7\u00e3o todo o conjunto.<\/p>\n<p><img decoding=\"async\" class=\"alignnone size-full wp-image-15\" src=\"https:\/\/portal.uern.br\/miv\/wp-content\/uploads\/sites\/13\/2022\/10\/MIVAtivo-8MARCA.png\" alt=\"\" width=\"900\" height=\"256\" srcset=\"https:\/\/portal.uern.br\/miv\/wp-content\/uploads\/sites\/13\/2022\/10\/MIVAtivo-8MARCA.png 900w, https:\/\/portal.uern.br\/miv\/wp-content\/uploads\/sites\/13\/2022\/10\/MIVAtivo-8MARCA-300x85.png 300w, https:\/\/portal.uern.br\/miv\/wp-content\/uploads\/sites\/13\/2022\/10\/MIVAtivo-8MARCA-768x218.png 768w\" sizes=\"(max-width: 900px) 100vw, 900px\" \/><\/p>\n<p><strong>Aplica\u00e7\u00e3o em cores (tabela b\u00e1sica)<\/strong><\/p>\n<p>As cores possuem grande import\u00e2ncia na identifica\u00e7\u00e3o visual de uma marca e sua utiliza\u00e7\u00e3o de forma estrat\u00e9gica otimiza o reconhecimento por parte do p\u00fablico.<\/p>\n<p>A Logomarca UERN possui duas cromias institucionais que devem ser utilizadas em todos os ve\u00edculos de comunica\u00e7\u00e3o. A rela\u00e7\u00e3o abaixo apresenta as especifica\u00e7\u00f5es t\u00e9cnicas nas principais escalas para impress\u00e3o e reprodu\u00e7\u00e3o digital: Pantone, CMYK, RGB e Hexacromia. \u00c9 permitida aplica\u00e7\u00f5es \u2018preto e branco em alto contraste\u2019 e \u2018em linhas\u2019 no caso de carimbos e notas. N\u00c3O \u00c9 PERMITIDO a aplica\u00e7\u00e3o em outras cores, com texturas ou express\u00f5es art\u00edsticas; EXCETO aprovado o parecer t\u00e9cnico por parte do REITORIA.<\/p>\n<p><img decoding=\"async\" class=\"alignnone size-full wp-image-14\" src=\"https:\/\/portal.uern.br\/miv\/wp-content\/uploads\/sites\/13\/2022\/10\/MARCAAtivo-6MARCA.png\" alt=\"\" width=\"900\" height=\"867\" srcset=\"https:\/\/portal.uern.br\/miv\/wp-content\/uploads\/sites\/13\/2022\/10\/MARCAAtivo-6MARCA.png 900w, https:\/\/portal.uern.br\/miv\/wp-content\/uploads\/sites\/13\/2022\/10\/MARCAAtivo-6MARCA-300x289.png 300w, https:\/\/portal.uern.br\/miv\/wp-content\/uploads\/sites\/13\/2022\/10\/MARCAAtivo-6MARCA-768x740.png 768w\" sizes=\"(max-width: 900px) 100vw, 900px\" \/><\/p>\n<p><strong>Fontes auxiliares<\/strong><\/p>\n<p>Para manter a uniformidade \u00e0 imagem da Logomarca UERN e, consequentemente, otimizar a experi\u00eancia da marca nos pontos de contato com os p\u00fablicos interno e externo, emprega-se o Alfabeto Tipogr\u00e1fico ITC Franklin Gothic Std. Este alfabeto deve ser empregado em todos os materiais de identidade institucional e de uso corporativo. Para materiais como diplomas e certificados pode-se utilizar outro Alfabeto Tipogr\u00e1fico que j\u00e1 esteja em uso desde que seja de um estilo tipogr\u00e1fico completamente distinto do ITC Franklin Gothic Std.<\/p>\n<p><img loading=\"lazy\" decoding=\"async\" class=\"alignnone size-full wp-image-12\" src=\"https:\/\/portal.uern.br\/miv\/wp-content\/uploads\/sites\/13\/2022\/10\/MARCAAtivo-7MARCA.png\" alt=\"\" width=\"900\" height=\"842\" srcset=\"https:\/\/portal.uern.br\/miv\/wp-content\/uploads\/sites\/13\/2022\/10\/MARCAAtivo-7MARCA.png 900w, https:\/\/portal.uern.br\/miv\/wp-content\/uploads\/sites\/13\/2022\/10\/MARCAAtivo-7MARCA-300x281.png 300w, https:\/\/portal.uern.br\/miv\/wp-content\/uploads\/sites\/13\/2022\/10\/MARCAAtivo-7MARCA-768x719.png 768w\" sizes=\"(max-width: 900px) 100vw, 900px\" \/><\/p>\n","protected":false},"excerpt":{"rendered":"<p>Grade de composi\u00e7\u00e3o gr\u00e1fica O desenho da logomarca se constitui a partir da rela\u00e7\u00e3o entre seus elementos. O elemento primordial da forma \u00e9 o comprimento da barra da letra \u201cU\u201d. Emprega-se esta \u201cmedida\u201d (em propor\u00e7\u00e3o) em todos os outros elementos. A logomarca mede 9u x 2,33u (u\/3). As dist\u00e2ncias entre os caracteres \u00e9 de 0,142u [&hellip;]<\/p>\n","protected":false},"author":1,"featured_media":0,"parent":0,"menu_order":0,"comment_status":"closed","ping_status":"closed","template":"","meta":[],"_links":{"self":[{"href":"https:\/\/portal.uern.br\/miv\/wp-json\/wp\/v2\/pages\/11"}],"collection":[{"href":"https:\/\/portal.uern.br\/miv\/wp-json\/wp\/v2\/pages"}],"about":[{"href":"https:\/\/portal.uern.br\/miv\/wp-json\/wp\/v2\/types\/page"}],"author":[{"embeddable":true,"href":"https:\/\/portal.uern.br\/miv\/wp-json\/wp\/v2\/users\/1"}],"replies":[{"embeddable":true,"href":"https:\/\/portal.uern.br\/miv\/wp-json\/wp\/v2\/comments?post=11"}],"version-history":[{"count":1,"href":"https:\/\/portal.uern.br\/miv\/wp-json\/wp\/v2\/pages\/11\/revisions"}],"predecessor-version":[{"id":17,"href":"https:\/\/portal.uern.br\/miv\/wp-json\/wp\/v2\/pages\/11\/revisions\/17"}],"wp:attachment":[{"href":"https:\/\/portal.uern.br\/miv\/wp-json\/wp\/v2\/media?parent=11"}],"curies":[{"name":"wp","href":"https:\/\/api.w.org\/{rel}","templated":true}]}}