{"id":399,"date":"2022-10-21T08:40:48","date_gmt":"2022-10-21T11:40:48","guid":{"rendered":"https:\/\/paisdemossoro.com.br\/wordpress\/jouern\/?page_id=399"},"modified":"2023-02-24T08:28:59","modified_gmt":"2023-02-24T11:28:59","slug":"expediente","status":"publish","type":"page","link":"https:\/\/portal.uern.br\/jouern\/expediente\/","title":{"rendered":"Expediente"},"content":{"rendered":"<p><strong>CONSELHO DIRETOR DA FUERN<\/strong><\/p>\n<p><strong>Presidente<\/strong><br \/>\nProf. Dra. Cic\u00edlia Raquel Maia Leite<\/p>\n<p>COMISS\u00c3O DO JORNAL OFICIAL DA FUERN<\/p>\n<p><strong>Dire\u00e7\u00e3o<\/strong><br \/>\nIuska Kaliany Freira de Oliveira<\/p>\n<p><strong>Edi\u00e7\u00e3o<\/strong><br \/>\nRodrigo Vicenti Medeiros Oliveira<\/p>\n<p><strong>Diagrama\u00e7\u00e3o<\/strong><br \/>\nRafael Coelho de Sousa<\/p>\n","protected":false},"excerpt":{"rendered":"<p>CONSELHO DIRETOR DA FUERN Presidente Prof. Dra. Cic\u00edlia Raquel Maia Leite COMISS\u00c3O DO JORNAL OFICIAL DA FUERN Dire\u00e7\u00e3o Iuska Kaliany Freira de Oliveira Edi\u00e7\u00e3o Rodrigo Vicenti Medeiros Oliveira Diagrama\u00e7\u00e3o Rafael Coelho de Sousa<\/p>\n","protected":false},"author":1,"featured_media":0,"parent":0,"menu_order":0,"comment_status":"closed","ping_status":"closed","template":"","meta":[],"_links":{"self":[{"href":"https:\/\/portal.uern.br\/jouern\/wp-json\/wp\/v2\/pages\/399"}],"collection":[{"href":"https:\/\/portal.uern.br\/jouern\/wp-json\/wp\/v2\/pages"}],"about":[{"href":"https:\/\/portal.uern.br\/jouern\/wp-json\/wp\/v2\/types\/page"}],"author":[{"embeddable":true,"href":"https:\/\/portal.uern.br\/jouern\/wp-json\/wp\/v2\/users\/1"}],"replies":[{"embeddable":true,"href":"https:\/\/portal.uern.br\/jouern\/wp-json\/wp\/v2\/comments?post=399"}],"version-history":[{"count":3,"href":"https:\/\/portal.uern.br\/jouern\/wp-json\/wp\/v2\/pages\/399\/revisions"}],"predecessor-version":[{"id":1139,"href":"https:\/\/portal.uern.br\/jouern\/wp-json\/wp\/v2\/pages\/399\/revisions\/1139"}],"wp:attachment":[{"href":"https:\/\/portal.uern.br\/jouern\/wp-json\/wp\/v2\/media?parent=399"}],"curies":[{"name":"wp","href":"https:\/\/api.w.org\/{rel}","templated":true}]}}