{"id":390,"date":"2022-10-21T08:24:57","date_gmt":"2022-10-21T11:24:57","guid":{"rendered":"https:\/\/paisdemossoro.com.br\/wordpress\/jouern\/?page_id=390"},"modified":"2022-10-21T13:38:42","modified_gmt":"2022-10-21T16:38:42","slug":"resolucao","status":"publish","type":"page","link":"https:\/\/portal.uern.br\/jouern\/resolucao\/","title":{"rendered":"Resolu\u00e7\u00e3o"},"content":{"rendered":"<style>\n    .wpdmdt-toolbar {\n        padding: 10px;\n    }\n\n    .wpdmdt-toolbarb {\n        padding: 5px 10px 10px;\n    }\n\n    .wpdmdt-toolbar > div {\n        display: inline-block;\n    }\n\n    table, td, th {\n        border: 0;\n    }\n\n    #wpdm-all-packages .card {\n        overflow: hidden;\n    }\n\n    .dataTables_wrapper .table {\n        margin: 0;\n    }\n\n    #wpdmmydls-698f3b8973a68f431aac69971286cf2c {\n        border-bottom: 1px solid #dddddd;\n        border-top: 1px solid #dddddd;\n        font-size: 10pt;\n        min-width: 100%;\n    }\n\n    #wpdmmydls-698f3b8973a68f431aac69971286cf2c .wpdm-download-link img {\n        box-shadow: none !important;\n        max-width: 100%;\n    }\n\n    .w3eden .pagination {\n        margin: 0 !important;\n    }\n\n    #wpdmmydls-698f3b8973a68f431aac69971286cf2c td:not(:first-child) {\n        vertical-align: middle !important;\n    }\n\n    #wpdmmydls-698f3b8973a68f431aac69971286cf2c td.__dt_col_download_link .btn {\n        display: block;\n        width: 100%;\n    }\n\n    #wpdmmydls-698f3b8973a68f431aac69971286cf2c td.__dt_col_download_link,\n    #wpdmmydls-698f3b8973a68f431aac69971286cf2c th#download_link {\n        max-width: 155px !important;\n        width: 155px;\n\n    }\n\n    #wpdmmydls-698f3b8973a68f431aac69971286cf2c th {\n        background-color: rgba(0, 0, 0, 0.04);\n        border-bottom: 1px solid rgba(0, 0, 0, 0.025);\n    }\n\n    #wpdmmydls-698f3b8973a68f431aac69971286cf2c_length label,\n    #wpdmmydls-698f3b8973a68f431aac69971286cf2c_filter label {\n        font-weight: 400;\n    }\n\n    #wpdmmydls-698f3b8973a68f431aac69971286cf2c_filter input[type=search] {\n        display: inline-block;\n        width: 200px;\n        font-size: 12px;\n    }\n\n    #wpdmmydls-698f3b8973a68f431aac69971286cf2c_length select {\n        display: inline-block;\n        width: 60px;\n        font-size: 11px;\n    }\n\n    #wpdmmydls-698f3b8973a68f431aac69971286cf2c .package-title {\n        color: #36597C;\n        font-size: 11pt;\n        font-weight: 700;\n    }\n\n    #wpdmmydls-698f3b8973a68f431aac69971286cf2c .small-txt {\n        margin-right: 7px;\n    }\n\n    #wpdmmydls-698f3b8973a68f431aac69971286cf2c td.__dt_col_categories {\n        max-width: 300px;\n    }\n\n    #wpdmmydls-698f3b8973a68f431aac69971286cf2c .small-txt,\n    #wpdmmydls-698f3b8973a68f431aac69971286cf2c small {\n        font-size: 9pt;\n    }\n\n    .w3eden .table-striped tbody tr:nth-of-type(2n+1) {\n        background-color: rgba(0, 0, 0, 0.015);\n    }\n\n    .dataTables_wrapper .dataTables_paginate .paginate_button:active,\n    .dataTables_wrapper .dataTables_paginate .paginate_button:focus,\n    .dataTables_wrapper .dataTables_paginate .paginate_button:hover,\n    .dataTables_wrapper .dataTables_paginate .paginate_button {\n        margin: 0 !important;\n        padding: 0 !important;\n        border: 0 !important;\n        background: transparent !important;\n    }\n\n    .paginate_button.page-item.active a {\n        background: var(--color-primary) !important;\n        color: #fff !important;\n    }\n\n\n    @media (max-width: 799px) {\n        #wpdmmydls-698f3b8973a68f431aac69971286cf2c tr {\n            display: block;\n            border: 3px solid rgba(0, 0, 0, 0.3) !important;\n            margin-bottom: 10px !important;\n            position: relative;\n        }\n\n        #wpdmmydls-698f3b8973a68f431aac69971286cf2c thead {\n            display: none;\n        }\n\n        #wpdmmydls-698f3b8973a68f431aac69971286cf2c,\n        #wpdmmydls-698f3b8973a68f431aac69971286cf2c td:first-child {\n            border: 0 !important;\n        }\n\n        #wpdmmydls-698f3b8973a68f431aac69971286cf2c td {\n            display: block;\n        }\n\n        #wpdmmydls-698f3b8973a68f431aac69971286cf2c td.__dt_col_download_link {\n            display: block;\n            max-width: 100% !important;\n            width: auto !important;\n\n        }\n    }\n\n\n<\/style>\n<div class=\"w3eden\">\n    <div id=\"wpdm-all-packages\">\n        <table id=\"wpdmmydls-698f3b8973a68f431aac69971286cf2c\" class=\"table table-striped wpdm-all-packages-table\">\n            <thead>\n            <tr>\n\t\t\t\t                    <th style='width: 230px !important;min-width: 230px !important;max-width: 230px !important;' id=\"title\"\n                                                                        class=\"\">T\u00edtulo<\/th>\n\t\t\t\t                    <th  id=\"excerpt\"\n                                                                        class=\"hidden-sm hidden-xs\">Ementa<\/th>\n\t\t\t\t                    <th style='width: 155px !important;min-width: 155px !important;max-width: 155px !important;' id=\"download_link\"\n                                                                        class=\"hidden-sm hidden-xs\">Download<\/th>\n\t\t\t\t\n            <\/tr>\n            <\/thead>\n            <tbody>\n\t\t\t\n                    <tr class=\"__dt_row\">\n\t\t\t\t\t\t                            <td                                     class=\"__dt_col_0 __dt_col __dt_col_title\"\n\t\t\t\t\t\t\t\t\tstyle=\"background-image: url('https:\/\/portal.uern.br\/jouern\/wp-content\/plugins\/download-manager\/assets\/file-type-icons\/pdf.svg');background-size: 36px;background-position: 5px 8px;background-repeat:  no-repeat;padding-left: 52px;line-height: normal;\">\n\t\t\t\t\t\t\t\t<strong>PORTARIA N\u00ba 617\/2020-GP\/FUERN<\/strong><br\/><div class=\"hidden-md hidden-lg td-mobile\"><\/div>\n\n                            <\/td>\n\t\t\t\t\t\t                            <td                                     class=\"__dt_col_1 __dt_col __dt_col_excerpt\"\n\t\t\t\t\t\t\t\t\t>\n\t\t\t\t\t\t\t\t<div class='__dt_excerpt '>Disp\u00f5e sobre a periodicidade do Jornal Oficial da Funda\u00e7\u00e3o Universidade do Estado do Rio Grande do Norte &#8211; Fuern.<\/div>\n\n                            <\/td>\n\t\t\t\t\t\t                            <td                                     class=\"__dt_col_2 __dt_col __dt_col_download_link\"\n\t\t\t\t\t\t\t\t\t>\n\t\t\t\t\t\t\t\t<a class='wpdm-download-link download-on-click btn btn-primary ' rel='nofollow' href='#' data-pid='415' data-downloadurl=\"https:\/\/portal.uern.br\/jouern\/download\/portaria-no-617-2020-gp-fuern\/?wpdmdl=415&refresh=69d17afcc68171775336188\" target=_blank>Download<\/a>\n\n                            <\/td>\n\t\t\t\t\t\t\n                    <\/tr>\n\t\t\t\t\n                    <tr class=\"__dt_row\">\n\t\t\t\t\t\t                            <td                                     class=\"__dt_col_0 __dt_col __dt_col_title\"\n\t\t\t\t\t\t\t\t\tstyle=\"background-image: url('https:\/\/portal.uern.br\/jouern\/wp-content\/plugins\/download-manager\/assets\/file-type-icons\/pdf.svg');background-size: 36px;background-position: 5px 8px;background-repeat:  no-repeat;padding-left: 52px;line-height: normal;\">\n\t\t\t\t\t\t\t\t<strong>Portaria 0161-2019 \u2013 Regulamenta JOUERN e Resolu\u00e7\u00e3o 05\/2018-CD<\/strong><br\/><div class=\"hidden-md hidden-lg td-mobile\"><\/div>\n\n                            <\/td>\n\t\t\t\t\t\t                            <td                                     class=\"__dt_col_1 __dt_col __dt_col_excerpt\"\n\t\t\t\t\t\t\t\t\t>\n\t\t\t\t\t\t\t\t<div class='__dt_excerpt '>Retifica a Portaria n\u00ba 3294\/2018, que regulamenta a Resolu\u00e7\u00e3o n\u00ba 05\/2018 \u2013 CD, que cria o Jornal Oficial da FUERN \u2013 JOUERN, e d\u00e1 outras provid\u00eancias.<\/div>\n\n                            <\/td>\n\t\t\t\t\t\t                            <td                                     class=\"__dt_col_2 __dt_col __dt_col_download_link\"\n\t\t\t\t\t\t\t\t\t>\n\t\t\t\t\t\t\t\t<a class='wpdm-download-link download-on-click btn btn-primary ' rel='nofollow' href='#' data-pid='414' data-downloadurl=\"https:\/\/portal.uern.br\/jouern\/download\/portaria-0161-2019-regulamenta-jouern-e-resolucao-05-2018-cd\/?wpdmdl=414&refresh=69d17afcc95d31775336188\" target=_blank>Download<\/a>\n\n                            <\/td>\n\t\t\t\t\t\t\n                    <\/tr>\n\t\t\t\t\n                    <tr class=\"__dt_row\">\n\t\t\t\t\t\t                            <td                                     class=\"__dt_col_0 __dt_col __dt_col_title\"\n\t\t\t\t\t\t\t\t\tstyle=\"background-image: url('https:\/\/portal.uern.br\/jouern\/wp-content\/plugins\/download-manager\/assets\/file-type-icons\/pdf.svg');background-size: 36px;background-position: 5px 8px;background-repeat:  no-repeat;padding-left: 52px;line-height: normal;\">\n\t\t\t\t\t\t\t\t<strong>RESOLU\u00c7\u00c3O N\u00ba 05\/2018 \u2013 CD<\/strong><br\/><div class=\"hidden-md hidden-lg td-mobile\"><\/div>\n\n                            <\/td>\n\t\t\t\t\t\t                            <td                                     class=\"__dt_col_1 __dt_col __dt_col_excerpt\"\n\t\t\t\t\t\t\t\t\t>\n\t\t\t\t\t\t\t\t<div class='__dt_excerpt '>Cria o Jornal Oficial da FUERN \u2013 JOUERN, e d\u00e1 outras provid\u00eancias.<\/div>\n\n                            <\/td>\n\t\t\t\t\t\t                            <td                                     class=\"__dt_col_2 __dt_col __dt_col_download_link\"\n\t\t\t\t\t\t\t\t\t>\n\t\t\t\t\t\t\t\t<a class='wpdm-download-link download-on-click btn btn-primary ' rel='nofollow' href='#' data-pid='413' data-downloadurl=\"https:\/\/portal.uern.br\/jouern\/download\/resolucao-no-05-2018-cd\/?wpdmdl=413&refresh=69d17afccbfca1775336188\" target=_blank>Download<\/a>\n\n                            <\/td>\n\t\t\t\t\t\t\n                    <\/tr>\n\t\t\t\t\t\t\t            <\/tbody>\n        <\/table>\n\n\t\t<div class='text-center'><ul class='pagination wpdm-pagination pagination-centered text-center'><\/ul><\/div>\n    <\/div>\n<\/div>\n\n","protected":false},"excerpt":{"rendered":"","protected":false},"author":1,"featured_media":0,"parent":0,"menu_order":0,"comment_status":"closed","ping_status":"closed","template":"","meta":[],"_links":{"self":[{"href":"https:\/\/portal.uern.br\/jouern\/wp-json\/wp\/v2\/pages\/390"}],"collection":[{"href":"https:\/\/portal.uern.br\/jouern\/wp-json\/wp\/v2\/pages"}],"about":[{"href":"https:\/\/portal.uern.br\/jouern\/wp-json\/wp\/v2\/types\/page"}],"author":[{"embeddable":true,"href":"https:\/\/portal.uern.br\/jouern\/wp-json\/wp\/v2\/users\/1"}],"replies":[{"embeddable":true,"href":"https:\/\/portal.uern.br\/jouern\/wp-json\/wp\/v2\/comments?post=390"}],"version-history":[{"count":9,"href":"https:\/\/portal.uern.br\/jouern\/wp-json\/wp\/v2\/pages\/390\/revisions"}],"predecessor-version":[{"id":437,"href":"https:\/\/portal.uern.br\/jouern\/wp-json\/wp\/v2\/pages\/390\/revisions\/437"}],"wp:attachment":[{"href":"https:\/\/portal.uern.br\/jouern\/wp-json\/wp\/v2\/media?parent=390"}],"curies":[{"name":"wp","href":"https:\/\/api.w.org\/{rel}","templated":true}]}}