{"id":99525,"date":"2023-03-27T16:32:17","date_gmt":"2023-03-27T19:32:17","guid":{"rendered":"https:\/\/portal.uern.br\/gabinete\/?page_id=99525"},"modified":"2023-05-04T12:30:01","modified_gmt":"2023-05-04T15:30:01","slug":"sigaa","status":"publish","type":"page","link":"https:\/\/portal.uern.br\/gabinete\/sigaa\/","title":{"rendered":"SIGAA"},"content":{"rendered":"\t\t<div data-elementor-type=\"wp-page\" data-elementor-id=\"99525\" class=\"elementor elementor-99525\" data-elementor-post-type=\"page\">\n\t\t\t\t\t\t<section class=\"elementor-section elementor-top-section elementor-element elementor-element-297b6c9 elementor-section-boxed elementor-section-height-default elementor-section-height-default\" data-id=\"297b6c9\" data-element_type=\"section\">\n\t\t\t\t\t\t<div class=\"elementor-container elementor-column-gap-default\">\n\t\t\t\t\t<div class=\"elementor-column elementor-col-100 elementor-top-column elementor-element elementor-element-0d5a589\" data-id=\"0d5a589\" data-element_type=\"column\">\n\t\t\t<div class=\"elementor-widget-wrap elementor-element-populated\">\n\t\t\t\t\t\t<div class=\"elementor-element elementor-element-fc1c13e elementor-widget elementor-widget-heading\" data-id=\"fc1c13e\" data-element_type=\"widget\" data-widget_type=\"heading.default\">\n\t\t\t\t<div class=\"elementor-widget-container\">\n\t\t\t<style>\/*! elementor - v3.19.0 - 07-02-2024 *\/\n.elementor-heading-title{padding:0;margin:0;line-height:1}.elementor-widget-heading .elementor-heading-title[class*=elementor-size-]>a{color:inherit;font-size:inherit;line-height:inherit}.elementor-widget-heading .elementor-heading-title.elementor-size-small{font-size:15px}.elementor-widget-heading .elementor-heading-title.elementor-size-medium{font-size:19px}.elementor-widget-heading .elementor-heading-title.elementor-size-large{font-size:29px}.elementor-widget-heading .elementor-heading-title.elementor-size-xl{font-size:39px}.elementor-widget-heading .elementor-heading-title.elementor-size-xxl{font-size:59px}<\/style><h2 class=\"elementor-heading-title elementor-size-default\">SIGAA - Sistema Integrado de Gest\u00e3o de Atividades Acad\u00eamicas<\/h2>\t\t<\/div>\n\t\t\t\t<\/div>\n\t\t\t\t\t<\/div>\n\t\t<\/div>\n\t\t\t\t\t<\/div>\n\t\t<\/section>\n\t\t\t\t<section class=\"elementor-section elementor-top-section elementor-element elementor-element-0e2fb32 elementor-section-boxed elementor-section-height-default elementor-section-height-default\" data-id=\"0e2fb32\" data-element_type=\"section\">\n\t\t\t\t\t\t<div class=\"elementor-container elementor-column-gap-default\">\n\t\t\t\t\t<div class=\"elementor-column elementor-col-100 elementor-top-column elementor-element elementor-element-da941d3\" data-id=\"da941d3\" data-element_type=\"column\">\n\t\t\t<div class=\"elementor-widget-wrap elementor-element-populated\">\n\t\t\t\t\t\t<div class=\"elementor-element elementor-element-0a79d29 elementor-widget elementor-widget-text-editor\" data-id=\"0a79d29\" data-element_type=\"widget\" data-widget_type=\"text-editor.default\">\n\t\t\t\t<div class=\"elementor-widget-container\">\n\t\t\t<style>\/*! elementor - v3.19.0 - 07-02-2024 *\/\n.elementor-widget-text-editor.elementor-drop-cap-view-stacked .elementor-drop-cap{background-color:#69727d;color:#fff}.elementor-widget-text-editor.elementor-drop-cap-view-framed .elementor-drop-cap{color:#69727d;border:3px solid;background-color:transparent}.elementor-widget-text-editor:not(.elementor-drop-cap-view-default) .elementor-drop-cap{margin-top:8px}.elementor-widget-text-editor:not(.elementor-drop-cap-view-default) .elementor-drop-cap-letter{width:1em;height:1em}.elementor-widget-text-editor .elementor-drop-cap{float:left;text-align:center;line-height:1;font-size:50px}.elementor-widget-text-editor .elementor-drop-cap-letter{display:inline-block}<\/style>\t\t\t\t<p>O <strong>SIGAA<\/strong> \u00e9 uma plataforma digital que auxilia na gest\u00e3o acad\u00eamica da Uern. Por meio deste sistema, \u00e9 poss\u00edvel realizar diversas atividades acad\u00eamicas, tais como matr\u00edcula em disciplinas, solicita\u00e7\u00e3o de documentos, inscri\u00e7\u00e3o em cursos de gradua\u00e7\u00e3o e programas de p\u00f3s-gradua\u00e7\u00e3o.<\/p><p>O <strong>SIGAA<\/strong> oferece uma s\u00e9rie de benef\u00edcios aos(\u00e0s) estudantes, docentes e gestores(as) da Uern. Para os(as) estudantes, o sistema facilita a realiza\u00e7\u00e3o de matr\u00edculas, o acompanhamento do desempenho acad\u00eamico e a solicita\u00e7\u00e3o de documentos importantes, como hist\u00f3ricos escolares e certificados de conclus\u00e3o de curso. J\u00e1 para os(as) professores(as), o <strong>SIGAA<\/strong> oferece ferramentas para a gest\u00e3o de disciplinas, elabora\u00e7\u00e3o de planos de ensino, lan\u00e7amento de notas e frequ\u00eancia dos alunos, al\u00e9m de outras funcionalidades importantes para a gest\u00e3o acad\u00eamica.<\/p><p>Para os(as) gestores(as) da institui\u00e7\u00e3o, o <strong>SIGAA<\/strong> permite um melhor gerenciamento dos dados e informa\u00e7\u00f5es dos(as) estudantes e professores(as), auxiliando no planejamento estrat\u00e9gico e na tomada de decis\u00f5es importantes para o funcionamento da universidade.<\/p><p>Em resumo, o <strong>SIGAA<\/strong> \u00e9 uma ferramenta essencial para a gest\u00e3o acad\u00eamica da Uern, trazendo maior efici\u00eancia, transpar\u00eancia e praticidade na realiza\u00e7\u00e3o de atividades administrativas e acad\u00eamicas.<\/p>\t\t\t\t\t\t<\/div>\n\t\t\t\t<\/div>\n\t\t\t\t\t<\/div>\n\t\t<\/div>\n\t\t\t\t\t<\/div>\n\t\t<\/section>\n\t\t\t\t<section class=\"elementor-section elementor-top-section elementor-element elementor-element-c1094b0 elementor-section-boxed elementor-section-height-default elementor-section-height-default\" data-id=\"c1094b0\" data-element_type=\"section\">\n\t\t\t\t\t\t<div class=\"elementor-container elementor-column-gap-default\">\n\t\t\t\t\t<div class=\"elementor-column elementor-col-33 elementor-top-column elementor-element elementor-element-3d3a659\" data-id=\"3d3a659\" data-element_type=\"column\">\n\t\t\t<div class=\"elementor-widget-wrap elementor-element-populated\">\n\t\t\t\t\t\t<div class=\"elementor-element elementor-element-adf3027 elementor-align-center elementor-widget elementor-widget-button\" data-id=\"adf3027\" data-element_type=\"widget\" data-widget_type=\"button.default\">\n\t\t\t\t<div class=\"elementor-widget-container\">\n\t\t\t\t\t<div class=\"elementor-button-wrapper\">\n\t\t\t<a class=\"elementor-button elementor-button-link elementor-size-sm\" href=\"https:\/\/sigaa.uern.br\/sigaa\/public\/home.jsf\">\n\t\t\t\t\t\t<span class=\"elementor-button-content-wrapper\">\n\t\t\t\t\t\t<span class=\"elementor-button-text\">Acesse o SIGAA<\/span>\n\t\t<\/span>\n\t\t\t\t\t<\/a>\n\t\t<\/div>\n\t\t\t\t<\/div>\n\t\t\t\t<\/div>\n\t\t\t\t\t<\/div>\n\t\t<\/div>\n\t\t\t\t<div class=\"elementor-column elementor-col-33 elementor-top-column elementor-element elementor-element-a72e0d3\" data-id=\"a72e0d3\" data-element_type=\"column\">\n\t\t\t<div class=\"elementor-widget-wrap elementor-element-populated\">\n\t\t\t\t\t\t<div class=\"elementor-element elementor-element-b618c78 elementor-align-center elementor-widget elementor-widget-button\" data-id=\"b618c78\" data-element_type=\"widget\" data-widget_type=\"button.default\">\n\t\t\t\t<div class=\"elementor-widget-container\">\n\t\t\t\t\t<div class=\"elementor-button-wrapper\">\n\t\t\t<a class=\"elementor-button elementor-button-link elementor-size-sm\" href=\"mailto:sigaa.discente@uern.br\">\n\t\t\t\t\t\t<span class=\"elementor-button-content-wrapper\">\n\t\t\t\t\t\t<span class=\"elementor-button-text\">Solicite suporte DISCENTE<\/span>\n\t\t<\/span>\n\t\t\t\t\t<\/a>\n\t\t<\/div>\n\t\t\t\t<\/div>\n\t\t\t\t<\/div>\n\t\t\t\t\t<\/div>\n\t\t<\/div>\n\t\t\t\t<div class=\"elementor-column elementor-col-33 elementor-top-column elementor-element elementor-element-d5e7a36\" data-id=\"d5e7a36\" data-element_type=\"column\">\n\t\t\t<div class=\"elementor-widget-wrap elementor-element-populated\">\n\t\t\t\t\t\t<div class=\"elementor-element elementor-element-cd4d496 elementor-align-center elementor-widget elementor-widget-button\" data-id=\"cd4d496\" data-element_type=\"widget\" data-widget_type=\"button.default\">\n\t\t\t\t<div class=\"elementor-widget-container\">\n\t\t\t\t\t<div class=\"elementor-button-wrapper\">\n\t\t\t<a class=\"elementor-button elementor-button-link elementor-size-sm\" href=\"mailto:sigaa.servidor@uern.br\">\n\t\t\t\t\t\t<span class=\"elementor-button-content-wrapper\">\n\t\t\t\t\t\t<span class=\"elementor-button-text\">Solicite suporte SERVIDOR(A)<\/span>\n\t\t<\/span>\n\t\t\t\t\t<\/a>\n\t\t<\/div>\n\t\t\t\t<\/div>\n\t\t\t\t<\/div>\n\t\t\t\t\t<\/div>\n\t\t<\/div>\n\t\t\t\t\t<\/div>\n\t\t<\/section>\n\t\t\t\t<section class=\"elementor-section elementor-top-section elementor-element elementor-element-fd44c16 elementor-section-boxed elementor-section-height-default elementor-section-height-default\" data-id=\"fd44c16\" data-element_type=\"section\">\n\t\t\t\t\t\t<div class=\"elementor-container elementor-column-gap-default\">\n\t\t\t\t\t<div class=\"elementor-column elementor-col-100 elementor-top-column elementor-element elementor-element-71de1cc\" data-id=\"71de1cc\" data-element_type=\"column\">\n\t\t\t<div class=\"elementor-widget-wrap elementor-element-populated\">\n\t\t\t\t\t\t<div class=\"elementor-element elementor-element-f5ffdd0 elementor-widget elementor-widget-text-editor\" data-id=\"f5ffdd0\" data-element_type=\"widget\" data-widget_type=\"text-editor.default\">\n\t\t\t\t<div class=\"elementor-widget-container\">\n\t\t\t\t\t\t\t<h4><strong>Material de apoio<\/strong><\/h4><ul><li><a href=\"https:\/\/portal.uern.br\/gabinete\/wp-content\/uploads\/sites\/21\/2023\/05\/SIGAA-Preenchimento-do-plano-de-curso-na-Turma-Virtual-ver-3.pdf\">Tutorial Preenchimento do plano de curso na Turma Virtual<\/a><\/li><li><a href=\"https:\/\/portal.uern.br\/gabinete\/wp-content\/uploads\/sites\/21\/2023\/04\/SIGAA-Consulta-de-componentes-ofertados.pdf\">Tutorial Consulta de componentes ofertados<\/a><\/li><li><a href=\"https:\/\/portal.uern.br\/gabinete\/wp-content\/uploads\/sites\/21\/2023\/04\/SIGAA-Suspensao-de-Programa-Discente.pdf\">Tutorial Suspens\u00e3o de Programa \/ Discente<\/a><\/li><li><a href=\"https:\/\/portal.uern.br\/gabinete\/wp-content\/uploads\/sites\/21\/2023\/04\/SIGAA-Matricula-Discente-atualizado-em-19-04-2023.pdf\">Tutorial Matr\u00edcula Discente<\/a><\/li><li><a href=\"http:\/\/portal.uern.br\/wp-content\/uploads\/2023\/03\/SiGAA-Tutorial-de-cadastro-e-recuperacao-de-login-e-senha-PARA-ESTUDANTES.pdf\">Tutorial Acesso\/Login Discente<\/a><\/li><li><a href=\"https:\/\/portal.uern.br\/wp-content\/uploads\/2023\/03\/SiGAA-Tutorial-de-cadastro-e-recuperacao-de-login-e-senha-PARA-SERVIDORES-1.pdf\">Tutorial Acesso\/Login Servidores(as)<\/a><\/li><li><a href=\"https:\/\/youtube.com\/playlist?list=PLRU5p31gf98YYTWD57udQ8VAag-Iy_rhK\">Playlist de V\u00eddeos Formativos (Uern Oficial)<\/a><\/li><\/ul>\t\t\t\t\t\t<\/div>\n\t\t\t\t<\/div>\n\t\t\t\t\t<\/div>\n\t\t<\/div>\n\t\t\t\t\t<\/div>\n\t\t<\/section>\n\t\t\t\t<\/div>\n\t\t","protected":false},"excerpt":{"rendered":"<p>SIGAA &#8211; Sistema Integrado de Gest\u00e3o de Atividades Acad\u00eamicas O SIGAA \u00e9 uma plataforma digital que auxilia na gest\u00e3o acad\u00eamica da Uern. Por meio deste sistema, \u00e9 poss\u00edvel realizar diversas atividades acad\u00eamicas, tais como matr\u00edcula em disciplinas, solicita\u00e7\u00e3o de documentos, inscri\u00e7\u00e3o em cursos de gradua\u00e7\u00e3o e programas de p\u00f3s-gradua\u00e7\u00e3o. O SIGAA oferece uma s\u00e9rie de [&hellip;]<\/p>\n","protected":false},"author":1,"featured_media":0,"parent":0,"menu_order":0,"comment_status":"closed","ping_status":"closed","template":"","meta":[],"_links":{"self":[{"href":"https:\/\/portal.uern.br\/gabinete\/wp-json\/wp\/v2\/pages\/99525"}],"collection":[{"href":"https:\/\/portal.uern.br\/gabinete\/wp-json\/wp\/v2\/pages"}],"about":[{"href":"https:\/\/portal.uern.br\/gabinete\/wp-json\/wp\/v2\/types\/page"}],"author":[{"embeddable":true,"href":"https:\/\/portal.uern.br\/gabinete\/wp-json\/wp\/v2\/users\/1"}],"replies":[{"embeddable":true,"href":"https:\/\/portal.uern.br\/gabinete\/wp-json\/wp\/v2\/comments?post=99525"}],"version-history":[{"count":29,"href":"https:\/\/portal.uern.br\/gabinete\/wp-json\/wp\/v2\/pages\/99525\/revisions"}],"predecessor-version":[{"id":99740,"href":"https:\/\/portal.uern.br\/gabinete\/wp-json\/wp\/v2\/pages\/99525\/revisions\/99740"}],"wp:attachment":[{"href":"https:\/\/portal.uern.br\/gabinete\/wp-json\/wp\/v2\/media?parent=99525"}],"curies":[{"name":"wp","href":"https:\/\/api.w.org\/{rel}","templated":true}]}}