{"id":99004,"date":"2023-03-20T08:55:27","date_gmt":"2023-03-20T11:55:27","guid":{"rendered":"https:\/\/portal.uern.br\/gabinete\/?page_id=99004"},"modified":"2025-10-20T08:27:54","modified_gmt":"2025-10-20T11:27:54","slug":"gestao-universitaria","status":"publish","type":"page","link":"https:\/\/portal.uern.br\/gabinete\/gestao-universitaria\/","title":{"rendered":"Gest\u00e3o Universit\u00e1ria"},"content":{"rendered":"<p data-raofz=\"15\"><strong>REITORIA<\/strong><br \/>\nReitora: Profa. Dra. Cic\u00edlia Raquel Maia Leite<br \/>\ne-mail: reitoria@uern.br<\/p>\n<p data-raofz=\"15\">Vice-Reitor: Prof. Dr. Francisco Dantas de Medeiros Neto<br \/>\ne-mail: vicereitoria@uern.br<\/p>\n<p data-raofz=\"15\"><strong>CHEFIA DE GABINETE<\/strong><\/p>\n<p>Chefe de Gabinete: Prof. Dr. Jandeson Dantas da Silva<br \/>\ne-mail: chgab@uern.br<\/p>\n<p>Subchefe: Profa. Ma. Anairam de Medeiros e Silva<\/p>\n<p data-raofz=\"15\"><strong>ASSESSORIAS DA REITORIA<\/strong><\/p>\n<p data-raofz=\"15\"><strong>Jur\u00eddica<\/strong>:<br \/>\nTNS Me. Iata Anderson Fernandes<br \/>\ne-mail: ajur@uern.br <a href=\"https:\/\/portal.uern.br\/ajur\/\">https:\/\/portal.uern.br\/ajur\/<\/a><\/p>\n<p data-raofz=\"15\"><strong>Avalia\u00e7\u00e3o Institucional<\/strong>:<br \/>\nProf. Dr. Wendson Dantas de Ara\u00fajo Medeiros<br \/>\ne-mail: aai@uern.br <a href=\"https:\/\/portal.uern.br\/aai\/\">https:\/\/portal.uern.br\/aai\/<\/a><\/p>\n<p data-raofz=\"15\"><strong>Assessoria de Governan\u00e7a\u00a0<\/strong><strong>e Transpar\u00eancia<\/strong>:<br \/>\nProf\u00aa Ma. J\u00e9ssica Neiva de Figueiredo Leite<br \/>\ne-mail:agt@uern.br <a href=\"https:\/\/portal.uern.br\/acessoainformacao\/\">https:\/\/portal.uern.br\/acessoainformacao\/<\/a><\/p>\n<p data-raofz=\"15\"><strong>Atos Normativos:<\/strong><br \/>\nProf. Dr. Lauro Gurgel de Brito<\/p>\n<p data-raofz=\"15\"><strong>Superintend\u00eancias da Reitoria<\/strong><\/p>\n<p data-raofz=\"15\"><strong>Obras e Engenharia<\/strong>:<br \/>\nTNS Sara Barroso de Oliveira Almeida<br \/>\ne-mail: infraestrutura@uern.br <a href=\"https:\/\/portal.uern.br\/sobe\/\">https:\/\/portal.uern.br\/sobe\/<\/a><\/p>\n<p data-raofz=\"15\"><strong>Tecnologia da Informa\u00e7\u00e3o<\/strong>:<br \/>\nProf. Dr. Isaac de Lima Oliveira Filho<br \/>\ne-mail: dinf@uern.br <a href=\"https:\/\/portal.uern.br\/sti\/\">https:\/\/portal.uern.br\/sti\/<\/a><\/p>\n<p data-raofz=\"15\"><strong>DIRETORIAS DA REITORIA<\/strong><\/p>\n<p data-raofz=\"15\"><strong>A\u00e7\u00f5es Inclusivas<\/strong>:<br \/>\nProfa. Dra. Ana L\u00facia Oliveira Aguiar<br \/>\ne-mail: dain@uern.br <a href=\"https:\/\/portal.uern.br\/dain\/\">https:\/\/portal.uern.br\/dain\/<\/a><\/p>\n<p data-raofz=\"15\"><strong>Rela\u00e7\u00f5es Internacionais Interinstitucionais<\/strong>:<br \/>\nProf. Dr. Pedro Adri\u00e3o da Silva J\u00fanior<br \/>\ne-mail: daint@uern.br <a href=\"https:\/\/portal.uern.br\/diri\/\">https:\/\/portal.uern.br\/diri\/<\/a><\/p>\n<p data-raofz=\"15\"><strong>Educa\u00e7\u00e3o \u00e0 Dist\u00e2ncia:<\/strong><br \/>\nProf. Dr. Giann Mendes Ribeiro<br \/>\ne-mail: dead@uern.br <a href=\"https:\/\/dead.uern.br\/\">https:\/\/dead.uern.br\/<\/a><\/p>\n<p data-raofz=\"15\"><strong><b>A\u00e7\u00f5es Afirmativas e Diversidade<\/b>:<\/strong><br \/>\n<span style=\"font-weight: 400;\">Prof\u00aa. Dr\u00aa. Eliane Anselmo da Silva <\/span><br \/>\ne-mail: diaad@uern.br <a href=\"https:\/\/portal.uern.br\/diaad\/\">https:\/\/portal.uern.br\/diaad\/<\/a><\/p>\n<p data-raofz=\"15\"><strong><b>Gest\u00e3o Acad\u00eamica Hospitalar<\/b>:<\/strong><br \/>\n<span style=\"font-weight: 400;\">Dra. Renata Janice Morais Lima F. Barros<br \/>\ne-mail: digah@uern.br\u00a0 <a href=\"https:\/\/portal.uern.br\/digah\/\">https:\/\/portal.uern.br\/digah\/<\/a><br \/>\n<\/span><\/p>\n<p data-raofz=\"15\"><strong>Sistema Integrado de Bibliotecas<\/strong>:<br \/>\nTNS Esp. Bibliotec\u00e1ria Jocel\u00e2nia Marinho Maia de Oliveira<br \/>\ne-mail: biblioteca@uern.br <a href=\"https:\/\/portal.uern.br\/dsib\/\">https:\/\/portal.uern.br\/dsib\/<\/a><\/p>\n<p data-raofz=\"15\"><strong>Ag\u00eancia de Comunica\u00e7\u00e3o<\/strong>:<br \/>\nTNS Ma. Jornalista Iuska Kaliany Freire de Oliveira<br \/>\ne-mail: agecom@uern.br <a href=\"https:\/\/portal.uern.br\/agecom\/\">https:\/\/portal.uern.br\/agecom\/<\/a><\/p>\n<p data-raofz=\"15\"><strong>Cerimonial e Eventos<\/strong>:<br \/>\nTNM Ma. Renatha Rebou\u00e7as de Oliveira<br \/>\ne-mail: cerimonial@uern.br <a href=\"https:\/\/portal.uern.br\/dice\/\">https:\/\/portal.uern.br\/dice\/<\/a><\/p>\n<p data-raofz=\"15\"><strong>Ouvidoria<\/strong>:<br \/>\nTNS Ma. Carmem L\u00facia da Silva Sousa<br \/>\ne-mail: ouvidoria@uern.br <a href=\"https:\/\/portal.uern.br\/ouviuern\/\">https:\/\/portal.uern.br\/ouviuern\/<\/a><\/p>\n<p data-raofz=\"15\"><strong>Edi\u00e7\u00f5es Uern (EDUERN)<\/strong>:<br \/>\nProf. Dr. Francisco Fabiano de Freitas Mendes<br \/>\ne-mail: edicoes.uern@uern.br <a href=\"https:\/\/portal.uern.br\/eduern\/\">https:\/\/portal.uern.br\/eduern\/<\/a><\/p>\n<p data-raofz=\"15\"><strong>Unidade de Controle Interno<\/strong>:<br \/>\nTNM Esp. J\u00f4natas Marques de Andrade<br \/>\ne-mail: cci@uern.br<\/p>\n<p data-raofz=\"15\"><strong>Pesquisador Institucional<\/strong><br \/>\nProf. Dr. Rommel Wladimir de Lima<\/p>\n<p data-raofz=\"15\"><strong>PRO-REITORIAS<\/strong><\/p>\n<p data-raofz=\"15\"><strong>Pr\u00f3-Reitora de Administra\u00e7\u00e3o<\/strong>: TNS Ma. Maria Nilza Batista Luz<br \/>\nPr\u00f3-Reitor Adjunto: TNS Esp. Pedro Rebou\u00e7as de Oliveira Neto<br \/>\ne-mail: proad@uern.br <a href=\"https:\/\/portal.uern.br\/proad\/\">https:\/\/portal.uern.br\/proad\/<\/a><\/p>\n<p data-raofz=\"15\"><strong>Pr\u00f3-Reitora de Planejamento, Or\u00e7amento e Finan\u00e7as<\/strong>: Prof\u00aa Dr\u00aa. F\u00e1tima Raquel Rosado Morais<br \/>\nPr\u00f3-reitor Adjunto: TNM Esp. \u00cdtalo de Sousa Dantas<br \/>\ne-mail: proplan@uern.br <a href=\"https:\/\/portal.uern.br\/proplan\/\">https:\/\/portal.uern.br\/proplan\/<\/a><\/p>\n<p data-raofz=\"15\"><strong>Pr\u00f3-Reitora de Gest\u00e3o de Pessoas<\/strong>: Prof\u00aa Dr\u00aa Isabel Cristina Amaral de Sousa Rosso<br \/>\nPr\u00f3-Reitor Adjunto: Prof. Me. Luis Marcos de Medeiros Guerra<br \/>\ne-mail: progep@uern.br <a href=\"https:\/\/portal.uern.br\/progep\/\">https:\/\/portal.uern.br\/progep\/<\/a><\/p>\n<p data-raofz=\"15\"><strong>Pr\u00f3-Reitora de Assuntos Estudantis: <\/strong>TNM Esp. Ana Ang\u00e9lica do Nascimento Nogueira<br \/>\nPr\u00f3-Reitor adjunto: TNM. Dr. Nestor Gomes Duarte J\u00fanior<br \/>\ne-mail: prae@uern.br <a href=\"https:\/\/portal.uern.br\/prae\/\">https:\/\/portal.uern.br\/prae\/<\/a><\/p>\n<p data-raofz=\"15\"><strong>Pr\u00f3-Reitora de Ensino de Gradua\u00e7\u00e3o<\/strong>: Prof\u00aa Dra. Fernanda Abreu de Oliveira<br \/>\nPr\u00f3-Reitora adjunta: Prof. Dr. Rommel Wladimir de Lima<br \/>\ne-mail: proeg@uern.br <a href=\"https:\/\/portal.uern.br\/proeg\/\">https:\/\/portal.uern.br\/proeg\/<\/a><\/p>\n<p data-raofz=\"15\"><strong>Pr\u00f3-Reitora de Pesquisa e P\u00f3s-Gradua\u00e7\u00e3o<\/strong>: Prof\u00aa. Dr\u00aa Ellany Gurgel Cosme do Nascimento<br \/>\nPr\u00f3-Reitor Adjunto: Prof. Dr. Cl\u00e1udio Lopes de Vasconcelos<br \/>\ne-mail: propeg@uern.br <a href=\"https:\/\/portal.uern.br\/propeg\/\">https:\/\/portal.uern.br\/propeg\/<\/a><\/p>\n<p data-raofz=\"15\"><strong>Pr\u00f3-Reitor de Extens\u00e3o<\/strong>: Prof. Me. Esdras Marchezan Sales<br \/>\nPr\u00f3-Reitora Adjunta: Prof\u00aa. Dra. Am\u00e9lia Carolina Lopes Fernandes<br \/>\ne-mail: proex@uern.br <a href=\"https:\/\/portal.uern.br\/proex\/\">https:\/\/portal.uern.br\/proex\/<\/a><\/p>\n<p data-raofz=\"15\"><strong>DIRETORES DE UNIDADES E CHEFES DE DEPARTAMENTOS ACAD\u00caMICOS<\/strong><\/p>\n<p data-raofz=\"15\"><strong>Faculdade de Ci\u00eancias Econ\u00f4micas &#8211; FACEM<br \/>\n<\/strong>Diretor: <span style=\"font-weight: 400;\">\u00a0Prof. Dr. Leovigildo Cavalcante de Albuquerque Neto<br \/>\n<\/span>Vice-Diretor: <span style=\"font-weight: 400;\">Prof. Dr<\/span><b>.\u00a0 <\/b><span style=\"font-weight: 400;\">S\u00e9rgio Luiz Pedrosa Silva<br \/>\nSecret\u00e1rio: TNS. Adriano de Souza Carlos<br \/>\ne-mail: facem@uern.br<br \/>\nSite: <a href=\"https:\/\/portal.uern.br\/facem\/\">https:\/\/portal.uern.br\/facem\/<\/a><\/span><\/p>\n<p><strong>Departamentos<\/strong><\/p>\n<p><b>Departamento de Economia<br \/>\n<\/b>Chefe: Profa. Ma. Genivalda Cordeiro da Costa<b><br \/>\n<\/b>Subchefe:<span style=\"font-weight: 400;\"><br \/>\ne-mail: dec@uern.br<\/span><br \/>\n<span style=\"font-weight: 400;\">Site:<\/span><\/p>\n<p data-raofz=\"15\"><b>Departamento de Administra\u00e7\u00e3o<br \/>\n<\/b>Chefe: Profa. Ma. Vera L\u00facia Lopes de Oliveira \u2013 pro tempore<br \/>\nSubchefe:<span style=\"font-weight: 400;\"><br \/>\ne-mail: dad@uern.br<\/span><br \/>\nSite:<\/p>\n<p><b>Departamento de Ci\u00eancias Cont\u00e1beis<br \/>\n<\/b>Chefe:<span style=\"font-weight: 400;\"> Profa. Dra. Wenyka Preston Leite B. da Costa Batista<\/span><br \/>\nSubchefe: <span style=\"font-weight: 400;\">Prof.\u00a0 Esp. Jorge Fernandes Jales Neto<br \/>\ne-mail: dcc@uern.br<br \/>\nSite: <\/span><\/p>\n<p><b>Departamento de Turismo<br \/>\n<\/b>Chefe: <span style=\"font-weight: 400;\">Profa. Dra. Michele de Sousa<\/span> Pro tempore<br \/>\nSubchefe:<span style=\"font-weight: 400;\"><br \/>\ne-mail: detur@uern.br<\/span><br \/>\nSite:<\/p>\n<p><b>Departamento de Gest\u00e3o Ambiental<br \/>\n<\/b>Chefe: <span style=\"font-weight: 400;\">Profa. Dra. Gabriela Cemirames de Souza Gurgel<\/span><br \/>\nSubchefe: <span style=\"font-weight: 400;\">Prof. Dr. Roseano Medeiros da Silva<br \/>\ne-mail: dga@uern.br<\/span><br \/>\nSite:<\/p>\n<p data-raofz=\"15\"><strong>Faculdade de Servi\u00e7o Social \u2013 FASSO<br \/>\n<\/strong>Diretora: Profa. Dra. Mirla Cisne \u00c1lvaro<span style=\"font-weight: 400;\"><br \/>\n<\/span>Vice-Diretora:<span style=\"font-weight: 400;\"><br \/>\ne-mail: fasso@uern.br<\/span><br \/>\nSecret\u00e1ria:<span style=\"font-weight: 400;\"> TNM <\/span><span style=\"font-weight: 400;\">B\u00e1rbara Danielle de Oliveira Lima<\/span><br \/>\nSite: <a href=\"https:\/\/portal.uern.br\/fasso\/\">https:\/\/portal.uern.br\/fasso\/<\/a><\/p>\n<p data-raofz=\"15\"><strong>Departamento de Servi\u00e7o Social<\/strong><br \/>\nChefe: Profa. Dra. M\u00e1rcia da Silva Pereira de Castro<br \/>\nSubchefe:<span style=\"font-weight: 400;\"><br \/>\ne-mail:<\/span><br \/>\nSite:<\/p>\n<p><b>Faculdade de Educa\u00e7\u00e3o \u2013 FE<br \/>\n<\/b>Diretora: <span style=\"font-weight: 400;\">Profa. Dra. Meyre Ester Barbosa de Oliveira\u00a0<\/span><br \/>\nVice-Diretor:<span style=\"font-weight: 400;\">\u00a0 Prof. Dr. Jean Mac Cole Tavares Santos\u00a0<\/span><br \/>\nSecret\u00e1ria:\u00a0 TNS Esp. Sara Cristina do Couto Silva<span style=\"font-weight: 400;\"><br \/>\ne-mail:<\/span><\/p>\n<p><b>Departamento de Educa\u00e7\u00e3o<\/b><b><br \/>\n<\/b>Chefe: Profa. Ma. Sirleyde Dias de Almeida<br \/>\nSubchefe: Prof. Me. Manoel F\u00e1bio Rodrigues<span style=\"font-weight: 400;\"><br \/>\ne-mail:<\/span><\/p>\n<p><strong>Faculdade de Letras e Artes \u2013 FALA<\/strong><br \/>\nDiretora em exerc\u00edcio: Profa. Ma. Iara Maria Carneiro de Freitas<br \/>\nSecret\u00e1ria: TNS Esp. Ana Cl\u00e1udia Cavalcante de Castro Saldanha<span style=\"font-weight: 400;\"><br \/>\ne-mail:<\/span><br \/>\nSite:<\/p>\n<p><strong>Departamentos<\/strong><\/p>\n<p><strong>Departamento de Letras Vern\u00e1culas<\/strong><br \/>\nChefe: Prof. Dr. Mois\u00e9s Batista da Silva<br \/>\nSubchefe: Prof. Dr. Gilson Chicon Alves<span style=\"font-weight: 400;\"><br \/>\ne-mail:<\/span><br \/>\nSite:<\/p>\n<p><strong>Departamento de Letras Estrangeiras<\/strong><br \/>\nChefe: Prof. Me. Paulo Caetano Davi<br \/>\nSubchefe:<span style=\"font-weight: 400;\"><br \/>\ne-mail:<\/span><br \/>\nSite:<\/p>\n<p><strong>Departamento de Artes<\/strong><br \/>\nChefe: Prof. Dr. Renan Colombo Sim\u00f5es<br \/>\nSubchefe: Prof. Me. Daniel Augusto de Lima Mariano<span style=\"font-weight: 400;\"><br \/>\ne-mail:<\/span><br \/>\nSite:<\/p>\n<p><strong>N\u00facleo de Estudo e Ensino de L\u00ednguas \u2013 NEEL<\/strong><br \/>\nCoordenador: Prof. Dr. Wanderley da Silva<span style=\"font-weight: 400;\"><br \/>\ne-mail:<\/span><\/p>\n<p><b>Faculdade de Enfermagem \u2013 FAEN<br \/>\n<\/b>Diretor: <span style=\"font-weight: 400;\">Prof. Me. Francisco Rafael Ribeiro Soares<\/span><br \/>\nVice-Diretor:<br \/>\nSecret\u00e1ria:<span style=\"font-weight: 400;\"> TNS Esp. Joseane Garcia da Silva Bibiano<br \/>\ne-mail:<br \/>\nSite:<\/span><\/p>\n<p><b>Departamento de Enfermagem<br \/>\n<\/b>Chefe: <span style=\"font-weight: 400;\">Profa. Dra. Kal\u00eddia Felipe de Lima Costa<\/span><br \/>\nSubchefe: <span style=\"font-weight: 400;\">Profa. Dra.Am\u00e9lia Carolina Lopes Fernandes<br \/>\ne-mail:<br \/>\nSite:\u00a0<\/span><\/p>\n<p><b>Faculdade de Educa\u00e7\u00e3o F\u00edsica \u2013 FAEF<br \/>\n<\/b>Diretor:<span style=\"font-weight: 400;\"> Prof. Ma. Danielle de Sousa Bessa dos Santos\u00a0<\/span><br \/>\nVice-Diretor: <span style=\"font-weight: 400;\">Prof.<\/span>\u00a0 <span style=\"font-weight: 400;\">Me.<\/span> <span style=\"font-weight: 400;\">Luiz Felipe Ferreira da Rocha Freitas<\/span><span style=\"font-weight: 400;\">\u00a0<\/span><br \/>\nSecret\u00e1rio:\u00a0 <span style=\"font-weight: 400;\">Sant Clair Pereira de Lima Souza<br \/>\ne-mail:<br \/>\nSite:<\/span><\/p>\n<p><b>Departamento de Educa\u00e7\u00e3o F\u00edsica<br \/>\n<\/b>Chefe: <span style=\"font-weight: 400;\">Prof. Me. Edson Fonseca Pinto\u00a0<\/span><br \/>\nSubchefe: Prof. Esp. Napole\u00e3o Di\u00f3genes Pessoa Neto<span style=\"font-weight: 400;\"><br \/>\ne-mail:<\/span><br \/>\nSite:<\/p>\n<p><b>Faculdade de Filosofia e Ci\u00eancias Sociais \u2013 FAFIC<\/b><b><br \/>\n<\/b>Diretor:\u00a0 Prof. Dr. Marc\u00edlio Lima Falc\u00e3o<br \/>\nVice-Diretor: <span style=\"font-weight: 400;\">Prof. Dr. Jo\u00e3o Freire Rodrigues<\/span><br \/>\nSecret\u00e1rio:<span style=\"font-weight: 400;\"> TNS. Esp Jefferson Lima dos Santos<br \/>\ne-mail:<br \/>\nSite:\u00a0<\/span><\/p>\n<p><strong>Departamentos<\/strong><\/p>\n<p><b>Departamento de Geografia<br \/>\n<\/b>Chefe: Prof. Me. Gutemberg Henrique Dias<br \/>\nSubchefe: Prof. Me. Robson Fernandes Filgueira<span style=\"font-weight: 400;\"><br \/>\ne-mail:<\/span><br \/>\nSite:<\/p>\n<p><b>Departamento de Hist\u00f3ria<br \/>\n<\/b>Chefe: <span style=\"font-weight: 400;\">Prof. Dr. Leonardo C\u00e2ndido Rolim<br \/>\n<\/span>Subchefe: <span style=\"font-weight: 400;\">Prof. Dr.<\/span> <span style=\"font-weight: 400;\">Valdeci dos Santos J\u00fanior<br \/>\ne-mail:<br \/>\nSite:<\/span><\/p>\n<p><b>Departamento de Ci\u00eancias Sociais e Pol\u00edticas<br \/>\n<\/b>Chefe: Profa. Dra. Terezinha Cabral de Albuquerque Neta Barros<br \/>\nSubchefe: <span style=\"font-weight: 400;\">Profa. Dra. Cyntia Caroline Beserra Brasileiro<br \/>\ne-mail:<\/span><\/p>\n<p><b>Departamento de Filosofia<br \/>\n<\/b>Chefe: Prof. Dr. Josailton Fernandes de Mendon\u00e7a<br \/>\nSubchefe:<span style=\"font-weight: 400;\"><br \/>\ne-mail:<\/span><\/p>\n<p><b>Departamento de Comunica\u00e7\u00e3o Social<br \/>\n<\/b>Chefe:<span style=\"font-weight: 400;\"> Prof. Dr. Jefferson Garrido de Ara\u00fajo Neto <\/span><br \/>\nSubchefe: Prof. Me. Francisco Giovanni Fernandes Rodrigues<span style=\"font-weight: 400;\"><br \/>\ne-mail:<\/span><\/p>\n<p><b>Faculdade de Ci\u00eancias Exatas e Naturais \u2013 FANAT<br \/>\n<\/b>Diretor: Prof. Dr. Francisco Chagas de Lima J\u00fanior<br \/>\nVice-Diretor: <span style=\"font-weight: 400;\">Prof. <\/span><span style=\"font-weight: 400;\">Jos\u00e9 Egberto Mesquita Pinto J\u00fanior<\/span><span style=\"font-weight: 400;\"><br \/>\n<\/span>Secret\u00e1rio: TNS Esp. Rodrigo Vidal de Moura<span style=\"font-weight: 400;\"><br \/>\ne-mail:<\/span><\/p>\n<p><strong>Departamentos<\/strong><\/p>\n<p><b>Departamento de Matem\u00e1tica e Estat\u00edstica<br \/>\n<\/b>Chefe: Prof. Me. Rivaldo do Nascimento J\u00fanior<br \/>\nSubchefe: Profa. Ma. Aylla Gabriela Paiva de Ara\u00fajo<span style=\"font-weight: 400;\"><br \/>\ne-mail:<\/span><\/p>\n<p><strong>Departamento de F\u00edsica<br \/>\n<\/strong>Chefe: Prof. Dr. F\u00e1bio Cabral Carvalho<br \/>\nSubchefe:<span style=\"font-weight: 400;\"> Prof. Dr. Jos\u00e9 Alzamir Pereira da Costa<\/span><span style=\"font-weight: 400;\"><br \/>\ne-mail:<\/span><\/p>\n<p><b>Departamento de Qu\u00edmica<br \/>\n<\/b>Chefe:<span style=\"font-weight: 400;\"> Profa. Dra. Salah Mohamed Yusef<\/span><br \/>\nSubchefe:<span style=\"font-weight: 400;\"> Profa. Dra. Janete Jane Fernandes<br \/>\ne-mail:<\/span><\/p>\n<p><b>Departamento de Ci\u00eancias Biol\u00f3gicas<br \/>\n<\/b>Chefe: <span style=\"font-weight: 400;\">Prof. Esp. Jos\u00e9 Egberto Mesquita Pinto J\u00fanior\u00a0<\/span><br \/>\nSubchefe:<span style=\"font-weight: 400;\"><br \/>\ne-mail:<\/span><\/p>\n<p><b>Departamento de Inform\u00e1tica<br \/>\n<\/b>Chefe: <span style=\"font-weight: 400;\">Prof. Dr. Maximiliano Ara\u00fajo da Silva Lopes<\/span><br \/>\nSubchefe: Prof. Dr. Henrique Jorge Amorim Holanda<span style=\"font-weight: 400;\"><br \/>\ne-mail:<\/span><\/p>\n<p>&nbsp;<\/p>\n<p><b>Faculdade de Direito \u2013 FAD<\/b><\/p>\n<p>Diretora: <span style=\"font-weight: 400;\">Profa. Dra. Inessa da Mota Linhares Vasconcelos<\/span><br \/>\nVice-Diretor:<br \/>\nSecret\u00e1rio: TNS Esp. Ver\u00f4nica Carlos de Oliveira Rodrigues<span style=\"font-weight: 400;\"><br \/>\ne-mail:<\/span><\/p>\n<p><b>Departamento de Direito<br \/>\n<\/b>Chefe: Prof. Dr. Olavo Hamilton Ayres Freire de Andrade<br \/>\nSubchefe:<span style=\"font-weight: 400;\"><br \/>\ne-mail:<\/span><\/p>\n<p><b>N\u00facleo de Pr\u00e1tica Jur\u00eddica\/FAD<br \/>\n<\/b>Assessoramento Jur\u00eddico: Prof. Me. Rodrigo Rocha Gomes de Loiola<br \/>\nAssistente Jur\u00eddico: <span style=\"font-weight: 400;\">TNS Esp: Igor Duarte Bernardino<br \/>\ne-mail:<\/span><\/p>\n<p><b>Faculdade de Ci\u00eancias da Sa\u00fade \u2013 FACS <\/b><b><br \/>\n<\/b>Diretor<span style=\"font-weight: 400;\">: Profa. Dra. <\/span><span style=\"font-weight: 400;\">Allyssandra Maria Lima Rodrigues Maia<\/span><br \/>\nVice-Diretor<span style=\"font-weight: 400;\">: Prof. Dr.\u00a0 <\/span><span style=\"font-weight: 400;\">Jos\u00e9 Edvan de Souza J\u00fanior<\/span><br \/>\nSecret\u00e1ria:<span style=\"font-weight: 400;\"> Tec. Esp. Valqu\u00edria Maria Santos da Silva<br \/>\ne-mail:<\/span><\/p>\n<p><strong>Departamento de Ci\u00eancias Biom\u00e9dicas\u00a0<\/strong><br \/>\nChefe<span style=\"font-weight: 400;\">: <\/span>Prof. <span style=\"font-weight: 400;\">Esp<\/span>. <span style=\"font-weight: 400;\">Fabiano Rodrigues Maximino<\/span><br \/>\nSubchefe<span style=\"font-weight: 400;\">:<br \/>\ne-mail:<\/span><\/p>\n","protected":false},"excerpt":{"rendered":"<p>REITORIA Reitora: Profa. Dra. Cic\u00edlia Raquel Maia Leite e-mail: reitoria@uern.br Vice-Reitor: Prof. Dr. Francisco Dantas de Medeiros Neto e-mail: vicereitoria@uern.br CHEFIA DE GABINETE Chefe de Gabinete: Prof. Dr. Jandeson Dantas da Silva e-mail: chgab@uern.br Subchefe: Profa. Ma. Anairam de Medeiros e Silva ASSESSORIAS DA REITORIA Jur\u00eddica: TNS Me. Iata Anderson Fernandes e-mail: ajur@uern.br https:\/\/portal.uern.br\/ajur\/ Avalia\u00e7\u00e3o [&hellip;]<\/p>\n","protected":false},"author":1,"featured_media":0,"parent":0,"menu_order":0,"comment_status":"closed","ping_status":"closed","template":"","meta":[],"_links":{"self":[{"href":"https:\/\/portal.uern.br\/gabinete\/wp-json\/wp\/v2\/pages\/99004"}],"collection":[{"href":"https:\/\/portal.uern.br\/gabinete\/wp-json\/wp\/v2\/pages"}],"about":[{"href":"https:\/\/portal.uern.br\/gabinete\/wp-json\/wp\/v2\/types\/page"}],"author":[{"embeddable":true,"href":"https:\/\/portal.uern.br\/gabinete\/wp-json\/wp\/v2\/users\/1"}],"replies":[{"embeddable":true,"href":"https:\/\/portal.uern.br\/gabinete\/wp-json\/wp\/v2\/comments?post=99004"}],"version-history":[{"count":18,"href":"https:\/\/portal.uern.br\/gabinete\/wp-json\/wp\/v2\/pages\/99004\/revisions"}],"predecessor-version":[{"id":99887,"href":"https:\/\/portal.uern.br\/gabinete\/wp-json\/wp\/v2\/pages\/99004\/revisions\/99887"}],"wp:attachment":[{"href":"https:\/\/portal.uern.br\/gabinete\/wp-json\/wp\/v2\/media?parent=99004"}],"curies":[{"name":"wp","href":"https:\/\/api.w.org\/{rel}","templated":true}]}}