{"id":99002,"date":"2023-03-20T08:53:42","date_gmt":"2023-03-20T11:53:42","guid":{"rendered":"https:\/\/portal.uern.br\/gabinete\/?page_id=99002"},"modified":"2023-03-28T12:18:25","modified_gmt":"2023-03-28T15:18:25","slug":"historia","status":"publish","type":"page","link":"https:\/\/portal.uern.br\/gabinete\/historia\/","title":{"rendered":"Hist\u00f3ria"},"content":{"rendered":"<p>A UERN foi criada em 28 de setembro de 1968, pela Lei Municipal n\u00ba 20\/68. Nasceu com o nome de Universidade Regional do Rio Grande do Norte \u2013 URRN, vinculada \u00e0 Funda\u00e7\u00e3o Universidade Regional do Rio Grande do Norte \u2013 FURRN. Na hist\u00f3ria de sua cria\u00e7\u00e3o aparecem duas outras institui\u00e7\u00f5es, mostrando que a ideia de uma universidade em Mossor\u00f3 tem origem mais remota. A primeira \u00e9 a Faculdade de Ci\u00eancias Econ\u00f4micas de Mossor\u00f3, criada em 1943 pela Sociedade Uni\u00e3o Caixeiral, que j\u00e1 mantinha uma escola t\u00e9cnica de com\u00e9rcio, mas passando a funcionar, de fato, apenas em 1960. A segunda \u00e9 a FUNCITEC \u2013 Funda\u00e7\u00e3o para o Desenvolvimento da Ci\u00eancia e da T\u00e9cnica -, fundada em 1963. Com a FUNCITEC, acelerou-se a oferta do ensino superior na cidade. Sob sua coordena\u00e7\u00e3o, s\u00e3o criadas a Faculdade de Servi\u00e7o Social de Mossor\u00f3, em 1965, e o Instituto de Filosofia, Ci\u00eancias e Letras de Mossor\u00f3, no mesmo ano, com os cursos de Pedagogia, Letras, Hist\u00f3ria e Ci\u00eancias Sociais, e, em 1968, a Escola Superior de Enfermagem de Mossor\u00f3.<\/p>\n<p>Em 1968, a FUNCITEC \u00e9 transformada em universidade, agregando as quatro faculdades existentes. Seu primeiro reitor foi o professor Jo\u00e3o Batista Cascudo Rodrigues, um dos militantes mais destacados da causa da educa\u00e7\u00e3o em Mossor\u00f3, estreitamente ligado \u00e0 luta pela cria\u00e7\u00e3o da FUNCITEC e de todas as faculdades por ela mantidas. O reitor, como hoje, acumulava tamb\u00e9m a fun\u00e7\u00e3o de presidente da Funda\u00e7\u00e3o mantenedora. De 1973 a 1983, por\u00e9m, em virtude de quest\u00f5es ligadas \u00e0 pol\u00edtica local, a Funda\u00e7\u00e3o passou a ter um presidente pr\u00f3prio. Nestes 10 anos, a Funda\u00e7\u00e3o teve tr\u00eas presidentes. A partir de 1983, os reitores voltaram a acumular a fun\u00e7\u00e3o de presidente.<\/p>\n<p>Momento da assinatura, pelo ent\u00e3o Governador do Estado, Radir Pereira, da Lei Estadual n\u00ba 5.546, que estadualiza a UERN. Em 8 de janeiro de 1987.<\/p>\n<p>Desde a cria\u00e7\u00e3o, pelo menos duas fases comp\u00f5em a hist\u00f3ria da UERN \u2013 a primeira diz respeito \u00e0 sua institui\u00e7\u00e3o jur\u00eddica, a segunda, \u00e0 verticaliza\u00e7\u00e3o de seus cursos. Tr\u00eas eventos marcam essa primeira fase: a cria\u00e7\u00e3o, em 1968; a estadualiza\u00e7\u00e3o, em 1987; e o reconhecimento como universidade, em 1993, pelo MEC. Algumas caracter\u00edsticas definem esses per\u00edodos: antes da estadualiza\u00e7\u00e3o, como universidade municipal, o ensino era pago e n\u00e3o havia um corpo docente profissionalizado; estadualizada, ele se tornou gratuito e p\u00f4de-se organizar uma carreira docente, com concursos e plano de carreira; antes do reconhecimento, o registro dos diplomas expedidos pela UERN era feito pela UFRN; reconhecida, ela ganhou autonomia did\u00e1tico-cient\u00edfica. De 1974 a 1980, a UERN promoveu uma primeira expans\u00e3o, mais geogr\u00e1fica, com a cria\u00e7\u00e3o de campi avan\u00e7ados, do que acad\u00eamica. Nesse per\u00edodo, foram criados os campi avan\u00e7ados de Assu (1974), Pau dos Ferros (1977) e Patu (1980).<\/p>\n<p>A segunda fase, bem recente, \u00e9 marcada por uma nova expans\u00e3o geogr\u00e1fica da UERN e tamb\u00e9m por uma significativa expans\u00e3o acad\u00eamica, com a cria\u00e7\u00e3o de novos cursos de gradua\u00e7\u00e3o e o in\u00edcio da p\u00f3s-gradua\u00e7\u00e3o stricto-sensu. Em 2 de setembro de 2002 \u00e9 instalado o primeiro N\u00facleo Avan\u00e7ado de Educa\u00e7\u00e3o Superior, em Macau, ao qual se seguem, at\u00e9 2005, mais 10 dessas unidades. A partir de 2000, foram criados os cursos de Ci\u00eancia da Religi\u00e3o, Comunica\u00e7\u00e3o Social, Turismo, Gest\u00e3o Ambiental, Medicina e Odontologia. Em mar\u00e7o de 2008, iniciam-se os mestrados acad\u00eamicos em F\u00edsica e em Ci\u00eancia da Computa\u00e7\u00e3o; e em junho, o de Letras, com funcionamento no Campus de Pau dos Ferros.<\/p>\n<p><strong>EX-REITORES<\/strong><\/p>\n<p>At\u00e9 1983 a administra\u00e7\u00e3o superior era exercida por um presidente (Funda\u00e7\u00e3o) e um reitor (Universidade), sendo, depois, as duas fun\u00e7\u00f5es exercidas por um \u00fanico gestor, ou seja, o Presidente da Funda\u00e7\u00e3o Universidade do Estado do Rio Grande do Norte \u2013 FUERN, \u00e9, ao mesmo tempo, Reitor da Universidade do Estado do Rio Grande do Norte \u2013 UERN.<\/p>\n<p><strong>Foram Presidentes e Reitores:<\/strong><\/p>\n<p><strong>JO\u00c3O BATISTA CASCUDO RODRIGUES<\/strong><br \/>\nReitor Fundador<\/p>\n<p>Per\u00edodo da Gest\u00e3o: 28 de setembro de 1968 a janeiro de 1973<\/p>\n<p><strong>FRANCISCO CANIND\u00c9 QUEIROZ E SILVA<\/strong><br \/>\nPresidente<\/p>\n<p>Per\u00edodo da Gest\u00e3o: 22 de fevereiro de 1973 a junho de 1975<\/p>\n<p><strong>GABRIEL FERNANDES DE NEGREIROS<\/strong><br \/>\nPresidente<\/p>\n<p>Per\u00edodo da Gest\u00e3o: 03 de janeiro de 1975 a fevereiro de 1976.<\/p>\n<p><strong>MARIA GOMES DE OLIVEIRA<\/strong><br \/>\nReitora<\/p>\n<p>Per\u00edodo da Gest\u00e3o: janeiro de 1973 a janeiro de 1977<br \/>\nVice-Reitor: \u00c9lder Heronildes da Silva<\/p>\n<p><strong>ELDER HERONILDES DA SILVA<\/strong><br \/>\nReitor<\/p>\n<p>Per\u00edodo da Gest\u00e3o: 19 de janeiro de 1977 a janeiro de 1981<br \/>\nVice-Reitor: Genivan Josu\u00e9 Batista<\/p>\n<p><strong>GENIVAN JOSU\u00c9 BATISTA<\/strong><br \/>\nReitor<\/p>\n<p>Per\u00edodo da Gest\u00e3o: 8 desde 1981 a mar\u00e7o de 1983.<br \/>\nVice-Reitor: Elder Heronildes da Silva<\/p>\n<p><strong>JOS\u00c9 WALTER DA FONS\u00caCA<\/strong><br \/>\nReitor Pro Tempore<\/p>\n<p>Per\u00edodo de Gest\u00e3o: de mar\u00e7o a junho de 1983<br \/>\nVice-Reitor: Elder Heronildes da Silva<\/p>\n<p><strong>LAPLACE ROSADO COELHO<\/strong><br \/>\nPresidente<\/p>\n<p>Per\u00edodo da Gest\u00e3o: 19 de fevereiro de 1976 a fevereiro 1983<\/p>\n<p>Reitor Pro Tempore:<br \/>\n17 de junho de 1983 a julho de 1983<br \/>\nReitor: 12 de julho de 1983 a agosto de 1985<br \/>\nVice-Reitor: Elder Hernildes da Silva<\/p>\n<p><strong>S\u00c1TIRO CAVALCANTI DANTAS<\/strong><br \/>\nReitor Pro Tempore<\/p>\n<p>Per\u00edodo da Gest\u00e3o: agosto de 1985 a julho de 1987<br \/>\nVice-Reitor: Antonio de Farias Capistrano<\/p>\n<p><strong>ANT\u00d4NIO DE FARIAS CAPISTRANO<\/strong><br \/>\nReitor<\/p>\n<p>Per\u00edodo da Gest\u00e3o: julho de 1987 a setembro de 1989<br \/>\nVice-Reitor: Josaf\u00e1 In\u00e1cio da Costa<\/p>\n<p><strong>ANT\u00d4NIO GONZAGA CHIMBINHO<\/strong><br \/>\nReitor<\/p>\n<p>Per\u00edodo da Gest\u00e3o: setembro de 1989 a setembro de 1993<br \/>\nVice-Reitor: Maria das Neves Gurgel de Oliveira Castro<\/p>\n<p><strong>MARIA DAS NEVES GURGEL DE OLIVEIRA CASTRO<\/strong><br \/>\nReitora<\/p>\n<p>Per\u00edodo da Gest\u00e3o: setembro de 1993 a setembro de 1997<br \/>\nVice-Reitor: Jos\u00e9 Walter da Fonseca<\/p>\n<p><strong>JOS\u00c9 WALTER DA FONS\u00caCA<\/strong><br \/>\nReitor<\/p>\n<p>Per\u00edodo da Gest\u00e3o: \u2013 setembro de 1997 a setembro de 2001<br \/>\nVice-Reitor: L\u00facio Ney de Souza.<\/p>\n<p>Segunda gest\u00e3o: setembro de 2001 a setembro de 2005<br \/>\nVice-Reitora: Olga de Oliveira Freire<\/p>\n<p><strong>MILTON MARQUES DE MEDEIROS<\/strong><br \/>\nReitor<\/p>\n<p>Per\u00edodo da Gest\u00e3o: setembro de 2005 a setembro de 2009<br \/>\nVice-Reitor: A\u00e9cio C\u00e2ndido de Sousa<\/p>\n<p>Segunda gest\u00e3o: setembro de 2009 a setembro de 2013<\/p>\n<p><strong>PEDRO FERNANDES RIBEIRO NETO<\/strong><br \/>\nReitor<\/p>\n<p>Per\u00edodo da Gest\u00e3o: Setembro de 2013 a setembro de 2016<br \/>\nVice-Reitor: Aldo Fernandes Gondim<\/p>\n<p>Segunda gest\u00e3o: Setembro de 2017 a setembro de 2021<br \/>\nVice-Reitora: F\u00e1tima Raquel Rosado Morais<\/p>\n<p><strong>F\u00c1TIMA RAQUEL ROSADO DE MORAIS<\/strong><br \/>\nReitora em Exerc\u00edcio<\/p>\n<p>Per\u00edodo da Gest\u00e3o: outubro de 2020 a setembro 2021<\/p>\n","protected":false},"excerpt":{"rendered":"<p>A UERN foi criada em 28 de setembro de 1968, pela Lei Municipal n\u00ba 20\/68. Nasceu com o nome de Universidade Regional do Rio Grande do Norte \u2013 URRN, vinculada \u00e0 Funda\u00e7\u00e3o Universidade Regional do Rio Grande do Norte \u2013 FURRN. Na hist\u00f3ria de sua cria\u00e7\u00e3o aparecem duas outras institui\u00e7\u00f5es, mostrando que a ideia de [&hellip;]<\/p>\n","protected":false},"author":1,"featured_media":0,"parent":0,"menu_order":0,"comment_status":"closed","ping_status":"closed","template":"","meta":[],"_links":{"self":[{"href":"https:\/\/portal.uern.br\/gabinete\/wp-json\/wp\/v2\/pages\/99002"}],"collection":[{"href":"https:\/\/portal.uern.br\/gabinete\/wp-json\/wp\/v2\/pages"}],"about":[{"href":"https:\/\/portal.uern.br\/gabinete\/wp-json\/wp\/v2\/types\/page"}],"author":[{"embeddable":true,"href":"https:\/\/portal.uern.br\/gabinete\/wp-json\/wp\/v2\/users\/1"}],"replies":[{"embeddable":true,"href":"https:\/\/portal.uern.br\/gabinete\/wp-json\/wp\/v2\/comments?post=99002"}],"version-history":[{"count":2,"href":"https:\/\/portal.uern.br\/gabinete\/wp-json\/wp\/v2\/pages\/99002\/revisions"}],"predecessor-version":[{"id":99711,"href":"https:\/\/portal.uern.br\/gabinete\/wp-json\/wp\/v2\/pages\/99002\/revisions\/99711"}],"wp:attachment":[{"href":"https:\/\/portal.uern.br\/gabinete\/wp-json\/wp\/v2\/media?parent=99002"}],"curies":[{"name":"wp","href":"https:\/\/api.w.org\/{rel}","templated":true}]}}