{"id":988,"date":"2024-04-10T12:20:33","date_gmt":"2024-04-10T15:20:33","guid":{"rendered":"https:\/\/portal.uern.br\/fe\/?page_id=988"},"modified":"2024-04-10T12:20:33","modified_gmt":"2024-04-10T15:20:33","slug":"horario-de-funcionamento","status":"publish","type":"page","link":"https:\/\/portal.uern.br\/fe\/horario-de-funcionamento\/","title":{"rendered":"Hor\u00e1rio de Funcionamento"},"content":{"rendered":"<p><strong>Secret\u00e1ria da Faculdade de Educa\u00e7\u00e3o e Secretaria do Departamento de Educa\u00e7\u00e3o<\/strong><\/p>\n<p>7:00h \u00e0s 13:00h e das 16:00h \u00e0s 22:00h<\/p>\n<p><strong>Secretaria das P\u00f3s-gradua\u00e7\u00f5es<\/strong><\/p>\n<p>8:00h \u00e0s 14:00h<\/p>\n","protected":false},"excerpt":{"rendered":"<p>Secret\u00e1ria da Faculdade de Educa\u00e7\u00e3o e Secretaria do Departamento de Educa\u00e7\u00e3o 7:00h \u00e0s 13:00h e das 16:00h \u00e0s 22:00h Secretaria das P\u00f3s-gradua\u00e7\u00f5es 8:00h \u00e0s 14:00h<\/p>\n","protected":false},"author":4,"featured_media":0,"parent":0,"menu_order":0,"comment_status":"closed","ping_status":"closed","template":"","meta":{"footnotes":""},"class_list":["post-988","page","type-page","status-publish","hentry"],"_links":{"self":[{"href":"https:\/\/portal.uern.br\/fe\/wp-json\/wp\/v2\/pages\/988","targetHints":{"allow":["GET"]}}],"collection":[{"href":"https:\/\/portal.uern.br\/fe\/wp-json\/wp\/v2\/pages"}],"about":[{"href":"https:\/\/portal.uern.br\/fe\/wp-json\/wp\/v2\/types\/page"}],"author":[{"embeddable":true,"href":"https:\/\/portal.uern.br\/fe\/wp-json\/wp\/v2\/users\/4"}],"replies":[{"embeddable":true,"href":"https:\/\/portal.uern.br\/fe\/wp-json\/wp\/v2\/comments?post=988"}],"version-history":[{"count":1,"href":"https:\/\/portal.uern.br\/fe\/wp-json\/wp\/v2\/pages\/988\/revisions"}],"predecessor-version":[{"id":990,"href":"https:\/\/portal.uern.br\/fe\/wp-json\/wp\/v2\/pages\/988\/revisions\/990"}],"wp:attachment":[{"href":"https:\/\/portal.uern.br\/fe\/wp-json\/wp\/v2\/media?parent=988"}],"curies":[{"name":"wp","href":"https:\/\/api.w.org\/{rel}","templated":true}]}}