{"id":981,"date":"2024-04-10T10:50:05","date_gmt":"2024-04-10T13:50:05","guid":{"rendered":"https:\/\/portal.uern.br\/fe\/?page_id=981"},"modified":"2025-06-13T11:20:10","modified_gmt":"2025-06-13T14:20:10","slug":"perguntas-frequentes","status":"publish","type":"page","link":"https:\/\/portal.uern.br\/fe\/perguntas-frequentes\/","title":{"rendered":"Perguntas Frequentes"},"content":{"rendered":"<p><span style=\"text-decoration: underline\"><strong>DEPARTAMENTO DE EDUCA\u00c7\u00c3O<\/strong><\/span><\/p>\n<p><span style=\"color: #0000ff\">1. Como fa\u00e7o para acessar os PGCCs do curso de<\/span><br \/>\n<span style=\"color: #0000ff\">Pedagogia,\u00a0 Campus central?<\/span><\/p>\n<p>Todos os PGCCs da atual matriz curricular e da 2\u00aa matriz, bem como v\u00e1rios da primeira, est\u00e3o<br \/>\ndispon\u00edveis no site da Faculdade de Educa\u00e7\u00e3o (fe.uern.br), aba do Departamento de Educa\u00e7\u00e3o,<br \/>\nPrograma Geral do Componente Curricular atual, 2\u00aa matriz e 1\u00aa matriz.<\/p>\n<p><span style=\"color: #0000ff\">2.\u00a0Apresentei o TCC, como fa\u00e7o para entreg\u00e1-lo?<\/span><\/p>\n<p>Dentro de 30 dias ap\u00f3s a apresenta\u00e7\u00e3o do TCC, o aluno dever\u00e1 enviar o arquivo em formato .PDF<br \/>\n(n\u00e3o ser\u00e3o aceitos outros formatos e o arquivo n\u00e3o deve ultrapassar 30 MB) ao e-mail do<br \/>\nDepartamento de Educa\u00e7\u00e3o (de@uern.br), o qual deve conter:<\/p>\n<p>1.O TCC finalizado e<br \/>\nnormalizado de acordo com as<br \/>\norienta\u00e7\u00f5es estabelecidas nas Normas Brasileiras<br \/>\n(NBRs) vigentes da Associa\u00e7\u00e3o Brasileira de Normas T\u00e9cnicas<br \/>\n(ABNT).<br \/>\n2. A Digitaliza\u00e7\u00e3o da folha de<br \/>\navalia\u00e7\u00e3o\/aprova\u00e7\u00e3o assinada pela banca<br \/>\nexaminadora.<br \/>\n3. A Digitaliza\u00e7\u00e3o do Termo de<br \/>\nAutoriza\u00e7\u00e3o (modelo dispon\u00edvel no<br \/>\nsite da biblioteca central)<br \/>\ndevidamente preenchido e assinado.<\/p>\n<p><span style=\"color: #0000ff\">3.\u00a0Posso convidar um professor de outro departamento ou Institui\u00e7\u00e3o de<\/span><br \/>\n<span style=\"color: #0000ff\">Ensino para minha banca de monografia?<\/span><\/p>\n<p>Sim, por\u00e9m ele n\u00e3o pode ser orientador, orientador de monografia s\u00f3 ser\u00e1 permitido se for professor<br \/>\ndo seu departamento.<\/p>\n<p><span style=\"color: #0000ff\">4.Trabalho na educa\u00e7\u00e3o infantil posso aproveitar a carga hor\u00e1ria<\/span><br \/>\n<span style=\"color: #0000ff\">para o est\u00e1gio obrigat\u00f3rio?<\/span><\/p>\n<p>Sim. No entanto, devem ser observados os requisitos dispostos no art. 35, \u00a7 1\u00ba da Resolu\u00e7\u00e3o n\u00ba<br \/>\n06\/2015 \u2013 CONSEPE, combinado com o procedimento constante na Instru\u00e7\u00e3o Normativa n\u00ba<br \/>\n02\/2017 \u2013 PROEG. A saber, o(a) discente dever\u00e1 apresentar<br \/>\nrequerimento, \u00e0 Coordena\u00e7\u00e3o de Est\u00e1gio do Curso, fundamentado e instru\u00eddo com documento<br \/>\ncomprobat\u00f3rio do exerc\u00edcio profissional da doc\u00eancia (c\u00f3pia da CTPS ou Termo de Posse) e com<br \/>\ndeclara\u00e7\u00e3o expedida pelo dirigente da institui\u00e7\u00e3o da educa\u00e7\u00e3o b\u00e1sica na qual atua, informando<br \/>\ndisciplina e s\u00e9rie\/s em que o(a) discente-professor leciona, bem como o tempo que exerce a<br \/>\ndoc\u00eancia, o qual dever\u00e1 ser igual ou superior a um ano, e que esteja em efetivo exerc\u00edcio no<br \/>\nmomento da solicita\u00e7\u00e3o. A experi\u00eancia do est\u00e1gio n\u00e3o obrigat\u00f3rio n\u00e3o aproveita para redu\u00e7\u00e3o da<br \/>\ncarga hor\u00e1ria de est\u00e1gio obrigat\u00f3rio.<\/p>\n<p><span style=\"color: #0000ff\">5.Como fa\u00e7o para ter acesso ao Projeto Pedag\u00f3gico de Curso (PPC)?<\/span><\/p>\n<p><span style=\"color: #333300\"> O PPC est\u00e1 dispon\u00edvel para ser acessado, atrav\u00e9s do link\u00a0<a style=\"color: #333300\" href=\"https:\/\/drive.google.com\/file\/d\/1gIq6_OaIagQyIRrIBQo3wtdd_C7V976n\/view?usp=drive_link\">https:\/\/drive.google.com\/file\/d\/1gIq6_OaIagQyIRrIBQo3wtdd_C7V976n\/view?usp=drive_link<\/a><\/span><\/p>\n<p><span style=\"text-decoration: underline\">FACULDADE DE EDUCA\u00c7\u00c3O<\/span><\/p>\n<p><span style=\"color: #0000ff\">1.Fui aprovada no SISU para o turno matutino, posso<\/span><br \/>\n<span style=\"color: #0000ff\">matricular-me no turno noturno (ou vice-versa)?<\/span><\/p>\n<p>Sim, o aluno pode matricular-se no outro turno dispon\u00edvel. A ressalva que fazemos \u00e9 diante da<br \/>\ndisponibilidade de vagas. A matr\u00edcula acontece em plataforma virtual e o sistema d\u00e1 prioridade \u00e0s<br \/>\nvagas inicialmente aos alunos pertencentes ao turno de ingresso.<\/p>\n<p><span style=\"color: #0000ff\">2. J\u00e1 sou graduado, posso aproveitar componentes para este<\/span><br \/>\n<span style=\"color: #0000ff\">novo curso?<\/span><\/p>\n<p>Sim, pode aproveitar. O aluno que concluiu o curso na UERN pode realizar aproveitamento<br \/>\n\u201cautom\u00e1tico de estudo\u201d. Deve realizar o preenchimento deste formul\u00e1rio dispon\u00edvel no<br \/>\nlink\u00a0<a href=\"https:\/\/drive.google.com\/file\/d\/1IoU6ZzppHjsoF00ZD7THJPMixpG0ZTFB\/view?usp=drive_link\">https:\/\/drive.google.com\/file\/d\/1IoU6ZzppHjsoF00ZD7THJPMixpG0ZTFB\/view?usp=drive_link<\/a><br \/>\npara o email fe@uern.br juntamente com o hist\u00f3rico escolar da gradua\u00e7\u00e3o realizada<br \/>\nCaso o aluno tenha conclu\u00eddo o curso em outra universidade deve realizar o preenchimento<br \/>\ndeste formul\u00e1rio dispon\u00edvel no link\u00a0<a href=\"https:\/\/drive.google.com\/file\/d\/1aRIaL6Ke9UBSsF6h0mIxFytKViXnLS5c\/view?usp=drive_link\">https:\/\/drive.google.com\/file\/d\/1aRIaL6Ke9UBSsF6h0mIxFytKViXnLS5c\/view?usp=drive_link<\/a><br \/>\nencaminhar para o email fe@uern.br juntamente com o hist\u00f3rico escolar da gradua\u00e7\u00e3o realizada, ementas dos componentes<br \/>\nque deseja aproveitar e sistema de verifica\u00e7\u00e3o do rendimento escolar da IES de origem.<\/p>\n<p><span style=\"color: #0000ff\">3.O trancamento de componentes interfere no meu IRA?<\/span><\/p>\n<p>No calculo do IRA s\u00e3o levados em considera\u00e7\u00e3o todos os componentes curriculares conclu\u00eddos,<br \/>\ncom aprova\u00e7\u00e3o, reprova\u00e7\u00e3o por nota ou frequ\u00eancia, como tamb\u00e9m aproveitamentos. S\u00e3o exclu\u00eddos<br \/>\ndo c\u00e1lculo os componentes curriculares trancados, cancelados e dispensados, bem como as<br \/>\natividades complementares.<\/p>\n<p><span style=\"color: #0000ff\">4.Como validar as atividades complementares? Posso fazer isso<\/span><br \/>\n<span style=\"color: #0000ff\">em qualquer momento do Curso?<\/span><\/p>\n<p>O aluno deve inserir as informa\u00e7\u00f5es sobre as atividades complementares realizadas na plataforma<br \/>\n\u00edntegra e em seguida enviar os certificados digitalizados via e-mail (fe@uern.br) para que seja<br \/>\nenviado ao orientador acad\u00eamico para valida\u00e7\u00e3o.<br \/>\nEssa inser\u00e7\u00e3o pode ser feita a qualquer momento do Curso, sendo exigido para finaliza\u00e7\u00e3o da matriz<br \/>\ncurricular do Curso.<\/p>\n<p><span style=\"color: #0000ff\">5. Tenho um atestado m\u00e9dico, como proceder? Posso ser reprovada?<\/span><\/p>\n<p>Se seu atestado m\u00e9dico tiver per\u00edodo inferior a 15 dias, voc\u00ea apresenta diretamente ao professor da<br \/>\ndisciplina, caso seu atestado tenha per\u00edodo superior a 15 dias, voc\u00ea entra com pedido de exerc\u00edcio<br \/>\ndomiciliar, \u00e9 um procedimento realizado de forma on-line, via secretaria da faculdade.<br \/>\nCom o atestado m\u00e9dico, voc\u00ea n\u00e3o ser\u00e1 prejudicada ou reprovada\u2026 suas faltas n\u00e3o ser\u00e3o retiradas<br \/>\npelo professor, por\u00e9m elas ser\u00e3o abonadas, caso atinja o percentual da disciplina ao final do<br \/>\nsemestre letivo.<\/p>\n<p><span style=\"color: #0000ff\">6.Estou com meu TCE de est\u00e1gio n\u00e3o obrigat\u00f3rio e meu relat\u00f3rio, como<\/span><br \/>\n<span style=\"color: #0000ff\">fa\u00e7o?<\/span><\/p>\n<p>TCE de est\u00e1gio n\u00e3o obrigat\u00f3rio deve ser assinado pela discente, pela supervis\u00e3o de campo (local do<br \/>\nest\u00e1gio), orienta\u00e7\u00e3o de est\u00e1gio da sua faculdade e pela institui\u00e7\u00e3o(que \u00e9 a pro reitoria de assuntos<br \/>\nestudantis \u2013 PRAE). Na faculdade, o est\u00e1gio n\u00e3o obrigat\u00f3rio \u00e9 responsabilidade da secretaria da<br \/>\nfaculdade, as d\u00favidas s\u00e3o solucionadas pelo e-mail fe@uern.br.<br \/>\nSeu relat\u00f3rio de est\u00e1gio DEVE ser assinado por quem assinou seu TCE, deve ser entregue ao final<br \/>\nde cada per\u00edodo de validade do TCE, lembrando que voc\u00ea S\u00d3 RENOVA O TCE com o relat\u00f3rio em<br \/>\ndia.<\/p>\n<p><span style=\"color: #0000ff\">7.Eu iniciei o est\u00e1gio n\u00e3o obrigat\u00f3rio, mas s\u00f3 passei um m\u00eas, preciso fazer relat\u00f3rio?<\/span><\/p>\n<p>Sim. O relat\u00f3rio deve ser feito para QUALQUER PER\u00cdODO de desenvolvimento do est\u00e1gio.<br \/>\nPerguntas frequentes que recebemos mas que fazem parte de d\u00favidas gerais de alunos da Institui\u00e7\u00e3o<\/p>\n<p><span style=\"color: #0000ff\">8.Como fa\u00e7o para receber meu diploma?<\/span><\/p>\n<p>O aluno deve procurar a Diretoria de Registro e Controle Acad\u00eamico (DIRCA). Pode entrar em contato atrav\u00e9s do e-mail sec.dirca@uern.br<\/p>\n","protected":false},"excerpt":{"rendered":"<p>DEPARTAMENTO DE EDUCA\u00c7\u00c3O 1. Como fa\u00e7o para acessar os PGCCs do curso de Pedagogia,\u00a0 Campus central? Todos os PGCCs da atual matriz curricular e da 2\u00aa matriz, bem como v\u00e1rios da primeira, est\u00e3o dispon\u00edveis no site da Faculdade de Educa\u00e7\u00e3o (fe.uern.br), aba do Departamento de Educa\u00e7\u00e3o, Programa Geral do Componente Curricular atual, 2\u00aa matriz e [&hellip;]<\/p>\n","protected":false},"author":4,"featured_media":0,"parent":0,"menu_order":0,"comment_status":"closed","ping_status":"closed","template":"","meta":{"footnotes":""},"class_list":["post-981","page","type-page","status-publish","hentry"],"_links":{"self":[{"href":"https:\/\/portal.uern.br\/fe\/wp-json\/wp\/v2\/pages\/981","targetHints":{"allow":["GET"]}}],"collection":[{"href":"https:\/\/portal.uern.br\/fe\/wp-json\/wp\/v2\/pages"}],"about":[{"href":"https:\/\/portal.uern.br\/fe\/wp-json\/wp\/v2\/types\/page"}],"author":[{"embeddable":true,"href":"https:\/\/portal.uern.br\/fe\/wp-json\/wp\/v2\/users\/4"}],"replies":[{"embeddable":true,"href":"https:\/\/portal.uern.br\/fe\/wp-json\/wp\/v2\/comments?post=981"}],"version-history":[{"count":1,"href":"https:\/\/portal.uern.br\/fe\/wp-json\/wp\/v2\/pages\/981\/revisions"}],"predecessor-version":[{"id":982,"href":"https:\/\/portal.uern.br\/fe\/wp-json\/wp\/v2\/pages\/981\/revisions\/982"}],"wp:attachment":[{"href":"https:\/\/portal.uern.br\/fe\/wp-json\/wp\/v2\/media?parent=981"}],"curies":[{"name":"wp","href":"https:\/\/api.w.org\/{rel}","templated":true}]}}