{"id":228,"date":"2022-09-16T15:55:47","date_gmt":"2022-09-16T18:55:47","guid":{"rendered":"https:\/\/paisdemossoro.com.br\/wordpress\/fe\/?page_id=228"},"modified":"2025-06-27T09:42:23","modified_gmt":"2025-06-27T12:42:23","slug":"gestao","status":"publish","type":"page","link":"https:\/\/portal.uern.br\/fe\/gestao\/","title":{"rendered":"Gest\u00e3o"},"content":{"rendered":"<ul>\n<li>\n<h5>DIRE\u00c7\u00c3O DA FACULDADE DE EDUCA\u00c7\u00c3O<\/h5>\n<\/li>\n<\/ul>\n<p><strong>Diretora da Faculdade de Educa\u00e7\u00e3o<\/strong><\/p>\n<p>Prof\u00aa Dr\u00aa. Meyre Ester Barbosa de Oliveira<\/p>\n<p>E-mail:\u00a0meyreoliveira@uern.br<\/p>\n<p><strong>Vice-Diretor da Faculdade de Educa\u00e7\u00e3o<\/strong><\/p>\n<p>&nbsp;<\/p>\n<p>&nbsp;<\/p>\n<p><strong>Secret\u00e1ria da Faculdade de Educa\u00e7\u00e3o<\/strong><\/p>\n<p>TNS Sara Cristina do Couto Silva<\/p>\n<p>E-mail: saracouto@uern.br<\/p>\n<p><strong>Auxiliares de Secretaria<\/strong><\/p>\n<p>TNM Elo\u00edsa Cristina Granjeiro Braga Sobral<\/p>\n<p>E-mail: eloisabraga@uern.br<\/p>\n<p>TNM Raimundo Nonato de Lima<\/p>\n<p>E-mail:\u00a0nonatolima@uern.br<\/p>\n<p><strong>contatos:\u00a0\u00a0fe@uern.br\u00a0<\/strong><\/p>\n<p>&nbsp;<\/p>\n<ul>\n<li>\n<h5>DEPARTAMENTO DE EDUCA\u00c7\u00c3O<\/h5>\n<\/li>\n<\/ul>\n<p><strong>Chefe do Departamento de Educa\u00e7\u00e3o\u00a0<\/strong><\/p>\n<p>Prof\u00aa Me. Alexsandro Donato Carvalho<\/p>\n<p>E-mail: alexsandrodonato@uern.br<\/p>\n<p><strong>Subchefe do Departamento de Educa\u00e7\u00e3o\u00a0<\/strong><\/p>\n<p>Prof. Me. Jos\u00e9 Evangelista de Lima<\/p>\n<p>E-mail: joselima@uern.br<\/p>\n<p><strong>Secret\u00e1ria do Departamento de Educa\u00e7\u00e3o<\/strong><\/p>\n<p>TNM\u00a0Caroline Pereira Rebou\u00e7as<\/p>\n<p>E-mail:\u00a0carolinepereira@uern.br<\/p>\n<p><strong>Auxiliares de Secretaria<\/strong><\/p>\n<p>TNS Kassandra Walesquey Guedes de Lima<\/p>\n<p>E-mail: kassandrawalesquey@uern.br<\/p>\n<p>TNS Francinilda Honorato dos Santos<\/p>\n<p>E-mail: francinildasantos@uern.br<\/p>\n<p><strong>contatos: de@uern.br\u00a0<\/strong><\/p>\n<p>&nbsp;<\/p>\n<p>&nbsp;<\/p>\n","protected":false},"excerpt":{"rendered":"<p>DIRE\u00c7\u00c3O DA FACULDADE DE EDUCA\u00c7\u00c3O Diretora da Faculdade de Educa\u00e7\u00e3o Prof\u00aa Dr\u00aa. Meyre Ester Barbosa de Oliveira E-mail:\u00a0meyreoliveira@uern.br Vice-Diretor da Faculdade de Educa\u00e7\u00e3o &nbsp; &nbsp; Secret\u00e1ria da Faculdade de Educa\u00e7\u00e3o TNS Sara Cristina do Couto Silva E-mail: saracouto@uern.br Auxiliares de Secretaria TNM Elo\u00edsa Cristina Granjeiro Braga Sobral E-mail: eloisabraga@uern.br TNM Raimundo Nonato de Lima E-mail:\u00a0nonatolima@uern.br [&hellip;]<\/p>\n","protected":false},"author":1,"featured_media":0,"parent":0,"menu_order":0,"comment_status":"closed","ping_status":"closed","template":"","meta":{"footnotes":""},"class_list":["post-228","page","type-page","status-publish","hentry"],"_links":{"self":[{"href":"https:\/\/portal.uern.br\/fe\/wp-json\/wp\/v2\/pages\/228","targetHints":{"allow":["GET"]}}],"collection":[{"href":"https:\/\/portal.uern.br\/fe\/wp-json\/wp\/v2\/pages"}],"about":[{"href":"https:\/\/portal.uern.br\/fe\/wp-json\/wp\/v2\/types\/page"}],"author":[{"embeddable":true,"href":"https:\/\/portal.uern.br\/fe\/wp-json\/wp\/v2\/users\/1"}],"replies":[{"embeddable":true,"href":"https:\/\/portal.uern.br\/fe\/wp-json\/wp\/v2\/comments?post=228"}],"version-history":[{"count":6,"href":"https:\/\/portal.uern.br\/fe\/wp-json\/wp\/v2\/pages\/228\/revisions"}],"predecessor-version":[{"id":1287,"href":"https:\/\/portal.uern.br\/fe\/wp-json\/wp\/v2\/pages\/228\/revisions\/1287"}],"wp:attachment":[{"href":"https:\/\/portal.uern.br\/fe\/wp-json\/wp\/v2\/media?parent=228"}],"curies":[{"name":"wp","href":"https:\/\/api.w.org\/{rel}","templated":true}]}}