{"id":222,"date":"2022-09-16T15:48:38","date_gmt":"2022-09-16T18:48:38","guid":{"rendered":"https:\/\/paisdemossoro.com.br\/wordpress\/fe\/?page_id=222"},"modified":"2025-06-12T11:54:15","modified_gmt":"2025-06-12T14:54:15","slug":"apresentacao","status":"publish","type":"page","link":"https:\/\/portal.uern.br\/fe\/apresentacao\/","title":{"rendered":"Apresenta\u00e7\u00e3o"},"content":{"rendered":"<p>&nbsp;<\/p>\n<p>&nbsp;<\/p>\n<table style=\"border-collapse: collapse;width: 100%\">\n<tbody>\n<tr>\n<td style=\"width: 33.3333%\"><img fetchpriority=\"high\" decoding=\"async\" class=\"alignleft wp-image-1206 \" src=\"https:\/\/portal.uern.br\/fe\/wp-content\/uploads\/2025\/06\/WhatsApp-Image-2025-06-12-at-10.50.31-2-1-300x225.jpeg\" alt=\"\" width=\"352\" height=\"264\" srcset=\"https:\/\/portal.uern.br\/fe\/wp-content\/uploads\/2025\/06\/WhatsApp-Image-2025-06-12-at-10.50.31-2-1-300x225.jpeg 300w, https:\/\/portal.uern.br\/fe\/wp-content\/uploads\/2025\/06\/WhatsApp-Image-2025-06-12-at-10.50.31-2-1-1024x768.jpeg 1024w, https:\/\/portal.uern.br\/fe\/wp-content\/uploads\/2025\/06\/WhatsApp-Image-2025-06-12-at-10.50.31-2-1-768x576.jpeg 768w, https:\/\/portal.uern.br\/fe\/wp-content\/uploads\/2025\/06\/WhatsApp-Image-2025-06-12-at-10.50.31-2-1.jpeg 1280w\" sizes=\"(max-width: 352px) 100vw, 352px\" \/><\/td>\n<td style=\"width: 33.3333%\"><img decoding=\"async\" class=\"aligncenter wp-image-1205\" src=\"https:\/\/portal.uern.br\/fe\/wp-content\/uploads\/2025\/06\/WhatsApp-Image-2025-06-12-at-10.50.31-1-300x225.jpeg\" alt=\"\" width=\"391\" height=\"293\" srcset=\"https:\/\/portal.uern.br\/fe\/wp-content\/uploads\/2025\/06\/WhatsApp-Image-2025-06-12-at-10.50.31-1-300x225.jpeg 300w, https:\/\/portal.uern.br\/fe\/wp-content\/uploads\/2025\/06\/WhatsApp-Image-2025-06-12-at-10.50.31-1-1024x768.jpeg 1024w, https:\/\/portal.uern.br\/fe\/wp-content\/uploads\/2025\/06\/WhatsApp-Image-2025-06-12-at-10.50.31-1-768x576.jpeg 768w, https:\/\/portal.uern.br\/fe\/wp-content\/uploads\/2025\/06\/WhatsApp-Image-2025-06-12-at-10.50.31-1.jpeg 1280w\" sizes=\"(max-width: 391px) 100vw, 391px\" \/><\/td>\n<td style=\"width: 33.3333%\"><img decoding=\"async\" class=\"wp-image-1203 alignright\" src=\"https:\/\/portal.uern.br\/fe\/wp-content\/uploads\/2025\/06\/WhatsApp-Image-2025-06-12-at-10.50.31-3-300x225.jpeg\" alt=\"\" width=\"361\" height=\"271\" srcset=\"https:\/\/portal.uern.br\/fe\/wp-content\/uploads\/2025\/06\/WhatsApp-Image-2025-06-12-at-10.50.31-3-300x225.jpeg 300w, https:\/\/portal.uern.br\/fe\/wp-content\/uploads\/2025\/06\/WhatsApp-Image-2025-06-12-at-10.50.31-3-1024x768.jpeg 1024w, https:\/\/portal.uern.br\/fe\/wp-content\/uploads\/2025\/06\/WhatsApp-Image-2025-06-12-at-10.50.31-3-768x576.jpeg 768w, https:\/\/portal.uern.br\/fe\/wp-content\/uploads\/2025\/06\/WhatsApp-Image-2025-06-12-at-10.50.31-3.jpeg 1280w\" sizes=\"(max-width: 361px) 100vw, 361px\" \/><\/td>\n<\/tr>\n<\/tbody>\n<\/table>\n<p>&nbsp;<\/p>\n<p><span style=\"font-size: 14pt\"><span style=\"font-weight: 400\">O Curso de Pedagogia ofertado pela Faculdade de Educa\u00e7\u00e3o da Universidade do Estado do Rio Grande do Norte \u2013 FE\/UERN \u00e9 anterior a cria\u00e7\u00e3o da pr\u00f3pria UERN. Institu\u00eddo por meio da Resolu\u00e7\u00e3o do CEE n. 126 de 16 de novembro de 1966, passou a funcionar no ano seguinte, 1967, no \u00e2mbito da Faculdade de Filosofia, Ci\u00eancias e Letras de Mossor\u00f3, com uma turma de Administra\u00e7\u00e3o Escolar. Com a instala\u00e7\u00e3o da Universidade Regional do Rio Grande do Norte em 1968, a referida faculdade \u00e9 desmembrada em Faculdade de Educa\u00e7\u00e3o de Mossor\u00f3, Instituto de Ci\u00eancias Humanas e Instituto de Letras e Artes (Oliveira, 2017). Posteriormente, o curso de Pedagogia passou a oferecer a habilita\u00e7\u00e3o para Estudo das Disciplinas e Atividades Pr\u00e1ticas (EDAPE). Em 1973, foi reconhecido por meio do Decreto no 72.263, de 15 de maio de 1973 (ANEXO 1), com as habilita\u00e7\u00f5es: Magist\u00e9rio das Mat\u00e9rias Pedag\u00f3gicas do 2\u00ba Grau e Administra\u00e7\u00e3o Escolar do 1\u00ba e 2\u00ba Graus. No ano seguinte, passou a ofertar mais uma habilita\u00e7\u00e3o: Supervis\u00e3o Escolar (1974) e, quatro anos ap\u00f3s, a habilita\u00e7\u00e3o de Orienta\u00e7\u00e3o Educacional (1978)<\/span><span style=\"font-weight: 400\">.<\/span><\/span><\/p>\n<p><span style=\"font-weight: 400;font-size: 14pt\">Nesse contexto, a organiza\u00e7\u00e3o curricular se configurava a partir da divis\u00e3o do curso em duas etapas: na primeira, que compreendia os dois primeiros anos do curso, ofertavam-se as disciplinas do tronco comum; na segunda parte, que correspondia aos dois \u00faltimos anos, eram ministradas as disciplinas correspondentes a habilita\u00e7\u00e3o escolhida pelo aluno. Vale ressaltar, que desde ent\u00e3o, coube \u00e0 Faculdade ofertar a forma\u00e7\u00e3o pedag\u00f3gica dos cursos de licenciatura da UERN.<\/span><\/p>\n<p><span style=\"font-size: 14pt\"><span style=\"font-weight: 400\">No in\u00edcio da d\u00e9cada de 1990 a FE participou, em conjunto com as demais institui\u00e7\u00f5es e entidades que discutem a forma\u00e7\u00e3o do pedagogo no pa\u00eds, de um amplo processo de discuss\u00e3o sobre as novas proposi\u00e7\u00f5es para o Curso de Pedagogia, culminando, no ano de 1995, com a reformula\u00e7\u00e3o curricular. Esse processo resultou na extin\u00e7\u00e3o da oferta das habilita\u00e7\u00f5es anteriores,<\/span> <span style=\"font-weight: 400\">criando-se a habilita\u00e7\u00e3o voltada para a doc\u00eancia nos anos iniciais do Ensino Fundamental. A base dessa reformula\u00e7\u00e3o apontava para a forma\u00e7\u00e3o do pedagogo generalista, sendo a doc\u00eancia sua principal atividade e se inseriu em \u201cuma ampla, longa e discutida reforma na organiza\u00e7\u00e3o dos cursos de gradua\u00e7\u00e3o e na forma\u00e7\u00e3o dos profissionais da educa\u00e7\u00e3o no Brasil.\u201d (Scheibe, 2007).<\/span><\/span><\/p>\n<p><span style=\"font-weight: 400;font-size: 14pt\">Em conson\u00e2ncia com o avan\u00e7o das discuss\u00f5es em torno da forma\u00e7\u00e3o de professores da educa\u00e7\u00e3o b\u00e1sica e em atendimento a legisla\u00e7\u00e3o nacional que trata sobre a mat\u00e9ria, a FE vivenciou um processo din\u00e2mico de discuss\u00e3o que culminou com a proposi\u00e7\u00e3o de uma reformula\u00e7\u00e3o curricular para o curso de Pedagogia. Nesse sentido, o Conselho Acad\u00eamico Administrativo (CONSAD) da FE, compreendendo a necessidade de ressignificar o perfil e a atua\u00e7\u00e3o profissional do pedagogo, indicados nas Diretrizes Curriculares Nacionais do Curso de Pedagogia, aprovou, em 2007, o Projeto Pedag\u00f3gico do referido curso, cuja matriz permanece vigente.<\/span><\/p>\n<p><span style=\"font-weight: 400;font-size: 14pt\">A proposta que entrou em vigor a partir de 2007 segue o que orientam as diretrizes curriculares para o curso de Pedagogia, expressas por meio da Resolu\u00e7\u00e3o CNE\/CP n\u00ba 1, de 15 de maio de 2006 e, portanto, amplia a forma\u00e7\u00e3o do pedagogo para atuar na doc\u00eancia da educa\u00e7\u00e3o infantil, anos iniciais do ensino fundamental, educa\u00e7\u00e3o de jovens e adultos e na gest\u00e3o de processos educativos, em espa\u00e7os escolares e n\u00e3o escolares. Esta op\u00e7\u00e3o pol\u00edtico-pedag\u00f3gica se respalda a partir de duas raz\u00f5es: a primeira refere-se \u00e0 demanda social\/local por amplia\u00e7\u00e3o da forma\u00e7\u00e3o do pedagogo para al\u00e9m da educa\u00e7\u00e3o infantil e anos iniciais e a segunda diz respeito \u201cao atendimento daquilo que est\u00e1 convencionado para o campo epistemol\u00f3gico da Pedagogia &#8211; conforme a realidade brasileira &#8211; pelas Diretrizes Curriculares Nacionais &#8211; DCN.\u201d (PPC M, 2012, p. 15).<\/span><\/p>\n<p><span style=\"font-weight: 400;font-size: 14pt\">Cabe real\u00e7ar que ao longo das \u00faltimas d\u00e9cadas, o Curso de Pedagogia da UERN, por meio da Faculdade de Educa\u00e7\u00e3o (FE), expandiu significativamente sua experi\u00eancia na forma\u00e7\u00e3o inicial e continuada de professores, tanto na gradua\u00e7\u00e3o quanto na p\u00f3s-gradua\u00e7\u00e3o, lato e stricto sensu. Essa amplia\u00e7\u00e3o se deu pela oferta de cursos de gradua\u00e7\u00e3o voltados para demandas espec\u00edficas, pela participa\u00e7\u00e3o em programas de forma\u00e7\u00e3o promovidos pelo governo federal, bem como pela disponibiliza\u00e7\u00e3o de cursos de p\u00f3s-gradua\u00e7\u00e3o nas modalidades lato e stricto sensu.<\/span><\/p>\n<p><span style=\"font-weight: 400;font-size: 14pt\">Em todas essas experi\u00eancias formativas o colegiado do curso de Pedagogia (FE\/UERN) ampliou sua expertise na produ\u00e7\u00e3o e difus\u00e3o de conhecimento, por meio do fortalecimento da articula\u00e7\u00e3o ensino, pesquisa e extens\u00e3o e da parceria com a rede b\u00e1sica de ensino e demais institui\u00e7\u00f5es nas quais ocorre o trabalho pedag\u00f3gico, com vistas a excel\u00eancia na forma\u00e7\u00e3o de pessoas, em conformidade com a vis\u00e3o de futuro institucional, expressa no PDI (UERN, 2016).<\/span><\/p>\n","protected":false},"excerpt":{"rendered":"<p>&nbsp; &nbsp; &nbsp; O Curso de Pedagogia ofertado pela Faculdade de Educa\u00e7\u00e3o da Universidade do Estado do Rio Grande do Norte \u2013 FE\/UERN \u00e9 anterior a cria\u00e7\u00e3o da pr\u00f3pria UERN. Institu\u00eddo por meio da Resolu\u00e7\u00e3o do CEE n. 126 de 16 de novembro de 1966, passou a funcionar no ano seguinte, 1967, no \u00e2mbito da [&hellip;]<\/p>\n","protected":false},"author":1,"featured_media":0,"parent":0,"menu_order":0,"comment_status":"closed","ping_status":"closed","template":"","meta":{"footnotes":""},"class_list":["post-222","page","type-page","status-publish","hentry"],"_links":{"self":[{"href":"https:\/\/portal.uern.br\/fe\/wp-json\/wp\/v2\/pages\/222","targetHints":{"allow":["GET"]}}],"collection":[{"href":"https:\/\/portal.uern.br\/fe\/wp-json\/wp\/v2\/pages"}],"about":[{"href":"https:\/\/portal.uern.br\/fe\/wp-json\/wp\/v2\/types\/page"}],"author":[{"embeddable":true,"href":"https:\/\/portal.uern.br\/fe\/wp-json\/wp\/v2\/users\/1"}],"replies":[{"embeddable":true,"href":"https:\/\/portal.uern.br\/fe\/wp-json\/wp\/v2\/comments?post=222"}],"version-history":[{"count":5,"href":"https:\/\/portal.uern.br\/fe\/wp-json\/wp\/v2\/pages\/222\/revisions"}],"predecessor-version":[{"id":1209,"href":"https:\/\/portal.uern.br\/fe\/wp-json\/wp\/v2\/pages\/222\/revisions\/1209"}],"wp:attachment":[{"href":"https:\/\/portal.uern.br\/fe\/wp-json\/wp\/v2\/media?parent=222"}],"curies":[{"name":"wp","href":"https:\/\/api.w.org\/{rel}","templated":true}]}}