{"id":220,"date":"2022-09-16T15:47:17","date_gmt":"2022-09-16T18:47:17","guid":{"rendered":"https:\/\/paisdemossoro.com.br\/wordpress\/fe\/?page_id=220"},"modified":"2025-06-27T09:45:16","modified_gmt":"2025-06-27T12:45:16","slug":"pos-graduacao","status":"publish","type":"page","link":"https:\/\/portal.uern.br\/fe\/pos-graduacao\/","title":{"rendered":"P\u00f3s-Gradua\u00e7\u00e3o"},"content":{"rendered":"<p>&nbsp;<\/p>\n<p><a href=\"https:\/\/sigaa.uern.br\/sigaa\/public\/programa\/portal.jsf?lc=pt_BR&amp;id=1063\">1 &#8211; Programa de P\u00f3s-Gradua\u00e7\u00e3o em Educa\u00e7\u00e3o &#8211; POSEDUC<\/a><\/p>\n<p>Equipe<\/p>\n<p><strong>Coordenador<\/strong><\/p>\n<p>Prof. Dr. Allan Solano Souza<\/p>\n<p>E-mail:\u00a0allansouza@uern.br<\/p>\n<p><strong>Vice-coordenador<\/strong><\/p>\n<p>Prof. Dr.\u00a0J\u00falio Ribeiro Soares<\/p>\n<p>E-mail:\u00a0julioribeiro@uern.br<\/p>\n<p><strong>Secret\u00e1ria<\/strong><\/p>\n<p>TNS\u00a0Adiza Cristiane Avelino Bezerra<\/p>\n<p>E-mail:\u00a0adizabezerra@uern.br<\/p>\n<p><strong>contato: educacao@mestrado.uern.br \/ (84)\u00a03314.3452<\/strong><\/p>\n<p>APRESENTA\u00c7\u00c3O<\/p>\n<p>Os processos formativos em contextos locais precisam ser investigados de maneira circunstanciada para se apreender as peculiaridades que marcam os sujeitos e suas pr\u00e1ticas sociais, constituindo-se em interven\u00e7\u00f5es no \u00e2mbito das pol\u00edticas, do curr\u00edculo, da gest\u00e3o, da doc\u00eancia, da diversidade e da inclus\u00e3o, seja no espa\u00e7o escolar ou n\u00e3o escolar, tendo sempre no horizonte a melhoria da qualidade da educa\u00e7\u00e3o b\u00e1sica e superior de nosso pa\u00eds.<\/p>\n<p>Os contextos locais n\u00e3o passam pela mera agrega\u00e7\u00e3o geogr\u00e1fica, o que os levaria a ser confundidos com a esfera regional, incorrendo-se na esteira do localismo por si mesmo. S\u00e3o inst\u00e2ncias que abrem perspectivas para o conhecimento que estabelece rela\u00e7\u00f5es com as m\u00faltiplas determina\u00e7\u00f5es de uma determinada realidade. Os contextos locais n\u00e3o se circunscrevem apenas ao local enquanto espa\u00e7o geogr\u00e1fico de uma cidade, por exemplo, mas s\u00e3o refer\u00eancias que podem variar em suas escalas. Dessa forma, os contextos locais podem referir-se ao que particularizam as cidades, as regi\u00f5es, o pa\u00eds.<\/p>\n<p><a href=\"https:\/\/sigaa.uern.br\/sigaa\/public\/programa\/apresentacao.jsf?lc=pt_BR&amp;id=1049\">2- Programa de P\u00f3s-Gradua\u00e7\u00e3o em Ensino &#8211; POSENSINO<\/a><\/p>\n<p><b>Equipe<\/b><\/p>\n<p><strong>Coordenador<\/strong><\/p>\n<p>Prof. Dr. Guilherme Paiva de Carvalho<\/p>\n<p>E-mail:\u00a0 guilhermepaiva@uern.br<\/p>\n<p><strong>Vice-coordenador<\/strong><\/p>\n<p>&nbsp;<\/p>\n<p>&nbsp;<\/p>\n<p><strong>Secret\u00e1ria<\/strong><\/p>\n<p>TNM Adna Raquel Moraes Barreto<\/p>\n<p>E-mail: adnamorais@uern.br<\/p>\n<p><strong>APRESENTA\u00c7\u00c3O<\/strong><\/p>\n<p>O Programa de P\u00f3s-Gradua\u00e7\u00e3o\u00a0stricto sensu\u00a0em Ensino (POSENSINO), associa\u00e7\u00e3o UERN, UFERSA e IFRN, assume como compromisso o desenvolvimento da pesquisa te\u00f3rico-pr\u00e1tica nos diversos n\u00edveis, modalidades e \u00e1reas de ensino, dando \u00eanfase no processo ensino-aprendizagem na escola p\u00fablica. Pretende ainda possibilitar uma vis\u00e3o integradora e interdisciplinar da a\u00e7\u00e3o docente, capacitando para a doc\u00eancia e para a pesquisa na \u00e1rea de Ensino nos m\u00faltiplos espa\u00e7os da escola p\u00fablica.<\/p>\n<p>P\u00fablico-alvo:\u00a0Os cursos de Mestrado e Doutorado Acad\u00eamico em Ensino ofertados no POSENSINO s\u00e3o destinados aos profissionais, portadores de diploma de gradua\u00e7\u00e3o e mestrado, respectivamente, obtidos em cursos reconhecidos pelo Minist\u00e9rio da Educa\u00e7\u00e3o, que atuam ou tenham interesse em atuar em institui\u00e7\u00f5es p\u00fablicas de ensino.<\/p>\n<p><a href=\"https:\/\/sigaa.uern.br\/sigaa\/public\/programa\/portal.jsf?lc=pt_BR&amp;id=1391\">3- Mestrado Profissional em Educa\u00e7\u00e3o Inclusiva em Rede Nacional &#8211; PROFEI<\/a><\/p>\n<p><strong>Equipe<\/strong><\/p>\n<p><strong>Coordenador<\/strong><\/p>\n<p>Prof\u00aa. Dr\u00aa Francisca Maria Gomes Cabral<\/p>\n<p>E-mail: franciscacabral@uern.br<\/p>\n<p><strong>Vice-coordenador<\/strong><\/p>\n<p>Prof\u00aa Dra\u00aa Giovana Carla Cardoso Amorim<\/p>\n<p>E-mail: giovanacarla@uern.br<\/p>\n<p><strong>Secret\u00e1ria<\/strong><\/p>\n<p>TNM Eloisa Cristina Granjeiro Braga Sobral<\/p>\n<p>E-mail: eloisabraga@uern.br<\/p>\n<p><strong>APRESENTA\u00c7\u00c3O<\/strong><\/p>\n<p>O Mestrado Profissional em Educa\u00e7\u00e3o Inclusiva em Rede Nacional (PROFEI) possui como\u00a0justificativa\u00a0principal o aumento expressivo de matr\u00edculas de pessoas com defici\u00eancia na Educa\u00e7\u00e3o B\u00e1sica e Superior. Al\u00e9m disso, promove tamb\u00e9m estudos acerca das tem\u00e1ticas relacionadas com a diversidade humana. Por essa raz\u00e3o, implica em uma demanda de aprimoramento profissional dos professores em todo o territ\u00f3rio nacional, sendo uma forma\u00e7\u00e3o continuada em conson\u00e2ncia com as pol\u00edticas p\u00fablicas de inclus\u00e3o escolar e uso das tecnologias digitais de informa\u00e7\u00e3o e comunica\u00e7\u00e3o (TDIC).<\/p>\n<p>O PROFEI \u00e9 um\u00a0curso de ensino h\u00edbrido\u00a0com oferta simult\u00e2nea nacional, constitu\u00eddo por uma Rede Nacional de Institui\u00e7\u00f5es de Ensino Superior que confere o t\u00edtulo de Mestre\/a em Educa\u00e7\u00e3o Inclusiva.<\/p>\n<p>O curso de Mestrado Profissional em Educa\u00e7\u00e3o Inclusiva tem como\u00a0objetivo principal\u00a0oferecer primordialmente forma\u00e7\u00e3o continuada e em servi\u00e7o para professores\/as da rede p\u00fablica de educa\u00e7\u00e3o b\u00e1sica para que aprimorem seu repert\u00f3rio de conhecimentos e saberes, podendo promover o desenvolvimento de Estudantes P\u00fablico Alvo da Educa\u00e7\u00e3o Especial EPAEE) no contexto escolar, pomovendo situa\u00e7\u00f5es de ensino e aprendizagens com vistas \u00e0 inclus\u00e3o desses estudantes.<\/p>\n","protected":false},"excerpt":{"rendered":"<p>&nbsp; 1 &#8211; Programa de P\u00f3s-Gradua\u00e7\u00e3o em Educa\u00e7\u00e3o &#8211; POSEDUC Equipe Coordenador Prof. Dr. Allan Solano Souza E-mail:\u00a0allansouza@uern.br Vice-coordenador Prof. Dr.\u00a0J\u00falio Ribeiro Soares E-mail:\u00a0julioribeiro@uern.br Secret\u00e1ria TNS\u00a0Adiza Cristiane Avelino Bezerra E-mail:\u00a0adizabezerra@uern.br contato: educacao@mestrado.uern.br \/ (84)\u00a03314.3452 APRESENTA\u00c7\u00c3O Os processos formativos em contextos locais precisam ser investigados de maneira circunstanciada para se apreender as peculiaridades que marcam os [&hellip;]<\/p>\n","protected":false},"author":1,"featured_media":0,"parent":0,"menu_order":0,"comment_status":"closed","ping_status":"closed","template":"","meta":{"footnotes":""},"class_list":["post-220","page","type-page","status-publish","hentry"],"_links":{"self":[{"href":"https:\/\/portal.uern.br\/fe\/wp-json\/wp\/v2\/pages\/220","targetHints":{"allow":["GET"]}}],"collection":[{"href":"https:\/\/portal.uern.br\/fe\/wp-json\/wp\/v2\/pages"}],"about":[{"href":"https:\/\/portal.uern.br\/fe\/wp-json\/wp\/v2\/types\/page"}],"author":[{"embeddable":true,"href":"https:\/\/portal.uern.br\/fe\/wp-json\/wp\/v2\/users\/1"}],"replies":[{"embeddable":true,"href":"https:\/\/portal.uern.br\/fe\/wp-json\/wp\/v2\/comments?post=220"}],"version-history":[{"count":6,"href":"https:\/\/portal.uern.br\/fe\/wp-json\/wp\/v2\/pages\/220\/revisions"}],"predecessor-version":[{"id":1288,"href":"https:\/\/portal.uern.br\/fe\/wp-json\/wp\/v2\/pages\/220\/revisions\/1288"}],"wp:attachment":[{"href":"https:\/\/portal.uern.br\/fe\/wp-json\/wp\/v2\/media?parent=220"}],"curies":[{"name":"wp","href":"https:\/\/api.w.org\/{rel}","templated":true}]}}