{"id":201,"date":"2022-06-10T08:17:16","date_gmt":"2022-06-10T11:17:16","guid":{"rendered":"https:\/\/paisdemossoro.com.br\/wordpress\/fe\/?page_id=201"},"modified":"2025-06-12T11:49:06","modified_gmt":"2025-06-12T14:49:06","slug":"home","status":"publish","type":"page","link":"https:\/\/portal.uern.br\/fe\/","title":{"rendered":"Home"},"content":{"rendered":"\t\t<div data-elementor-type=\"wp-page\" data-elementor-id=\"201\" class=\"elementor elementor-201\" data-elementor-post-type=\"page\">\n\t\t\t\t\t\t<section class=\"elementor-section elementor-top-section elementor-element elementor-element-d5753a7 elementor-section-full_width elementor-section-height-default elementor-section-height-default\" data-id=\"d5753a7\" data-element_type=\"section\">\n\t\t\t\t\t\t<div class=\"elementor-container elementor-column-gap-default\">\n\t\t\t\t\t<div class=\"elementor-column elementor-col-100 elementor-top-column elementor-element elementor-element-05f0a79\" data-id=\"05f0a79\" data-element_type=\"column\">\n\t\t\t<div class=\"elementor-widget-wrap elementor-element-populated\">\n\t\t\t\t\t\t<div class=\"elementor-element elementor-element-7750410 elementor-widget elementor-widget-image\" data-id=\"7750410\" data-element_type=\"widget\" data-widget_type=\"image.default\">\n\t\t\t\t<div class=\"elementor-widget-container\">\n\t\t\t\t\t\t\t\t\t\t\t\t\t\t\t<img fetchpriority=\"high\" decoding=\"async\" width=\"1920\" height=\"550\" src=\"https:\/\/portal.uern.br\/fe\/wp-content\/uploads\/2023\/06\/fe__.jpg\" class=\"attachment-full size-full wp-image-832\" alt=\"\" srcset=\"https:\/\/portal.uern.br\/fe\/wp-content\/uploads\/2023\/06\/fe__.jpg 1920w, https:\/\/portal.uern.br\/fe\/wp-content\/uploads\/2023\/06\/fe__-300x86.jpg 300w, https:\/\/portal.uern.br\/fe\/wp-content\/uploads\/2023\/06\/fe__-1024x293.jpg 1024w, https:\/\/portal.uern.br\/fe\/wp-content\/uploads\/2023\/06\/fe__-768x220.jpg 768w, https:\/\/portal.uern.br\/fe\/wp-content\/uploads\/2023\/06\/fe__-1536x440.jpg 1536w\" sizes=\"(max-width: 1920px) 100vw, 1920px\" \/>\t\t\t\t\t\t\t\t\t\t\t\t\t\t\t<\/div>\n\t\t\t\t<\/div>\n\t\t\t\t\t<\/div>\n\t\t<\/div>\n\t\t\t\t\t<\/div>\n\t\t<\/section>\n\t\t\t\t<section class=\"elementor-section elementor-top-section elementor-element elementor-element-2efad6c elementor-reverse-mobile elementor-section-height-min-height elementor-section-items-stretch elementor-section-boxed elementor-section-height-default\" data-id=\"2efad6c\" data-element_type=\"section\" data-settings=\"{&quot;background_background&quot;:&quot;classic&quot;}\">\n\t\t\t\t\t\t<div class=\"elementor-container elementor-column-gap-default\">\n\t\t\t\t\t<div class=\"elementor-column elementor-col-50 elementor-top-column elementor-element elementor-element-eb503f1 elementor-hidden-mobile\" data-id=\"eb503f1\" data-element_type=\"column\" data-settings=\"{&quot;background_background&quot;:&quot;classic&quot;}\">\n\t\t\t<div class=\"elementor-widget-wrap elementor-element-populated\">\n\t\t\t\t\t\t<div class=\"elementor-element elementor-element-b79eb8e elementor-nav-menu__text-align-aside elementor-widget elementor-widget-nav-menu\" data-id=\"b79eb8e\" data-element_type=\"widget\" data-settings=\"{&quot;layout&quot;:&quot;dropdown&quot;,&quot;submenu_icon&quot;:{&quot;value&quot;:&quot;&lt;i class=\\&quot;fas fa-caret-down\\&quot; aria-hidden=\\&quot;true\\&quot;&gt;&lt;\\\/i&gt;&quot;,&quot;library&quot;:&quot;fa-solid&quot;}}\" data-widget_type=\"nav-menu.default\">\n\t\t\t\t<div class=\"elementor-widget-container\">\n\t\t\t\t\t\t\t\t<nav class=\"elementor-nav-menu--dropdown elementor-nav-menu__container\" aria-hidden=\"true\">\n\t\t\t\t<ul id=\"menu-2-b79eb8e\" class=\"elementor-nav-menu\"><li class=\"menu-item menu-item-type-post_type menu-item-object-page menu-item-1250\"><a href=\"https:\/\/portal.uern.br\/fe\/apresentacao\/\" class=\"elementor-item\" tabindex=\"-1\">Apresenta\u00e7\u00e3o<\/a><\/li>\n<li class=\"menu-item menu-item-type-post_type menu-item-object-page menu-item-1259\"><a href=\"https:\/\/portal.uern.br\/fe\/gestao\/\" class=\"elementor-item\" tabindex=\"-1\">Gest\u00e3o<\/a><\/li>\n<li class=\"menu-item menu-item-type-post_type menu-item-object-page menu-item-has-children menu-item-1254\"><a href=\"https:\/\/portal.uern.br\/fe\/departamento-de-educacao\/\" class=\"elementor-item\" tabindex=\"-1\">Departamento de Educa\u00e7\u00e3o<\/a>\n<ul class=\"sub-menu elementor-nav-menu--dropdown\">\n\t<li class=\"menu-item menu-item-type-post_type menu-item-object-page menu-item-1273\"><a href=\"https:\/\/portal.uern.br\/fe\/projeto-pedagogico-do-curso-de-pedagogia\/\" class=\"elementor-sub-item\" tabindex=\"-1\">Projeto Pedag\u00f3gico do Curso de Pedagogia<\/a><\/li>\n\t<li class=\"menu-item menu-item-type-post_type menu-item-object-page menu-item-1263\"><a href=\"https:\/\/portal.uern.br\/fe\/matriz-curricular-do-curso-2008-1-atual\/\" class=\"elementor-sub-item\" tabindex=\"-1\">Matriz curricular do Curso (2008.1 \u2013 atual)<\/a><\/li>\n\t<li class=\"menu-item menu-item-type-post_type menu-item-object-page menu-item-1271\"><a href=\"https:\/\/portal.uern.br\/fe\/programa-geral-do-componente-curricular\/\" class=\"elementor-sub-item\" tabindex=\"-1\">Programa Geral do Componente Curricular<\/a><\/li>\n<\/ul>\n<\/li>\n<li class=\"menu-item menu-item-type-post_type menu-item-object-page menu-item-1253\"><a href=\"https:\/\/portal.uern.br\/fe\/corpo-docente\/\" class=\"elementor-item\" tabindex=\"-1\">Corpo Docente<\/a><\/li>\n<li class=\"menu-item menu-item-type-post_type menu-item-object-page menu-item-1280\"><a href=\"https:\/\/portal.uern.br\/fe\/solicitacoes-discente\/\" class=\"elementor-item\" tabindex=\"-1\">Solicita\u00e7\u00f5es Discente<\/a><\/li>\n<li class=\"menu-item menu-item-type-post_type menu-item-object-page menu-item-1270\"><a href=\"https:\/\/portal.uern.br\/fe\/pos-graduacao\/\" class=\"elementor-item\" tabindex=\"-1\">P\u00f3s-Gradua\u00e7\u00e3o<\/a><\/li>\n<li class=\"menu-item menu-item-type-post_type menu-item-object-page menu-item-1274\"><a href=\"https:\/\/portal.uern.br\/fe\/projetos-formativos-e-laboratorios\/\" class=\"elementor-item\" tabindex=\"-1\">Projetos formativos e Laborat\u00f3rios<\/a><\/li>\n<li class=\"menu-item menu-item-type-custom menu-item-object-custom menu-item-1282\"><a href=\"#\" class=\"elementor-item elementor-item-anchor\" tabindex=\"-1\">Eventos<\/a><\/li>\n<li class=\"menu-item menu-item-type-post_type menu-item-object-page menu-item-has-children menu-item-1256\"><a href=\"https:\/\/portal.uern.br\/fe\/documentos\/\" class=\"elementor-item\" tabindex=\"-1\">Documentos<\/a>\n<ul class=\"sub-menu elementor-nav-menu--dropdown\">\n\t<li class=\"menu-item menu-item-type-custom menu-item-object-custom menu-item-1284\"><a href=\"#\" class=\"elementor-sub-item elementor-item-anchor\" tabindex=\"-1\">Legisla\u00e7\u00e3o<\/a><\/li>\n\t<li class=\"menu-item menu-item-type-custom menu-item-object-custom menu-item-1283\"><a rel=\"httpsdrivegooglecomfiled1NZS-jYr69A96zCSStjeTEmwv0K6gIalMviewuspdrive_link\" href=\"#\" class=\"elementor-sub-item elementor-item-anchor\" tabindex=\"-1\">Editais<\/a><\/li>\n\t<li class=\"menu-item menu-item-type-custom menu-item-object-custom menu-item-1285\"><a href=\"#\" class=\"elementor-sub-item elementor-item-anchor\" tabindex=\"-1\">Formul\u00e1rios<\/a><\/li>\n<\/ul>\n<\/li>\n<li class=\"menu-item menu-item-type-post_type menu-item-object-page menu-item-1269\"><a href=\"https:\/\/portal.uern.br\/fe\/perguntas-frequentes\/\" class=\"elementor-item\" tabindex=\"-1\">Perguntas Frequentes<\/a><\/li>\n<li class=\"menu-item menu-item-type-post_type menu-item-object-page menu-item-1260\"><a href=\"https:\/\/portal.uern.br\/fe\/horario-de-funcionamento\/\" class=\"elementor-item\" tabindex=\"-1\">Hor\u00e1rio de Funcionamento<\/a><\/li>\n<li class=\"menu-item menu-item-type-post_type menu-item-object-page menu-item-1252\"><a href=\"https:\/\/portal.uern.br\/fe\/contatos\/\" class=\"elementor-item\" tabindex=\"-1\">Contatos<\/a><\/li>\n<li class=\"menu-item menu-item-type-post_type menu-item-object-page menu-item-1277\"><a href=\"https:\/\/portal.uern.br\/fe\/reserva-de-salas\/\" class=\"elementor-item\" tabindex=\"-1\">Reserva de salas<\/a><\/li>\n<li class=\"menu-item menu-item-type-post_type menu-item-object-page menu-item-1251\"><a href=\"https:\/\/portal.uern.br\/fe\/certificados\/\" class=\"elementor-item\" tabindex=\"-1\">Certificados<\/a><\/li>\n<\/ul>\t\t\t<\/nav>\n\t\t\t\t\t\t<\/div>\n\t\t\t\t<\/div>\n\t\t\t\t\t<\/div>\n\t\t<\/div>\n\t\t\t\t<div class=\"elementor-column elementor-col-50 elementor-top-column elementor-element elementor-element-4f8a082\" data-id=\"4f8a082\" data-element_type=\"column\" data-settings=\"{&quot;background_background&quot;:&quot;classic&quot;}\">\n\t\t\t<div class=\"elementor-widget-wrap elementor-element-populated\">\n\t\t\t\t\t\t<div class=\"elementor-element elementor-element-d2fb84f elementor-grid-1 elementor-posts--thumbnail-left elementor-grid-tablet-2 elementor-grid-mobile-1 elementor-widget elementor-widget-posts\" data-id=\"d2fb84f\" data-element_type=\"widget\" data-settings=\"{&quot;classic_columns&quot;:&quot;1&quot;,&quot;classic_columns_tablet&quot;:&quot;2&quot;,&quot;classic_columns_mobile&quot;:&quot;1&quot;,&quot;classic_row_gap&quot;:{&quot;unit&quot;:&quot;px&quot;,&quot;size&quot;:35,&quot;sizes&quot;:[]},&quot;classic_row_gap_tablet&quot;:{&quot;unit&quot;:&quot;px&quot;,&quot;size&quot;:&quot;&quot;,&quot;sizes&quot;:[]},&quot;classic_row_gap_mobile&quot;:{&quot;unit&quot;:&quot;px&quot;,&quot;size&quot;:&quot;&quot;,&quot;sizes&quot;:[]}}\" data-widget_type=\"posts.classic\">\n\t\t\t\t<div class=\"elementor-widget-container\">\n\t\t\t\t\t\t\t<div class=\"elementor-posts-container elementor-posts elementor-posts--skin-classic elementor-grid\" role=\"list\">\n\t\t\t\t<article class=\"elementor-post elementor-grid-item post-1300 destaques_ type-destaques_ status-publish has-post-thumbnail hentry nivel_do_destaque_-destaque-topo\" role=\"listitem\">\n\t\t\t\t<a class=\"elementor-post__thumbnail__link\" href=\"https:\/\/portal.uern.br\/fe\/destaques_\/uern-divulga-orientacoes-para-matriculas-nos-cursos-de-graduacao-semestre-2026-1\/\" tabindex=\"-1\" >\n\t\t\t<div class=\"elementor-post__thumbnail\"><img decoding=\"async\" width=\"768\" height=\"288\" src=\"https:\/\/portal.uern.br\/fe\/wp-content\/uploads\/2025\/12\/Banner-escola-faculdade-universidade-matriculas-abertas-768x288.png\" class=\"attachment-medium_large size-medium_large wp-image-1304\" alt=\"\" srcset=\"https:\/\/portal.uern.br\/fe\/wp-content\/uploads\/2025\/12\/Banner-escola-faculdade-universidade-matriculas-abertas-768x288.png 768w, https:\/\/portal.uern.br\/fe\/wp-content\/uploads\/2025\/12\/Banner-escola-faculdade-universidade-matriculas-abertas-300x113.png 300w, https:\/\/portal.uern.br\/fe\/wp-content\/uploads\/2025\/12\/Banner-escola-faculdade-universidade-matriculas-abertas-1024x384.png 1024w, https:\/\/portal.uern.br\/fe\/wp-content\/uploads\/2025\/12\/Banner-escola-faculdade-universidade-matriculas-abertas-1536x576.png 1536w, https:\/\/portal.uern.br\/fe\/wp-content\/uploads\/2025\/12\/Banner-escola-faculdade-universidade-matriculas-abertas.png 1920w\" sizes=\"(max-width: 768px) 100vw, 768px\" \/><\/div>\n\t\t<\/a>\n\t\t\t\t<div class=\"elementor-post__text\">\n\t\t\t\t<h3 class=\"elementor-post__title\">\n\t\t\t<a href=\"https:\/\/portal.uern.br\/fe\/destaques_\/uern-divulga-orientacoes-para-matriculas-nos-cursos-de-graduacao-semestre-2026-1\/\" >\n\t\t\t\tUern divulga orienta\u00e7\u00f5es para matr\u00edculas nos cursos de gradua\u00e7\u00e3o, semestre 2026.1\t\t\t<\/a>\n\t\t<\/h3>\n\t\t\t\t<div class=\"elementor-post__meta-data\">\n\t\t\t\t\t<span class=\"elementor-post-date\">\n\t\t\t4 de dezembro de 2025\t\t<\/span>\n\t\t\t\t<\/div>\n\t\t\t\t<div class=\"elementor-post__excerpt\">\n\t\t\t<p>\u00a0 \u00a0 \u00a0 \u00a0 \u00a0 \u00a0 \u00a0 \u00a0 \u00a0 \u00a0 \u00a0 \u00a0 \u00a0 \u00a0 \u00a0 \u00a0 \u00a0 \u00a0 \u00a0 \u00a0 \u00a0 \u00a0 \u00a0 \u00a0 \u00a0 \u00a0 \u00a0 \u00a0 \u00a0 \u00a0 \u00a0 \u00a0 \u00a0 \u00a0 \u00a0 A Pr\u00f3-reitoria de Ensino de Gradua\u00e7\u00e3o (Proeg) da Universidade do Estado do Rio Grande do<\/p>\n\t\t<\/div>\n\t\t\t\t<\/div>\n\t\t\t\t<\/article>\n\t\t\t\t<\/div>\n\t\t\n\t\t\t\t\t\t<\/div>\n\t\t\t\t<\/div>\n\t\t\t\t\t<\/div>\n\t\t<\/div>\n\t\t\t\t\t<\/div>\n\t\t<\/section>\n\t\t\t\t<\/div>\n\t\t","protected":false},"excerpt":{"rendered":"","protected":false},"author":1,"featured_media":0,"parent":0,"menu_order":0,"comment_status":"closed","ping_status":"closed","template":"","meta":{"footnotes":""},"class_list":["post-201","page","type-page","status-publish","hentry"],"_links":{"self":[{"href":"https:\/\/portal.uern.br\/fe\/wp-json\/wp\/v2\/pages\/201","targetHints":{"allow":["GET"]}}],"collection":[{"href":"https:\/\/portal.uern.br\/fe\/wp-json\/wp\/v2\/pages"}],"about":[{"href":"https:\/\/portal.uern.br\/fe\/wp-json\/wp\/v2\/types\/page"}],"author":[{"embeddable":true,"href":"https:\/\/portal.uern.br\/fe\/wp-json\/wp\/v2\/users\/1"}],"replies":[{"embeddable":true,"href":"https:\/\/portal.uern.br\/fe\/wp-json\/wp\/v2\/comments?post=201"}],"version-history":[{"count":41,"href":"https:\/\/portal.uern.br\/fe\/wp-json\/wp\/v2\/pages\/201\/revisions"}],"predecessor-version":[{"id":1219,"href":"https:\/\/portal.uern.br\/fe\/wp-json\/wp\/v2\/pages\/201\/revisions\/1219"}],"wp:attachment":[{"href":"https:\/\/portal.uern.br\/fe\/wp-json\/wp\/v2\/media?parent=201"}],"curies":[{"name":"wp","href":"https:\/\/api.w.org\/{rel}","templated":true}]}}