{"id":1296,"date":"2025-12-04T10:03:58","date_gmt":"2025-12-04T13:03:58","guid":{"rendered":"https:\/\/portal.uern.br\/fe\/?page_id=1296"},"modified":"2025-12-04T10:03:58","modified_gmt":"2025-12-04T13:03:58","slug":"requerimento-de-revisao-de-prova","status":"publish","type":"page","link":"https:\/\/portal.uern.br\/fe\/requerimento-de-revisao-de-prova\/","title":{"rendered":"Requerimento de Revis\u00e3o de Prova"},"content":{"rendered":"<p><strong><a href=\"https:\/\/drive.google.com\/file\/d\/172LEFd8MnG5Lp3CyPTUhOqxqS6Lyx0T_\/view?usp=sharing\">REQUERIMENTO<\/a><\/p>\n<p>Art. 141<\/strong>. O(A) discente que faltar ou deixar de realizar qualquer uma das avalia\u00e7\u00f5es<br \/>\npoder\u00e1 solicitar, <strong>no prazo de dois dias \u00fateis<\/strong>, na secretaria do departamento que oferta o<br \/>\ncomponente curricular, a oportunidade de realiz\u00e1-la em segunda chamada.<br \/>\n\u00a71\u00ba O requerimento dever\u00e1 ser justificado, cabendo ao(\u00e0) professor(a) do componente<br \/>\nemitir decis\u00e3o.<br \/>\n\u00a7 2\u00ba Caso a decis\u00e3o seja favor\u00e1vel,<strong> o(a) professor(a) j\u00e1 dever\u00e1, no prazo m\u00e1ximo de<\/strong><br \/>\n<strong>cinco dias \u00fateis<\/strong>, informar a data de realiza\u00e7\u00e3o da segunda chamada, <strong>que poder\u00e1 ocorrer em<\/strong><br \/>\n<strong>at\u00e9 15 dias \u00fateis.<\/strong><br \/>\n\u00a7 3\u00ba Caso a decis\u00e3o seja desfavor\u00e1vel, o(a) discente poder\u00e1 interpor recurso ao<br \/>\nColegiado do Departamento, no prazo de cinco dias \u00fateis.<\/p>\n","protected":false},"excerpt":{"rendered":"<p>REQUERIMENTO Art. 141. O(A) discente que faltar ou deixar de realizar qualquer uma das avalia\u00e7\u00f5es poder\u00e1 solicitar, no prazo de dois dias \u00fateis, na secretaria do departamento que oferta o componente curricular, a oportunidade de realiz\u00e1-la em segunda chamada. \u00a71\u00ba O requerimento dever\u00e1 ser justificado, cabendo ao(\u00e0) professor(a) do componente emitir decis\u00e3o. \u00a7 2\u00ba Caso [&hellip;]<\/p>\n","protected":false},"author":4,"featured_media":0,"parent":0,"menu_order":0,"comment_status":"closed","ping_status":"closed","template":"","meta":{"footnotes":""},"class_list":["post-1296","page","type-page","status-publish","hentry"],"_links":{"self":[{"href":"https:\/\/portal.uern.br\/fe\/wp-json\/wp\/v2\/pages\/1296","targetHints":{"allow":["GET"]}}],"collection":[{"href":"https:\/\/portal.uern.br\/fe\/wp-json\/wp\/v2\/pages"}],"about":[{"href":"https:\/\/portal.uern.br\/fe\/wp-json\/wp\/v2\/types\/page"}],"author":[{"embeddable":true,"href":"https:\/\/portal.uern.br\/fe\/wp-json\/wp\/v2\/users\/4"}],"replies":[{"embeddable":true,"href":"https:\/\/portal.uern.br\/fe\/wp-json\/wp\/v2\/comments?post=1296"}],"version-history":[{"count":2,"href":"https:\/\/portal.uern.br\/fe\/wp-json\/wp\/v2\/pages\/1296\/revisions"}],"predecessor-version":[{"id":1298,"href":"https:\/\/portal.uern.br\/fe\/wp-json\/wp\/v2\/pages\/1296\/revisions\/1298"}],"wp:attachment":[{"href":"https:\/\/portal.uern.br\/fe\/wp-json\/wp\/v2\/media?parent=1296"}],"curies":[{"name":"wp","href":"https:\/\/api.w.org\/{rel}","templated":true}]}}