{"id":1180,"date":"2025-05-21T11:18:27","date_gmt":"2025-05-21T14:18:27","guid":{"rendered":"https:\/\/portal.uern.br\/fe\/?page_id=1180"},"modified":"2026-01-29T11:32:04","modified_gmt":"2026-01-29T14:32:04","slug":"solicitacoes-discente","status":"publish","type":"page","link":"https:\/\/portal.uern.br\/fe\/solicitacoes-discente\/","title":{"rendered":"Solicita\u00e7\u00f5es Discente"},"content":{"rendered":"<div class=\"elementor-element elementor-element-59afb524 elementor-widget elementor-widget-theme-post-title elementor-page-title elementor-widget-heading\" data-id=\"59afb524\" data-element_type=\"widget\" data-widget_type=\"theme-post-title.default\">\n<div class=\"elementor-widget-container\">\n<h1 class=\"elementor-heading-title elementor-size-default\"><span style=\"color: #0000ff\"><strong><span style=\"font-size: 10pt\">1 &#8211; Of\u00edcio para visita \u00e0 Institui\u00e7\u00e3o \u2013 Pr\u00e1ticas Pedag\u00f3gicas Programadas \u2013 PPP<\/span><\/strong><\/span><\/h1>\n<h1 class=\"elementor-heading-title elementor-size-default\"><span style=\"color: #00ccff;font-size: 10pt\"><a style=\"color: #00ccff\" href=\"https:\/\/drive.google.com\/file\/d\/1v_gaosV3AFL_BeDRE0oFRZrwMzAFvVlw\/view?usp=sharing\">Clique aqui<\/a><\/span><\/h1>\n<\/div>\n<\/div>\n<div class=\"elementor-element elementor-element-1c909ef9 elementor-widget elementor-widget-theme-post-content\" data-id=\"1c909ef9\" data-element_type=\"widget\" data-widget_type=\"theme-post-content.default\">\n<div class=\"elementor-widget-container\">\n<p><span style=\"font-size: 8pt\">Este of\u00edcio deve ser solicitado com, no m\u00ednimo, 48h de atendec\u00eadencia \u00e0 visita. Ap\u00f3s o preenchimento do formul\u00e1rio encaminhar para o e-mail fe@uern.br, informando se deseja a via impressa ou por e-mail.<\/span><\/p>\n<p><span style=\"color: #0000ff\"><strong>2- <span style=\"font-size: 10pt\">Of\u00edcio para visita \u00e0 Institui\u00e7\u00e3o \u2013 Pesquisa de Monografia<\/span><\/strong><\/span><\/p>\n<div class=\"elementor-element elementor-element-1c909ef9 elementor-widget elementor-widget-theme-post-content\" data-id=\"1c909ef9\" data-element_type=\"widget\" data-widget_type=\"theme-post-content.default\">\n<div class=\"elementor-widget-container\">\n<p><span style=\"color: #00ccff;font-size: 10pt\"><a style=\"color: #00ccff\" href=\"https:\/\/drive.google.com\/file\/d\/1RRfb8jVIPhP7koJSOkpP_NClI4UcSMxA\/view?usp=sharing\">Clique aqui\u00a0<\/a><\/span><\/p>\n<p><span style=\"font-size: 8pt\">Este of\u00edcio deve ser solicitado com, no m\u00ednimo, 48h de atendec\u00eadencia \u00e0 visita. Ap\u00f3s o preenchimento do formul\u00e1rio encaminhar para o e-mail fe@uern.br, informando se deseja a via impressa ou por e-mail.<\/span><\/p>\n<p><strong><span style=\"color: #0000ff;font-size: 10pt\">3 -Requerimento de Segunda Chamada para avalia\u00e7\u00e3o<\/span><\/strong><\/p>\n<div class=\"elementor-element elementor-element-1c909ef9 elementor-widget elementor-widget-theme-post-content\" data-id=\"1c909ef9\" data-element_type=\"widget\" data-widget_type=\"theme-post-content.default\">\n<div class=\"elementor-widget-container\">\n<p><span style=\"color: #00ccff;font-size: 10pt\"><a style=\"color: #00ccff\" href=\"https:\/\/drive.google.com\/file\/d\/1syH3My6tz4bJ2_MWooCsVW6jISTx8rzJ\/view?usp=sharing\">Clique aqui<\/a><\/span><\/p>\n<p><span style=\"font-size: 8pt\">Preencher o Requerimento e encaminhar para o e-mail fe@uern.br. em at\u00e9 48h horas ap\u00f3s a aplica\u00e7\u00e3o da avalia\u00e7\u00e3o.<\/span><\/p>\n<p><span style=\"font-size: 8pt\"><strong>Art. 141<\/strong>. O(A) discente que faltar ou deixar de realizar qualquer uma das avalia\u00e7\u00f5es poder\u00e1 solicitar,\u00a0<strong>no prazo de dois dias \u00fateis<\/strong>, na secretaria do departamento que oferta o componente curricular, a oportunidade de realiz\u00e1-la em segunda chamada.<\/span><br \/>\n<span style=\"font-size: 8pt\">\u00a71\u00ba O requerimento dever\u00e1 ser justificado, cabendo ao(\u00e0) professor(a) do componente emitir decis\u00e3o.<\/span><br \/>\n<span style=\"font-size: 8pt\">\u00a7 2\u00ba Caso a decis\u00e3o seja favor\u00e1vel,<strong> o(a) professor(a) j\u00e1 dever\u00e1, no prazo m\u00e1ximo de <\/strong><strong>cinco dias \u00fateis<\/strong>, informar a data de realiza\u00e7\u00e3o da segunda chamada,\u00a0<strong>que poder\u00e1 ocorrer em <\/strong><strong>at\u00e9 15 dias \u00fateis.<\/strong><\/span><br \/>\n<span style=\"font-size: 8pt\">\u00a7 3\u00ba Caso a decis\u00e3o seja desfavor\u00e1vel, o(a) discente poder\u00e1 interpor recurso ao<\/span><br \/>\n<span style=\"font-size: 8pt\">Colegiado do Departamento, no prazo de cinco dias \u00fateis.<\/span><\/p>\n<p><span style=\"color: #0000ff\"><strong>4 &#8211;<span style=\"font-size: 10pt\">Requerimento de Aproveitamento de Estudos Realizados na pr\u00f3pria UERN<\/span><\/strong><\/span><\/p>\n<div class=\"elementor-element elementor-element-1c909ef9 elementor-widget elementor-widget-theme-post-content\" data-id=\"1c909ef9\" data-element_type=\"widget\" data-widget_type=\"theme-post-content.default\">\n<div class=\"elementor-widget-container\">\n<p><span style=\"color: #00ccff;font-size: 10pt\"><a style=\"color: #00ccff\" href=\"https:\/\/docs.google.com\/document\/d\/1DTL47DN0Pe6MJKtRykczNUEn5mJjFcF-\/edit?usp=sharing&amp;ouid=107653165672930681923&amp;rtpof=true&amp;sd=true\">Clique aqui<\/a><\/span><\/p>\n<p><span style=\"font-size: 8pt\">O requerimento deve ser enviado junto hist\u00f3rico acad\u00eamico para o e-mail fe@uern.br<\/span><\/p>\n<p><span style=\"color: #0000ff\"><strong>5 &#8211;<span style=\"font-size: 10pt\">Requerimento de Aproveitamento de Estudos Realizados em outra IES<\/span><\/strong><\/span><\/p>\n<p><span style=\"color: #00ccff;font-size: 10pt\"><a style=\"color: #00ccff\" href=\"https:\/\/docs.google.com\/document\/d\/1Y_Dh2cC_zlRi8eKQTmj7pdMBAVw5BTQH\/edit?usp=sharing&amp;ouid=107653165672930681923&amp;rtpof=true&amp;sd=true\">Clique aqui<\/a><\/span><\/p>\n<p><span style=\"font-size: 8pt\">O requerimento deve ser enviado junto hist\u00f3rico acad\u00eamico para o e-mail fe@uern.br<\/span><\/p>\n<p><span style=\"color: #0000ff\"><strong>6- <span style=\"font-size: 10pt\">Requerimento de Revis\u00e3o de Prova<\/span><\/strong><\/span><\/p>\n<div class=\"elementor-element elementor-element-1c909ef9 elementor-widget elementor-widget-theme-post-content\" data-id=\"1c909ef9\" data-element_type=\"widget\" data-widget_type=\"theme-post-content.default\">\n<div class=\"elementor-widget-container\">\n<p><span style=\"color: #00ccff;font-size: 10pt\"><a style=\"color: #00ccff\" href=\"https:\/\/drive.google.com\/file\/d\/172LEFd8MnG5Lp3CyPTUhOqxqS6Lyx0T_\/view?usp=sharing\">Clique aqui<\/a><\/span><\/p>\n<p><span style=\"font-size: 8pt\">Art. 148. Os resultados das avalia\u00e7\u00f5es parciais dever\u00e3o ser analisados e discutidos em sala de<\/span><br \/>\n<span style=\"font-size: 8pt\">aula.<\/span><br \/>\n<span style=\"font-size: 8pt\">\u00a7 1\u00ba \u00c9 garantido ao(\u00e0) discente o direito de vista da avalia\u00e7\u00e3o depois de corrigida pelo(a) <\/span><span style=\"font-size: 8pt\">docente quando de sua an\u00e1lise em classe.<\/span><br \/>\n<span style=\"font-size: 8pt\">\u00a7 2\u00ba \u00c9 direito do(a) discente recorrer quando n\u00e3o concordar com a nota atribu\u00edda pelo(a) <\/span><span style=\"font-size: 8pt\">docente, podendo solicitar revis\u00e3o da corre\u00e7\u00e3o e do resultado atribu\u00eddo \u00e0 avalia\u00e7\u00e3o, <\/span><span style=\"font-size: 8pt\">observando os seguintes procedimentos:<\/span><br \/>\n<span style=\"font-size: 8pt\">I \u2013 a solicita\u00e7\u00e3o dever\u00e1 ser realizada mediante requerimento escrito, fundamentado com as <\/span><span style=\"font-size: 8pt\">raz\u00f5es do recurso;<\/span><br \/>\n<span style=\"font-size: 8pt\">II \u2013 a revis\u00e3o \u00e9 requerida ao(\u00e0) chefe do departamento a que esteja vinculado o componente <\/span><span style=\"font-size: 8pt\">curricular, no prazo m\u00e1ximo de tr\u00eas dias \u00fateis, contado da data de publica\u00e7\u00e3o de cada <\/span><span style=\"font-size: 8pt\">resultado;<\/span><\/p>\n<div class=\"elementor-element elementor-element-59afb524 elementor-widget elementor-widget-theme-post-title elementor-page-title elementor-widget-heading\" data-id=\"59afb524\" data-element_type=\"widget\" data-widget_type=\"theme-post-title.default\">\n<div class=\"elementor-widget-container\">\n<h1><strong><span style=\"font-size: 10pt;color: #0000ff\">7-Declara\u00e7\u00e3o de Est\u00e1gio Supervisionado<\/span><\/strong><\/h1>\n<p><span style=\"color: #00ccff\"><a style=\"color: #00ccff\" href=\"https:\/\/forms.gle\/7a8a6kiVHnt7kZeq6\"><span style=\"font-size: 10pt\">Clique aqui<\/span><\/a><\/span><\/p>\n<p><strong><span style=\"font-size: 10pt;color: #0000ff\">8 &#8211; Requerimento de Exerc\u00edcio Domiciliar<\/span><\/strong><\/p>\n<\/div>\n<\/div>\n<div class=\"elementor-element elementor-element-1c909ef9 elementor-widget elementor-widget-theme-post-content\" data-id=\"1c909ef9\" data-element_type=\"widget\" data-widget_type=\"theme-post-content.default\">\n<div class=\"elementor-widget-container\">\n<p><span style=\"font-size: 10pt\"><span style=\"color: #00ccff\"><a style=\"color: #00ccff\" href=\"https:\/\/drive.google.com\/file\/d\/1lo_7Sgw9W4VsgO_785ViRmu09ZvMows-\/view\">Clique aqui<\/a> <\/span><span style=\"font-size: 8pt\">(requerimento)<\/span><\/span><\/p>\n<p><span style=\"font-size: 10pt\"><span style=\"color: #00ccff\"><a style=\"color: #00ccff\" href=\"https:\/\/drive.google.com\/file\/d\/10PQzBXUOcF-qtnPSb4OkQYPjlbi-_vtb\/view\">Clique aqui<\/a><\/span> <span style=\"font-size: 8pt\">(um plano de estudos por componente)<\/span><\/span><\/p>\n<p><span style=\"font-size: 8pt\">O discente deve preencher <strong>o requerimento<\/strong>\u00a0e\u00a0<strong>um plano de estudos por componente curricular\u00a0<\/strong>(preencher somente o cabe\u00e7alho)\u00a0e encaminhar a documenta\u00e7\u00e3o\u00a0<strong>junto ao atestado\u00a0 m\u00e9dico<\/strong>\u00a0para o e-mail fe@uern.br<\/span><\/p>\n<ul>\n<li><span style=\"font-size: 8pt\">Lembramos que a realiza\u00e7\u00e3o de\u00a0<strong>componentes pr\u00e1ticos<\/strong>\u00a0n\u00e3o se aplicam aos exerc\u00edcios domiciliares, como exemplo: est\u00e1gio supervisionado, estudos acad\u00eamicos introdut\u00f3rios pr\u00e1ticas pedag\u00f3gicas programadas e semin\u00e1rio tem\u00e1tico;<\/span><\/li>\n<li><span style=\"font-size: 8pt\">\u00c9 de inteira responsabilidade do discente comunicar \u00e0 secretaria da Faculdade de Educa\u00e7\u00e3o diante da falta de envio do plano de ativiadades pelo docente;<\/span><\/li>\n<\/ul>\n<\/div>\n<\/div>\n<\/div>\n<\/div>\n<p>&nbsp;<\/p>\n<\/div>\n<\/div>\n<\/div>\n<\/div>\n<\/div>\n<\/div>\n<\/div>\n<\/div>\n","protected":false},"excerpt":{"rendered":"<p>1 &#8211; Of\u00edcio para visita \u00e0 Institui\u00e7\u00e3o \u2013 Pr\u00e1ticas Pedag\u00f3gicas Programadas \u2013 PPP Clique aqui Este of\u00edcio deve ser solicitado com, no m\u00ednimo, 48h de atendec\u00eadencia \u00e0 visita. Ap\u00f3s o preenchimento do formul\u00e1rio encaminhar para o e-mail fe@uern.br, informando se deseja a via impressa ou por e-mail. 2- Of\u00edcio para visita \u00e0 Institui\u00e7\u00e3o \u2013 Pesquisa [&hellip;]<\/p>\n","protected":false},"author":4,"featured_media":0,"parent":0,"menu_order":0,"comment_status":"closed","ping_status":"closed","template":"","meta":{"footnotes":""},"class_list":["post-1180","page","type-page","status-publish","hentry"],"_links":{"self":[{"href":"https:\/\/portal.uern.br\/fe\/wp-json\/wp\/v2\/pages\/1180","targetHints":{"allow":["GET"]}}],"collection":[{"href":"https:\/\/portal.uern.br\/fe\/wp-json\/wp\/v2\/pages"}],"about":[{"href":"https:\/\/portal.uern.br\/fe\/wp-json\/wp\/v2\/types\/page"}],"author":[{"embeddable":true,"href":"https:\/\/portal.uern.br\/fe\/wp-json\/wp\/v2\/users\/4"}],"replies":[{"embeddable":true,"href":"https:\/\/portal.uern.br\/fe\/wp-json\/wp\/v2\/comments?post=1180"}],"version-history":[{"count":7,"href":"https:\/\/portal.uern.br\/fe\/wp-json\/wp\/v2\/pages\/1180\/revisions"}],"predecessor-version":[{"id":1316,"href":"https:\/\/portal.uern.br\/fe\/wp-json\/wp\/v2\/pages\/1180\/revisions\/1316"}],"wp:attachment":[{"href":"https:\/\/portal.uern.br\/fe\/wp-json\/wp\/v2\/media?parent=1180"}],"curies":[{"name":"wp","href":"https:\/\/api.w.org\/{rel}","templated":true}]}}