{"id":1160,"date":"2025-05-21T10:31:50","date_gmt":"2025-05-21T13:31:50","guid":{"rendered":"https:\/\/portal.uern.br\/fe\/?page_id=1160"},"modified":"2025-05-21T10:56:15","modified_gmt":"2025-05-21T13:56:15","slug":"programa-geral-do-componente-curricular","status":"publish","type":"page","link":"https:\/\/portal.uern.br\/fe\/programa-geral-do-componente-curricular\/","title":{"rendered":"Programa Geral do Componente Curricular"},"content":{"rendered":"<p><a href=\"https:\/\/drive.google.com\/drive\/u\/5\/folders\/1dGTCAtCocF256M32GMGd83BL7vQtU04n\">Todos os PGCCs do Curso de Pedagogia &#8211; 1\u00ba ao 8\u00ba per\u00edodos e demais componentes lecionados por docentes do Departamento de Educa\u00e7\u00e3o nas licenciaturas<\/a><\/p>\n","protected":false},"excerpt":{"rendered":"<p>Todos os PGCCs do Curso de Pedagogia &#8211; 1\u00ba ao 8\u00ba per\u00edodos e demais componentes lecionados por docentes do Departamento de Educa\u00e7\u00e3o nas licenciaturas<\/p>\n","protected":false},"author":4,"featured_media":0,"parent":0,"menu_order":0,"comment_status":"closed","ping_status":"closed","template":"","meta":{"footnotes":""},"class_list":["post-1160","page","type-page","status-publish","hentry"],"_links":{"self":[{"href":"https:\/\/portal.uern.br\/fe\/wp-json\/wp\/v2\/pages\/1160","targetHints":{"allow":["GET"]}}],"collection":[{"href":"https:\/\/portal.uern.br\/fe\/wp-json\/wp\/v2\/pages"}],"about":[{"href":"https:\/\/portal.uern.br\/fe\/wp-json\/wp\/v2\/types\/page"}],"author":[{"embeddable":true,"href":"https:\/\/portal.uern.br\/fe\/wp-json\/wp\/v2\/users\/4"}],"replies":[{"embeddable":true,"href":"https:\/\/portal.uern.br\/fe\/wp-json\/wp\/v2\/comments?post=1160"}],"version-history":[{"count":3,"href":"https:\/\/portal.uern.br\/fe\/wp-json\/wp\/v2\/pages\/1160\/revisions"}],"predecessor-version":[{"id":1164,"href":"https:\/\/portal.uern.br\/fe\/wp-json\/wp\/v2\/pages\/1160\/revisions\/1164"}],"wp:attachment":[{"href":"https:\/\/portal.uern.br\/fe\/wp-json\/wp\/v2\/media?parent=1160"}],"curies":[{"name":"wp","href":"https:\/\/api.w.org\/{rel}","templated":true}]}}