{"id":1136,"date":"2024-08-13T10:57:49","date_gmt":"2024-08-13T13:57:49","guid":{"rendered":"https:\/\/portal.uern.br\/fe\/?page_id=1136"},"modified":"2024-08-13T10:57:49","modified_gmt":"2024-08-13T13:57:49","slug":"reserva-de-salas","status":"publish","type":"page","link":"https:\/\/portal.uern.br\/fe\/reserva-de-salas\/","title":{"rendered":"Reserva de salas"},"content":{"rendered":"<p>A Faculdade de Educa\u00e7\u00e3o &#8211; FE conta com 08 salas de aula, dispon\u00edveis para reserva somente \u00e0 tarde; a sala de Multim\u00eddia I, dispon\u00edvel nos turnos matutino, vespertino e noturno; e, a sala de Multim\u00eddia II, dispon\u00edvel para reserva somente \u00e0 noite e Laborat\u00f3rio de Inform\u00e1tica, dispon\u00edvel nos turnos matutino e noturno. Todas as salas s\u00e3o climatizadas, por\u00e9m \u00e9 necess\u00e1rio verificar a disponibilidade do\u00a0 projetor. Antes da reserva do espa\u00e7o <a href=\"https:\/\/docs.google.com\/spreadsheets\/d\/1ip9tqJWSC6V6eBhPaj2G_I93jaIZsV3WVmMrA6FtNS8\/edit?usp=sharing\">Clique aqui<\/a>\u00a0para verificar a\u00a0<b>disponibilidade.<\/b><\/p>\n<p>Ap\u00f3s verificar a disponibilidade do espa\u00e7o pleiteado, a solicita\u00e7\u00e3o de reserva deve ser realizada <a href=\"https:\/\/docs.google.com\/forms\/d\/1drxnV4oPcZg8vzpGOeaSvIAPmfckqmDU1tfRofHaDRc\/edit\">aqui<\/a><\/p>\n<p><img fetchpriority=\"high\" decoding=\"async\" class=\"alignnone size-full wp-image-1137\" src=\"https:\/\/portal.uern.br\/fe\/wp-content\/uploads\/2024\/08\/FE.jpeg\" alt=\"\" width=\"1440\" height=\"1440\" srcset=\"https:\/\/portal.uern.br\/fe\/wp-content\/uploads\/2024\/08\/FE.jpeg 1440w, https:\/\/portal.uern.br\/fe\/wp-content\/uploads\/2024\/08\/FE-300x300.jpeg 300w, https:\/\/portal.uern.br\/fe\/wp-content\/uploads\/2024\/08\/FE-1024x1024.jpeg 1024w, https:\/\/portal.uern.br\/fe\/wp-content\/uploads\/2024\/08\/FE-150x150.jpeg 150w, https:\/\/portal.uern.br\/fe\/wp-content\/uploads\/2024\/08\/FE-768x768.jpeg 768w\" sizes=\"(max-width: 1440px) 100vw, 1440px\" \/><\/p>\n","protected":false},"excerpt":{"rendered":"<p>A Faculdade de Educa\u00e7\u00e3o &#8211; FE conta com 08 salas de aula, dispon\u00edveis para reserva somente \u00e0 tarde; a sala de Multim\u00eddia I, dispon\u00edvel nos turnos matutino, vespertino e noturno; e, a sala de Multim\u00eddia II, dispon\u00edvel para reserva somente \u00e0 noite e Laborat\u00f3rio de Inform\u00e1tica, dispon\u00edvel nos turnos matutino e noturno. Todas as salas [&hellip;]<\/p>\n","protected":false},"author":4,"featured_media":0,"parent":0,"menu_order":0,"comment_status":"closed","ping_status":"closed","template":"","meta":{"footnotes":""},"class_list":["post-1136","page","type-page","status-publish","hentry"],"_links":{"self":[{"href":"https:\/\/portal.uern.br\/fe\/wp-json\/wp\/v2\/pages\/1136","targetHints":{"allow":["GET"]}}],"collection":[{"href":"https:\/\/portal.uern.br\/fe\/wp-json\/wp\/v2\/pages"}],"about":[{"href":"https:\/\/portal.uern.br\/fe\/wp-json\/wp\/v2\/types\/page"}],"author":[{"embeddable":true,"href":"https:\/\/portal.uern.br\/fe\/wp-json\/wp\/v2\/users\/4"}],"replies":[{"embeddable":true,"href":"https:\/\/portal.uern.br\/fe\/wp-json\/wp\/v2\/comments?post=1136"}],"version-history":[{"count":1,"href":"https:\/\/portal.uern.br\/fe\/wp-json\/wp\/v2\/pages\/1136\/revisions"}],"predecessor-version":[{"id":1139,"href":"https:\/\/portal.uern.br\/fe\/wp-json\/wp\/v2\/pages\/1136\/revisions\/1139"}],"wp:attachment":[{"href":"https:\/\/portal.uern.br\/fe\/wp-json\/wp\/v2\/media?parent=1136"}],"curies":[{"name":"wp","href":"https:\/\/api.w.org\/{rel}","templated":true}]}}