{"id":1000,"date":"2024-04-24T09:46:34","date_gmt":"2024-04-24T12:46:34","guid":{"rendered":"https:\/\/portal.uern.br\/fe\/?page_id=1000"},"modified":"2025-06-27T09:38:00","modified_gmt":"2025-06-27T12:38:00","slug":"contatos","status":"publish","type":"page","link":"https:\/\/portal.uern.br\/fe\/contatos\/","title":{"rendered":"Contatos"},"content":{"rendered":"<p><strong>Faculdade de Educa\u00e7\u00e3o &#8211; FE<\/strong><\/p>\n<p>e-mail: fe@uern.br<\/p>\n<p>&nbsp;<\/p>\n<p><strong>Departamento de Educa\u00e7\u00e3o &#8211; DE<\/strong><\/p>\n<p>e-mail: de@uern.br<\/p>\n<p>&nbsp;<\/p>\n<p><strong>Programa de P\u00f3s-Gradua\u00e7\u00e3o em Educa\u00e7\u00e3o &#8211; POSEDUC<\/strong><\/p>\n<p>e-mail: educacao@mestrado.uern.br<\/p>\n<p>&nbsp;<\/p>\n<p><strong>Programa de P\u00f3s-Gradua\u00e7\u00e3o em Ensino &#8211; POSENSINO<\/strong><\/p>\n<p>e-mail: posensino@mestrado.uern.br<\/p>\n<p>&nbsp;<\/p>\n<p><strong>Programa de Mestrado Profissional em Educa\u00e7\u00e3o Inclusiva em Rede Nacional &#8211; PROFEI<\/strong><\/p>\n<p>e-mail: profei@uern.br<\/p>\n<p>&nbsp;<\/p>\n<p>&nbsp;<\/p>\n","protected":false},"excerpt":{"rendered":"<p>Faculdade de Educa\u00e7\u00e3o &#8211; FE e-mail: fe@uern.br &nbsp; Departamento de Educa\u00e7\u00e3o &#8211; DE e-mail: de@uern.br &nbsp; Programa de P\u00f3s-Gradua\u00e7\u00e3o em Educa\u00e7\u00e3o &#8211; POSEDUC e-mail: educacao@mestrado.uern.br &nbsp; Programa de P\u00f3s-Gradua\u00e7\u00e3o em Ensino &#8211; POSENSINO e-mail: posensino@mestrado.uern.br &nbsp; Programa de Mestrado Profissional em Educa\u00e7\u00e3o Inclusiva em Rede Nacional &#8211; PROFEI e-mail: profei@uern.br &nbsp; &nbsp;<\/p>\n","protected":false},"author":4,"featured_media":0,"parent":0,"menu_order":0,"comment_status":"closed","ping_status":"closed","template":"","meta":{"footnotes":""},"class_list":["post-1000","page","type-page","status-publish","hentry"],"_links":{"self":[{"href":"https:\/\/portal.uern.br\/fe\/wp-json\/wp\/v2\/pages\/1000","targetHints":{"allow":["GET"]}}],"collection":[{"href":"https:\/\/portal.uern.br\/fe\/wp-json\/wp\/v2\/pages"}],"about":[{"href":"https:\/\/portal.uern.br\/fe\/wp-json\/wp\/v2\/types\/page"}],"author":[{"embeddable":true,"href":"https:\/\/portal.uern.br\/fe\/wp-json\/wp\/v2\/users\/4"}],"replies":[{"embeddable":true,"href":"https:\/\/portal.uern.br\/fe\/wp-json\/wp\/v2\/comments?post=1000"}],"version-history":[{"count":6,"href":"https:\/\/portal.uern.br\/fe\/wp-json\/wp\/v2\/pages\/1000\/revisions"}],"predecessor-version":[{"id":1286,"href":"https:\/\/portal.uern.br\/fe\/wp-json\/wp\/v2\/pages\/1000\/revisions\/1286"}],"wp:attachment":[{"href":"https:\/\/portal.uern.br\/fe\/wp-json\/wp\/v2\/media?parent=1000"}],"curies":[{"name":"wp","href":"https:\/\/api.w.org\/{rel}","templated":true}]}}