{"id":336,"date":"2022-09-14T10:58:02","date_gmt":"2022-09-14T13:58:02","guid":{"rendered":"https:\/\/paisdemossoro.com.br\/wordpress\/fasso\/?page_id=336"},"modified":"2025-04-25T09:42:27","modified_gmt":"2025-04-25T12:42:27","slug":"selecaobolsista","status":"publish","type":"page","link":"https:\/\/portal.uern.br\/fasso\/selecaobolsista\/","title":{"rendered":"SELE\u00c7\u00c3O PARA BOLSISTA\/DESSO\/FASSO"},"content":{"rendered":"<p>ABERTO:<\/p>\n<p><strong>Edital Monitoria 2025.2<\/strong>:\u00a0<a href=\"https:\/\/drive.google.com\/file\/d\/1zGsqkBUAzHk5SMNrTL9Q6bPR2miKgwpR\/view?usp=sharing\">Acesse aqui<\/a><\/p>\n<p><strong>Aditivo I: <a href=\"https:\/\/drive.google.com\/file\/d\/1zw6Nn7Y8SfbdWjO1CDFmtpKjg2dBfsJ8\/view?usp=sharing\">Acesse aqui<\/a><\/strong><\/p>\n<p><strong>Aditivo II<\/strong>:\u00a0<a href=\"https:\/\/drive.google.com\/file\/d\/1AXNTR6N0OVoyDmxKV4TFWRtVlzIqM8pt\/view?usp=drive_link\">Acesse aqui<\/a><\/p>\n<p><strong>Resultado Final:<\/strong>\u00a0<a href=\"https:\/\/drive.google.com\/file\/d\/1UQpTaz5Xw2WAH_q8oTfUgDdMMWtbIvpf\/view?usp=drive_link\">Acesse aqui<\/a><\/p>\n<p class=\"western\" lang=\"pt-PT\" align=\"justify\"><span style=\"font-size: medium\">As inscri\u00e7\u00f5es ser\u00e3o feitas pelos(as) interessados(as) no <\/span><span style=\"font-size: medium\"><b>per\u00edodo de 23 e 24 de abril de 2025 at\u00e9 as 23h59, <\/b><\/span><span style=\"font-size: medium\">atrav\u00e9s do envio dos documentos necess\u00e1rios, <\/span><span style=\"font-size: medium\"><b>exclusivamente<\/b><\/span><span style=\"font-size: medium\"> por meio de correspond\u00eancia eletr\u00f4nica, para o e-mail do Departamento de Servi\u00e7o Social <\/span><span style=\"font-size: medium\"><u><b>atendimentofasso@uern.br.<\/b><\/u><\/span><\/p>\n<p class=\"western\" lang=\"pt-PT\" align=\"justify\"><span style=\"font-size: medium\">O resultado da sele\u00e7\u00e3o ser\u00e1 divulgado pelo Departamento de Servi\u00e7o Social, atrav\u00e9s de Edital, at\u00e9 o <\/span><span style=\"font-size: medium\"><b>dia 29 de abril de 2025 <\/b><\/span><span style=\"font-size: medium\">atrav\u00e9s de meios eletr\u00f4nicos. <\/span><\/p>\n<p>&nbsp;<\/p>\n<p>_______________________________________<\/p>\n<p>ENCERRADOS:<\/p>\n<p><strong>Edital Pibic 2025:<\/strong><a href=\"https:\/\/drive.google.com\/file\/d\/1CBzTPIS4466pMI_hcbBkHa0ixYsTFwbk\/view?usp=sharing\">\u00a0https:\/\/drive.google.com\/file\/d\/1SOGTBjmyMNkB1QRBBJVX_bHXlE9GppvB\/view?usp=drive_link\u00a0<\/a><\/p>\n<p><strong>Aditivo ao Edital:<\/strong> https:\/\/drive.google.com\/file\/d\/1CPmC44V0TQeZUfxx9hftiGiLgC0RlYGU\/view?usp=sharing<\/p>\n<p><strong>RESULTADO FINAL:<\/strong> <a href=\"https:\/\/drive.google.com\/file\/d\/1_IZGgOwRji7jn7wNmhpUG1kdDJwp0xMG\/view?usp=drive_link\">https:\/\/drive.google.com\/file\/d\/1_IZGgOwRji7jn7wNmhpUG1kdDJwp0xMG\/view?usp=sharing<\/a><\/p>\n<p class=\"western\" align=\"justify\"><span style=\"font-family: Times New Roman, serif\">A candidata <\/span><span style=\"font-family: Times New Roman, serif\"><b>CONVOCADA<\/b><\/span><span style=\"font-family: Times New Roman, serif\"> deve enviar, <\/span><span style=\"font-family: Times New Roman, serif\"><b>at\u00e9 dia 05\/03\/2025 p<\/b><\/span><span style=\"font-family: Times New Roman, serif\">ara o e-mail <\/span><span style=\"color: #000080\"><span lang=\"zxx\"><u><span style=\"color: #000000\"><span style=\"font-family: Times New Roman, serif\"><span lang=\"pt-BR\"><a class=\"western\" href=\"mailto:ianavasconcelos@uern.br\">d<\/a>a coordenadora<\/span><\/span><\/span><\/u><\/span><\/span><span style=\"color: #000080\"><span lang=\"zxx\"><span style=\"color: #000000\"><span style=\"font-family: Times New Roman, serif\"><span lang=\"pt-BR\">,<\/span><\/span><\/span><\/span><\/span> os<span style=\"color: #000000\"><span style=\"font-family: Times New Roman, serif\"> documentos listados no edital.<\/span><\/span><\/p>\n<p>Maiores informa\u00e7\u00f5es: desso@uern.br<\/p>\n<p>Inscri\u00e7\u00e3o :\u00a0<a href=\"https:\/\/forms.gle\/qYgHiTjdVzGqtYkQ9\">Formul\u00e1rio de inscri\u00e7\u00e3o<\/a><\/p>\n<p>&nbsp;<\/p>\n<p>Edital Pibic 2024: <a href=\"https:\/\/drive.google.com\/file\/d\/1Gg62-jqTiImyeae-P2j5U0uKxVxvAF5e\/view?usp=drive_link\">Acesse aqui<\/a><\/p>\n<p>DOS PRAZOS<br \/>\nDivulga\u00e7\u00e3o do Edital: 05\/08\/2024;<br \/>\nPer\u00edodo de inscri\u00e7\u00e3o: 06 a 08\/08\/2024;<br \/>\nConfirma\u00e7\u00e3o de inscri\u00e7\u00e3o: at\u00e9 12\/08\/2024<br \/>\nPer\u00edodo das entrevistas: 12\/08\/2024 (de forma online via Google Meat)<br \/>\nMaiores informa\u00e7\u00f5es: desso@uern.br<\/p>\n<p>Inscri\u00e7\u00e3o :<a href=\"https:\/\/docs.google.com\/forms\/d\/e\/1FAIpQLSdm3s1Ua7UC1uEvKKoCh2fGEY3E3mw8LS4orW4WJfNkDyfcPA\/viewform\">\u00a0FORMUL\u00c1RIO DE INSCRI\u00c7\u00c3O<\/a><\/p>\n<p>&nbsp;<\/p>\n","protected":false},"excerpt":{"rendered":"<p>ABERTO: Edital Monitoria 2025.2:\u00a0Acesse aqui Aditivo I: Acesse aqui Aditivo II:\u00a0Acesse aqui Resultado Final:\u00a0Acesse aqui As inscri\u00e7\u00f5es ser\u00e3o feitas pelos(as) interessados(as) no per\u00edodo de 23 e 24 de abril de 2025 at\u00e9 as 23h59, atrav\u00e9s do envio dos documentos necess\u00e1rios, exclusivamente por meio de correspond\u00eancia eletr\u00f4nica, para o e-mail do Departamento de Servi\u00e7o Social atendimentofasso@uern.br. [&hellip;]<\/p>\n","protected":false},"author":1,"featured_media":0,"parent":0,"menu_order":0,"comment_status":"closed","ping_status":"closed","template":"","meta":{"footnotes":""},"class_list":["post-336","page","type-page","status-publish","hentry"],"_links":{"self":[{"href":"https:\/\/portal.uern.br\/fasso\/wp-json\/wp\/v2\/pages\/336","targetHints":{"allow":["GET"]}}],"collection":[{"href":"https:\/\/portal.uern.br\/fasso\/wp-json\/wp\/v2\/pages"}],"about":[{"href":"https:\/\/portal.uern.br\/fasso\/wp-json\/wp\/v2\/types\/page"}],"author":[{"embeddable":true,"href":"https:\/\/portal.uern.br\/fasso\/wp-json\/wp\/v2\/users\/1"}],"replies":[{"embeddable":true,"href":"https:\/\/portal.uern.br\/fasso\/wp-json\/wp\/v2\/comments?post=336"}],"version-history":[{"count":25,"href":"https:\/\/portal.uern.br\/fasso\/wp-json\/wp\/v2\/pages\/336\/revisions"}],"predecessor-version":[{"id":1285,"href":"https:\/\/portal.uern.br\/fasso\/wp-json\/wp\/v2\/pages\/336\/revisions\/1285"}],"wp:attachment":[{"href":"https:\/\/portal.uern.br\/fasso\/wp-json\/wp\/v2\/media?parent=336"}],"curies":[{"name":"wp","href":"https:\/\/api.w.org\/{rel}","templated":true}]}}