{"id":327,"date":"2022-09-14T10:52:52","date_gmt":"2022-09-14T13:52:52","guid":{"rendered":"https:\/\/paisdemossoro.com.br\/wordpress\/fasso\/?page_id=327"},"modified":"2022-09-14T10:52:52","modified_gmt":"2022-09-14T13:52:52","slug":"mestrado","status":"publish","type":"page","link":"https:\/\/portal.uern.br\/fasso\/mestrado\/","title":{"rendered":"Mestrado"},"content":{"rendered":"<p style=\"text-align: left;\">\u00a0 \u00a0 \u00a0 O Programa de P\u00f3s-Gradua\u00e7\u00e3o em Servi\u00e7o Social e Direitos Sociais (PPGSSDS), n\u00edvel mestrado, objetiva a forma\u00e7\u00e3o e qualifica\u00e7\u00e3o de \u00a0 pesquisadores(as), docentes e profissionais, no \u00e2mbito do Servi\u00e7o Social e \u00e1reas afins focalizando os processos sociais que caracterizam a realidade brasileira e as particularidades da quest\u00e3o Social. Nessa perspectiva, pretende contribuir para a an\u00e1lise do Servi\u00e7o Social, com \u00eanfase nos direitos sociais.<\/p>\n<p>\u00a0 \u00a0 \u00a0 O curso objetiva ainda aprofundar o conhecimento sobre o Servi\u00e7o Social e as situa\u00e7\u00f5es concretas de materializa\u00e7\u00e3o dos direitos sociais, particularmente na regi\u00e3o Nordeste, fomentando a constru\u00e7\u00e3o de conhecimentos sobre fen\u00f4menos sociais e culturais, mediante a articula\u00e7\u00e3o entre teoria-pr\u00e1tica, na perspectiva da emancipa\u00e7\u00e3o humana.<\/p>\n<p><strong>Coordenadora pro tempore<\/strong>:\u00a0Prof.\u00aa Iana Vasconcelos<\/p>\n<p><strong>Secret\u00e1rio:\u00a0<\/strong>Wescley Assun\u00e7\u00e3o Santos da Silva<\/p>\n<p><strong>Endere\u00e7o:<\/strong><\/p>\n<p>Universidade do Estado do Rio Grande do Norte<br \/>\nCampus\u00a0Central<br \/>\nBR 110 &#8211; KM 46, Rua Prof. Ant\u00f4nio Campos, s\/n, Costa e Silva<br \/>\n59633-010 &#8211; Caixa Postal 70<br \/>\nMossor\u00f3-RN<\/p>\n<p><strong>E-mail:\u00a0<\/strong>servicosocial@mestrado.uern.br<\/p>\n<p><strong>Instagram:\u00a0<\/strong>@ppgssds<\/p>\n","protected":false},"excerpt":{"rendered":"<p>\u00a0 \u00a0 \u00a0 O Programa de P\u00f3s-Gradua\u00e7\u00e3o em Servi\u00e7o Social e Direitos Sociais (PPGSSDS), n\u00edvel mestrado, objetiva a forma\u00e7\u00e3o e qualifica\u00e7\u00e3o de \u00a0 pesquisadores(as), docentes e profissionais, no \u00e2mbito do Servi\u00e7o Social e \u00e1reas afins focalizando os processos sociais que caracterizam a realidade brasileira e as particularidades da quest\u00e3o Social. Nessa perspectiva, pretende contribuir para [&hellip;]<\/p>\n","protected":false},"author":1,"featured_media":0,"parent":0,"menu_order":0,"comment_status":"closed","ping_status":"closed","template":"","meta":{"footnotes":""},"class_list":["post-327","page","type-page","status-publish","hentry"],"_links":{"self":[{"href":"https:\/\/portal.uern.br\/fasso\/wp-json\/wp\/v2\/pages\/327","targetHints":{"allow":["GET"]}}],"collection":[{"href":"https:\/\/portal.uern.br\/fasso\/wp-json\/wp\/v2\/pages"}],"about":[{"href":"https:\/\/portal.uern.br\/fasso\/wp-json\/wp\/v2\/types\/page"}],"author":[{"embeddable":true,"href":"https:\/\/portal.uern.br\/fasso\/wp-json\/wp\/v2\/users\/1"}],"replies":[{"embeddable":true,"href":"https:\/\/portal.uern.br\/fasso\/wp-json\/wp\/v2\/comments?post=327"}],"version-history":[{"count":2,"href":"https:\/\/portal.uern.br\/fasso\/wp-json\/wp\/v2\/pages\/327\/revisions"}],"predecessor-version":[{"id":329,"href":"https:\/\/portal.uern.br\/fasso\/wp-json\/wp\/v2\/pages\/327\/revisions\/329"}],"wp:attachment":[{"href":"https:\/\/portal.uern.br\/fasso\/wp-json\/wp\/v2\/media?parent=327"}],"curies":[{"name":"wp","href":"https:\/\/api.w.org\/{rel}","templated":true}]}}