{"id":299,"date":"2022-09-14T10:38:06","date_gmt":"2022-09-14T13:38:06","guid":{"rendered":"https:\/\/paisdemossoro.com.br\/wordpress\/fasso\/?page_id=299"},"modified":"2023-11-14T11:26:56","modified_gmt":"2023-11-14T14:26:56","slug":"orientacao-academica","status":"publish","type":"page","link":"https:\/\/portal.uern.br\/fasso\/orientacao-academica\/","title":{"rendered":"Orienta\u00e7\u00e3o Acad\u00eamica"},"content":{"rendered":"<p><strong>Orientadora acad\u00eamica da FASSO:\u00a0<\/strong><\/p>\n<p><strong>Segundas-feiras de 8h \u00e0s 11h\u00a0<\/strong><\/p>\n<p><strong>Precisa ser feito um agendamento pr\u00e9via por e-mail ou na secretaria da faculdade<\/strong><\/p>\n<p>Professora Samya Rodrigues Ramos<\/p>\n<p>Contatos:<\/p>\n<p>&#8211; atendimentofasso@uern.br<\/p>\n<p>&#8211; samyaramos@uern.br<\/p>\n<p>&nbsp;<\/p>\n<p><strong>DA ORIENTA\u00c7\u00c3O ACAD\u00caMICA DE CURSO (OAC)<\/strong><\/p>\n<p><strong><a href=\"http:\/\/beta.apps.uern.br\/wordpress\/fasso\/wp-content\/uploads\/2022\/09\/6403resolua\u2021a\u0192o_na_262017_consepe_regulamento_de_cursos.pdf\">Regulamento de cursos da UERN\u00a0<\/a><\/strong><\/p>\n<p>Art. 60. A Orienta\u00e7\u00e3o Acad\u00eamica de Curso (OAC) tem como objetivo orientar e acompanhar o aluno em sua forma\u00e7\u00e3o acad\u00eamico-profissional.<\/p>\n<p>Art. 61. A OAC ser\u00e1 exercida por professor efetivo vinculado ao Departamento Acad\u00eamico aglutinador do curso, indicado pelo seu colegiado, podendo contar com assist\u00eancia de t\u00e9cnicos administrativos.<\/p>\n<p>\u00a7 1\u00ba. Nos NAES, a OAC ser\u00e1 exercida pelo coordenador pedag\u00f3gico do curso, durante o seu mandato.<\/p>\n<p>\u00a7 2\u00ba. O mandato do orientador acad\u00eamico de curso, ofertado em campus, ser\u00e1 de 02 (dois) anos, sendo permitida a recondu\u00e7\u00e3o.<\/p>\n<p>Art. 62. O colegiado de curso dever\u00e1 definir a rela\u00e7\u00e3o quantitativa entre n\u00famero de alunos para cada orientador acad\u00eamico, compat\u00edvel com as caracter\u00edsticas do curso e disponibilidade docente, guardada, sempre que poss\u00edvel, a propor\u00e7\u00e3o m\u00ednima, de acordo com o n\u00famero de vagas iniciais estabelecido para o curso, e a m\u00e1xima de 150.<\/p>\n<p>Art. 63. S\u00e3o atribui\u00e7\u00f5es do orientador acad\u00eamico:<\/p>\n<p>I. Acompanhar o desenvolvimento acad\u00eamico dos alunos sob sua orienta\u00e7\u00e3o;<\/p>\n<p>II. Planejar, junto aos alunos, considerando a programa\u00e7\u00e3o acad\u00eamica do curso, fluxo curricular compat\u00edvel com seus interesses e possibilidades de desempenho acad\u00eamico, quando for o caso;<\/p>\n<p>III. Orientar a tomada de decis\u00f5es relativas \u00e0 matr\u00edcula, trancamentos e outros atos de interesse acad\u00eamico; IV. Apresentar aos alunos o PPC e a estrutura universit\u00e1ria;<\/p>\n<p>V. Atuar como membro nato da Comiss\u00e3o de NDE;<\/p>\n<p>VI. Disponibilizar, ao Departamento Acad\u00eamico, as informa\u00e7\u00f5es necess\u00e1rias para o fim de subsidiar a oferta de componentes curriculares, bem como as prioridades relativas ao Programa Institucional de Monitoria (PIM), no semestre letivo;<\/p>\n<p>VII. Acompanhar, junto ao aluno, o desenvolvimento das atividades complementares por meio de controle e registro no Sistema de Administra\u00e7\u00e3o Escolar;<\/p>\n<p>VIII. Apresentar, semestralmente, \u00e0 plen\u00e1ria departamental, diagn\u00f3stico do processo formativo-acad\u00eamico referente ao grupo de alunos sob sua orienta\u00e7\u00e3o;<\/p>\n<p>IX. Conduzir processos de aproveitamento de estudos;<\/p>\n<p>X. Atuar como membro nato da comiss\u00e3o departamental de avalia\u00e7\u00e3o de processo seletivo de vagas n\u00e3o iniciais.<\/p>\n<p>Art. 64. O orientador acad\u00eamico acompanhar\u00e1, preferencialmente, o mesmo grupo de alunos, do ingresso \u00e0 conclus\u00e3o do curso.<\/p>\n","protected":false},"excerpt":{"rendered":"<p>Orientadora acad\u00eamica da FASSO:\u00a0 Segundas-feiras de 8h \u00e0s 11h\u00a0 Precisa ser feito um agendamento pr\u00e9via por e-mail ou na secretaria da faculdade Professora Samya Rodrigues Ramos Contatos: &#8211; atendimentofasso@uern.br &#8211; samyaramos@uern.br &nbsp; DA ORIENTA\u00c7\u00c3O ACAD\u00caMICA DE CURSO (OAC) Regulamento de cursos da UERN\u00a0 Art. 60. A Orienta\u00e7\u00e3o Acad\u00eamica de Curso (OAC) tem como objetivo orientar [&hellip;]<\/p>\n","protected":false},"author":1,"featured_media":0,"parent":0,"menu_order":0,"comment_status":"closed","ping_status":"closed","template":"","meta":{"footnotes":""},"class_list":["post-299","page","type-page","status-publish","hentry"],"_links":{"self":[{"href":"https:\/\/portal.uern.br\/fasso\/wp-json\/wp\/v2\/pages\/299","targetHints":{"allow":["GET"]}}],"collection":[{"href":"https:\/\/portal.uern.br\/fasso\/wp-json\/wp\/v2\/pages"}],"about":[{"href":"https:\/\/portal.uern.br\/fasso\/wp-json\/wp\/v2\/types\/page"}],"author":[{"embeddable":true,"href":"https:\/\/portal.uern.br\/fasso\/wp-json\/wp\/v2\/users\/1"}],"replies":[{"embeddable":true,"href":"https:\/\/portal.uern.br\/fasso\/wp-json\/wp\/v2\/comments?post=299"}],"version-history":[{"count":4,"href":"https:\/\/portal.uern.br\/fasso\/wp-json\/wp\/v2\/pages\/299\/revisions"}],"predecessor-version":[{"id":1085,"href":"https:\/\/portal.uern.br\/fasso\/wp-json\/wp\/v2\/pages\/299\/revisions\/1085"}],"wp:attachment":[{"href":"https:\/\/portal.uern.br\/fasso\/wp-json\/wp\/v2\/media?parent=299"}],"curies":[{"name":"wp","href":"https:\/\/api.w.org\/{rel}","templated":true}]}}