{"id":240,"date":"2022-09-14T09:49:17","date_gmt":"2022-09-14T12:49:17","guid":{"rendered":"https:\/\/paisdemossoro.com.br\/wordpress\/fasso\/?page_id=240"},"modified":"2026-04-10T07:56:43","modified_gmt":"2026-04-10T10:56:43","slug":"discentes","status":"publish","type":"page","link":"https:\/\/portal.uern.br\/fasso\/discentes\/","title":{"rendered":"Discentes"},"content":{"rendered":"<h2>Discentes\/Documentos importantes<\/h2>\n<hr \/>\n<p><strong>Para os ingressantes a partir de 2023:<\/strong><\/p>\n<p><span style=\"color: #000000\"><span style=\"font-family: Times New Roman, serif\"><span style=\"font-size: medium\">Matriz 2023: <a href=\"https:\/\/portal.uern.br\/fasso\/wp-content\/uploads\/2026\/04\/Matriz-e-ementas-2023.pdf\">LINK<\/a><\/span><\/span><\/span><\/p>\n<p><span style=\"color: #000000\"><span style=\"font-family: Times New Roman, serif\"><span style=\"font-size: medium\">Disciplinas Equivalentes ( Matriz 2023): <a href=\"https:\/\/portal.uern.br\/fasso\/wp-content\/uploads\/2026\/04\/Equivalencias-Matriz-2023.pdf\">LINK\u00a0<\/a><\/span><\/span><\/span><\/p>\n<p><span style=\"color: #000000\"><span style=\"font-family: Times New Roman, serif\"><span style=\"font-size: medium\">\u00a0<\/span><\/span><\/span><strong>Para ingressantes at\u00e9 2022:<\/strong><\/p>\n<p><span style=\"color: #000000\"><span style=\"font-family: Times New Roman, serif\"><span style=\"font-size: medium\">Matriz 2010:<\/span><\/span><\/span> <strong><span style=\"color: #000000\"><span style=\"font-family: Times New Roman, serif\"><span style=\"font-size: medium\"><b><a href=\"https:\/\/portal.uern.br\/fasso\/wp-content\/uploads\/2026\/04\/7124matriz_curricular_2010.pdf\">LINK<\/a><\/b><\/span><\/span><\/span><\/strong><\/p>\n<p>_________________________________<\/p>\n<p><strong>REQUERIMENTOS:<\/strong><\/p>\n<p><span style=\"color: #000000\"><span style=\"font-family: Times New Roman, serif\"><span style=\"font-size: medium\">-Requerimento de Segunda Chamada para avalia\u00e7\u00e3o &#8211; <a href=\"https:\/\/portal.uern.br\/fasso\/wp-content\/uploads\/2026\/04\/REQUERIMENTO-DE-2-CHAMADA-2025-1.doc\">LINK<\/a><\/span><\/span><\/span><\/p>\n<p><span style=\"color: #000000\"><span style=\"font-family: Times New Roman, serif\"><span style=\"font-size: medium\">-Requerimento de Exerc\u00edcio Domiciliar\u00a0 &#8211; <a href=\"https:\/\/portal.uern.br\/fasso\/wp-content\/uploads\/2026\/04\/REQUERIMENTO-EXERCICIO-DOMICILIAR-SITE-02-1.odt\">LINK<\/a><\/span><\/span><\/span><\/p>\n<p><span style=\"color: #000000\"><span style=\"font-family: Times New Roman, serif\"><span style=\"font-size: medium\">-Informa\u00e7\u00f5es sobre o Regime Dominilicar &#8211; <a href=\"https:\/\/portal.uern.br\/fasso\/wp-content\/uploads\/2026\/04\/Informacoes-exercicio-domiciliar-1.pdf\">LINK\u00a0<\/a><\/span><\/span><\/span><\/p>\n<p>&#8211;<span style=\"color: #000000\"><span style=\"font-family: Times New Roman, serif\"><span style=\"font-size: medium\">Requerimento de Aproveitamento de Estudos Realizados na pr\u00f3pria UERN &#8211; <a href=\"https:\/\/portal.uern.br\/fasso\/wp-content\/uploads\/2026\/04\/Requerimento-Aproveitamento-Estudos-UERN.docx\">LINK<\/a><\/span><\/span><\/span><\/p>\n<p><span style=\"color: #000000\"><span style=\"font-family: Times New Roman, serif\"><span style=\"font-size: medium\">-Requerimento de Aproveitamento de Estudos Realizados em outra IES &#8211; <a href=\"https:\/\/portal.uern.br\/fasso\/wp-content\/uploads\/2026\/04\/Requerimento-de-Aproveitamento-de-Estudos-em-outra-IES.docx\">LINK<\/a><\/span><\/span><\/span><\/p>\n<p>&nbsp;<\/p>\n<p>____________________________________________________________________________________________________________<\/p>\n<p lang=\"pt-BR\" align=\"center\"><span style=\"font-size: 24pt\"><b>Informa\u00e7\u00f5es para discentes concluintes: <\/b><\/span><\/p>\n<p lang=\"pt-BR\" style=\"text-align: left\" align=\"center\"><span style=\"font-size: 24pt\"><b>Entrega de monografias:\u00a0<\/b><\/span><\/p>\n<p lang=\"pt-BR\" align=\"justify\"><span style=\"color: #000000;font-size: 12pt\">1. O prazo para entrega da vers\u00e3o final corrigida da monografia\/ artigo cient\u00edfico por parte das estudantes ao Departamento de Servi\u00e7o Social \u00e9 de 30 dias ap\u00f3s a defesa;<\/span><\/p>\n<p lang=\"pt-BR\" align=\"justify\"><span style=\"font-size: 12pt\"><span style=\"color: #000000\">2. A\/o Aluna\/o dever\u00e1 enviar o arquivo de seu TCC em formato .PDF (n\u00e3o ser\u00e3o aceitos outros formatos) para o e-mail<\/span><span style=\"color: #000000\"><b> atendimentofasso@uern.br;<\/b><\/span><\/span><\/p>\n<p lang=\"pt-BR\" align=\"justify\"><span style=\"color: #000000;font-size: 12pt\">3. O arquivo deve conter obrigatoriamente:<\/span><\/p>\n<p lang=\"pt-BR\" align=\"justify\"><span style=\"color: #000000;font-size: 12pt\">a) O TCC finalizado e normalizado de acordo com as orienta\u00e7\u00f5es estabelecidas nas Normas Brasileiras (NBRs) vigentes da Associa\u00e7\u00e3o Brasileira de Normas T\u00e9cnicas (ABNT); <\/span><\/p>\n<p lang=\"en-US\" align=\"justify\"><span style=\"font-size: 12pt\"><span style=\"color: #000000\"><span lang=\"pt-BR\">b) Ficha catalogr\u00e1fica emitida atrav\u00e9s do link: <\/span><\/span><span style=\"color: #2a6099\"><span lang=\"pt-BR\"><u>https:\/\/fichacat-biblioteca.apps.uern.br\/#!\/<\/u><\/span><\/span><\/span><\/p>\n<p lang=\"pt-BR\" align=\"justify\"><span style=\"font-size: 12pt\"><span style=\"color: #000000\">c) ANEXO I &#8211;\u00a0 Folha de Aprova\u00e7\u00e3o de TCC assinada pela banca examinadora ; <\/span><a class=\"western\" href=\"https:\/\/docs.google.com\/document\/d\/1leZaBesDSIBR3D-RW2A8ohyRug4SEYRk\/edit?usp=sharing&amp;ouid=108516612571700228066&amp;rtpof=true&amp;sd=true\" target=\"_blank\" rel=\"noopener\"><strong><span style=\"color: #000000\">LINK<\/span><\/strong><\/a><\/span><\/p>\n<p lang=\"en-US\" align=\"justify\"><span style=\"font-size: 12pt\"><span style=\"color: #000000\"><span lang=\"pt-BR\">d) ANEXO II &#8211; Termo de autoriza\u00e7\u00e3o da biblioteca ( Preenchido e assinado)\u00a0 : <\/span><\/span><a class=\"western\" href=\"https:\/\/docs.google.com\/document\/d\/10ehn7WKkAETvTMxax6Bar1vBLzhdcjOK\/edit?usp=sharing&amp;ouid=108516612571700228066&amp;rtpof=true&amp;sd=true\"><span style=\"color: #000000\"><span lang=\"pt-BR\"><b>LINK<\/b><\/span><\/span><\/a><\/span><\/p>\n<p lang=\"en-US\" align=\"justify\"><span style=\"color: #000000;font-size: 12pt\"><span lang=\"pt-BR\">(O arquivo do TCC em .PDF n\u00e3o dever\u00e1 ultrapassar 30mb (megabytes));<\/span><\/span><\/p>\n<p lang=\"pt-BR\" align=\"justify\"><span style=\"color: #000000;font-size: 12pt\"><span style=\"font-family: Times New Roman, serif\">e) O e-mail de entrega do TCC dever\u00e1 ser enviado, obrigatoriamente, da seguinte forma:<\/span><\/span><\/p>\n<ul>\n<li>\n<p lang=\"en-US\" align=\"justify\"><span style=\"color: #000000;font-size: 12pt\"><span style=\"font-family: Times New Roman, serif\"><span lang=\"pt-BR\"><b>No campo \u201cAssunto\u201d a\/o estudante dever\u00e1 escrever: <\/b><\/span><\/span><\/span><\/p>\n<\/li>\n<\/ul>\n<p lang=\"pt-BR\" align=\"justify\"><span style=\"font-size: 12pt\"><span style=\"color: #000000\"><span style=\"font-family: Times New Roman, serif\">TCC 202<\/span><\/span><span style=\"font-family: Times New Roman, serif\">6<\/span><span style=\"color: #000000\"><span style=\"font-family: Times New Roman, serif\">.<\/span><\/span><span style=\"font-family: Times New Roman, serif\">1<\/span><span style=\"color: #000000\"><span style=\"font-family: Times New Roman, serif\">+ NOME DA\/O DISCENTE;<\/span><\/span><\/span><\/p>\n<ul>\n<li>\n<p lang=\"pt-BR\" align=\"justify\"><span style=\"color: #000000;font-size: 12pt\"><span style=\"font-family: Times New Roman, serif\"><b>Os anexos dever\u00e3o, obrigatoriamente, ser enviados em um \u00fanico e-mail. <\/b><\/span><\/span><\/p>\n<\/li>\n<\/ul>\n<p lang=\"pt-BR\" align=\"justify\"><span style=\"font-size: 12pt\"><span style=\"color: #000000\"><span style=\"font-family: Times New Roman, serif\">Caso haja reenvio, iremos considerar apenas o \u00faltimo e-mail enviado, contendo todos os seguintes documentos:<\/span><\/span><span style=\"color: #000000\"><span style=\"font-family: Times New Roman, serif\"><b> O TCC corrigido, folha catalogr\u00e1fica<\/b><\/span><\/span><span style=\"font-family: Times New Roman, serif\"><b>, <\/b><\/span><span style=\"color: #000000\"><span style=\"font-family: Times New Roman, serif\"><b>folha de aprova\u00e7\u00e3o com assinaturas e termo de autoriza\u00e7\u00e3o da biblioteca preenchida e assinada.<\/b><\/span><\/span><\/span><\/p>\n<p lang=\"en-US\" align=\"justify\"><span style=\"font-size: 12pt\"><span style=\"color: #000000\"><span style=\"font-family: Times New Roman, serif\"><span lang=\"pt-BR\">A\/o <\/span><\/span><\/span><span style=\"font-family: Times New Roman, serif\"><span lang=\"pt-BR\">estudante receber\u00e1<\/span><\/span><span style=\"color: #000000\"><span style=\"font-family: Times New Roman, serif\"><span lang=\"pt-BR\"> um e-mail com a confirma\u00e7\u00e3o da entrega. Caso n\u00e3o receba essa confirma\u00e7\u00e3o, dever\u00e1 entrar em contato atrav\u00e9s do e-mail atendimentofasso<\/span><\/span><\/span><a class=\"western\" href=\"mailto:desso@uern.br\"><span style=\"color: #000000\"><span style=\"font-family: Times New Roman, serif\"><span lang=\"pt-BR\"><u>@uern.br<\/u><\/span><\/span><\/span><\/a><span style=\"color: #000000\"><span style=\"font-family: Times New Roman, serif\"><span lang=\"pt-BR\"> comprovando que fez a entrega dentro do prazo estabelecido.<\/span><\/span><\/span><\/span><\/p>\n<p lang=\"en-US\" align=\"justify\">__________________________________________________________________________________________________________________________________________________<\/p>\n<p><span style=\"font-size: 24pt\"><b>Inser\u00e7\u00e3o de documentos obrigat\u00f3rios no SIGAA ( CONCLUINTES):\u00a0<\/b><\/span><\/p>\n<p><span style=\"font-weight: 400\">\u00a0\u00a0\u00a0<span style=\"font-family: 'times new roman', times, serif\">\u00a0\u00a0\u00a0\u00a0\u00a0Lembramos que \u00e9<\/span><\/span><span style=\"font-family: 'times new roman', times, serif\"><span style=\"font-weight: 400\">\u00a0de <\/span><span style=\"font-weight: 400\">responsabilidade do(a) discente concluinte inserir no SIGAA os documentos obrigat\u00f3rios para o registro do\u00a0<\/span><span style=\"font-weight: 400\">diploma. Os documentos exigidos s\u00e3o:<\/span><\/span><\/p>\n<ol>\n<li><span style=\"font-family: 'times new roman', times, serif\"><b> Comprova\u00e7\u00e3o de conclus\u00e3o do ensino m\u00e9dio, por meio de um dos seguintes:<\/b><\/span><\/li>\n<\/ol>\n<p><span style=\"font-weight: 400;font-family: 'times new roman', times, serif\">&#8211; Certid\u00e3o de conclus\u00e3o do ensino m\u00e9dio; ou<\/span><\/p>\n<p><span style=\"font-weight: 400;font-family: 'times new roman', times, serif\">&#8211; Hist\u00f3rico escolar do ensino m\u00e9dio com declara\u00e7\u00e3o de conclus\u00e3o ao final.<\/span><\/p>\n<ol start=\"2\">\n<li><span style=\"font-family: 'times new roman', times, serif\"><b> Documentos de identifica\u00e7\u00e3o pessoal:<\/b><\/span><\/li>\n<\/ol>\n<p><span style=\"font-family: 'times new roman', times, serif\"><span style=\"font-weight: 400\">\u00a0-RG;\u00a0<\/span> <\/span><\/p>\n<p><span style=\"font-weight: 400;font-family: 'times new roman', times, serif\">-CPF e\u00a0<\/span><\/p>\n<p><span style=\"font-weight: 400;font-family: 'times new roman', times, serif\">\u00a0-Certid\u00e3o de nascimento ou casamento.<\/span><\/p>\n<p><span style=\"font-weight: 400;font-family: 'times new roman', times, serif\">\u00a0\u00a0\u00a0\u00a0\u00a0\u00a0\u00a0\u00a0\u00a0\u00a0\u00a0No SIGAA (m\u00f3dulo \u201cInser\u00e7\u00e3o de Documentos para Registro de Diplomas\u201d, dispon\u00edvel no portal do aluno), ser\u00e1 poss\u00edvel anexar apenas dois arquivos:<\/span><\/p>\n<ol>\n<li><span style=\"font-weight: 400;font-family: 'times new roman', times, serif\"> Documento de identifica\u00e7\u00e3o (RG, CNH, etc.);<\/span><\/li>\n<li><span style=\"font-weight: 400;font-family: 'times new roman', times, serif\"> Prova de conclus\u00e3o do ensino m\u00e9dio.<\/span><\/li>\n<\/ol>\n<p><span style=\"font-family: 'times new roman', times, serif\"><span style=\"font-weight: 400\">Importante: Caso possua mais de um documento para cada item, unifique-os em um \u00fanico arquivo\u00a0<\/span><span style=\"font-weight: 400\">PDF antes de realizar o envio.<\/span><\/span><\/p>\n<p><span style=\"font-family: 'times new roman', times, serif\">______________________________________________________________________________<\/span>___<\/p>\n<p>&nbsp;<\/p>\n<p><strong>LISTA DE TCC\u00b4S APRESENTADOS POR EX-ALUNAS\/OS DA FASSO:<\/strong><\/p>\n<p><a href=\"http:\/\/beta.apps.uern.br\/wordpress\/fasso\/wp-content\/uploads\/2022\/09\/6412lista_de_tcc__2019.2.pdf\">LISTA DE TCC 2019.2\u00a0<\/a><\/p>\n<p><a href=\"http:\/\/beta.apps.uern.br\/wordpress\/fasso\/wp-content\/uploads\/2022\/09\/6412lista_de_tcc_defendidos_2020.1.pdf\">LISTA DE TCC 2020.1\u00a0<\/a><\/p>\n<p><a href=\"http:\/\/beta.apps.uern.br\/wordpress\/fasso\/wp-content\/uploads\/2022\/09\/6412lista_de_monografias_defendidas_2020.2.pdf\">LISTA DE TCC 2020.2\u00a0<\/a><\/p>\n<p><a href=\"https:\/\/portal.uern.br\/fasso\/wp-content\/uploads\/2025\/05\/Lista-de-TCCs-2021.1.pdf\">LISTA DE TCC 2021.1<\/a><\/p>\n<p><a href=\"https:\/\/portal.uern.br\/fasso\/wp-content\/uploads\/2025\/05\/Lista-de-TCCs-2021.2.pdf\">LISTA DE TCC 2021.2<\/a><\/p>\n<p><a href=\"https:\/\/portal.uern.br\/fasso\/wp-content\/uploads\/2025\/05\/Lista-de-TCCs-2022.1.pdf\">LISTA DE TCC 2022.1<\/a><\/p>\n<p><a href=\"https:\/\/portal.uern.br\/fasso\/wp-content\/uploads\/2025\/05\/Lista-de-TCCs-2022.2-1.pdf\">LISTA DE TCC 2022.2<\/a><\/p>\n<p><a href=\"https:\/\/portal.uern.br\/fasso\/wp-content\/uploads\/2025\/05\/Lista-de-TCCs-2023.1.pdf\">LISTA DE TCC 2023.1<\/a><\/p>\n<p><a href=\"https:\/\/portal.uern.br\/fasso\/wp-content\/uploads\/2025\/05\/Lista-de-TCCs-2023.2.pdf\">LISTA DE TCC 2023.2<\/a><\/p>\n<p><a href=\"https:\/\/portal.uern.br\/fasso\/wp-content\/uploads\/2025\/05\/Lista-de-TCCs-2024.1-1.pdf\">LISTA DE TCC 2024.1<\/a><\/p>\n<p><a href=\"https:\/\/portal.uern.br\/fasso\/wp-content\/uploads\/2025\/05\/Lista-de-TCCs-2024.2.pdf\">LISTA DE TCC 2024.2<\/a><\/p>\n<p><a href=\"https:\/\/portal.uern.br\/fasso\/wp-content\/uploads\/2026\/04\/Lista-de-TCCs-2025.1.pdf\">LISTA DE TCC 2025.1<\/a><\/p>\n<p>LISTA DE TCC 2025.2<\/p>\n<p>&nbsp;<\/p>\n<p><strong>Informa\u00e7\u00f5es gerais sobre o TCC:\u00a0<\/strong><\/p>\n<p>O Trabalho de Conclus\u00e3o de Curso de Servi\u00e7o Social ( TCC) \u00e9 uma Monografia, trata-se de uma atividade pedag\u00f3gica que dever\u00e1 se efetivar pelo(a) estudante sob a orienta\u00e7\u00e3o de um(a) professor(a) orientador(a).<\/p>\n<p>Obedecendo a sequ\u00eancia de atividades determinadas pelos Componentes Semin\u00e1rio de Monografia I e II, sendo a disciplina Semin\u00e1rio de Monografia I compreendida como a primeira fase do processo, na qual se elabora e executa o projeto de monografia.<\/p>\n<p>A disciplina Semin\u00e1rio de Monografia II \u00e9 compreendida como a \u00faltima fase do processo, na qual se efetiva a elabora\u00e7\u00e3o da monografia.<\/p>\n<p>Com rela\u00e7\u00e3o \u00e0 avalia\u00e7\u00e3o, a monografia ser\u00e1 apresentada por meio de defesa oral e p\u00fablica, conforme calend\u00e1rio estabelecido pela CODEM perante Banca Examinadora constitu\u00edda por 3 (tr\u00eas) membros, sendo pelo menos um(a) professor(a) lotado(a) no Departamento de Servi\u00e7o Social, levando em considera\u00e7\u00e3o as \u00e1reas de conhecimento, prioritariamente em rela\u00e7\u00e3o ao tema da Monografia e com as linhas de pesquisa do DESSO\/UERN.<\/p>\n<p>Ap\u00f3s a defesa cada um dos membros da Banca Examinadora aferir\u00e1, individualmente, uma nota que deve variar de 0 (zero) a 10 (dez), devendo a nota final constituir-se na m\u00e9dia aritm\u00e9tica simples das notas atribu\u00eddas pelos tr\u00eas membros da Banca examinadora<\/p>\n<p>&nbsp;<\/p>\n<hr \/>\n<p><strong>DOCUMENTOS PARA EST\u00c1GIO OBRIG\u00c1T\u00d3RIO:<\/strong><\/p>\n<p><strong>EST\u00c1GIO I<\/strong><\/p>\n<p>Instrumento de autoavalia\u00e7\u00e3o &#8211;\u00a0<a href=\"http:\/\/www.uern.br\/controledepaginas\/fasso-faculdade-Coordena%C3%A7%C3%A3o%20de%20est%C3%A1gio\/arquivos\/6408instrumento_de_auto_avaliaa%C2%A7a%C2%A3o_de_estagio_i.pdf\" target=\"_blank\" rel=\"noopener\">LINK<\/a><\/p>\n<p>Registro de frequ\u00eancia das atividades &#8211;<a href=\"http:\/\/www.uern.br\/controledepaginas\/fasso-faculdade-Coordena%C3%A7%C3%A3o%20de%20est%C3%A1gio\/arquivos\/6408registro_e_frequancia_de_horas_das_atividades_do_esta%C2%A1gio.pdf\" target=\"_blank\" rel=\"noopener\">LINK\u00a0<\/a><\/p>\n<p><strong>EST\u00c1GIO II<\/strong><\/p>\n<p>Instrumento de avalia\u00e7\u00e3o &#8211;\u00a0<a href=\"http:\/\/www.uern.br\/controledepaginas\/fasso-faculdade-Coordena%C3%A7%C3%A3o%20de%20est%C3%A1gio\/arquivos\/6408instrumento_de__avaliaa%C2%A7a%C2%A3o_de_estagio__ii_e_iii_supervisa%C2%A3o_campo.pdf\" target=\"_blank\" rel=\"noopener\">LINK<\/a><\/p>\n<p>Instrumento de autoavalia\u00e7\u00e3o &#8211;\u00a0<a href=\"http:\/\/www.uern.br\/controledepaginas\/fasso-faculdade-Coordena%C3%A7%C3%A3o%20de%20est%C3%A1gio\/arquivos\/6408instrumento_de_auto_avaliaa%C2%A7a%C2%A3o_de_esta%C2%A1gio_ii.pdf\" target=\"_blank\" rel=\"noopener\">LINK<\/a><\/p>\n<p>Registro de frequ\u00eancia das atividades\u00a0&#8211;<a href=\"http:\/\/www.uern.br\/controledepaginas\/fasso-faculdade-Coordena%C3%A7%C3%A3o%20de%20est%C3%A1gio\/arquivos\/6408registro_e_frequancia_de_horas_das_atividades_do_esta%C2%A1gio.pdf\" target=\"_blank\" rel=\"noopener\">LINK\u00a0<\/a><\/p>\n<p><strong>EST\u00c1GIO III<\/strong><\/p>\n<p>Instrumento de avalia\u00e7\u00e3o &#8211;\u00a0<a href=\"http:\/\/www.uern.br\/controledepaginas\/fasso-faculdade-Coordena%C3%A7%C3%A3o%20de%20est%C3%A1gio\/arquivos\/6408instrumento_de__avaliaa%C2%A7a%C2%A3o_de_estagio__ii_e_iii_supervisa%C2%A3o_campo.pdf\" target=\"_blank\" rel=\"noopener\">LINK<\/a><\/p>\n<p>Instrumento de autoavalia\u00e7\u00e3o &#8211;\u00a0<a href=\"http:\/\/www.uern.br\/controledepaginas\/fasso-faculdade-Coordena%C3%A7%C3%A3o%20de%20est%C3%A1gio\/arquivos\/6408instrumento_de_auto_avaliaa%C2%A7a%C2%A3o_de_esta%C2%A1gio_iii.pdf\" target=\"_blank\" rel=\"noopener\">LINK<\/a><\/p>\n<p>Registro de frequ\u00eancia das atividades &#8211;<a href=\"http:\/\/www.uern.br\/controledepaginas\/fasso-faculdade-Coordena%C3%A7%C3%A3o%20de%20est%C3%A1gio\/arquivos\/6408registro_e_frequancia_de_horas_das_atividades_do_esta%C2%A1gio.pdf\" target=\"_blank\" rel=\"noopener\">LINK<\/a><\/p>\n<p>&nbsp;<\/p>\n<p>___________________________________________<\/p>\n<p>Guia do Estudante &#8211; <a href=\"http:\/\/www.uern.br\/controledepaginas\/fasso-faculdade-Estudantes\/arquivos\/6419guia_do_estudante.pdf\" target=\"_blank\" rel=\"noopener\">LINK<\/a><\/p>\n<p>Manual do Estudante &#8211;\u00a0<a href=\"http:\/\/www.uern.br\/controledepaginas\/fasso-faculdade-Estudantes\/arquivos\/64191193manual_do_estudante.pdf%20\" target=\"_blank\" rel=\"noopener\">LINK\u00a0<\/a><\/p>\n<p>Tutorial do e-mail institucional &#8211;\u00a0<a href=\"http:\/\/www.uern.br\/controledepaginas\/fasso-faculdade-Estudantes\/arquivos\/6419tutorial_e_mail_institucional_uern_(2).pdf\" target=\"_blank\" rel=\"noopener\">LINK<\/a><\/p>\n<p>Manual de rotinas acad\u00eamicas &#8211;<a href=\"http:\/\/www.uern.br\/controledepaginas\/fasso-faculdade-Estudantes\/arquivos\/6419manual_de_rotinas_acadamicas_(1).pdf\" target=\"_blank\" rel=\"noopener\">\u00a0LINK<\/a><\/p>\n<p>&nbsp;<\/p>\n<hr \/>\n<p><span style=\"font-size: 12pt\"><strong>TUTORIAIS DA BIBLIOTECA CENTRAL DA UERN:<\/strong><\/span><\/p>\n<p><span style=\"font-size: 12pt\">Tutorial para solicitar o cadastro de usu\u00e1rio da biblioteca (<a href=\"http:\/\/www.uern.br\/controledepaginas\/fasso-faculdade-documentos%20importantes\/arquivos\/6419tutorial_como_fazer_o_cadastro_de_usua%C2%A1rio_pelo_site.pdf\" target=\"_blank\" rel=\"noopener\">LINK)<\/a><\/span><\/p>\n<p><span style=\"font-size: 12pt\">Tutorial de como fazer agendamentos e devolu\u00e7\u00f5es de livros (<a href=\"http:\/\/www.uern.br\/controledepaginas\/fasso-faculdade-documentos%20importantes\/arquivos\/6419tutorial_como_fazer_agendamento_de_empra%C2%A9stimos_e_devolua%C2%A7a%C2%B5es.pdf\" target=\"_blank\" rel=\"noopener\">\u00a0LINK<\/a>)<\/span><\/p>\n<h3><span style=\"font-size: 12pt\">LEGISLA\u00c7\u00c3O DE GRADUA\u00c7\u00c3O<\/span><\/h3>\n<p><span style=\"font-size: 12pt\"><em>Regulamento\u00a0dos Cursos de Gradua\u00e7\u00e3o da UERN (\u00a0<a href=\"https:\/\/www.uern.br\/controledepaginas\/fala-documentoselegislacao\/arquivos\/585803._regulamento_dos_cursos_de_graduaa%C2%A7a%C2%A3o_da_uern.pdf\" target=\"_blank\" rel=\"noopener\">Resolu\u00e7\u00e3o n\u00ba 26\/2017 &#8211; CONSEPE<\/a>)<\/em><\/span><\/p>\n<p><span style=\"font-size: 12pt\"><em>Resolu\u00e7\u00e3o sobre rendimento acad\u00eamico\u00a0<a href=\"http:\/\/www.uern.br\/controledepaginas\/fasso-faculdade-documentos%20importantes\/arquivos\/6419resolucao_11_93.pdf\">(Resolu\u00e7\u00e3o n\u00ba 11 93\/ CONSUNI)<\/a><\/em><\/span><\/p>\n<p><span style=\"font-size: 12pt\"><em>Medalha do M\u00e9rito Acad\u00eamico (<a href=\"https:\/\/www.uern.br\/controledepaginas\/fala-documentoselegislacao\/arquivos\/585805._medalha_do_ma%C2%A9rito_acadamico.pdf\" target=\"_blank\" rel=\"noopener\">Resolu\u00e7\u00e3o n\u00ba 05\/2017 &#8211; CONSUNI<\/a>)<\/em><\/span><\/p>\n<p><span style=\"font-size: 12pt\"><em>Antecipa\u00e7\u00e3o de Conclus\u00e3o de Curso\u00a0<\/em><em><a href=\"https:\/\/www.uern.br\/controledepaginas\/fala-documentoselegislacao\/arquivos\/585806._antecipaa%C2%A7a%C2%A3o_de_conclusa%C2%A3o_de_curso.pdf\" target=\"_blank\" rel=\"noopener\">Resolu\u00e7\u00e3o n\u00ba 12\/2012 &#8211; CONSEPE<\/a><\/em><\/span><\/p>\n<p><span style=\"font-size: 12pt\"><em><a href=\"https:\/\/www.uern.br\/controledepaginas\/fala-documentoselegislacao\/arquivos\/585806.1_antecipaa%C2%A7a%C2%A3o_de_conclusa%C2%A3o_de_curso.pdf\" target=\"_blank\" rel=\"noopener\">(Formul\u00e1rio de Solicita\u00e7\u00e3o de Antecipa\u00e7\u00e3o de Conclus\u00e3o de Curso)<\/a><\/em><\/span><\/p>\n<p><span style=\"font-size: 12pt\"><strong>LEGISLA\u00c7\u00c3O GERAL DA UERN<\/strong><\/span><\/p>\n<p><span style=\"font-size: 12pt\"><a href=\"http:\/\/www.uern.br\/controledepaginas\/fasso-faculdade-documentos%20importantes\/arquivos\/6419regimento_geral_da_uern_atualizado_em_2022.pdf\">Regimento Geral da UERN ( Atualizado em 2022)\u00a0<\/a><\/span><\/p>\n<p><span style=\"font-size: 12pt\"><a href=\"https:\/\/www.uern.br\/controledepaginas\/fala-documentoselegislacao\/arquivos\/5858estatuto.pdf\" target=\"_blank\" rel=\"noopener\">Estatuto da UERN<\/a><\/span><\/p>\n<p><span style=\"font-size: 12pt\"><a href=\"http:\/\/portal.uern.br\/pdi\/\" target=\"_blank\" rel=\"noopener\">Plano de Desenvolvimento Institucional da UERN<\/a><\/span><\/p>\n<p><span style=\"font-size: 12pt\"><a href=\"https:\/\/www.uern.br\/controledepaginas\/fala-documentoselegislacao\/arquivos\/5858carta_de_servia%C2%A7os_ao_cidada%C2%A3o.pdf\" target=\"_blank\" rel=\"noopener\">Carta de Servi\u00e7os ao Cidad\u00e3o<\/a><\/span><\/p>\n<p>__________________________________________________________________________<\/p>\n","protected":false},"excerpt":{"rendered":"<p>Discentes\/Documentos importantes Para os ingressantes a partir de 2023: Matriz 2023: LINK Disciplinas Equivalentes ( Matriz 2023): LINK\u00a0 \u00a0Para ingressantes at\u00e9 2022: Matriz 2010: LINK _________________________________ REQUERIMENTOS: -Requerimento de Segunda Chamada para avalia\u00e7\u00e3o &#8211; LINK -Requerimento de Exerc\u00edcio Domiciliar\u00a0 &#8211; LINK -Informa\u00e7\u00f5es sobre o Regime Dominilicar &#8211; LINK\u00a0 &#8211;Requerimento de Aproveitamento de Estudos Realizados na [&hellip;]<\/p>\n","protected":false},"author":1,"featured_media":0,"parent":0,"menu_order":0,"comment_status":"closed","ping_status":"closed","template":"","meta":{"footnotes":""},"class_list":["post-240","page","type-page","status-publish","hentry"],"_links":{"self":[{"href":"https:\/\/portal.uern.br\/fasso\/wp-json\/wp\/v2\/pages\/240","targetHints":{"allow":["GET"]}}],"collection":[{"href":"https:\/\/portal.uern.br\/fasso\/wp-json\/wp\/v2\/pages"}],"about":[{"href":"https:\/\/portal.uern.br\/fasso\/wp-json\/wp\/v2\/types\/page"}],"author":[{"embeddable":true,"href":"https:\/\/portal.uern.br\/fasso\/wp-json\/wp\/v2\/users\/1"}],"replies":[{"embeddable":true,"href":"https:\/\/portal.uern.br\/fasso\/wp-json\/wp\/v2\/comments?post=240"}],"version-history":[{"count":32,"href":"https:\/\/portal.uern.br\/fasso\/wp-json\/wp\/v2\/pages\/240\/revisions"}],"predecessor-version":[{"id":1376,"href":"https:\/\/portal.uern.br\/fasso\/wp-json\/wp\/v2\/pages\/240\/revisions\/1376"}],"wp:attachment":[{"href":"https:\/\/portal.uern.br\/fasso\/wp-json\/wp\/v2\/media?parent=240"}],"curies":[{"name":"wp","href":"https:\/\/api.w.org\/{rel}","templated":true}]}}