{"id":231,"date":"2022-09-14T09:33:34","date_gmt":"2022-09-14T12:33:34","guid":{"rendered":"https:\/\/paisdemossoro.com.br\/wordpress\/fasso\/?page_id=231"},"modified":"2025-06-25T10:49:53","modified_gmt":"2025-06-25T13:49:53","slug":"apresentacao","status":"publish","type":"page","link":"https:\/\/portal.uern.br\/fasso\/apresentacao\/","title":{"rendered":"Apresenta\u00e7\u00e3o"},"content":{"rendered":"<p>Informa\u00e7\u00f5es gerais sobre o curso<\/p>\n<hr style=\"font-family: calibri, verdana, arial, helvetica, sans-serif;font-size: 12.74px;text-align: justify\" \/>\n<p style=\"margin: 0px 0px 10px;padding: 0px;font-family: calibri, verdana, arial, helvetica, sans-serif;font-size: 12.74px;text-align: justify\">C\u00f3digo e-mec: 3562<\/p>\n<p style=\"margin: 0px 0px 10px;padding: 0px;font-family: calibri, verdana, arial, helvetica, sans-serif;font-size: 12.74px;text-align: justify\">Grau Acad\u00eamico: Bacharelado<\/p>\n<p style=\"margin: 0px 0px 10px;padding: 0px;font-family: calibri, verdana, arial, helvetica, sans-serif;font-size: 12.74px;text-align: justify\">Modalidade: Presencial<\/p>\n<p style=\"margin: 0px 0px 10px;padding: 0px;font-family: calibri, verdana, arial, helvetica, sans-serif;font-size: 12.74px;text-align: justify\">Carga hor\u00e1ria total: 3000h<\/p>\n<p style=\"margin: 0px 0px 10px;padding: 0px;font-family: calibri, verdana, arial, helvetica, sans-serif;font-size: 12.74px;text-align: justify\">Tempo m\u00e9dio para integraliza\u00e7\u00e3o: 08 semestres<\/p>\n<p style=\"margin: 0px 0px 10px;padding: 0px;font-family: calibri, verdana, arial, helvetica, sans-serif;font-size: 12.74px;text-align: justify\"><strong style=\"font-style: inherit;font-weight: bold\">Objetivos do curso\u00a0<\/strong><\/p>\n<p style=\"margin: 0px 0px 10px;padding: 0px;font-family: calibri, verdana, arial, helvetica, sans-serif;font-size: 12.74px;text-align: justify\">Formar Assistentes Sociais capazes de aprender o significado social e hist\u00f3rico da profiss\u00e3o e intervir de forma cr\u00edtica e qualificada nos espa\u00e7os de atua\u00e7\u00e3o profissional, com fundamenta\u00e7\u00e3o hist\u00f3rico-metodol\u00f3gica e posicionamento \u00e9tico-pol\u00edtico de acordo com a Lei de Regulamenta\u00e7\u00e3o da Profiss\u00e3o (N 8.662\/93) e com o C\u00f3digo de \u00c9tica do Assistente Social (Resolu\u00e7\u00e3o CFESS &#8211; 273\/93).<\/p>\n<p style=\"margin: 0px 0px 10px;padding: 0px;font-family: calibri, verdana, arial, helvetica, sans-serif;font-size: 12.74px;text-align: justify\"><strong style=\"font-style: inherit;font-weight: bold\">Perfil do formando<\/strong><\/p>\n<p style=\"margin: 0px 0px 10px;padding: 0px;font-family: calibri, verdana, arial, helvetica, sans-serif;font-size: 12.74px;text-align: justify\">O Assitente Social \u00e9 um profissional que:<\/p>\n<p style=\"margin: 0px 0px 10px;padding: 0px;font-family: calibri, verdana, arial, helvetica, sans-serif;font-size: 12.74px;text-align: justify\">&#8211; Analisa, decifra e atua sobre as m\u00faltiplas express\u00f5es da quest\u00e3o social;<\/p>\n<p style=\"margin: 0px 0px 10px;padding: 0px;font-family: calibri, verdana, arial, helvetica, sans-serif;font-size: 12.74px;text-align: justify\">&#8211; Planeja, implementa e avalia pol\u00edticas, planos, programas e projetos sociais;<\/p>\n<p style=\"margin: 0px 0px 10px;padding: 0px;font-family: calibri, verdana, arial, helvetica, sans-serif;font-size: 12.74px;text-align: justify\">&#8211; Tem uma forma\u00e7\u00e3o generalista, com compet\u00eancias te\u00f3rica, metodol\u00f3gica e pol\u00edtica e capacidade de an\u00e1lise cr\u00edtica e propositiva nos diversos espa\u00e7os de atua\u00e7\u00e3o pol\u00edtico profissional;<\/p>\n<p style=\"margin: 0px 0px 10px;padding: 0px;font-family: calibri, verdana, arial, helvetica, sans-serif;font-size: 12.74px;text-align: justify\">&#8211; Responde \u00e0s demandas s\u00f3cio-hist\u00f3ricas dos usu\u00e1rios dos servi\u00e7os sociais, respeitando e comprometendo-se com os valores e princ\u00edpios norteadores do C\u00f3digo de \u00c9tica do Assistente Social;<\/p>\n<p style=\"margin: 0px 0px 10px;padding: 0px;font-family: calibri, verdana, arial, helvetica, sans-serif;font-size: 12.74px;text-align: justify\">&#8211; \u00c9 capaz de lidar, concomitantemente, com as demandas hist\u00f3ricas e com os novos processos sociais que se imp\u00f5em \u00e0 profiss\u00e3o;<\/p>\n<p style=\"margin: 0px 0px 10px;padding: 0px;font-family: calibri, verdana, arial, helvetica, sans-serif;font-size: 12.74px;text-align: justify\">&#8211; Tem postura investigativa frente aos processos hist\u00f3ricos reais e sobre a imediaticidade das demandas do fazer profissional.<\/p>\n<p style=\"margin: 0px 0px 10px;padding: 0px;font-family: calibri, verdana, arial, helvetica, sans-serif;font-size: 12.74px;text-align: justify\"><strong style=\"font-style: inherit;font-weight: bold\">Campos de atua\u00e7\u00e3o<\/strong><\/p>\n<p style=\"margin: 0px 0px 10px;padding: 0px;font-family: calibri, verdana, arial, helvetica, sans-serif;font-size: 12.74px;text-align: justify\">Nas institui\u00e7\u00f5es privadas e p\u00fablicas, no enfoque de efetiva\u00e7\u00e3o e concretiza\u00e7\u00e3o dos direitos sociais;<\/p>\n<p style=\"margin: 0px 0px 10px;padding: 0px;font-family: calibri, verdana, arial, helvetica, sans-serif;font-size: 12.74px;text-align: justify\">Nas Organiza\u00e7\u00f5es n\u00e3o Governamentais (ONGs);<\/p>\n<p style=\"margin: 0px 0px 10px;padding: 0px;font-family: calibri, verdana, arial, helvetica, sans-serif;font-size: 12.74px;text-align: justify\">Nos movimentos sociais; no s\u00f3cio-jur\u00eddico, em demandas que atravessem direitos sociais e\/ou pessoas socialmente vulner\u00e1veis;<\/p>\n<p style=\"margin: 0px 0px 10px;padding: 0px;font-family: calibri, verdana, arial, helvetica, sans-serif;font-size: 12.74px;text-align: justify\">Na sa\u00fade (Aten\u00e7\u00e3o b\u00e1sica e especializada), assistencial social (Prote\u00e7\u00e3o b\u00e1sica e especializada), na educa\u00e7\u00e3o e de forma geral nos processos de organiza\u00e7\u00e3o da classe trabalhadora.<\/p>\n<p style=\"margin: 0px 0px 10px;padding: 0px;font-family: calibri, verdana, arial, helvetica, sans-serif;font-size: 12.74px;text-align: justify\">\n","protected":false},"excerpt":{"rendered":"<p>Informa\u00e7\u00f5es gerais sobre o curso C\u00f3digo e-mec: 3562 Grau Acad\u00eamico: Bacharelado Modalidade: Presencial Carga hor\u00e1ria total: 3000h Tempo m\u00e9dio para integraliza\u00e7\u00e3o: 08 semestres Objetivos do curso\u00a0 Formar Assistentes Sociais capazes de aprender o significado social e hist\u00f3rico da profiss\u00e3o e intervir de forma cr\u00edtica e qualificada nos espa\u00e7os de atua\u00e7\u00e3o profissional, com fundamenta\u00e7\u00e3o hist\u00f3rico-metodol\u00f3gica e [&hellip;]<\/p>\n","protected":false},"author":1,"featured_media":0,"parent":0,"menu_order":0,"comment_status":"closed","ping_status":"closed","template":"","meta":{"footnotes":""},"class_list":["post-231","page","type-page","status-publish","hentry"],"_links":{"self":[{"href":"https:\/\/portal.uern.br\/fasso\/wp-json\/wp\/v2\/pages\/231","targetHints":{"allow":["GET"]}}],"collection":[{"href":"https:\/\/portal.uern.br\/fasso\/wp-json\/wp\/v2\/pages"}],"about":[{"href":"https:\/\/portal.uern.br\/fasso\/wp-json\/wp\/v2\/types\/page"}],"author":[{"embeddable":true,"href":"https:\/\/portal.uern.br\/fasso\/wp-json\/wp\/v2\/users\/1"}],"replies":[{"embeddable":true,"href":"https:\/\/portal.uern.br\/fasso\/wp-json\/wp\/v2\/comments?post=231"}],"version-history":[{"count":11,"href":"https:\/\/portal.uern.br\/fasso\/wp-json\/wp\/v2\/pages\/231\/revisions"}],"predecessor-version":[{"id":1305,"href":"https:\/\/portal.uern.br\/fasso\/wp-json\/wp\/v2\/pages\/231\/revisions\/1305"}],"wp:attachment":[{"href":"https:\/\/portal.uern.br\/fasso\/wp-json\/wp\/v2\/media?parent=231"}],"curies":[{"name":"wp","href":"https:\/\/api.w.org\/{rel}","templated":true}]}}