{"id":191,"date":"2022-05-26T15:18:36","date_gmt":"2022-05-26T18:18:36","guid":{"rendered":"https:\/\/paisdemossoro.com.br\/wordpress\/fasso\/?page_id=191"},"modified":"2024-05-14T11:25:41","modified_gmt":"2024-05-14T14:25:41","slug":"home","status":"publish","type":"page","link":"https:\/\/portal.uern.br\/fasso\/","title":{"rendered":"Home"},"content":{"rendered":"\t\t<div data-elementor-type=\"wp-page\" data-elementor-id=\"191\" class=\"elementor elementor-191\" data-elementor-post-type=\"page\">\n\t\t\t\t\t\t<section class=\"elementor-section elementor-top-section elementor-element elementor-element-5acc5a0 elementor-section-full_width elementor-section-height-default elementor-section-height-default\" data-id=\"5acc5a0\" data-element_type=\"section\">\n\t\t\t\t\t\t<div class=\"elementor-container elementor-column-gap-default\">\n\t\t\t\t\t<div class=\"elementor-column elementor-col-100 elementor-top-column elementor-element elementor-element-278a6fa\" data-id=\"278a6fa\" data-element_type=\"column\">\n\t\t\t<div class=\"elementor-widget-wrap elementor-element-populated\">\n\t\t\t\t\t\t<div class=\"elementor-element elementor-element-c41af63 elementor-widget elementor-widget-image\" data-id=\"c41af63\" data-element_type=\"widget\" data-widget_type=\"image.default\">\n\t\t\t\t<div class=\"elementor-widget-container\">\n\t\t\t\t\t\t\t\t\t\t\t\t\t\t\t<img fetchpriority=\"high\" decoding=\"async\" width=\"892\" height=\"614\" src=\"https:\/\/portal.uern.br\/fasso\/wp-content\/uploads\/2024\/05\/fasso.jpg\" class=\"attachment-full size-full wp-image-1099\" alt=\"\" srcset=\"https:\/\/portal.uern.br\/fasso\/wp-content\/uploads\/2024\/05\/fasso.jpg 892w, https:\/\/portal.uern.br\/fasso\/wp-content\/uploads\/2024\/05\/fasso-300x207.jpg 300w, https:\/\/portal.uern.br\/fasso\/wp-content\/uploads\/2024\/05\/fasso-768x529.jpg 768w\" sizes=\"(max-width: 892px) 100vw, 892px\" \/>\t\t\t\t\t\t\t\t\t\t\t\t\t\t\t<\/div>\n\t\t\t\t<\/div>\n\t\t\t\t\t<\/div>\n\t\t<\/div>\n\t\t\t\t\t<\/div>\n\t\t<\/section>\n\t\t\t\t<section class=\"elementor-section elementor-top-section elementor-element elementor-element-186e239 elementor-reverse-mobile elementor-section-height-min-height elementor-section-items-stretch elementor-section-boxed elementor-section-height-default\" data-id=\"186e239\" data-element_type=\"section\" data-settings=\"{&quot;background_background&quot;:&quot;classic&quot;}\">\n\t\t\t\t\t\t<div class=\"elementor-container elementor-column-gap-default\">\n\t\t\t\t\t<div class=\"elementor-column elementor-col-50 elementor-top-column elementor-element elementor-element-904e542 elementor-hidden-mobile\" data-id=\"904e542\" data-element_type=\"column\" data-settings=\"{&quot;background_background&quot;:&quot;classic&quot;}\">\n\t\t\t<div class=\"elementor-widget-wrap elementor-element-populated\">\n\t\t\t\t\t\t<div class=\"elementor-element elementor-element-6cebadc elementor-nav-menu__text-align-aside elementor-widget elementor-widget-nav-menu\" data-id=\"6cebadc\" data-element_type=\"widget\" data-settings=\"{&quot;layout&quot;:&quot;dropdown&quot;,&quot;submenu_icon&quot;:{&quot;value&quot;:&quot;&lt;i class=\\&quot;fas fa-caret-down\\&quot; aria-hidden=\\&quot;true\\&quot;&gt;&lt;\\\/i&gt;&quot;,&quot;library&quot;:&quot;fa-solid&quot;}}\" data-widget_type=\"nav-menu.default\">\n\t\t\t\t<div class=\"elementor-widget-container\">\n\t\t\t\t\t\t\t\t<nav class=\"elementor-nav-menu--dropdown elementor-nav-menu__container\" aria-hidden=\"true\">\n\t\t\t\t<ul id=\"menu-2-6cebadc\" class=\"elementor-nav-menu\"><li class=\"menu-item menu-item-type-post_type menu-item-object-page menu-item-home menu-item-524\"><a href=\"https:\/\/portal.uern.br\/fasso\/\" class=\"elementor-item\" tabindex=\"-1\">Home<\/a><\/li>\n<li class=\"menu-item menu-item-type-post_type menu-item-object-page menu-item-926\"><a href=\"https:\/\/portal.uern.br\/fasso\/apresentacao\/\" class=\"elementor-item\" tabindex=\"-1\">Apresenta\u00e7\u00e3o<\/a><\/li>\n<li class=\"menu-item menu-item-type-post_type menu-item-object-page menu-item-533\"><a href=\"https:\/\/portal.uern.br\/fasso\/gestao\/\" class=\"elementor-item\" tabindex=\"-1\">Gest\u00e3o\/Contato<\/a><\/li>\n<li class=\"menu-item menu-item-type-post_type menu-item-object-page menu-item-526\"><a href=\"https:\/\/portal.uern.br\/fasso\/calendario\/\" class=\"elementor-item\" tabindex=\"-1\">Calend\u00e1rio Acad\u00eamico<\/a><\/li>\n<li class=\"menu-item menu-item-type-post_type menu-item-object-page menu-item-528\"><a href=\"https:\/\/portal.uern.br\/fasso\/corpo-docente\/\" class=\"elementor-item\" tabindex=\"-1\">Corpo Docente<\/a><\/li>\n<li class=\"menu-item menu-item-type-post_type menu-item-object-page menu-item-529\"><a href=\"https:\/\/portal.uern.br\/fasso\/discentes\/\" class=\"elementor-item\" tabindex=\"-1\">Discentes<\/a><\/li>\n<li class=\"menu-item menu-item-type-post_type menu-item-object-page menu-item-531\"><a href=\"https:\/\/portal.uern.br\/fasso\/estagio\/\" class=\"elementor-item\" tabindex=\"-1\">Est\u00e1gio<\/a><\/li>\n<li class=\"menu-item menu-item-type-post_type menu-item-object-page menu-item-532\"><a href=\"https:\/\/portal.uern.br\/fasso\/perguntas\/\" class=\"elementor-item\" tabindex=\"-1\">Perguntas frequentes<\/a><\/li>\n<li class=\"menu-item menu-item-type-post_type menu-item-object-page menu-item-534\"><a href=\"https:\/\/portal.uern.br\/fasso\/selecaobolsista\/\" class=\"elementor-item\" tabindex=\"-1\">SELE\u00c7\u00c3O PARA BOLSISTA\/DESSO\/FASSO<\/a><\/li>\n<li class=\"menu-item menu-item-type-post_type menu-item-object-page menu-item-1325\"><a href=\"https:\/\/portal.uern.br\/fasso\/reserva-do-auditorio\/\" class=\"elementor-item\" tabindex=\"-1\">RESERVA DO AUDIT\u00d3RIO \u2013 FASSO<\/a><\/li>\n<li class=\"menu-item menu-item-type-post_type menu-item-object-page menu-item-535\"><a href=\"https:\/\/portal.uern.br\/fasso\/mestrado\/\" class=\"elementor-item\" tabindex=\"-1\">Mestrado<\/a><\/li>\n<li class=\"menu-item menu-item-type-post_type menu-item-object-page menu-item-537\"><a href=\"https:\/\/portal.uern.br\/fasso\/orientacao-academica\/\" class=\"elementor-item\" tabindex=\"-1\">Orienta\u00e7\u00e3o Acad\u00eamica<\/a><\/li>\n<\/ul>\t\t\t<\/nav>\n\t\t\t\t\t\t<\/div>\n\t\t\t\t<\/div>\n\t\t\t\t\t<\/div>\n\t\t<\/div>\n\t\t\t\t<div class=\"elementor-column elementor-col-50 elementor-top-column elementor-element elementor-element-39b92b8\" data-id=\"39b92b8\" data-element_type=\"column\" data-settings=\"{&quot;background_background&quot;:&quot;classic&quot;}\">\n\t\t\t<div class=\"elementor-widget-wrap elementor-element-populated\">\n\t\t\t\t\t\t<div class=\"elementor-element elementor-element-0f44ca1 elementor-posts--thumbnail-none elementor-grid-3 elementor-grid-tablet-2 elementor-grid-mobile-1 elementor-card-shadow-yes elementor-posts__hover-gradient elementor-widget elementor-widget-posts\" data-id=\"0f44ca1\" data-element_type=\"widget\" data-settings=\"{&quot;cards_columns&quot;:&quot;3&quot;,&quot;cards_columns_tablet&quot;:&quot;2&quot;,&quot;cards_columns_mobile&quot;:&quot;1&quot;,&quot;cards_row_gap&quot;:{&quot;unit&quot;:&quot;px&quot;,&quot;size&quot;:35,&quot;sizes&quot;:[]},&quot;cards_row_gap_tablet&quot;:{&quot;unit&quot;:&quot;px&quot;,&quot;size&quot;:&quot;&quot;,&quot;sizes&quot;:[]},&quot;cards_row_gap_mobile&quot;:{&quot;unit&quot;:&quot;px&quot;,&quot;size&quot;:&quot;&quot;,&quot;sizes&quot;:[]}}\" data-widget_type=\"posts.cards\">\n\t\t\t\t<div class=\"elementor-widget-container\">\n\t\t\t\t\t\t\t<div class=\"elementor-posts-container elementor-posts elementor-posts--skin-cards elementor-grid\" role=\"list\">\n\t\t\t\t<article class=\"elementor-post elementor-grid-item post-1079 destaques_ type-destaques_ status-publish hentry nivel_do_destaque_-destaque-topo\" role=\"listitem\">\n\t\t\t<div class=\"elementor-post__card\">\n\t\t\t\t<div class=\"elementor-post__text\">\n\t\t\t\t<h3 class=\"elementor-post__title\">\n\t\t\t<a href=\"https:\/\/portal.uern.br\/fasso\/destaques_\/1079-2\/\" >\n\t\t\t\tFACULDADE DE SERVI\u00c7O SOCIAL\t\t\t<\/a>\n\t\t<\/h3>\n\t\t\t\t<div class=\"elementor-post__excerpt\">\n\t\t\t<p>Ao longo de sua hist\u00f3ria a Faculdade de Servi\u00e7o Social \u2013 FASSO \u2013 vem se consolidando a partir de um processo de constru\u00e7\u00e3o coletiva de uma identidade pol\u00edtico-acad\u00eamica que d\u00e1 continuidade, em n\u00edvel local, \u00e0s diretrizes curriculares elaboradas pela Associa\u00e7\u00e3o Brasileira de Ensino e Pesquisa em Servi\u00e7o Social. Encampamos, assim, um projeto de forma\u00e7\u00e3o profissional que preconiza um rigoroso trato te\u00f3rico, hist\u00f3rico e metodol\u00f3gico da realidade social e do servi\u00e7o social; ado\u00e7\u00e3o de uma teoria social cr\u00edtica; estabelecimento das dimens\u00f5es investigativa\u00a0 como condi\u00e7\u00e3o central da forma\u00e7\u00e3o profissional, exerc\u00edcio do pluralismo e indissociabilidade entre ensino, pesquisa e extens\u00e3o, bem como entre<\/p>\n\t\t<\/div>\n\t\t\t\t<\/div>\n\t\t\t\t\t<\/div>\n\t\t<\/article>\n\t\t\t\t<\/div>\n\t\t\n\t\t\t\t\t\t<\/div>\n\t\t\t\t<\/div>\n\t\t\t\t\t<\/div>\n\t\t<\/div>\n\t\t\t\t\t<\/div>\n\t\t<\/section>\n\t\t\t\t<\/div>\n\t\t","protected":false},"excerpt":{"rendered":"<p>Apresenta\u00e7\u00e3o\/Contatos<\/p>\n<p>\u00a0\u00a0\u00a0\u00a0\u00a0\u00a0\u00a0\u00a0\u00a0\u00a0\u00a0\u00a0\u00a0\u00a0\u00a0\u00a0\u00a0\u00a0\u00a0\u00a0\u00a0\u00a0\u00a0\u00a0\u00a0 FACULDADE DE SERVI\u00c7O SOCIAL<\/p>\n<p>Ao longo de sua hist\u00f3ria a Faculdade de Servi\u00e7o Social &#8211; FASSO &#8211; vem se consolidando a partir de um processo de constru\u00e7\u00e3o coletiva de uma identidade pol\u00edtico-acad\u00eamica que d\u00e1 continuidade, em n\u00edvel local, \u00e0s diretrizes curriculares elaboradas pela Associa\u00e7\u00e3o Brasileira de Ensino e Pesquisa em Servi\u00e7o Social.<\/p>\n<p>Encampamos, assim, um projeto de forma\u00e7\u00e3o profissional que preconiza um rigoroso trato te\u00f3rico, hist\u00f3rico e metodol\u00f3gico da realidade social e do servi\u00e7o social; ado\u00e7\u00e3o de uma teoria social cr\u00edtica; estabelecimento das dimens\u00f5es investigativa e introventiva como condi\u00e7\u00e3o central da forma\u00e7\u00e3o profissional, exerc\u00edcio do pluralismo e indissociabilidade entre ensino, pesquisa e extens\u00e3o, bem como entre a supervis\u00e3o acad\u00eamica e profissional, nas experi\u00eancias de est\u00e1gio.<\/p>\n<p>Com isto, consideramos que podemos superar as fragmenta\u00e7\u00f5es do ensino-aprendizagem e construir um conjunto de saberes no decorrer da forma\u00e7\u00e3o, expressando diferentes n\u00edveis de apreens\u00e3o da realidade social e do fazer profissional. Para tanto, desenvolvemos uma permanente atualiza\u00e7\u00e3o de nosso projeto de forma\u00e7\u00e3o profissional, procurando compreender e responder \u00e0s quest\u00f5es de cada \u00e9poca, mediante a forma\u00e7\u00e3o de profissionais cr\u00edticos, propositivos comprometidos com a constru\u00e7\u00e3o de uma sociedade de igaldade e liberdade.<\/p>\n<p>FACULDADE DE SERVI\u00c7O SOCIAL\/FASSO:<\/p>\n<p>Professora Joana Lacerda &#8211; Diretora da FASSO<\/p>\n<p>T\u00e9cnica administrativa Danielle Oliveira &#8211; secret\u00e1ria da FASSO<\/p>\n<p>T\u00e9cnica Administrativa Jaiane Barreto<\/p>\n<p>T\u00e9cnica Administrativa Raimunda Bezerra<\/p>\n<p>E-mail: fasso@uern.br<\/p>\n<p>Telefone: 3315-2210<\/p>\n<p>DEPARTAMENTO DE SERVI\u00c7O SOCIAL\/DESSO:<\/p>\n<p>Professora Mirla Cisne &#8211; Chefe do DESSO<\/p>\n<p>T\u00e9cnica Administrativa Cledna Dantas &#8211; Secret\u00e1ria do DESSO<\/p>\n<p>E-mail: desso@uern.br<\/p>\n<p>Telefone: 3315-2212<\/p>\n<p>MESTRADO DE SERVI\u00c7O SOCIAL &#8211; PPGSSDS:<\/p>\n<p>Professora Fernanda Marques &#8211; Coordenadora pro-tempore PPGSSDS<\/p>\n<p>T\u00e9cnico Administrativo Wescley Assun\u00e7\u00e3o &#8211; Secret\u00e1rio PPGSSDS<\/p>\n<p>E-mail: servicosocial@mestrado.uern.br<\/p>\n<p>Telefone: 3315-2212<\/p>\n<p>Instagram: @ppgssds<\/p>\n<p>P\u00e1gina:https:\/\/propeg.uern.br\/ppgssd\/default.asp?item=pp3168-apresentaca<\/p>\n","protected":false},"author":1,"featured_media":0,"parent":0,"menu_order":0,"comment_status":"closed","ping_status":"closed","template":"","meta":{"footnotes":""},"class_list":["post-191","page","type-page","status-publish","hentry"],"_links":{"self":[{"href":"https:\/\/portal.uern.br\/fasso\/wp-json\/wp\/v2\/pages\/191","targetHints":{"allow":["GET"]}}],"collection":[{"href":"https:\/\/portal.uern.br\/fasso\/wp-json\/wp\/v2\/pages"}],"about":[{"href":"https:\/\/portal.uern.br\/fasso\/wp-json\/wp\/v2\/types\/page"}],"author":[{"embeddable":true,"href":"https:\/\/portal.uern.br\/fasso\/wp-json\/wp\/v2\/users\/1"}],"replies":[{"embeddable":true,"href":"https:\/\/portal.uern.br\/fasso\/wp-json\/wp\/v2\/comments?post=191"}],"version-history":[{"count":62,"href":"https:\/\/portal.uern.br\/fasso\/wp-json\/wp\/v2\/pages\/191\/revisions"}],"predecessor-version":[{"id":1127,"href":"https:\/\/portal.uern.br\/fasso\/wp-json\/wp\/v2\/pages\/191\/revisions\/1127"}],"wp:attachment":[{"href":"https:\/\/portal.uern.br\/fasso\/wp-json\/wp\/v2\/media?parent=191"}],"curies":[{"name":"wp","href":"https:\/\/api.w.org\/{rel}","templated":true}]}}