{"id":271,"date":"2023-02-06T21:03:41","date_gmt":"2023-02-07T00:03:41","guid":{"rendered":"http:\/\/beta.apps.uern.br\/wordpress\/fanat\/?page_id=271"},"modified":"2025-11-19T09:23:35","modified_gmt":"2025-11-19T12:23:35","slug":"corpo-docente","status":"publish","type":"page","link":"https:\/\/portal.uern.br\/fanat\/corpo-docente\/","title":{"rendered":"Corpo docente"},"content":{"rendered":"<p><img fetchpriority=\"high\" decoding=\"async\" class=\"aligncenter wp-image-1150 size-large\" src=\"https:\/\/portal.uern.br\/fanat\/wp-content\/uploads\/2024\/06\/3-1-1024x576.jpg\" alt=\"\" width=\"800\" height=\"450\" srcset=\"https:\/\/portal.uern.br\/fanat\/wp-content\/uploads\/2024\/06\/3-1-1024x576.jpg 1024w, https:\/\/portal.uern.br\/fanat\/wp-content\/uploads\/2024\/06\/3-1-300x169.jpg 300w, https:\/\/portal.uern.br\/fanat\/wp-content\/uploads\/2024\/06\/3-1-768x432.jpg 768w, https:\/\/portal.uern.br\/fanat\/wp-content\/uploads\/2024\/06\/3-1-1536x864.jpg 1536w, https:\/\/portal.uern.br\/fanat\/wp-content\/uploads\/2024\/06\/3-1-2048x1152.jpg 2048w\" sizes=\"(max-width: 800px) 100vw, 800px\" \/><\/p>\n<p>Contamos com um corpo docente altamente qualificado, composto por <strong>74%<\/strong> de doutores e <strong>19%<\/strong> de mestres em diversas \u00e1reas de atua\u00e7\u00e3o. Esses professores est\u00e3o empenhados em desenvolver atividades de ensino, pesquisa e extens\u00e3o, garantindo uma forma\u00e7\u00e3o s\u00f3lida e abrangente para os alunos. Atualmente, s\u00e3o <strong>72 professores efetivos<\/strong>, al\u00e9m dos professores tempor\u00e1rios que tamb\u00e9m contribuem significativamente para as atividades acad\u00eamicas e cient\u00edficas da faculdade.<\/p>\n<h4>Corpo docente do Curso de Ci\u00eancias Biol\u00f3gicas \u2014 Departamento de Biologia<\/h4>\n<ul style=\"list-style-type: square\">\n<li>\n<h5><em>Professores efetivos<\/em><\/h5>\n<\/li>\n<\/ul>\n<ol>\n<li><a href=\"http:\/\/buscatextual.cnpq.br\/buscatextual\/visualizacv.do?id=K4792365U3\" target=\"_blank\" rel=\"noopener\">Prof\u00aa. Dr\u00aa. Ana Bernadete Lima Fragoso<\/a><\/li>\n<li><a href=\"http:\/\/buscatextual.cnpq.br\/buscatextual\/visualizacv.do?id=K4795774P1\" target=\"_blank\" rel=\"noopener\">Prof\u00aa. Dr\u00aa. Ana Claudia Sales Rocha Albuquerque<\/a><\/li>\n<li><a href=\"http:\/\/buscatextual.cnpq.br\/buscatextual\/visualizacv.do?id=K4766108D0\" target=\"_blank\" rel=\"noopener\">Prof\u00aa. Ma. Anairam de Medeiros e Silva<\/a><\/li>\n<li><a href=\"http:\/\/buscatextual.cnpq.br\/buscatextual\/visualizacv.do?id=K4766619T7\" target=\"_blank\" rel=\"noopener\">Prof\u00aa. Dr\u00aa. Cynthia Cavalcanti de Albuquerque<\/a><\/li>\n<li><a href=\"http:\/\/buscatextual.cnpq.br\/buscatextual\/visualizacv.do?id=K4794966Z6\" target=\"_blank\" rel=\"noopener\">Prof\u00aa. Dr\u00aa. Danielle Peretti Filgueira<\/a><\/li>\n<li><a href=\"http:\/\/buscatextual.cnpq.br\/buscatextual\/visualizacv.do?id=K4706393Y4\" target=\"_blank\" rel=\"noopener\">Prof\u00aa. Dr\u00aa. Dayseanne Ara\u00fajo Falc\u00e3o<\/a><\/li>\n<li><a href=\"http:\/\/buscatextual.cnpq.br\/buscatextual\/visualizacv.do?id=K4256662U6\" target=\"_blank\" rel=\"noopener\">Prof. Dr. Diego Nathan do Nascimento Souza<\/a><\/li>\n<li><a href=\"http:\/\/buscatextual.cnpq.br\/buscatextual\/visualizacv.do?id=K4753045P6\" target=\"_blank\" rel=\"noopener\">Prof\u00aa. Dr\u00aa. Francisca Marta Machado Casado de Ara\u00fajo<\/a><\/li>\n<li><a href=\"http:\/\/buscatextual.cnpq.br\/buscatextual\/visualizacv.do?id=K4721779U5\" target=\"_blank\" rel=\"noopener\">Prof. Dr. Iron Macedo Dantas<\/a><\/li>\n<li><a href=\"http:\/\/buscatextual.cnpq.br\/buscatextual\/visualizacv.do?id=K4736504A8\" target=\"_blank\" rel=\"noopener\">Prof\u00aa. Ma. Ism\u00eania Gurgel Martins<\/a><\/li>\n<li><a href=\"http:\/\/buscatextual.cnpq.br\/buscatextual\/visualizacv.do?id=K4705660U0\" target=\"_blank\" rel=\"noopener\">Prof. Esp. Jos\u00e9 Egberto Mesquita Pinto J\u00fanior<\/a><\/li>\n<li><a href=\"http:\/\/buscatextual.cnpq.br\/buscatextual\/visualizacv.do?id=K4771733Y0\" target=\"_blank\" rel=\"noopener\">Prof. Dr. Jos\u00e9 H\u00e9lio de Ara\u00fajo Filho<\/a><\/li>\n<li><a href=\"http:\/\/buscatextual.cnpq.br\/buscatextual\/visualizacv.do?id=K4768588T6\" target=\"_blank\" rel=\"noopener\">Prof. Dr. Kleberson de Oliveira Porpino<\/a><\/li>\n<li><a href=\"http:\/\/buscatextual.cnpq.br\/buscatextual\/visualizacv.do?id=K4794682H0\" target=\"_blank\" rel=\"noopener\">Prof\u00aa. Dr\u00aa. Ma\u00edsa Clari Farias Barbalho de Mendon\u00e7a<\/a><\/li>\n<li><a href=\"http:\/\/lattes.cnpq.br\/0760132662492277\" target=\"_blank\" rel=\"noopener\">Prof\u00aa. Dr\u00aa. Maria da Conceicao Vieira de Almeida Menezes<\/a><\/li>\n<li><a href=\"http:\/\/buscatextual.cnpq.br\/buscatextual\/visualizacv.do?id=K4702556P5\" target=\"_blank\" rel=\"noopener\">Prof. Dr. Ramiro Gustavo Valera Camacho<\/a><\/li>\n<li><a href=\"http:\/\/buscatextual.cnpq.br\/buscatextual\/visualizacv.do?id=K4701191J3\" target=\"_blank\" rel=\"noopener\">Prof\u00aa. Dr\u00aa. Regina C\u00e9lia Pereira Marques<\/a><\/li>\n<\/ol>\n<ul style=\"list-style-type: square\">\n<li>\n<h5><em>Professores tempor\u00e1rios<\/em><\/h5>\n<\/li>\n<\/ul>\n<ol>\n<li>Prof. Thiago Fernandes Martins<\/li>\n<\/ol>\n<p>&nbsp;<\/p>\n<h4>Corpo docente do\u00a0Curso de F\u00edsica \u2014 Departamento de F\u00edsica<\/h4>\n<ul style=\"list-style-type: square\">\n<li>\n<h5><em>Professores efetivos<\/em><\/h5>\n<\/li>\n<\/ul>\n<ol>\n<li><a href=\"http:\/\/buscatextual.cnpq.br\/buscatextual\/visualizacv.do?id=K4723387Y6\" target=\"_blank\" rel=\"noopener\">Prof. Dr. Carlos Antonio Lopez Ruiz<\/a><\/li>\n<li><a href=\"http:\/\/buscatextual.cnpq.br\/buscatextual\/visualizacv.do?id=K4757032H6\" target=\"_blank\" rel=\"noopener\">Prof. Dr. Edesio Miguel Barboza Junior<\/a><\/li>\n<li><a href=\"http:\/\/buscatextual.cnpq.br\/buscatextual\/visualizacv.do?id=K4794153U1\" target=\"_blank\" rel=\"noopener\">Prof. Dr. F\u00e1bio Cabral Carvalho<\/a><\/li>\n<li><a href=\"http:\/\/buscatextual.cnpq.br\/buscatextual\/visualizacv.do?id=K4126632U3\" target=\"_blank\" rel=\"noopener\">Prof. Me. Francisco Jos\u00e9lio Rafael<\/a><\/li>\n<li><a href=\"http:\/\/buscatextual.cnpq.br\/buscatextual\/visualizacv.do?id=K4794780J0\" target=\"_blank\" rel=\"noopener\">Prof. Dr. Jo\u00e3o Maria Soares<\/a><\/li>\n<li><a href=\"http:\/\/buscatextual.cnpq.br\/buscatextual\/visualizacv.do?id=K4795952T1\" target=\"_blank\" rel=\"noopener\">Prof. Dr. Jos\u00e9 Ronaldo Pereira da Silva<\/a><\/li>\n<li><a href=\"http:\/\/buscatextual.cnpq.br\/buscatextual\/visualizacv.do?id=K4763159Y7\" target=\"_blank\" rel=\"noopener\">Prof. Me. Marco Antonio Simas Alvetti<\/a><\/li>\n<li><a href=\"http:\/\/buscatextual.cnpq.br\/buscatextual\/visualizacv.do?id=K4777404H1\" target=\"_blank\" rel=\"noopener\">Prof\u00aa. Dr\u00aa. Maria Aldin\u00eaz Dantas<\/a><\/li>\n<li><a href=\"http:\/\/buscatextual.cnpq.br\/buscatextual\/visualizacv.do?id=K4238115U1\" target=\"_blank\" rel=\"noopener\">Prof\u00aa. Dr\u00aa. Maria das Gra\u00e7as Dias da Silva<\/a><\/li>\n<li><a href=\"http:\/\/buscatextual.cnpq.br\/buscatextual\/visualizacv.do?id=K4769740E0\" target=\"_blank\" rel=\"noopener\">Prof. Dr. Thomas Dumelow<\/a><\/li>\n<li><a href=\"http:\/\/buscatextual.cnpq.br\/buscatextual\/visualizacv.do?id=K4791662T5\" target=\"_blank\" rel=\"noopener\">Prof. Dr. Vamberto Dias de Mello<\/a><\/li>\n<\/ol>\n<ul style=\"list-style-type: square\">\n<li><em>Professores tempor\u00e1rios<\/em><\/li>\n<\/ul>\n<ol>\n<li>Prof. Leonardo da Silva Garcia<\/li>\n<\/ol>\n<p>&nbsp;<\/p>\n<h4>Corpo docente do\u00a0Curso de Matem\u00e1tica \u2014 Departamento de Matem\u00e1tica e Estat\u00edstica<\/h4>\n<ul>\n<li>\n<h5><em>Professores efetivos<\/em><\/h5>\n<\/li>\n<\/ul>\n<ol>\n<li><a href=\"http:\/\/buscatextual.cnpq.br\/buscatextual\/visualizacv.do?id=K4325274Z1\" target=\"_blank\" rel=\"noopener\">Prof\u00aa. Ma. Aylla Gabriela Paiva de Ara\u00fajo<\/a><\/li>\n<li><a href=\"http:\/\/buscatextual.cnpq.br\/buscatextual\/visualizacv.do?id=K4329652P5\" target=\"_blank\" rel=\"noopener\">Prof. Dr. Diego Alves Adauto<\/a><\/li>\n<li><a href=\"http:\/\/buscatextual.cnpq.br\/buscatextual\/visualizacv.do?id=K4256017J8\" target=\"_blank\" rel=\"noopener\">Prof. Dr. Elias das Neves Freire<\/a><\/li>\n<li><a href=\"http:\/\/buscatextual.cnpq.br\/buscatextual\/visualizacv.do?id=K4277151E7\" target=\"_blank\" rel=\"noopener\">Prof. Me. Enio Virg\u00edlio de Oliveira Matias<\/a><\/li>\n<li><a href=\"http:\/\/buscatextual.cnpq.br\/buscatextual\/visualizacv.do?id=K8701556Z3\" target=\"_blank\" rel=\"noopener\">Prof. Dr. Isaac Jales Costa Souza<\/a><\/li>\n<li><a href=\"http:\/\/buscatextual.cnpq.br\/buscatextual\/visualizacv.do?id=K4703138H1\" target=\"_blank\" rel=\"noopener\">Prof. Me. Jeovanizelio Firmino Gomes<\/a><\/li>\n<li><a href=\"http:\/\/buscatextual.cnpq.br\/buscatextual\/visualizacv.do?id=K4201519H3\" target=\"_blank\" rel=\"noopener\">Prof. Me. Laudelino Gomes Ferreira<\/a><\/li>\n<li><a href=\"http:\/\/buscatextual.cnpq.br\/buscatextual\/visualizacv.do?id=K4218618U7\" target=\"_blank\" rel=\"noopener\">Prof. Dr. Mademerson Leandro da Costa<\/a><\/li>\n<li><a href=\"http:\/\/buscatextual.cnpq.br\/buscatextual\/visualizacv.do?id=K4735708U6\" target=\"_blank\" rel=\"noopener\">Prof. Me. Rivaldo do Nascimento J\u00fanior<\/a><\/li>\n<li><a href=\"http:\/\/buscatextual.cnpq.br\/buscatextual\/visualizacv.do?id=K4331404P4\" target=\"_blank\" rel=\"noopener\">Prof. Me. Wanderson Laerte de Oliveira Carvalho<\/a><\/li>\n<\/ol>\n<ul style=\"list-style-type: square\">\n<li><em>Professores tempor\u00e1rios<\/em><\/li>\n<\/ul>\n<ol>\n<li>Prof. Leandro Silva Bittencourt<\/li>\n<li>Prof. Luciano Bento da Silva J\u00fanior<\/li>\n<li>Prof. Jos\u00e9 Leonardo Bezerra<\/li>\n<li>Prof. Marcelo Augusto Carvalho da Silva<\/li>\n<li>Prof. Jailson Alexandre da Costa<\/li>\n<li>Prof. Ofin\u00e9sio Sousa Lav\u00f4r<\/li>\n<\/ol>\n<h6><\/h6>\n<h4>Corpo docente do\u00a0Curso de Qu\u00edmica \u2014 Departamento de Qu\u00edmica<\/h4>\n<ul style=\"list-style-type: square\">\n<li><em>Professores efetivos<\/em><\/li>\n<\/ul>\n<ol>\n<li><a href=\"http:\/\/buscatextual.cnpq.br\/buscatextual\/visualizacv.do?id=K4526670H6\" target=\"_blank\" rel=\"noopener\">Prof\u00aa. Dr\u00aa. Anne Gabriella Dias Santos Caldeira<\/a><\/li>\n<li><a href=\"http:\/\/lattes.cnpq.br\/0028888312527219\">Prof. Me. Ant\u00f4nio Gautier Farias Falconieri<\/a><\/li>\n<li><a href=\"http:\/\/buscatextual.cnpq.br\/buscatextual\/visualizacv.do?id=K4703689U6\" target=\"_blank\" rel=\"noopener\">Prof. Dr. Bergson da Cunha Rodrigues<\/a><\/li>\n<li><a href=\"http:\/\/buscatextual.cnpq.br\/buscatextual\/visualizacv.do?id=K4790656D2\" target=\"_blank\" rel=\"noopener\">Prof. Dr. C\u00edcero Bosco Alves de Lima<\/a><\/li>\n<li><a href=\"http:\/\/buscatextual.cnpq.br\/buscatextual\/visualizacv.do?id=K4760203U2\" target=\"_blank\" rel=\"noopener\">Prof. Dr. Cl\u00e1udio Lopes de Vasconcelos<\/a><\/li>\n<li><a href=\"http:\/\/buscatextual.cnpq.br\/buscatextual\/visualizacv.do?id=K4795960Z7\" target=\"_blank\" rel=\"noopener\">Prof. Me. Ja\u00e9cio Carlos Diniz<\/a><\/li>\n<li><a href=\"http:\/\/buscatextual.cnpq.br\/buscatextual\/visualizacv.do?id=K4785092E5\" target=\"_blank\" rel=\"noopener\">Prof\u00aa. Dr\u00aa. Janete Jane Fernandes Alves<\/a><\/li>\n<li><a href=\"http:\/\/buscatextual.cnpq.br\/buscatextual\/visualizacv.do?id=K4700068Z6\" target=\"_blank\" rel=\"noopener\">Prof\u00aa. Ma. Kelania Freire Martins<\/a><\/li>\n<li><a href=\"http:\/\/buscatextual.cnpq.br\/buscatextual\/visualizacv.do?id=K4518351T1\" target=\"_blank\" rel=\"noopener\">Prof. Dr. Keurison Figueredo Magalh\u00e3es<\/a><\/li>\n<li><a href=\"http:\/\/buscatextual.cnpq.br\/buscatextual\/visualizacv.do?id=K4735175Z2\" target=\"_blank\" rel=\"noopener\">Prof. Dr. Leandro Bezerra de Lima<\/a><\/li>\n<li><a href=\"http:\/\/buscatextual.cnpq.br\/buscatextual\/visualizacv.do?id=K4700739D1\" target=\"_blank\" rel=\"noopener\">Prof. Me. Salah Mohamed Yusef<\/a><\/li>\n<li><a href=\"http:\/\/buscatextual.cnpq.br\/buscatextual\/visualizacv.do?id=K4728086U8\" target=\"_blank\" rel=\"noopener\">Prof\u00aa. Dr\u00aa. Suely Souza Leal de Castro<\/a><\/li>\n<li><a href=\"http:\/\/buscatextual.cnpq.br\/buscatextual\/visualizacv.do?id=K4757244D8\" target=\"_blank\" rel=\"noopener\">Prof. Dr. Vinicius Patricio Santos Caldeira<\/a><\/li>\n<li><a href=\"http:\/\/buscatextual.cnpq.br\/buscatextual\/visualizacv.do?id=K4753702A6\" target=\"_blank\" rel=\"noopener\">Prof\u00aa. Dr\u00aa. Y\u00e1skara Fabiola de Monteiro Marques Leite<\/a><\/li>\n<\/ol>\n<ul style=\"list-style-type: square\">\n<li><em>Professores tempor\u00e1rios<\/em><\/li>\n<\/ul>\n<ol>\n<li>Jos\u00e9 Gustavo Lima de Almeida<\/li>\n<\/ol>\n<h6><\/h6>\n<h4>Corpo docente do\u00a0Curso de Ci\u00eancia da Computa\u00e7\u00e3o \u2014 Departamento de Inform\u00e1tica<\/h4>\n<ul style=\"list-style-type: square\">\n<li><em>Professores efetivos<\/em><\/li>\n<\/ul>\n<ol>\n<li><a href=\"http:\/\/buscatextual.cnpq.br\/buscatextual\/visualizacv.do?id=K4250279U6\" target=\"_blank\" rel=\"noopener\">Prof\u00aa. Ma. Alexsandra Ferreira Gomes<\/a><\/li>\n<li><a href=\"http:\/\/buscatextual.cnpq.br\/buscatextual\/visualizacv.do?id=K4758754J1\" target=\"_blank\" rel=\"noopener\">Prof. Esp. Alysson Mendes de Oliveira<\/a><\/li>\n<li><a href=\"http:\/\/buscatextual.cnpq.br\/buscatextual\/visualizacv.do?id=K4127927H3\" target=\"_blank\" rel=\"noopener\">Prof. Dr. Andr\u00e9 Pedro Fernandes Neto<\/a><\/li>\n<li><a href=\"http:\/\/buscatextual.cnpq.br\/buscatextual\/visualizacv.do?id=K4768526Z2\" target=\"_blank\" rel=\"noopener\">Prof. Me. Antonio Oliveira Filho<\/a><\/li>\n<li><a href=\"http:\/\/buscatextual.cnpq.br\/buscatextual\/visualizacv.do?id=K4734041T8\" target=\"_blank\" rel=\"noopener\">Prof. Dr. Carlos Heitor Pereira Liberalino<\/a><\/li>\n<li><a href=\"http:\/\/buscatextual.cnpq.br\/buscatextual\/visualizacv.do?id=K4249666A0\" target=\"_blank\" rel=\"noopener\">Prof\u00aa. Dr\u00aa. Ceres Germanna Braga Morais<\/a><\/li>\n<li><a href=\"http:\/\/buscatextual.cnpq.br\/buscatextual\/visualizacv.do?id=K4737826P6\" target=\"_blank\" rel=\"noopener\">Prof\u00aa. Dr\u00aa. Cicilia Raquel Maia Leite<\/a><\/li>\n<li><a href=\"http:\/\/buscatextual.cnpq.br\/buscatextual\/visualizacv.do?id=K4798548Y2\" target=\"_blank\" rel=\"noopener\">Prof. Dr. Dario Jos\u00e9 Aloise<\/a><\/li>\n<li><a href=\"http:\/\/buscatextual.cnpq.br\/buscatextual\/visualizacv.do?id=K4795957E1\" target=\"_blank\" rel=\"noopener\">Prof. Dr. Everton Notreve Rebou\u00e7as Queiroz Fernandes<\/a><\/li>\n<li><a href=\"http:\/\/buscatextual.cnpq.br\/buscatextual\/visualizacv.do?id=K4776977E9\" target=\"_blank\" rel=\"noopener\">Prof. Dr. Francisco Chagas de Lima J\u00fanior<\/a><\/li>\n<li><a href=\"http:\/\/buscatextual.cnpq.br\/buscatextual\/visualizacv.do?id=K4778050Y7\" target=\"_blank\" rel=\"noopener\">Prof. Dr. Harold Ivan Angulo Bustos<\/a><\/li>\n<li><a href=\"http:\/\/buscatextual.cnpq.br\/buscatextual\/visualizacv.do?id=K4737163Z4\" target=\"_blank\" rel=\"noopener\">Prof. Dr. Henrique Jorge Amorim Holanda<\/a><\/li>\n<li><a href=\"http:\/\/buscatextual.cnpq.br\/buscatextual\/visualizacv.do?id=K4241670A4\" target=\"_blank\" rel=\"noopener\">Prof. Dr. Isaac de Lima Oliveira Filho<\/a><\/li>\n<li><a href=\"http:\/\/buscatextual.cnpq.br\/buscatextual\/visualizacv.do?id=K4770294Z7\" target=\"_blank\" rel=\"noopener\">Prof\u00aa. Ma. Jessica Neiva de Figueiredo Leite Araujo<\/a><\/li>\n<li><a href=\"http:\/\/buscatextual.cnpq.br\/buscatextual\/visualizacv.do?id=K4735117Y6\" target=\"_blank\" rel=\"noopener\">Prof. Dr. Marcelino Pereira dos Santos Silva<\/a><\/li>\n<li><a href=\"http:\/\/buscatextual.cnpq.br\/buscatextual\/visualizacv.do?id=K4768526J6\" target=\"_blank\" rel=\"noopener\">Prof. Dr. Maximiliano Araujo da Silva Lopes<\/a><\/li>\n<li><a href=\"http:\/\/buscatextual.cnpq.br\/buscatextual\/visualizacv.do?id=K4709937U8\" target=\"_blank\" rel=\"noopener\">Prof. Dr. Pedro Fernandes Ribeiro Neto<\/a><\/li>\n<li><a href=\"http:\/\/buscatextual.cnpq.br\/buscatextual\/visualizacv.do?id=K4795097A1\" target=\"_blank\" rel=\"noopener\">Prof. Dr. Rommel Wladimir de Lima<\/a><\/li>\n<li><a href=\"http:\/\/buscatextual.cnpq.br\/buscatextual\/visualizacv.do?id=K4779284Y7\" target=\"_blank\" rel=\"noopener\">Prof. Dr. Sebasti\u00e3o Emidio Alves Filho<\/a><\/li>\n<\/ol>\n<h6><\/h6>\n","protected":false},"excerpt":{"rendered":"<p>Contamos com um corpo docente altamente qualificado, composto por 74% de doutores e 19% de mestres em diversas \u00e1reas de atua\u00e7\u00e3o. Esses professores est\u00e3o empenhados em desenvolver atividades de ensino, pesquisa e extens\u00e3o, garantindo uma forma\u00e7\u00e3o s\u00f3lida e abrangente para os alunos. Atualmente, s\u00e3o 72 professores efetivos, al\u00e9m dos professores tempor\u00e1rios que tamb\u00e9m contribuem significativamente [&hellip;]<\/p>\n","protected":false},"author":1,"featured_media":0,"parent":0,"menu_order":0,"comment_status":"closed","ping_status":"closed","template":"","meta":{"footnotes":""},"class_list":["post-271","page","type-page","status-publish","hentry"],"_links":{"self":[{"href":"https:\/\/portal.uern.br\/fanat\/wp-json\/wp\/v2\/pages\/271","targetHints":{"allow":["GET"]}}],"collection":[{"href":"https:\/\/portal.uern.br\/fanat\/wp-json\/wp\/v2\/pages"}],"about":[{"href":"https:\/\/portal.uern.br\/fanat\/wp-json\/wp\/v2\/types\/page"}],"author":[{"embeddable":true,"href":"https:\/\/portal.uern.br\/fanat\/wp-json\/wp\/v2\/users\/1"}],"replies":[{"embeddable":true,"href":"https:\/\/portal.uern.br\/fanat\/wp-json\/wp\/v2\/comments?post=271"}],"version-history":[{"count":48,"href":"https:\/\/portal.uern.br\/fanat\/wp-json\/wp\/v2\/pages\/271\/revisions"}],"predecessor-version":[{"id":1362,"href":"https:\/\/portal.uern.br\/fanat\/wp-json\/wp\/v2\/pages\/271\/revisions\/1362"}],"wp:attachment":[{"href":"https:\/\/portal.uern.br\/fanat\/wp-json\/wp\/v2\/media?parent=271"}],"curies":[{"name":"wp","href":"https:\/\/api.w.org\/{rel}","templated":true}]}}