{"id":235,"date":"2022-09-16T15:43:25","date_gmt":"2022-09-16T18:43:25","guid":{"rendered":"https:\/\/paisdemossoro.com.br\/wordpress\/fanat\/?page_id=235"},"modified":"2025-08-14T11:23:18","modified_gmt":"2025-08-14T14:23:18","slug":"contatos","status":"publish","type":"page","link":"https:\/\/portal.uern.br\/fanat\/contatos\/","title":{"rendered":"Contatos e Funcionamento"},"content":{"rendered":"<h4>Dire\u00e7\u00e3o<\/h4>\n<ul>\n<li><strong>Secretaria &#8211; Atendimento: 07h00 &#8211; 22h00.<\/strong>\n<ul>\n<li>e-mail: fanat@uern.br<\/li>\n<li>Instagram: @fanat.uern<\/li>\n<\/ul>\n<\/li>\n<\/ul>\n<h4><\/h4>\n<h4>Departamentos<\/h4>\n<ul>\n<li><strong>Departamento de Matem\u00e1tica \u2014 DME &#8211; Atendimento: 13h00 &#8211; 22h20.<\/strong>\n<ul>\n<li>e-mail: dme@uern.br<\/li>\n<li>Instagram: @dme.uern<\/li>\n<\/ul>\n<\/li>\n<li><strong>Departamento de Ci\u00eancias Biol\u00f3gicas \u2014 DECB &#8211; Atendimento: 07h00 &#8211; 17h00.<\/strong>\n<ul>\n<li>e-mail: decb@uern.br<\/li>\n<li>Instagram: @biologia_uern<\/li>\n<\/ul>\n<\/li>\n<li><strong>Departamento de Qu\u00edmica \u2014 DQ &#8211; Atendimento: 07h00 &#8211; 22h00.<\/strong>\n<ul>\n<li>e-mail: dq@uern.br<\/li>\n<li>Instagram: @quimica.uern<\/li>\n<\/ul>\n<\/li>\n<li><strong>Departamento de F\u00edsica \u2014 DFIS &#8211; Atendimento: 07h00 &#8211; 17h00.<\/strong>\n<ul>\n<li>e-mail: dfis@uern.br<\/li>\n<li>Instagram: @fisica.uern.oficial<\/li>\n<\/ul>\n<\/li>\n<li><strong>Departamento de Inform\u00e1tica \u2014 DQ &#8211; Atendimento: 07h00 &#8211; 17h00.<\/strong>\n<ul>\n<li>e-mail di@uern.br<\/li>\n<li>Instagram: @di.uern<\/li>\n<\/ul>\n<\/li>\n<\/ul>\n<h4><\/h4>\n<h4>Secret\u00e1rias de P\u00f3s-Gradua\u00e7\u00e3o<\/h4>\n<ul>\n<li><strong>F\u00edsica \u2014 PPGF &#8211; Atendimento: 07h00 &#8211; 13h00.<\/strong>\n<ul>\n<li>e-mail: ppg.fisica@uern.br<\/li>\n<li>Instagram: @ppgf.uern<\/li>\n<\/ul>\n<\/li>\n<li><strong>Ci\u00eancias Naturais \u2014 PPGCN &#8211; Atendimento: 07h00 &#8211; 13h00.<\/strong>\n<ul>\n<li>e-mail: cienciasnaturais@mestrado.uern.br<\/li>\n<li>Instagram: @ppgcn<\/li>\n<\/ul>\n<\/li>\n<li><strong>Ci\u00eancia da Computa\u00e7\u00e3o \u2014 PPGCC &#8211; Atendimento: 13h00 &#8211; 17h00.<\/strong>\n<ul>\n<li>e-mail: ppgcc@uern.br<\/li>\n<li>Instagram: @ppgcc_uern_ufersa<\/li>\n<\/ul>\n<\/li>\n<li><strong>Mestrado Profissional em Biologia \u2014 PROFBIO &#8211; Atendimento: 07h00 &#8211; 13h00.<\/strong>\n<ul>\n<li>e-mail: profbio@mestrado.uern.br<\/li>\n<li>Instagram: @profbio.uern<\/li>\n<\/ul>\n<\/li>\n<\/ul>\n<h4><\/h4>\n<h4>Endere\u00e7o:<\/h4>\n<p>Universidade do Estado do Rio Grande do Norte \u2014 Campus Central<\/p>\n<p>R. Prof. Antonio Campos, s\/n,<\/p>\n<p>Mossor\u00f3\u2013RN<\/p>\n<p>CEP 59625-620<\/p>\n<p>&nbsp;<\/p>\n","protected":false},"excerpt":{"rendered":"<p>Dire\u00e7\u00e3o Secretaria &#8211; Atendimento: 07h00 &#8211; 22h00. e-mail: fanat@uern.br Instagram: @fanat.uern Departamentos Departamento de Matem\u00e1tica \u2014 DME &#8211; Atendimento: 13h00 &#8211; 22h20. e-mail: dme@uern.br Instagram: @dme.uern Departamento de Ci\u00eancias Biol\u00f3gicas \u2014 DECB &#8211; Atendimento: 07h00 &#8211; 17h00. e-mail: decb@uern.br Instagram: @biologia_uern Departamento de Qu\u00edmica \u2014 DQ &#8211; Atendimento: 07h00 &#8211; 22h00. e-mail: dq@uern.br Instagram: @quimica.uern [&hellip;]<\/p>\n","protected":false},"author":1,"featured_media":0,"parent":0,"menu_order":0,"comment_status":"closed","ping_status":"closed","template":"","meta":{"footnotes":""},"class_list":["post-235","page","type-page","status-publish","hentry"],"_links":{"self":[{"href":"https:\/\/portal.uern.br\/fanat\/wp-json\/wp\/v2\/pages\/235","targetHints":{"allow":["GET"]}}],"collection":[{"href":"https:\/\/portal.uern.br\/fanat\/wp-json\/wp\/v2\/pages"}],"about":[{"href":"https:\/\/portal.uern.br\/fanat\/wp-json\/wp\/v2\/types\/page"}],"author":[{"embeddable":true,"href":"https:\/\/portal.uern.br\/fanat\/wp-json\/wp\/v2\/users\/1"}],"replies":[{"embeddable":true,"href":"https:\/\/portal.uern.br\/fanat\/wp-json\/wp\/v2\/comments?post=235"}],"version-history":[{"count":28,"href":"https:\/\/portal.uern.br\/fanat\/wp-json\/wp\/v2\/pages\/235\/revisions"}],"predecessor-version":[{"id":1359,"href":"https:\/\/portal.uern.br\/fanat\/wp-json\/wp\/v2\/pages\/235\/revisions\/1359"}],"wp:attachment":[{"href":"https:\/\/portal.uern.br\/fanat\/wp-json\/wp\/v2\/media?parent=235"}],"curies":[{"name":"wp","href":"https:\/\/api.w.org\/{rel}","templated":true}]}}