{"id":227,"date":"2022-09-16T15:42:56","date_gmt":"2022-09-16T18:42:56","guid":{"rendered":"https:\/\/paisdemossoro.com.br\/wordpress\/fanat\/?page_id=227"},"modified":"2024-06-20T21:42:17","modified_gmt":"2024-06-21T00:42:17","slug":"documentos","status":"publish","type":"page","link":"https:\/\/portal.uern.br\/fanat\/documentos\/","title":{"rendered":"Documentos \u00fateis"},"content":{"rendered":"<h5>Requerimentos:<\/h5>\n<ul>\n<li><a href=\"https:\/\/drive.google.com\/file\/d\/10B8HDvKacBbe7wONAoPaCGhx54qvG_Kd\/view\">Requerimento de Segunda Chamada<\/a> \/ <a href=\"https:\/\/forms.gle\/6p3fvQx8KXviquHg7\">Requerimento Online de Segunda Chamada<\/a><\/li>\n<li><a href=\"https:\/\/drive.google.com\/file\/d\/1EaV5O257DFu9KEIGQt5nM7X9Q3axJVIc\/view?usp=sharing\">Abrevia\u00e7\u00e3o de Estudos<\/a><\/li>\n<li><a href=\"https:\/\/drive.google.com\/file\/d\/1MYUD3skbR8vuA_BkPw-jOUGwMmFxTl3H\/view\">Aproveitamento de Estudos Autom\u00e1tico<\/a><\/li>\n<li><a href=\"https:\/\/drive.google.com\/file\/d\/1MwROS1VidnOC_sZ2KL0vsZ3jUJ0NM7dM\/view\">Aproveitamento de Estudos Realizados na UERN<\/a><\/li>\n<li><a href=\"https:\/\/drive.google.com\/file\/d\/1YV30WABLrTY3FXpIzOuzmDPE9NqaFxot\/view\">Aproveitamento de Estudos Realizados em Outra IES<\/a><\/li>\n<li><a href=\"https:\/\/drive.google.com\/file\/d\/1sPVpRHszy6kR_XENIzq4oX6RwffwWBpO\/view?usp=sharing\">Regime de Exerc\u00edcio Domiciliar \u2014 Licen\u00e7a M\u00e9dica\/Gestante\u00a0<\/a><\/li>\n<\/ul>\n<h5><\/h5>\n<h5>Legisla\u00e7\u00e3o<\/h5>\n<ul>\n<li><a href=\"https:\/\/portal.uern.br\/estatuto-uern\/\" target=\"_blank\" rel=\"noopener\">Estatuto da UERN<\/a><\/li>\n<li><a href=\"https:\/\/portal.uern.br\/regimento-geral\/\" target=\"_blank\" rel=\"noopener\">Regimento Geral da UERN<\/a><\/li>\n<li><a href=\"https:\/\/portal.uern.br\/pdi\/\" target=\"_blank\" rel=\"noopener\">Plano de Desenvolvimento Institucional da UERN<\/a><\/li>\n<li><a href=\"https:\/\/www.uern.br\/controledepaginas\/Proeg-L.Interna\/arquivos\/3129resolua%C2%A7a%C2%A3o_026_2017.consepe_novo_rcg.pdf\" target=\"_blank\" rel=\"noopener\">Regulamento de Cursos de Gradua\u00e7\u00e3o da UERN<\/a><\/li>\n<\/ul>\n<p>&nbsp;<\/p>\n","protected":false},"excerpt":{"rendered":"<p>Requerimentos: Requerimento de Segunda Chamada \/ Requerimento Online de Segunda Chamada Abrevia\u00e7\u00e3o de Estudos Aproveitamento de Estudos Autom\u00e1tico Aproveitamento de Estudos Realizados na UERN Aproveitamento de Estudos Realizados em Outra IES Regime de Exerc\u00edcio Domiciliar \u2014 Licen\u00e7a M\u00e9dica\/Gestante\u00a0 Legisla\u00e7\u00e3o Estatuto da UERN Regimento Geral da UERN Plano de Desenvolvimento Institucional da UERN Regulamento de Cursos [&hellip;]<\/p>\n","protected":false},"author":1,"featured_media":0,"parent":0,"menu_order":0,"comment_status":"closed","ping_status":"closed","template":"","meta":{"footnotes":""},"class_list":["post-227","page","type-page","status-publish","hentry"],"_links":{"self":[{"href":"https:\/\/portal.uern.br\/fanat\/wp-json\/wp\/v2\/pages\/227","targetHints":{"allow":["GET"]}}],"collection":[{"href":"https:\/\/portal.uern.br\/fanat\/wp-json\/wp\/v2\/pages"}],"about":[{"href":"https:\/\/portal.uern.br\/fanat\/wp-json\/wp\/v2\/types\/page"}],"author":[{"embeddable":true,"href":"https:\/\/portal.uern.br\/fanat\/wp-json\/wp\/v2\/users\/1"}],"replies":[{"embeddable":true,"href":"https:\/\/portal.uern.br\/fanat\/wp-json\/wp\/v2\/comments?post=227"}],"version-history":[{"count":13,"href":"https:\/\/portal.uern.br\/fanat\/wp-json\/wp\/v2\/pages\/227\/revisions"}],"predecessor-version":[{"id":1196,"href":"https:\/\/portal.uern.br\/fanat\/wp-json\/wp\/v2\/pages\/227\/revisions\/1196"}],"wp:attachment":[{"href":"https:\/\/portal.uern.br\/fanat\/wp-json\/wp\/v2\/media?parent=227"}],"curies":[{"name":"wp","href":"https:\/\/api.w.org\/{rel}","templated":true}]}}