{"id":218,"date":"2022-09-16T15:31:09","date_gmt":"2022-09-16T18:31:09","guid":{"rendered":"https:\/\/paisdemossoro.com.br\/wordpress\/fanat\/?page_id=218"},"modified":"2025-05-12T09:27:21","modified_gmt":"2025-05-12T12:27:21","slug":"graduacao","status":"publish","type":"page","link":"https:\/\/portal.uern.br\/fanat\/graduacao\/","title":{"rendered":"Gradua\u00e7\u00e3o"},"content":{"rendered":"<p><img fetchpriority=\"high\" decoding=\"async\" class=\"aligncenter wp-image-1151 size-large\" src=\"https:\/\/portal.uern.br\/fanat\/wp-content\/uploads\/2024\/06\/1-1-1024x576.jpg\" alt=\"\" width=\"800\" height=\"450\" srcset=\"https:\/\/portal.uern.br\/fanat\/wp-content\/uploads\/2024\/06\/1-1-1024x576.jpg 1024w, https:\/\/portal.uern.br\/fanat\/wp-content\/uploads\/2024\/06\/1-1-300x169.jpg 300w, https:\/\/portal.uern.br\/fanat\/wp-content\/uploads\/2024\/06\/1-1-768x432.jpg 768w, https:\/\/portal.uern.br\/fanat\/wp-content\/uploads\/2024\/06\/1-1-1536x864.jpg 1536w, https:\/\/portal.uern.br\/fanat\/wp-content\/uploads\/2024\/06\/1-1-2048x1152.jpg 2048w\" sizes=\"(max-width: 800px) 100vw, 800px\" \/><\/p>\n<p>Oferecemos uma variedade de cursos de gradua\u00e7\u00e3o que preparam profissionais qualificados nas \u00e1reas de <strong>Ci\u00eancias Biol\u00f3gicas<\/strong>, <strong>Ci\u00eancia da Computa\u00e7\u00e3o<\/strong>, <strong>F\u00edsica<\/strong>, <strong>Matem\u00e1tica<\/strong> e <strong>Qu\u00edmica<\/strong>. Com cinco licenciaturas e dois bacharelados, combinamos excel\u00eancia acad\u00eamica e infraestrutura necess\u00e1ria para proporcionar uma educa\u00e7\u00e3o de alta qualidade. A seguir, fazemos uma descri\u00e7\u00e3o resumida de cada curso oferecido, destacando suas especificidades, objetivos e oportunidades de carreira.<\/p>\n<h4><a href=\"https:\/\/portal.uern.br\/fanat\/ciencias-biologicas-bacharelado\/\" target=\"_blank\" rel=\"noopener\">Ci\u00eancias Biol\u00f3gicas (Bacharelado)<\/a><\/h4>\n<p><strong>Descri\u00e7\u00e3o:<\/strong> O curso de Bacharelado em Ci\u00eancias Biol\u00f3gicas visa formar profissionais aptos para a doc\u00eancia superior, pesquisa e atividades t\u00e9cnicas diversas, como monitoramentos, pareceres e per\u00edcias. Esses profissionais devem atuar de forma cr\u00edtica e reflexiva, sempre orientados por princ\u00edpios \u00e9ticos e human\u00edsticos. O bacharel em Ci\u00eancias Biol\u00f3gicas recebe uma forma\u00e7\u00e3o s\u00f3lida nos fundamentos da biologia e em \u00e1reas correlatas, podendo planejar e executar projetos de pesquisa, relacionando ci\u00eancia, tecnologia e sociedade. O campo de atua\u00e7\u00e3o do bi\u00f3logo \u00e9 amplo, abrangendo meio ambiente e biodiversidade, sa\u00fade e biotecnologia, conforme definido pela Resolu\u00e7\u00e3o n.\u00ba 227 de 2010. Suas atribui\u00e7\u00f5es incluem aplicar princ\u00edpios \u00e9ticos, combater discrimina\u00e7\u00f5es, divulgar pesquisas, utilizar conhecimentos de gest\u00e3o e legisla\u00e7\u00e3o, e atuar interdisciplinarmente, sempre com um compromisso com o desenvolvimento profissional cont\u00ednuo e a transforma\u00e7\u00e3o social e ambiental.<\/p>\n<p><strong>Carga hor\u00e1ria:<\/strong> 3.680 horas<\/p>\n<p><strong>Tempo do Curso:<\/strong> entre 4 e 6 anos (m\u00e1ximo)<\/p>\n<p><strong>Contato:<\/strong> decb@uern.br<\/p>\n<p><a href=\"https:\/\/portal.uern.br\/fanat\/ciencias-biologicas-bacharelado\/\" target=\"_blank\" rel=\"noopener\">P\u00e1gina do curso<\/a><\/p>\n<h4><a href=\"https:\/\/portal.uern.br\/fanat\/ciencias-biologicas-licenciatura\/\" target=\"_blank\" rel=\"noopener\">Ci\u00eancias Biol\u00f3gica (Licenciatura)<\/a><\/h4>\n<p><strong>Descri\u00e7\u00e3o:<\/strong> O curso forma professores para a Educa\u00e7\u00e3o B\u00e1sica, capacitados a ensinar Ci\u00eancias e Biologia no ensino fundamental e m\u00e9dio. Prepara profissionais para educa\u00e7\u00e3o n\u00e3o-formal, pesquisa e extens\u00e3o, visando a melhoria dos sistemas educacionais. Oferece uma forma\u00e7\u00e3o t\u00e9cnico-cient\u00edfica e pedag\u00f3gica s\u00f3lida, capacitando os licenciados para usar m\u00e9todos de investiga\u00e7\u00e3o e comunica\u00e7\u00e3o cient\u00edfica no ensino e gerar novos conhecimentos. Prepara tamb\u00e9m para gest\u00e3o escolar, planejamento, avalia\u00e7\u00e3o e coordena\u00e7\u00e3o de projetos. O perfil do formando inclui uma postura cr\u00edtica e reflexiva, com conduta \u00e9tica e human\u00edstica, respeitando a diversidade. Deve associar teoria e pr\u00e1tica, buscar conhecimento cont\u00ednuo e estrat\u00e9gias para melhorar sua atua\u00e7\u00e3o. Compromete-se com responsabilidade profissional e social, consciente de seu papel como educador. O campo de atua\u00e7\u00e3o inclui escolas de todos os n\u00edveis, institutos de pesquisa, \u00f3rg\u00e3os p\u00fablicos, setores privados e atua\u00e7\u00e3o aut\u00f4noma.<\/p>\n<p><strong>Carga hor\u00e1ria:<\/strong> 3.650 horas<\/p>\n<p><strong>Tempo do Curso:<\/strong> entre 4 e 6 anos (m\u00e1ximo)<\/p>\n<p><strong>Contato:<\/strong> decb@uern.br<\/p>\n<p><a href=\"https:\/\/portal.uern.br\/fanat\/ciencias-biologicas-licenciatura\/\" target=\"_blank\" rel=\"noopener\">P\u00e1gina do curso<\/a><\/p>\n<h4><a href=\"https:\/\/portal.uern.br\/fanat\/ciencia-da-computacao\/\" target=\"_blank\" rel=\"noopener\">Ci\u00eancia da Computa\u00e7\u00e3o (Bacharelado)<\/a><\/h4>\n<p><strong>Descri\u00e7\u00e3o:<\/strong> O curso forma profissionais qualificados para atuar de maneira inovadora, competente e inclusiva na \u00e1rea da computa\u00e7\u00e3o. O perfil do formando abrange desde fundamentos at\u00e9 especializa\u00e7\u00f5es em software e aplica\u00e7\u00f5es, preparando-os para desenvolver sistemas de pequeno e grande porte, redes de computadores e software comercial. O curr\u00edculo \u00e9 flex\u00edvel e incorpora novas teorias e sub\u00e1reas emergentes, oferecendo uma forma\u00e7\u00e3o te\u00f3rica e pr\u00e1tica s\u00f3lida. As atribui\u00e7\u00f5es dos formados incluem ger\u00eancia de redes, desenvolvimento de sistemas, seguran\u00e7a da informa\u00e7\u00e3o, fun\u00e7\u00f5es administrativas e de an\u00e1lise, como administra\u00e7\u00e3o de bancos de dados e an\u00e1lise de sistemas web. Programadores e pesquisadores encontram um vasto campo de atua\u00e7\u00e3o, incluindo internet e aplicativos educacionais. Ocupa\u00e7\u00f5es secund\u00e1rias incluem diretores de inform\u00e1tica, engenheiros de sistemas computacionais e professores no ensino superior.<\/p>\n<p><strong>Carga hor\u00e1ria:<\/strong> 3.750 horas<\/p>\n<p><strong>Tempo do Curso:<\/strong> entre 4 e 6 anos (m\u00e1ximo)<\/p>\n<p><strong>Contato:<\/strong> di@uern.br<\/p>\n<p><a href=\"https:\/\/portal.uern.br\/fanat\/ciencia-da-computacao\/\" target=\"_blank\" rel=\"noopener\">P\u00e1gina do curso<\/a><\/p>\n<h4><a href=\"https:\/\/portal.uern.br\/fanat\/fisica\/\" target=\"_blank\" rel=\"noopener\">F\u00edsica (Licenciatura)<\/a><\/h4>\n<p><strong>Descri\u00e7\u00e3o:<\/strong> O curso forma profissionais aptos a lecionar F\u00edsica no ensino fundamental e m\u00e9dio, al\u00e9m de participar de projetos de divulga\u00e7\u00e3o cient\u00edfica na educa\u00e7\u00e3o informal. O licenciado adquire compet\u00eancias para explorar a rela\u00e7\u00e3o entre F\u00edsica, cultura, desenvolvimento social e qualidade de vida, desenvolvendo habilidades para atuar em diversas dimens\u00f5es do ensino e aprendizagem. Como educador, o licenciado compreende profundamente os conceitos f\u00edsicos e seus mecanismos de produ\u00e7\u00e3o, contribuindo para a forma\u00e7\u00e3o integral de jovens e adultos. Suas compet\u00eancias incluem a capacidade de ensinar utilizando conhecimentos hist\u00f3ricos e de pesquisa, refletindo e buscando solu\u00e7\u00f5es tecnol\u00f3gicas. O curso destaca a import\u00e2ncia do uso cr\u00edtico e \u00e9tico das diversas tecnologias, o compromisso com o desenvolvimento profissional, a aprendizagem dos estudantes, a participa\u00e7\u00e3o no projeto pedag\u00f3gico da escola e o engajamento com a comunidade.<\/p>\n<p><strong>Carga hor\u00e1ria:<\/strong> 3.575 horas<br \/>\n<strong>Tempo do Curso:<\/strong> entre 4 e 6 anos (m\u00e1ximo)<br \/>\n<strong>Contato:<\/strong> dfis@uern.br<\/p>\n<p><a href=\"https:\/\/portal.uern.br\/fanat\/fisica\/\" target=\"_blank\" rel=\"noopener\">P\u00e1gina do curso<\/a><\/p>\n<h4><a href=\"https:\/\/portal.uern.br\/fanat\/matematica\/\" target=\"_blank\" rel=\"noopener\">Matem\u00e1tica (Licenciatura)<\/a><\/h4>\n<p><strong>Descri\u00e7\u00e3o:<\/strong> O curso forma profissionais aptos a lecionar Matem\u00e1tica no ensino fundamental e m\u00e9dio, promovendo lideran\u00e7a intelectual, social e pol\u00edtica atrav\u00e9s do conhecimento matem\u00e1tico. Os graduados devem estimular a reflex\u00e3o, valorizar a originalidade e criar ambientes de aprendizagem ricos, respondendo a imprevistos e incentivando a curiosidade dos alunos. O curr\u00edculo desenvolve compet\u00eancias como clareza na comunica\u00e7\u00e3o, trabalho em equipe, uso cr\u00edtico de tecnologias, resolu\u00e7\u00e3o l\u00f3gica de problemas, contextualiza\u00e7\u00e3o de conceitos matem\u00e1ticos e estrat\u00e9gias de ensino criativas. Al\u00e9m disso, os formados est\u00e3o aptos a analisar propostas curriculares, dominar conte\u00fados de matem\u00e1tica, estat\u00edstica, inform\u00e1tica, f\u00edsica e pedagogia, e utilizar novas tecnologias em sala de aula. O curso tamb\u00e9m prepara os profissionais para atuarem de forma eficaz e inovadora, atendendo \u00e0s demandas educacionais e contribuindo para a melhoria da qualidade do ensino na educa\u00e7\u00e3o b\u00e1sica.<\/p>\n<p><strong>Carga hor\u00e1ria:<\/strong> 3.900 horas<br \/>\n<strong>Tempo do Curso:<\/strong> entre 4 e 7 anos (m\u00e1ximo)<br \/>\n<strong>Contato:<\/strong> dme@uern.br<\/p>\n<p><a href=\"https:\/\/portal.uern.br\/fanat\/matematica\/\" target=\"_blank\" rel=\"noopener\">P\u00e1gina do curso<\/a><\/p>\n<h4><a href=\"https:\/\/portal.uern.br\/fanat\/dq\/\" target=\"_blank\" rel=\"noopener\">Qu\u00edmica (Licenciatura)<\/a><\/h4>\n<p><strong>Descri\u00e7\u00e3o:<\/strong> O curso forma professores de Qu\u00edmica e Ci\u00eancias para atuar no ensino, pesquisa, extens\u00e3o e \u00e1reas t\u00e9cnicas, conforme a legisla\u00e7\u00e3o vigente. Os licenciados s\u00e3o capacitados para a educa\u00e7\u00e3o b\u00e1sica, ensino fundamental, m\u00e9dio, educa\u00e7\u00e3o de jovens e adultos, ensino superior e ambientes de educa\u00e7\u00e3o n\u00e3o formal. A forma\u00e7\u00e3o oferece uma base t\u00e9cnico-cient\u00edfica e pedag\u00f3gica s\u00f3lida, permitindo aplicar pesquisa e comunica\u00e7\u00e3o cient\u00edfica no ensino e cria\u00e7\u00e3o de novos conhecimentos. Os formados recebem forma\u00e7\u00e3o interdisciplinar e acumulam experi\u00eancias pr\u00e1ticas em laborat\u00f3rios, est\u00e1gios e extens\u00e3o universit\u00e1ria. O curso incentiva a participa\u00e7\u00e3o em inicia\u00e7\u00e3o cient\u00edfica, est\u00e1gios, eventos culturais, interc\u00e2mbios e projetos de ensino. Focado na qualidade, o curso enfatiza autoaperfei\u00e7oamento cont\u00ednuo, curiosidade, estudo individual e cooperativo, reflex\u00e3o cr\u00edtica, habilidades cooperativas e postura \u00e9tica e cient\u00edfica. Os licenciados desenvolvem recursos did\u00e1ticos, metodologias espec\u00edficas e contextualiza\u00e7\u00e3o dos conhecimentos de Qu\u00edmica, promovendo entendimento cient\u00edfico cr\u00edtico e avaliando aspectos sociais, tecnol\u00f3gicos, ambientais, pol\u00edticos e \u00e9ticos.<\/p>\n<p><strong>Carga hor\u00e1ria:<\/strong> 4.235 horas<br \/>\n<strong>Tempo do Curso:<\/strong> entre 4 e 8 anos (m\u00e1ximo)<br \/>\n<strong>Contato:<\/strong> dq@uern.br<\/p>\n<p><a href=\"https:\/\/portal.uern.br\/fanat\/dq\/\" target=\"_blank\" rel=\"noopener\">P\u00e1gina do curso<\/a><\/p>\n","protected":false},"excerpt":{"rendered":"<p>Oferecemos uma variedade de cursos de gradua\u00e7\u00e3o que preparam profissionais qualificados nas \u00e1reas de Ci\u00eancias Biol\u00f3gicas, Ci\u00eancia da Computa\u00e7\u00e3o, F\u00edsica, Matem\u00e1tica e Qu\u00edmica. Com cinco licenciaturas e dois bacharelados, combinamos excel\u00eancia acad\u00eamica e infraestrutura necess\u00e1ria para proporcionar uma educa\u00e7\u00e3o de alta qualidade. A seguir, fazemos uma descri\u00e7\u00e3o resumida de cada curso oferecido, destacando suas especificidades, [&hellip;]<\/p>\n","protected":false},"author":1,"featured_media":0,"parent":0,"menu_order":0,"comment_status":"closed","ping_status":"closed","template":"","meta":{"footnotes":""},"class_list":["post-218","page","type-page","status-publish","hentry"],"_links":{"self":[{"href":"https:\/\/portal.uern.br\/fanat\/wp-json\/wp\/v2\/pages\/218","targetHints":{"allow":["GET"]}}],"collection":[{"href":"https:\/\/portal.uern.br\/fanat\/wp-json\/wp\/v2\/pages"}],"about":[{"href":"https:\/\/portal.uern.br\/fanat\/wp-json\/wp\/v2\/types\/page"}],"author":[{"embeddable":true,"href":"https:\/\/portal.uern.br\/fanat\/wp-json\/wp\/v2\/users\/1"}],"replies":[{"embeddable":true,"href":"https:\/\/portal.uern.br\/fanat\/wp-json\/wp\/v2\/comments?post=218"}],"version-history":[{"count":27,"href":"https:\/\/portal.uern.br\/fanat\/wp-json\/wp\/v2\/pages\/218\/revisions"}],"predecessor-version":[{"id":1350,"href":"https:\/\/portal.uern.br\/fanat\/wp-json\/wp\/v2\/pages\/218\/revisions\/1350"}],"wp:attachment":[{"href":"https:\/\/portal.uern.br\/fanat\/wp-json\/wp\/v2\/media?parent=218"}],"curies":[{"name":"wp","href":"https:\/\/api.w.org\/{rel}","templated":true}]}}