{"id":216,"date":"2022-09-16T15:25:33","date_gmt":"2022-09-16T18:25:33","guid":{"rendered":"https:\/\/paisdemossoro.com.br\/wordpress\/fanat\/?page_id=216"},"modified":"2025-08-14T10:05:02","modified_gmt":"2025-08-14T13:05:02","slug":"gestao","status":"publish","type":"page","link":"https:\/\/portal.uern.br\/fanat\/gestao\/","title":{"rendered":"Gest\u00e3o"},"content":{"rendered":"<h5 style=\"text-align: center\"><span style=\"font-size: 12pt\"><strong>Diretor<\/strong><\/span><\/h5>\n<p><img fetchpriority=\"high\" decoding=\"async\" class=\"alignnone size-medium wp-image-1155 aligncenter\" src=\"https:\/\/portal.uern.br\/fanat\/wp-content\/uploads\/2024\/06\/1-300x300.jpg\" alt=\"\" width=\"300\" height=\"300\" srcset=\"https:\/\/portal.uern.br\/fanat\/wp-content\/uploads\/2024\/06\/1-300x300.jpg 300w, https:\/\/portal.uern.br\/fanat\/wp-content\/uploads\/2024\/06\/1-1024x1024.jpg 1024w, https:\/\/portal.uern.br\/fanat\/wp-content\/uploads\/2024\/06\/1-150x150.jpg 150w, https:\/\/portal.uern.br\/fanat\/wp-content\/uploads\/2024\/06\/1-768x768.jpg 768w, https:\/\/portal.uern.br\/fanat\/wp-content\/uploads\/2024\/06\/1.jpg 1080w\" sizes=\"(max-width: 300px) 100vw, 300px\" \/><\/p>\n<p style=\"text-align: center\"><em><a href=\"http:\/\/lattes.cnpq.br\/3714905065293466\" target=\"_blank\" rel=\"noopener\">Prof. Dr. Jos\u00e9 Ronaldo Pereira da Silva<\/a><\/em><\/p>\n<p style=\"text-align: center\"><strong>Vice-Diretora<\/strong><\/p>\n<p style=\"text-align: center\"><em><a href=\"http:\/\/lattes.cnpq.br\/9714598282205989\" target=\"_blank\" rel=\"noopener\">Prof\u00aa. Dr\u00aa. Ma\u00edsa Clari Farias Barbalho de Mendon\u00e7a<\/a><\/em><\/p>\n<h5 style=\"text-align: center\"><span style=\"font-size: 12pt\"><strong>Secret\u00e1rios<\/strong><\/span><\/h5>\n<p><img decoding=\"async\" class=\"alignnone size-medium wp-image-1156 aligncenter\" src=\"https:\/\/portal.uern.br\/fanat\/wp-content\/uploads\/2024\/06\/2-300x300.jpg\" alt=\"\" width=\"300\" height=\"300\" srcset=\"https:\/\/portal.uern.br\/fanat\/wp-content\/uploads\/2024\/06\/2-300x300.jpg 300w, https:\/\/portal.uern.br\/fanat\/wp-content\/uploads\/2024\/06\/2-1024x1024.jpg 1024w, https:\/\/portal.uern.br\/fanat\/wp-content\/uploads\/2024\/06\/2-150x150.jpg 150w, https:\/\/portal.uern.br\/fanat\/wp-content\/uploads\/2024\/06\/2-768x768.jpg 768w, https:\/\/portal.uern.br\/fanat\/wp-content\/uploads\/2024\/06\/2.jpg 1080w\" sizes=\"(max-width: 300px) 100vw, 300px\" \/><\/p>\n<p style=\"text-align: center\"><em>TNS Rodrigo Vidal de Moura \u2014 Secret\u00e1rio<\/em><\/p>\n<p><img decoding=\"async\" class=\"alignnone size-medium wp-image-1152 aligncenter\" src=\"https:\/\/portal.uern.br\/fanat\/wp-content\/uploads\/2024\/06\/3-300x300.jpg\" alt=\"\" width=\"300\" height=\"300\" srcset=\"https:\/\/portal.uern.br\/fanat\/wp-content\/uploads\/2024\/06\/3-300x300.jpg 300w, https:\/\/portal.uern.br\/fanat\/wp-content\/uploads\/2024\/06\/3-1024x1024.jpg 1024w, https:\/\/portal.uern.br\/fanat\/wp-content\/uploads\/2024\/06\/3-150x150.jpg 150w, https:\/\/portal.uern.br\/fanat\/wp-content\/uploads\/2024\/06\/3-768x768.jpg 768w, https:\/\/portal.uern.br\/fanat\/wp-content\/uploads\/2024\/06\/3.jpg 1080w\" sizes=\"(max-width: 300px) 100vw, 300px\" \/><\/p>\n<p style=\"text-align: center\"><em>TNM Lueverton Gon\u00e7alves dos Santos<\/em><\/p>\n<p style=\"text-align: center\">\n<p style=\"text-align: center\"><img loading=\"lazy\" decoding=\"async\" class=\"alignnone size-medium wp-image-1154\" src=\"https:\/\/portal.uern.br\/fanat\/wp-content\/uploads\/2024\/06\/5-300x300.jpg\" alt=\"\" width=\"300\" height=\"300\" srcset=\"https:\/\/portal.uern.br\/fanat\/wp-content\/uploads\/2024\/06\/5-300x300.jpg 300w, https:\/\/portal.uern.br\/fanat\/wp-content\/uploads\/2024\/06\/5-1024x1024.jpg 1024w, https:\/\/portal.uern.br\/fanat\/wp-content\/uploads\/2024\/06\/5-150x150.jpg 150w, https:\/\/portal.uern.br\/fanat\/wp-content\/uploads\/2024\/06\/5-768x768.jpg 768w, https:\/\/portal.uern.br\/fanat\/wp-content\/uploads\/2024\/06\/5.jpg 1080w\" sizes=\"(max-width: 300px) 100vw, 300px\" \/><\/p>\n<p style=\"text-align: center\"><em>TNM Ant\u00f4nio \u00cdtalo Lorraine Ribeiro e Silva<\/em><\/p>\n<p style=\"text-align: center\">\n","protected":false},"excerpt":{"rendered":"<p>Diretor Prof. Dr. Jos\u00e9 Ronaldo Pereira da Silva Vice-Diretora Prof\u00aa. Dr\u00aa. Ma\u00edsa Clari Farias Barbalho de Mendon\u00e7a Secret\u00e1rios TNS Rodrigo Vidal de Moura \u2014 Secret\u00e1rio TNM Lueverton Gon\u00e7alves dos Santos TNM Ant\u00f4nio \u00cdtalo Lorraine Ribeiro e Silva<\/p>\n","protected":false},"author":1,"featured_media":0,"parent":0,"menu_order":0,"comment_status":"closed","ping_status":"closed","template":"","meta":{"footnotes":""},"class_list":["post-216","page","type-page","status-publish","hentry"],"_links":{"self":[{"href":"https:\/\/portal.uern.br\/fanat\/wp-json\/wp\/v2\/pages\/216","targetHints":{"allow":["GET"]}}],"collection":[{"href":"https:\/\/portal.uern.br\/fanat\/wp-json\/wp\/v2\/pages"}],"about":[{"href":"https:\/\/portal.uern.br\/fanat\/wp-json\/wp\/v2\/types\/page"}],"author":[{"embeddable":true,"href":"https:\/\/portal.uern.br\/fanat\/wp-json\/wp\/v2\/users\/1"}],"replies":[{"embeddable":true,"href":"https:\/\/portal.uern.br\/fanat\/wp-json\/wp\/v2\/comments?post=216"}],"version-history":[{"count":15,"href":"https:\/\/portal.uern.br\/fanat\/wp-json\/wp\/v2\/pages\/216\/revisions"}],"predecessor-version":[{"id":1356,"href":"https:\/\/portal.uern.br\/fanat\/wp-json\/wp\/v2\/pages\/216\/revisions\/1356"}],"wp:attachment":[{"href":"https:\/\/portal.uern.br\/fanat\/wp-json\/wp\/v2\/media?parent=216"}],"curies":[{"name":"wp","href":"https:\/\/api.w.org\/{rel}","templated":true}]}}