{"id":882,"date":"2023-11-13T09:15:57","date_gmt":"2023-11-13T12:15:57","guid":{"rendered":"https:\/\/portal.uern.br\/fanat\/fisica\/?page_id=882"},"modified":"2023-11-24T07:17:50","modified_gmt":"2023-11-24T10:17:50","slug":"grupos-de-pesquisa-2","status":"publish","type":"page","link":"https:\/\/portal.uern.br\/fanat\/fisica\/grupos-de-pesquisa-2\/","title":{"rendered":"Grupos de Pesquisa"},"content":{"rendered":"<table style=\"border-collapse: collapse;width: 100%;height: 144px\">\n<tbody>\n<tr style=\"height: 24px\">\n<td style=\"width: 50%;height: 24px;text-align: center\"><strong>GRUPO DE PESQUISA<\/strong><\/td>\n<td style=\"width: 25%;height: 24px;text-align: center\"><strong>COORDENADORES<\/strong><\/td>\n<td style=\"width: 12.5%;text-align: center\"><strong>ANO DE FORMA\u00c7\u00c3O<\/strong><\/td>\n<\/tr>\n<tr style=\"height: 24px\">\n<td style=\"width: 50%;height: 24px;text-align: center\"><a href=\"http:\/\/dgp.cnpq.br\/dgp\/espelhogrupo\/1132016773132584\">ASTROESTAT\u00cdSTICA<\/a><\/td>\n<td style=\"width: 25%;height: 24px;text-align: center\">JOS\u00c9 RONALDO PEREIRA DA SILVA<\/p>\n<p>BR\u00c1ULIO BATISTA SOARES<\/td>\n<td style=\"width: 12.5%;text-align: center\">2014<\/td>\n<\/tr>\n<tr style=\"height: 24px\">\n<td style=\"width: 50%;height: 24px;text-align: center\"><a href=\"http:\/\/dgp.cnpq.br\/dgp\/espelhogrupo\/0726422443954305\">COSMOLOGIA E GRAVITA\u00c7\u00c3O<\/a><\/td>\n<td style=\"width: 25%;height: 24px;text-align: center\">EDESIO MIGUEL BARBOSA J\u00daNIOR<\/p>\n<p>F\u00c1BIO CABRAL CARVALHO<\/td>\n<td style=\"width: 12.5%;text-align: center\">2007<\/td>\n<\/tr>\n<tr style=\"height: 24px\">\n<td style=\"width: 50%;height: 24px;text-align: center\"><a href=\"http:\/\/dgp.cnpq.br\/dgp\/espelhogrupo\/9495811058486596\">MAGNETISMO<\/a><\/td>\n<td style=\"width: 25%;height: 24px;text-align: center\">ANA L\u00daCIA DANTAS<\/p>\n<p>VAMBERTO DIAS DE MELLO<\/td>\n<td style=\"width: 12.5%;text-align: center\">2008<\/td>\n<\/tr>\n<tr style=\"height: 24px\">\n<td style=\"width: 50%;height: 24px;text-align: center\"><a href=\"http:\/\/dgp.cnpq.br\/dgp\/espelhogrupo\/7633893575918464\">NANOMATERIAIS<\/a><\/td>\n<td style=\"width: 25%;height: 24px;text-align: center\">ANNE GABRIELLA DIAS SANTOS<\/p>\n<p>JO\u00c3O MARIA SOARES<\/td>\n<td style=\"width: 12.5%;text-align: center\">2013<\/td>\n<\/tr>\n<\/tbody>\n<\/table>\n","protected":false},"excerpt":{"rendered":"<p>GRUPO DE PESQUISA COORDENADORES ANO DE FORMA\u00c7\u00c3O ASTROESTAT\u00cdSTICA JOS\u00c9 RONALDO PEREIRA DA SILVA BR\u00c1ULIO BATISTA SOARES 2014 COSMOLOGIA E GRAVITA\u00c7\u00c3O EDESIO MIGUEL BARBOSA J\u00daNIOR F\u00c1BIO CABRAL CARVALHO 2007 MAGNETISMO ANA L\u00daCIA DANTAS VAMBERTO DIAS DE MELLO 2008 NANOMATERIAIS ANNE GABRIELLA DIAS SANTOS JO\u00c3O MARIA SOARES 2013<\/p>\n","protected":false},"author":2,"featured_media":0,"parent":0,"menu_order":0,"comment_status":"closed","ping_status":"closed","template":"","meta":{"footnotes":""},"class_list":["post-882","page","type-page","status-publish","hentry"],"_links":{"self":[{"href":"https:\/\/portal.uern.br\/fanat\/fisica\/wp-json\/wp\/v2\/pages\/882","targetHints":{"allow":["GET"]}}],"collection":[{"href":"https:\/\/portal.uern.br\/fanat\/fisica\/wp-json\/wp\/v2\/pages"}],"about":[{"href":"https:\/\/portal.uern.br\/fanat\/fisica\/wp-json\/wp\/v2\/types\/page"}],"author":[{"embeddable":true,"href":"https:\/\/portal.uern.br\/fanat\/fisica\/wp-json\/wp\/v2\/users\/2"}],"replies":[{"embeddable":true,"href":"https:\/\/portal.uern.br\/fanat\/fisica\/wp-json\/wp\/v2\/comments?post=882"}],"version-history":[{"count":5,"href":"https:\/\/portal.uern.br\/fanat\/fisica\/wp-json\/wp\/v2\/pages\/882\/revisions"}],"predecessor-version":[{"id":916,"href":"https:\/\/portal.uern.br\/fanat\/fisica\/wp-json\/wp\/v2\/pages\/882\/revisions\/916"}],"wp:attachment":[{"href":"https:\/\/portal.uern.br\/fanat\/fisica\/wp-json\/wp\/v2\/media?parent=882"}],"curies":[{"name":"wp","href":"https:\/\/api.w.org\/{rel}","templated":true}]}}