{"id":879,"date":"2023-11-13T09:15:24","date_gmt":"2023-11-13T12:15:24","guid":{"rendered":"https:\/\/portal.uern.br\/fanat\/fisica\/?page_id=879"},"modified":"2023-11-29T10:49:50","modified_gmt":"2023-11-29T13:49:50","slug":"projetos-de-pesquisa-2","status":"publish","type":"page","link":"https:\/\/portal.uern.br\/fanat\/fisica\/projetos-de-pesquisa-2\/","title":{"rendered":"Projetos de pesquisa"},"content":{"rendered":"<p style=\"text-align: center\">2023\/2024 (<strong>PIBIC, PIBITI e PIBIC-EM \u2013 DE 1\u00ba DE SETEMBRO 2023 A 31 DE AGOSTO DE 2024)<\/strong><\/p>\n<table style=\"border-collapse: collapse;width: 100%\">\n<tbody>\n<tr>\n<td style=\"width: 33.3333%;text-align: center\"><strong>Projeto<\/strong><\/td>\n<td style=\"width: 33.3333%;text-align: center\"><strong>Coordenador<\/strong><\/td>\n<td style=\"width: 33.3333%;text-align: center\"><strong>Modalidade<\/strong><\/td>\n<\/tr>\n<tr>\n<td style=\"width: 33.3333%;text-align: center\">S\u00edntese e Estudo das Propriedades<br \/>\nMagn\u00e9ticas de Nanopart\u00edculas Com<br \/>\nEstrutura de Multicamadas.<\/td>\n<td style=\"width: 33.3333%;text-align: center\">Jo\u00e3o Maria Soares<\/td>\n<td style=\"width: 33.3333%;text-align: center\">1 bolsa PIBIC\/CNPq<\/td>\n<\/tr>\n<tr>\n<td style=\"width: 33.3333%;text-align: center\">Estudo das Propriedades F\u00edsicas de Comp\u00f3sitos Mnfe2o4\u2013sio2 Anisotr\u00f3picos Usando Minerais<\/td>\n<td style=\"width: 33.3333%;text-align: center\">Jo\u00e3o Maria Soares<\/td>\n<td style=\"width: 33.3333%;text-align: center\">1 Bolsa PIBITI\/CNPq<\/td>\n<\/tr>\n<tr>\n<td style=\"width: 33.3333%;text-align: center\">Estudo das Defini\u00e7\u00f5es de Dist\u00e2ncias<br \/>\nCosmol\u00f3gicas No Entendimento da<br \/>\nExpans\u00e3o do Universo<\/td>\n<td style=\"width: 33.3333%;text-align: center\">Maria Aldin\u00eaz Dantas<\/td>\n<td style=\"width: 33.3333%;text-align: center\">PIBIC Volunt\u00e1rio<\/td>\n<\/tr>\n<tr>\n<td style=\"width: 33.3333%;text-align: center\">Histerese T\u00e9rmica Nas Fases Magn\u00e9ticas de Filmes e Multicamadas<br \/>\ndas Terras Raras Ho e Gd.<\/td>\n<td style=\"width: 33.3333%;text-align: center\">Vamberto Dias de Mello<\/td>\n<td style=\"width: 33.3333%;text-align: center\">1 bolsa PIBIC\/UERN<\/td>\n<\/tr>\n<\/tbody>\n<\/table>\n<p style=\"text-align: center\">2022\/2023(<strong>PIBIC, PIBITI e PIBIC-EM &#8211; DE 1\u00ba DE SETEMBRO 2022 A 31 DE AGOSTO DE 2023)<\/strong><\/p>\n<table style=\"border-collapse: collapse;width: 100%;height: 144px\">\n<tbody>\n<tr style=\"height: 24px\">\n<td style=\"width: 33.3333%;text-align: center;height: 24px\"><strong>Projeto<\/strong><\/td>\n<td style=\"width: 33.3333%;text-align: center;height: 24px\"><strong>Coordenador<\/strong><\/td>\n<td style=\"width: 33.3333%;text-align: center;height: 24px\"><strong>Modalidade<\/strong><\/td>\n<\/tr>\n<tr style=\"height: 24px\">\n<td style=\"width: 33.3333%;height: 24px;text-align: center\">Investigando As<br \/>\nDiscrep\u00e2ncias Nas<br \/>\nEstimativas da Taxa de<br \/>\nExpans\u00e3o do Universo<\/td>\n<td style=\"width: 33.3333%;height: 24px;text-align: center\">Edesio Miguel Barboza Junior<\/td>\n<td style=\"width: 33.3333%;height: 24px;text-align: center\">1 bolsa PIBIC CNPq<\/td>\n<\/tr>\n<tr style=\"height: 24px\">\n<td style=\"width: 33.3333%;height: 24px;text-align: center\">Teorias de Infla\u00e7\u00e3o<br \/>\nCosmol\u00f3gica<\/td>\n<td style=\"width: 33.3333%;height: 24px;text-align: center\">F\u00e1bio Cabral Carvalho<\/td>\n<td style=\"width: 33.3333%;height: 24px;text-align: center\">1 bolsa PIBIC CNPq<\/td>\n<\/tr>\n<tr style=\"height: 24px\">\n<td style=\"width: 33.3333%;height: 24px;text-align: center\">S\u00edntese e Caracteriza\u00e7\u00e3o<br \/>\nde Nanopart\u00edculas<br \/>\nMagn\u00e9ticas Com<br \/>\nEstrutura de<br \/>\nMulticamadas<\/td>\n<td style=\"width: 33.3333%;height: 24px;text-align: center\">Jo\u00e3o Maria Soares<\/td>\n<td style=\"width: 33.3333%;height: 24px;text-align: center\">1 bolsa PIBIC CNPq<\/td>\n<\/tr>\n<tr style=\"height: 24px\">\n<td style=\"width: 33.3333%;height: 24px;text-align: center\">S\u00edntese e Estudo de<br \/>\nComp\u00f3sitos Mnfe2o4-<br \/>\nsio2 A Partir de Minerais<br \/>\nIn Natura<\/td>\n<td style=\"width: 33.3333%;height: 24px;text-align: center\">Jo\u00e3o Maria Soares<\/td>\n<td style=\"width: 33.3333%;height: 24px;text-align: center\">1 bolsa PIBITI CNPq<\/td>\n<\/tr>\n<tr style=\"height: 24px\">\n<td style=\"width: 33.3333%;height: 24px;text-align: center\">Efeitos \u00d2pticos Associados A Filmes<br \/>\nEm Frequ\u00eancias Infravermelho e Terahertz com filmes<\/td>\n<td style=\"width: 33.3333%;height: 24px;text-align: center\">Thomas Dumelow<\/td>\n<td style=\"width: 33.3333%;height: 24px;text-align: center\">1 bolsa PIBIC CNPq<\/td>\n<\/tr>\n<tr>\n<td style=\"width: 33.3333%;text-align: center\">Histerese T\u00e9rmica Nas<br \/>\nFases Magn\u00e9ticas de<br \/>\nFilmes e Multicamadas<br \/>\ndas Terras Raras Ho e<br \/>\nGd.<\/td>\n<td style=\"width: 33.3333%;text-align: center\">Vamberto Dias de Mello<\/td>\n<td style=\"width: 33.3333%;text-align: center\">1 Bolsa PIBIC CNPQ<\/td>\n<\/tr>\n<\/tbody>\n<\/table>\n<p style=\"text-align: center\">2021\/2022(<strong>PIBIC, PIBITI e PIBIC-EM &#8211; DE 1\u00ba DE SETEMBRO 2021 A 31 DE AGOSTO DE 2022)<\/strong><\/p>\n<table style=\"border-collapse: collapse;width: 100%;height: 144px\">\n<tbody>\n<tr style=\"height: 24px\">\n<td style=\"width: 33.3333%;text-align: center;height: 24px\"><strong>Projeto<\/strong><\/td>\n<td style=\"width: 33.3333%;text-align: center;height: 24px\"><strong>Coordenador<\/strong><\/td>\n<td style=\"width: 33.3333%;text-align: center;height: 24px\"><strong>Modalidade<\/strong><\/td>\n<\/tr>\n<tr style=\"height: 24px\">\n<td style=\"width: 33.3333%;height: 24px;text-align: center\">Quantiza\u00e7\u00e3o do Modelo Cosmol\u00f3gico de Frw Com M\u00faltiplos Componentes<\/td>\n<td style=\"width: 33.3333%;height: 24px;text-align: center\">Edesio Miguel Barboza Junior<\/td>\n<td style=\"width: 33.3333%;height: 24px;text-align: center\">1 bolsa PIBIC CNPq<\/td>\n<\/tr>\n<tr style=\"height: 24px\">\n<td style=\"width: 33.3333%;height: 24px;text-align: center\">Acelera\u00e7\u00e3o do Universo e Modelos<br \/>\nDin\u00e2micos de Energia Escura<\/td>\n<td style=\"width: 33.3333%;height: 24px;text-align: center\">F\u00e1bio Cabral Carvalho<\/td>\n<td style=\"width: 33.3333%;height: 24px;text-align: center\">1 bolsa PIBIC CNPq<\/td>\n<\/tr>\n<tr style=\"height: 24px\">\n<td style=\"width: 33.3333%;height: 24px;text-align: center\">S\u00edntese e Estudo de Comp\u00f3sitos de<br \/>\nFerrita de Mangan\u00eas Usando Minerais<\/td>\n<td style=\"width: 33.3333%;height: 24px;text-align: center\">Jo\u00e3o Maria Soares<\/td>\n<td style=\"width: 33.3333%;height: 24px;text-align: center\">1 bolsa PIBIC CNPq<\/td>\n<\/tr>\n<tr style=\"height: 24px\">\n<td style=\"width: 33.3333%;height: 24px;text-align: center\">Obten\u00e7\u00e3o e An\u00e1lises de Hexaferrita de<br \/>\nEstr\u00f4ncio A Partir de Minerais do Rn<\/td>\n<td style=\"width: 33.3333%;height: 24px;text-align: center\">Jo\u00e3o Maria Soares<\/td>\n<td style=\"width: 33.3333%;height: 24px;text-align: center\">1 bolsa PIBITI CNPq<\/td>\n<\/tr>\n<tr style=\"height: 24px\">\n<td style=\"width: 33.3333%;height: 24px;text-align: center\">Efeitos \u00d2pticos Associados A Filmes<br \/>\nEm Frequ\u00eancias Infravermelho e<br \/>\nTerahertz<\/td>\n<td style=\"width: 33.3333%;height: 24px;text-align: center\">Thomas Dumelow<\/td>\n<td style=\"width: 33.3333%;height: 24px;text-align: center\">1 bolsa PIBIC CNPq<\/td>\n<\/tr>\n<\/tbody>\n<\/table>\n<p style=\"text-align: center\">2020\/2021 (<strong>PIBIC, PIBITI e PIBIC-EM &#8211; DE 1\u00ba DE AGOSTO 2020 A 31 DE JULHO 2021)<\/strong><\/p>\n<table style=\"border-collapse: collapse;width: 100%;height: 142px\">\n<tbody>\n<tr style=\"height: 24px\">\n<td style=\"width: 33.3333%;height: 24px;text-align: center\"><strong>Projeto<\/strong><\/td>\n<td style=\"width: 33.3333%;height: 24px;text-align: center\"><strong>Coordenador<\/strong><\/td>\n<td style=\"width: 33.3333%;height: 24px;text-align: center\"><strong>Modalidade<\/strong><\/td>\n<\/tr>\n<tr style=\"height: 48px\">\n<td style=\"width: 33.3333%;height: 48px;text-align: center\">INTRODU\u00c7\u00c3O \u00c0 COSMOLOGIA<br \/>\nQU\u00c2NTICA<\/td>\n<td style=\"width: 33.3333%;height: 48px;text-align: center\">Edesio Miguel Barboza Junior<\/td>\n<td style=\"width: 33.3333%;height: 48px;text-align: center\">1 bolsa PIBIC CNPq<\/td>\n<\/tr>\n<tr style=\"height: 24px\">\n<td style=\"width: 33.3333%;height: 24px;text-align: center\">ACELERA\u00c7\u00c3O RECENTE DO<br \/>\nUNIVERSO E DADOS DE<br \/>\nESTRUTURAS EM LARGA ESCALA<\/td>\n<td style=\"width: 33.3333%;height: 24px;text-align: center\">F\u00e1bio Cabral Carvalho<\/td>\n<td style=\"width: 33.3333%;height: 24px;text-align: center\">1 bolsa PIBIC UERN<\/td>\n<\/tr>\n<tr style=\"height: 22px\">\n<td style=\"width: 33.3333%;height: 22px;text-align: center\">S\u00cdNTESE E ESTUDO DE FERRITAS DE MANGAN\u00caS USANDO MINERAIS DO RN<\/td>\n<td style=\"width: 33.3333%;height: 22px;text-align: center\">Jo\u00e3o Maria Soares<\/td>\n<td style=\"width: 33.3333%;height: 22px;text-align: center\">1 bolsa PIBIC CNPq<\/td>\n<\/tr>\n<tr style=\"height: 24px\">\n<td style=\"width: 33.3333%;height: 24px;text-align: center\">S\u00cdNTESE E ESTUDO DE HEXAFERRITA DE B\u00c1RIO OBTIDAS USANDO MINERAIS DO RN<\/td>\n<td style=\"width: 33.3333%;height: 24px;text-align: center\">Jo\u00e3o Maria Soares<\/td>\n<td style=\"width: 33.3333%;height: 24px;text-align: center\">1 bolsa PIBITI CNPq<\/td>\n<\/tr>\n<tr>\n<td style=\"width: 33.3333%;text-align: center\">REFLEX\u00c3O E TRANSMISS\u00c3O DE<br \/>\nRADIA\u00c7\u00c3O INFRAVERMELHA E<br \/>\nTERAHERTZ EM MAT\u00c9RIA<br \/>\nCONDENSADA<\/td>\n<td style=\"width: 33.3333%;text-align: center\">Thomas Dumelow<\/td>\n<td style=\"width: 33.3333%;text-align: center\">1 bolsa PIBIC CNPq<\/td>\n<\/tr>\n<\/tbody>\n<\/table>\n<p style=\"text-align: center\">2019\/2020(<strong>PIBIC, PIBITI e PIBIC-EM &#8211; DE 1\u00ba DE AGOSTO 2019 A 31 DE JULHO 2020)<\/strong><\/p>\n<table style=\"border-collapse: collapse;width: 100%\">\n<tbody>\n<tr>\n<td style=\"width: 33.3333%;text-align: center\"><strong>Projeto<\/strong><\/td>\n<td style=\"width: 33.3333%;text-align: center\"><strong>Coordenador<\/strong><\/td>\n<td style=\"width: 33.3333%;text-align: center\"><strong>Modalidade<\/strong><\/td>\n<\/tr>\n<tr>\n<td style=\"width: 33.3333%;text-align: center\">V\u00ednculos Observacionais Sobre Modelos de Quinta-ess\u00eancia<\/td>\n<td style=\"width: 33.3333%;text-align: center\">Edesio Miguel Barboza Junior<\/td>\n<td style=\"width: 33.3333%;text-align: center\">1 bolsa PIBIC CNPq<\/td>\n<\/tr>\n<tr>\n<td style=\"width: 33.3333%;text-align: center\">Acelera\u00e7\u00e3o do Universo e Modelos de<br \/>\nQuintess\u00eancia<\/td>\n<td style=\"width: 33.3333%;text-align: center\">F\u00e1bio Cabral Carvalho<\/td>\n<td style=\"width: 33.3333%;text-align: center\">1 bolsa PIBIC CNPq<\/td>\n<\/tr>\n<tr>\n<td style=\"width: 33.3333%;text-align: center\">Produ\u00e7\u00e3o, Caracteriza\u00e7\u00e3o Estrutural e<br \/>\nMagn\u00e9tica de Ferrita de Mangan\u00eas Usando Minerais<\/td>\n<td style=\"width: 33.3333%;text-align: center\">Jo\u00e3o Maria Soares<\/td>\n<td style=\"width: 33.3333%;text-align: center\">1 bolsa PIBIC CNPq<\/td>\n<\/tr>\n<tr>\n<td style=\"width: 33.3333%;text-align: center\">Produ\u00e7\u00e3o, Caracteriza\u00e7\u00e3o Estrutural e<br \/>\nMagn\u00e9tica de Hexaferrita de B\u00e1rio Usando Minerai<\/td>\n<td style=\"width: 33.3333%;text-align: center\">Jo\u00e3o Maria Soares<\/td>\n<td style=\"width: 33.3333%;text-align: center\">1 Bolsa PIBITI CNPq<\/td>\n<\/tr>\n<tr>\n<td style=\"width: 33.3333%;text-align: center\">Efeitos da Inteira\u00e7\u00e3o Dipolar Na Nuclea\u00e7\u00e3o de V\u00f3rtices Em Nano-cilindros Fm1\/nm\/fm2<\/td>\n<td style=\"width: 33.3333%;text-align: center\">Maria das Gra\u00e7as Dias da Silva<\/td>\n<td style=\"width: 33.3333%;text-align: center\">1 bolsa PIBIC UERN<\/td>\n<\/tr>\n<tr>\n<td style=\"width: 33.3333%;text-align: center\">Intera\u00e7\u00e3o de Radia\u00e7\u00e3o Terahertz Com Mat\u00e9ria Condensada<\/td>\n<td style=\"width: 33.3333%;text-align: center\">Thomas Dumelow<\/td>\n<td style=\"width: 33.3333%;text-align: center\">1 bolsa PIBIC CNPq<\/td>\n<\/tr>\n<\/tbody>\n<\/table>\n<p style=\"text-align: center\">2018\/2019 (<strong>PIBIC, PIBITI e PIBIC-EM &#8211; DE 1\u00ba DE AGOSTO 2018 A 31 DE JULHO 2019)<\/strong><\/p>\n<table style=\"border-collapse: collapse;width: 100%;height: 480px\">\n<tbody>\n<tr style=\"height: 24px\">\n<td style=\"width: 33.3333%;text-align: center;height: 24px\"><strong>Projeto<\/strong><\/td>\n<td style=\"width: 33.3333%;text-align: center;height: 24px\"><strong>Coordenador<\/strong><\/td>\n<td style=\"width: 33.3333%;text-align: center;height: 24px\"><strong>Modalidade<\/strong><\/td>\n<\/tr>\n<tr style=\"height: 48px\">\n<td style=\"width: 33.3333%;height: 48px;text-align: center\">Modelos Parametrizados de<br \/>\nEnergia Escura<\/td>\n<td style=\"width: 33.3333%;height: 48px;text-align: center\">F\u00e1bio Cabral Carvalho<\/td>\n<td style=\"width: 33.3333%;height: 48px;text-align: center\">PIBIC CNPq<\/td>\n<\/tr>\n<tr style=\"height: 72px\">\n<td style=\"width: 33.3333%;height: 72px;text-align: center\">Produ\u00e7\u00e3o, Caracteriza\u00e7\u00e3o<br \/>\nEstrutural e Magn\u00e9tica de Ferrita<br \/>\nde Mangan\u00eas Usando Minerais<\/td>\n<td style=\"width: 33.3333%;height: 72px;text-align: center\">Jo\u00e3o Maria Soares<\/td>\n<td style=\"width: 33.3333%;height: 72px;text-align: center\">PIBIC CNPq<\/td>\n<\/tr>\n<tr style=\"height: 72px\">\n<td style=\"width: 33.3333%;height: 72px;text-align: center\">Produ\u00e7\u00e3o, Caracteriza\u00e7\u00e3o Estrutural e<br \/>\nMagn\u00e9tica de Hexaferrita de Estr\u00f4ncio Usando Minerais<\/td>\n<td style=\"width: 33.3333%;height: 72px;text-align: center\">Jo\u00e3o Maria Soares<\/td>\n<td style=\"width: 33.3333%;height: 72px;text-align: center\">PIBITI CNPq<\/td>\n<\/tr>\n<tr style=\"height: 120px\">\n<td style=\"width: 33.3333%;height: 120px;text-align: center\">Estudo da Influ\u00eancia do Tamanho<br \/>\ndo N\u00facleo Nas Propriedades<br \/>\nF\u00edsicas de Nanopart\u00edculas do Tipo<br \/>\nCofe2o4@mnfe2o4 Com Estrutura<br \/>\nN\u00facleo-casca.<\/td>\n<td style=\"width: 33.3333%;height: 120px;text-align: center\">Jos\u00e9 Alzamir Pereira da Costa<\/td>\n<td style=\"width: 33.3333%;height: 120px;text-align: center\">PIBIC CNPq<\/td>\n<\/tr>\n<tr style=\"height: 96px\">\n<td style=\"width: 33.3333%;height: 96px;text-align: center\">Solu\u00e7\u00e3o Orbital e Classifica\u00e7\u00e3o<br \/>\nAutom\u00e1ticas de Sistemas Bin\u00e1rios<br \/>\nEclipsantes Utilizando A T\u00e9cnica de<br \/>\nRedes Neurais<\/td>\n<td style=\"width: 33.3333%;height: 96px;text-align: center\">Jos\u00e9 Ronaldo Pereira da Silva<\/td>\n<td style=\"width: 33.3333%;height: 96px;text-align: center\">PIBIC CNPq<\/td>\n<\/tr>\n<tr style=\"height: 48px\">\n<td style=\"width: 33.3333%;height: 48px;text-align: center\">M\u00e9todos de Data\u00e7\u00e3o de Objetos<br \/>\nNo Universo<\/td>\n<td style=\"width: 33.3333%;height: 48px;text-align: center\">Maria Aldin\u00eaz Dantas<\/td>\n<td style=\"width: 33.3333%;height: 48px;text-align: center\">PIBIC UERN<\/td>\n<\/tr>\n<tr>\n<td style=\"width: 33.3333%;text-align: center\">Fases Magn\u00e9ticas Em<br \/>\nNanopart\u00edculas Ferromagn\u00e9ticas<br \/>\ndo Tipo Fm1@nm@fm2<br \/>\nElipsoidais<\/td>\n<td style=\"width: 33.3333%;text-align: center\">Maria das Gra\u00e7as Dias da Silva<\/td>\n<td style=\"width: 33.3333%;text-align: center\">PIBIC UERN<\/td>\n<\/tr>\n<tr>\n<td style=\"width: 33.3333%;text-align: center\">Efeitos Devido \u00c0 Intera\u00e7\u00e3o de<br \/>\nRadia\u00e7\u00e3o Terahertz Com Mat\u00e9ria<br \/>\nCristalina<\/td>\n<td style=\"width: 33.3333%;text-align: center\">Thomas Dumelow<\/td>\n<td style=\"width: 33.3333%;text-align: center\">PIBIC CNPq<\/td>\n<\/tr>\n<\/tbody>\n<\/table>\n<p style=\"text-align: center\">2017\/2018 (<strong>PIBIC, PIBITI e PIBIC-EM &#8211; DE 1\u00ba DE AGOSTO 2017 A 31 DE JULHO 2018)<\/strong><\/p>\n<table style=\"border-collapse: collapse;width: 100%;height: 600px\">\n<tbody>\n<tr style=\"height: 24px\">\n<td style=\"width: 25%;height: 24px;text-align: center\"><strong>Projeto<\/strong><\/td>\n<td style=\"width: 25%;height: 24px;text-align: center\"><strong>Coordenador<\/strong><\/td>\n<td style=\"width: 25%;height: 24px;text-align: center\"><strong>Modalidade<\/strong><\/td>\n<\/tr>\n<tr style=\"height: 48px\">\n<td style=\"width: 25%;text-align: center;height: 48px\">Natureza da Energia Escura e F\u00edsica da Acelera\u00e7\u00e3o do Universo<\/td>\n<td style=\"width: 25%;text-align: center;height: 48px\">Edesio Miguel Barboza Junior<\/td>\n<td style=\"width: 25%;text-align: center;height: 48px\">PIBIC CNPq<\/td>\n<\/tr>\n<tr style=\"height: 48px\">\n<td style=\"width: 25%;text-align: center;height: 48px\">An\u00e1lise Perturbativa de Modelos de Energia Escura<\/td>\n<td style=\"width: 25%;text-align: center;height: 48px\">F\u00e1bio Cabral Carvalho<\/td>\n<td style=\"width: 25%;text-align: center;height: 48px\">PIBIC CNPq<\/td>\n<\/tr>\n<tr style=\"height: 24px\">\n<td style=\"width: 25%;height: 24px;text-align: center\">S\u00edntese e caracteriza\u00e7\u00e3o de multiferr\u00f3icos tipo<br \/>\nCoFe2O4-BiFeO3 n\u00facleo-casca<\/td>\n<td style=\"width: 25%;height: 24px;text-align: center\">Jo\u00e3o Maria Soares<\/td>\n<td style=\"width: 25%;height: 24px;text-align: center\">PIBIC CNPq<\/td>\n<\/tr>\n<tr style=\"height: 120px\">\n<td style=\"width: 25%;height: 120px;text-align: center\">PRODU\u00c7\u00c3O E CARACTERIZA\u00c7\u00c3O ESTRUTURAL<br \/>\nE MAGN\u00c9TICA DE HEXAFERRITA DE B\u00c1RIO<br \/>\nUSANDO MINERAIS<\/td>\n<td style=\"width: 25%;height: 120px;text-align: center\">Jo\u00e3o Maria Soares<\/td>\n<td style=\"width: 25%;height: 120px;text-align: center\">PIBITI CNPq<\/td>\n<\/tr>\n<tr style=\"height: 48px\">\n<td style=\"width: 25%;text-align: center;height: 48px\">S\u00edntese e Caracteriza\u00e7\u00e3o de Oxidos Magn\u00e9ticos<\/td>\n<td style=\"width: 25%;text-align: center;height: 48px\">Jos\u00e9 Alzamir Pereira da Costa<\/td>\n<td style=\"width: 25%;text-align: center;height: 48px\">PIBIC UERN<\/td>\n<\/tr>\n<tr>\n<td style=\"width: 25%;text-align: center\">Obten\u00e7\u00e3o autom\u00e1ticas da solu\u00e7\u00e3o orbital de sistemas bin\u00e1rios eclipsantes utilizando a t\u00e9cnica de redes neurais utilizando dados do COROT<\/td>\n<td style=\"width: 25%;text-align: center\">Jos\u00e9 Ronaldo Pereira da Silva<\/td>\n<td style=\"width: 25%;text-align: center\">PIBIC CNPq<\/td>\n<\/tr>\n<tr style=\"height: 48px\">\n<td style=\"width: 25%;height: 48px;text-align: center\">Supernovas no Universo<\/td>\n<td style=\"width: 25%;height: 48px;text-align: center\">Maria Aldin\u00eaz Dantas<\/td>\n<td style=\"width: 25%;height: 48px;text-align: center\">PIBIC Volunt\u00e1rio<\/td>\n<\/tr>\n<tr style=\"height: 24px\">\n<td style=\"width: 25%;height: 24px;text-align: center\">Os problemas da cosmologia padr\u00e3o<\/td>\n<td style=\"width: 25%;height: 24px;text-align: center\">Maria Aldin\u00eaz Dantas<\/td>\n<td style=\"width: 25%;height: 24px;text-align: center\">PIBIC Volunt\u00e1rio<\/td>\n<\/tr>\n<tr style=\"height: 72px\">\n<td style=\"width: 25%;text-align: center;height: 72px\">Efeito da intera\u00e7\u00e3o dipolar em nanopart\u00edculas ferromagn\u00e9tica de tr\u00eas camadas<\/td>\n<td style=\"width: 25%;text-align: center;height: 72px\">Maria das Gra\u00e7as Dias da Silva<\/td>\n<td style=\"width: 25%;text-align: center;height: 72px\">PIBIC<br \/>\nVolunt\u00e1rio<\/td>\n<\/tr>\n<tr style=\"height: 48px\">\n<td style=\"width: 25%;text-align: center;height: 48px\">Efeitos \u00f3pticos nas frequ\u00eancias terahertz<\/td>\n<td style=\"width: 25%;text-align: center;height: 48px\">Thomas Dumelow<\/td>\n<td style=\"width: 25%;text-align: center;height: 48px\">PIBIC CNPq<\/td>\n<\/tr>\n<tr>\n<td style=\"width: 25%;text-align: center\">Investiga\u00e7\u00e3o do Efeito Magnetocal\u00f3rico em<br \/>\nFilmes da Terra Rara T\u00e9rbio<\/td>\n<td style=\"width: 25%;text-align: center\">Vamberto Dias de Mello<\/td>\n<td style=\"width: 25%;text-align: center\">PIBIC CNPq<\/td>\n<\/tr>\n<\/tbody>\n<\/table>\n","protected":false},"excerpt":{"rendered":"<p>2023\/2024 (PIBIC, PIBITI e PIBIC-EM \u2013 DE 1\u00ba DE SETEMBRO 2023 A 31 DE AGOSTO DE 2024) Projeto Coordenador Modalidade S\u00edntese e Estudo das Propriedades Magn\u00e9ticas de Nanopart\u00edculas Com Estrutura de Multicamadas. Jo\u00e3o Maria Soares 1 bolsa PIBIC\/CNPq Estudo das Propriedades F\u00edsicas de Comp\u00f3sitos Mnfe2o4\u2013sio2 Anisotr\u00f3picos Usando Minerais Jo\u00e3o Maria Soares 1 Bolsa PIBITI\/CNPq Estudo [&hellip;]<\/p>\n","protected":false},"author":2,"featured_media":0,"parent":0,"menu_order":0,"comment_status":"closed","ping_status":"closed","template":"","meta":{"footnotes":""},"class_list":["post-879","page","type-page","status-publish","hentry"],"_links":{"self":[{"href":"https:\/\/portal.uern.br\/fanat\/fisica\/wp-json\/wp\/v2\/pages\/879","targetHints":{"allow":["GET"]}}],"collection":[{"href":"https:\/\/portal.uern.br\/fanat\/fisica\/wp-json\/wp\/v2\/pages"}],"about":[{"href":"https:\/\/portal.uern.br\/fanat\/fisica\/wp-json\/wp\/v2\/types\/page"}],"author":[{"embeddable":true,"href":"https:\/\/portal.uern.br\/fanat\/fisica\/wp-json\/wp\/v2\/users\/2"}],"replies":[{"embeddable":true,"href":"https:\/\/portal.uern.br\/fanat\/fisica\/wp-json\/wp\/v2\/comments?post=879"}],"version-history":[{"count":16,"href":"https:\/\/portal.uern.br\/fanat\/fisica\/wp-json\/wp\/v2\/pages\/879\/revisions"}],"predecessor-version":[{"id":935,"href":"https:\/\/portal.uern.br\/fanat\/fisica\/wp-json\/wp\/v2\/pages\/879\/revisions\/935"}],"wp:attachment":[{"href":"https:\/\/portal.uern.br\/fanat\/fisica\/wp-json\/wp\/v2\/media?parent=879"}],"curies":[{"name":"wp","href":"https:\/\/api.w.org\/{rel}","templated":true}]}}